{"id":7483,"date":"2023-06-16T17:17:58","date_gmt":"2023-06-16T15:17:58","guid":{"rendered":"https:\/\/www.3dnatives.com\/it\/?page_id=7483"},"modified":"2023-12-04T14:53:54","modified_gmt":"2023-12-04T13:53:54","slug":"stampa-3d-a-roma","status":"publish","type":"page","link":"https:\/\/www.3dnatives.com\/it\/stampa-3d-a-roma\/","title":{"rendered":"Stampa 3D a Roma"},"content":{"rendered":"<p style=\"text-align: justify;\">La <strong>stampa 3D a Roma<\/strong> ha visto una grande evoluzione nelle tecnologie di <a href=\"https:\/\/www.3dnatives.com\/it\/produzione-additiva\/\">produzione additiva<\/a>. Grazie all&#8217;inizio della democratizzazione delle tecnologie di stampa 3D, nella citt\u00e0 di Roma sono nati sempre pi\u00f9 servizi di stampa 3D, laboratori e distributori. Oggi \u00e8 sempre pi\u00f9 comune camminare per una strada del centro e vedere una vetrina con una stampante 3D, magari di un <a href=\"https:\/\/www.3dnatives.com\/it\/produttori-italiani-stampanti-3d-040420239\/\">produttore italiano<\/a>. Per questo motivo, abbiamo raccolto in questo elenco di alcune delle principali aziende presenti nella capitale: servizi di stampa 3D, distributori, corsi e laboratori 3D a Roma.<\/p>\n<h3 style=\"text-align: justify;\">Stampa 3D a Roma: servizi di stampa 3D<\/h3>\n<p style=\"text-align: justify;\">Se hai gi\u00e0 in mente un progetto e sei ancora indeciso sull&#8217;investire in una stampante 3D, potresti essere interessato ai servizi di stampa 3D vicino a te. Ne esistono di diversi tipi, da quelli professionali o industriali a quelli pi\u00f9 accessibili con tecnologie come FDM o SLA. Ecco i servizi di stampa 3D che si possono trovare nella capitale:<\/p>\n<p style=\"text-align: justify;\"><span style=\"font-weight: 400;\"><strong><img loading=\"lazy\" decoding=\"async\" class=\"size-full wp-image-7957 alignleft\" src=\"https:\/\/www.3dnatives.com\/it\/wp-content\/uploads\/sites\/5\/2023\/06\/lab3d.jpg\" alt=\"lab3d\" width=\"100\" height=\"100\" \/><\/strong><\/span><\/p>\n<p>&nbsp;<\/p>\n<p style=\"text-align: justify;\"><span style=\"font-weight: 400;\"><strong>Lab3D Pro<\/strong> ha sede a Roma e offre diversi servizi di stampa 3D e stampa modelli 3d in tutta Italia. Offre servizi di modellazione e di stampa 3D. Per i progetti in <a href=\"https:\/\/www.3dnatives.com\/it\/modellazione-deposizione-fusa-021120219\/\">stampa 3D FDM,<\/a> utilizza materiali quali: <a href=\"https:\/\/www.3dnatives.com\/it\/filamenti-pla-stampa-3d-261020219\/\">PLA<\/a>; strong ABS; Carbon PA; PETG. Lab3D offre anche stampa 3D tramite fotopolimerizzazione in resina.<\/span><\/p>\n<p>&nbsp;<\/p>\n<p><img loading=\"lazy\" decoding=\"async\" class=\"size-full wp-image-7959 alignleft\" src=\"https:\/\/www.3dnatives.com\/it\/wp-content\/uploads\/sites\/5\/2023\/06\/3ditaly.jpg\" alt=\"3ditaly\" width=\"100\" height=\"100\" \/><\/p>\n<p style=\"text-align: justify;\"><span style=\"font-weight: 400;\"><strong>3DITALY<\/strong>, con sede a Roma dal 2012 offre un servizio completo di stampa 3D, dalla consulenza alla realizzazione del progetto con la produzione additiva. <\/span><span style=\"font-weight: 400;\">I clienti di 3DITALY sono PMI, terzo <\/span><span style=\"font-weight: 400;\">settore, designer e chiunque voglia utilizzare in modo proficuo la stampa 3D. L&#8217;azienda offre un servizio di stampa 3D sia con materiali polimerici che metallici. Nel tempo l\u2019azienda ha ampliato l&#8217;offerta che oggi comprende fabbricazione digitale, <a href=\"https:\/\/www.3dnatives.com\/it\/migliori-software-cad-061020219\/\">progettazione CAD<\/a>, ricerca e sviluppo e vendita di soluzioni di stampa 3D.<\/span><\/p>\n<p>&nbsp;<\/p>\n<p style=\"text-align: justify;\"><img loading=\"lazy\" decoding=\"async\" class=\"wp-image-8142 alignleft\" src=\"https:\/\/www.3dnatives.com\/it\/wp-content\/uploads\/sites\/5\/2023\/06\/fabfactory.jpeg\" alt=\"fabfactory\" width=\"100\" height=\"100\" srcset=\"https:\/\/www.3dnatives.com\/it\/wp-content\/uploads\/sites\/5\/2023\/06\/fabfactory.jpeg 200w, https:\/\/www.3dnatives.com\/it\/wp-content\/uploads\/sites\/5\/2023\/06\/fabfactory-160x160.jpeg 160w\" sizes=\"auto, (max-width: 100px) 100vw, 100px\" \/><\/p>\n<p style=\"text-align: justify;\"><strong>Fabfactory<\/strong> <strong>srl<\/strong> \u00e8 un\u2019azienda con sede a Roma che nasce con lo scopo di diffondere e sviluppare presso i propri clienti, cultura e servizi di fabbricazione digitale per la creazione di prototipi, prodotti artigianali e industriali, serie pilota, e piccole produzioni altamente personalizzate. Offre servizi di fabbricazione digitale con diverse tecnologie tra cui scansione 3D, stampa 3D e CNC. Le tecnologie additive fornite sono FFF, <a href=\"https:\/\/www.3dnatives.com\/it\/xyzprinting-macchinari-sls-pp-e-tpu-24032022\/\">SLS<\/a> e <a href=\"https:\/\/www.3dnatives.com\/it\/sla-dlp-stampa-3d-291020219\/\">SLA e DLP.<\/a><\/p>\n<h3 style=\"text-align: justify;\">Stampa 3D a Roma: distributori e rivenditori<\/h3>\n<p style=\"text-align: justify;\">Se sei alla ricerca di rivenditori o distributori di soluzioni di stampa 3D per realizzare i tuoi progetti, ecco alcune delle aziende con sede a Roma. Elenchiamo le aziende che commercializzano stampanti 3D, scanner 3D, materiali 3D e altro.<\/p>\n<p>&nbsp;<\/p>\n<p style=\"text-align: justify;\"><img loading=\"lazy\" decoding=\"async\" class=\"wp-image-8146 alignleft\" src=\"https:\/\/www.3dnatives.com\/it\/wp-content\/uploads\/sites\/5\/2023\/06\/nido-1.jpeg\" alt=\"nido\" width=\"100\" height=\"100\" srcset=\"https:\/\/www.3dnatives.com\/it\/wp-content\/uploads\/sites\/5\/2023\/06\/nido-1.jpeg 200w, https:\/\/www.3dnatives.com\/it\/wp-content\/uploads\/sites\/5\/2023\/06\/nido-1-160x160.jpeg 160w\" sizes=\"auto, (max-width: 100px) 100vw, 100px\" \/><\/p>\n<p style=\"text-align: justify;\">La divisione 3D Printing di <strong>N.I.D.O. S.p.A<\/strong>. nasce agli inizi del 2019 a Roma con l&#8217;intenzione di porsi come interlocutore specializzato in grado di supportare il cliente in tutte le fasi del processo di trasformazione digitale. Oggi N.I.D.O. \u00e8 rivenditore di stampanti 3D (tra cui BCN3D, Layerloop, Raise 3D) e scanner 3D (<a href=\"https:\/\/www.3dnatives.com\/it\/shining-3d-soluzioni-scansione-3d-161120229\/\">Shining 3D<\/a> e Scantech), oltre a offrire servizi di consulenza e stampa 3D.<\/p>\n<p>&nbsp;<\/p>\n<p style=\"text-align: justify;\"><img loading=\"lazy\" decoding=\"async\" class=\"wp-image-8148 alignleft\" src=\"https:\/\/www.3dnatives.com\/it\/wp-content\/uploads\/sites\/5\/2023\/06\/1545307462878.jpeg\" alt=\"ntg\" width=\"100\" height=\"100\" srcset=\"https:\/\/www.3dnatives.com\/it\/wp-content\/uploads\/sites\/5\/2023\/06\/1545307462878.jpeg 200w, https:\/\/www.3dnatives.com\/it\/wp-content\/uploads\/sites\/5\/2023\/06\/1545307462878-160x160.jpeg 160w\" sizes=\"auto, (max-width: 100px) 100vw, 100px\" \/><\/p>\n<p style=\"text-align: justify;\"><strong>NTG DIGITAL<\/strong> ha sede a Roma e Milano e presenta un&#8217;offerta che spazia da tecnologie per pre-stampa offset, flexo, serigrafica, stampa digitale di etichette fino alla stampa 3d di grande formato. In particolare l&#8217;azienda \u00e8 rivenditore delle soluzioni di stampa 3D <a href=\"https:\/\/www.3dnatives.com\/it\/inside-3d-tour-visita-sede-centrale-xjet-israele-060620239\/\">Massivit<\/a> per diversi mercati e applicazioni: mockup, decorazione per interno ed esterno, vetrinistica, allestimenti teatrali, televisivi ed eventi, prototipazione industriale, allestimenti fieristici, sculture creative, parchi tematici, ed altro ancora.<\/p>\n<p>&nbsp;<\/p>\n<p style=\"text-align: justify;\"><img loading=\"lazy\" decoding=\"async\" class=\"alignleft wp-image-8143\" src=\"https:\/\/www.3dnatives.com\/it\/wp-content\/uploads\/sites\/5\/2023\/06\/1602157752062.jpeg\" alt=\"selltek\" width=\"100\" height=\"100\" srcset=\"https:\/\/www.3dnatives.com\/it\/wp-content\/uploads\/sites\/5\/2023\/06\/1602157752062.jpeg 200w, https:\/\/www.3dnatives.com\/it\/wp-content\/uploads\/sites\/5\/2023\/06\/1602157752062-160x160.jpeg 160w\" sizes=\"auto, (max-width: 100px) 100vw, 100px\" \/><\/p>\n<p style=\"text-align: justify;\"><span style=\"font-size: 1em;\"><strong>SELLTEK<\/strong> con sede ad Ariccia (RM) \u00e8 un rivenditore autorizzato di stampanti 3D (HP, DESKTOP METAL, CARBON) e scanner 3D. Da gennaio 2019, fa parte del Gruppo Dedem e coniuga nella sua offerta consulenza, vendita e post-vendita. SELLTEK offre anch soluzioni di vendita di usato certificato.<\/span><\/p>\n<p>&nbsp;<\/p>\n<h3 style=\"text-align: justify;\">Stampa 3D a Roma: corsi e laboratori<\/h3>\n<p style=\"text-align: justify;\">Trovi qui i FabLab e i corsi su stampa 3D, progettazione 3D, Additive Manufacturing e che preparano alle professioni della produzione additiva a Roma.<\/p>\n<p>&nbsp;<\/p>\n<p style=\"text-align: justify;\"><img loading=\"lazy\" decoding=\"async\" class=\"size-full wp-image-8157 alignleft\" src=\"https:\/\/www.3dnatives.com\/it\/wp-content\/uploads\/sites\/5\/2023\/06\/fablab-roma.png\" alt=\"fablab roma\" width=\"100\" height=\"100\" \/>Il <strong>Digital Innovation Hub FabLab Roma<\/strong> \u00e8 una struttura privata,<span style=\"font-weight: 400;\"> nata nel 2013 per iniziativa di un gruppo d\u2019imprenditori romani, che <\/span>offre servizi per favorire la Transizione Digitale delle aziende e delle pubbliche amministrazioni. Il laboratorio di ricerca e sviluppo principale, lo Spazio Chirale, e il Centro per la sperimentazione dei processi di Transizione 4.0 si trovano\u00a0nel quartiere Garbatella e offrono sia formazione che la possibilit\u00e0 di usufruire di tecnologie presenti in loco, tra cui soluzioni di stampa 3D FDM e SLA; software di progettazione e scansione 3D.<\/p>\n<p>&nbsp;<\/p>\n<p style=\"text-align: justify;\"><strong><img loading=\"lazy\" decoding=\"async\" class=\"alignleft wp-image-8160\" src=\"https:\/\/www.3dnatives.com\/it\/wp-content\/uploads\/sites\/5\/2023\/06\/1530625973433.jpeg\" alt=\"gulp3d\" width=\"100\" height=\"100\" srcset=\"https:\/\/www.3dnatives.com\/it\/wp-content\/uploads\/sites\/5\/2023\/06\/1530625973433.jpeg 200w, https:\/\/www.3dnatives.com\/it\/wp-content\/uploads\/sites\/5\/2023\/06\/1530625973433-160x160.jpeg 160w\" sizes=\"auto, (max-width: 100px) 100vw, 100px\" \/>GULP 3D<\/strong> \u00e8 il primo laboratorio di Roma esclusivamente dedicato al 3D che nasce dalla passione, di tre ragazzi. Si tratta di un posto non solo di crescita personale e professionale, ma anche di aggregazione sociale e un luogo dove sviluppare i vostri progetti. Gli utenti hanno a disposizione uno spazio fornito di tutti gli strumenti necessari dalla progettazione alla stampa 3D (FDM e SLA) del progetto. Vengono offerti anche corsi di modellazione e sui software di stampa 3D, gratuiti per gli assidui del laboratorio.<\/p>\n<p>&nbsp;<\/p>\n<p style=\"text-align: justify;\"><span style=\"font-weight: 400;\"><strong><img loading=\"lazy\" decoding=\"async\" class=\"size-full wp-image-8159 alignleft\" src=\"https:\/\/www.3dnatives.com\/it\/wp-content\/uploads\/sites\/5\/2023\/06\/m3d.png\" alt=\"m3d\" width=\"100\" height=\"100\" \/><\/strong><\/span><\/p>\n<p style=\"text-align: justify;\"><span style=\"font-weight: 400;\"><strong>M3D<\/strong> \u00e8 un laboratorio di progettazione e realizzazione oggetti in 3D che mette a disposizione la protopizzazione e la realizzazione delle idee dei propri clienti in realt\u00e0. I servizi offerti sono diversi, tra cui: modellazione 3D, scansione 3D, stampa 3D (FDM, MSLA, SLA, SLS, MJF); materiali 3D (resine, PLA, ABS, nylon, materiali metallici, filamenti).<\/span><\/p>\n<p>&nbsp;<\/p>\n<p style=\"text-align: justify;\">Conoscevi queste aziende di stampa 3D a Roma? Per altre aziende di stampa 3D a Roma, visita la nostra <a href=\"https:\/\/www.3dnatives.com\/it\/directory-stampa-3d\/\">directory aziendale dedicata al settore della stampa 3D<\/a>.<\/p>\n","protected":false},"excerpt":{"rendered":"<p>La stampa 3D a Roma ha visto una grande evoluzione nelle tecnologie di produzione additiva. Grazie all&#8217;inizio della democratizzazione delle tecnologie di stampa 3D, nella citt\u00e0 di Roma sono nati sempre pi\u00f9 servizi di stampa 3D, laboratori e distributori. Oggi&hellip;<\/p>\n","protected":false},"author":6086,"featured_media":7485,"parent":0,"menu_order":0,"comment_status":"closed","ping_status":"closed","template":"page-hero-header.php","meta":{"_acf_changed":false,"content-type":"","footnotes":""},"class_list":["post-7483","page","type-page","status-publish","has-post-thumbnail","hentry"],"acf":[],"yoast_head":"<!-- This site is optimized with the Yoast SEO Premium plugin v25.7.1 (Yoast SEO v26.7) - https:\/\/yoast.com\/wordpress\/plugins\/seo\/ -->\n<title>Stampa 3D a Roma: service 3D, reseller, Fablab &#8211; 3Dnatives<\/title>\n<meta name=\"description\" content=\"Abbiamo raccolto alcune delle principali aziende presenti nella capitale: servizi di stampa 3D, distributori, corsi e laboratori 3D a Roma.\" \/>\n<meta name=\"robots\" content=\"index, follow, max-snippet:-1, max-image-preview:large, max-video-preview:-1\" \/>\n<link rel=\"canonical\" href=\"https:\/\/www.3dnatives.com\/it\/stampa-3d-a-roma\/\" \/>\n<meta property=\"og:locale\" content=\"it_IT\" \/>\n<meta property=\"og:type\" content=\"article\" \/>\n<meta property=\"og:title\" content=\"Stampa 3D a Roma &#8211; 3Dnatives\" \/>\n<meta property=\"og:description\" content=\"Abbiamo raccolto alcune delle principali aziende presenti nella capitale: servizi di stampa 3D, distributori, corsi e laboratori 3D a Roma.\" \/>\n<meta property=\"og:url\" content=\"https:\/\/www.3dnatives.com\/it\/stampa-3d-a-roma\/\" \/>\n<meta property=\"og:site_name\" content=\"3Dnatives\" \/>\n<meta property=\"article:publisher\" content=\"https:\/\/www.facebook.com\/3Dnativesit\" \/>\n<meta property=\"article:modified_time\" content=\"2023-12-04T13:53:54+00:00\" \/>\n<meta property=\"og:image\" content=\"https:\/\/www.3dnatives.com\/it\/wp-content\/uploads\/sites\/5\/2023\/05\/Stampa-3D-Roma-Cover.jpg\" \/>\n\t<meta property=\"og:image:width\" content=\"1920\" \/>\n\t<meta property=\"og:image:height\" content=\"800\" \/>\n\t<meta property=\"og:image:type\" content=\"image\/jpeg\" \/>\n<meta name=\"twitter:card\" content=\"summary_large_image\" \/>\n<meta name=\"twitter:title\" content=\"Stampa 3D a Roma &#8211; 3Dnatives\" \/>\n<meta name=\"twitter:site\" content=\"@3Dnatives\" \/>\n<meta name=\"twitter:label1\" content=\"Tempo di lettura stimato\" \/>\n\t<meta name=\"twitter:data1\" content=\"7 minuti\" \/>\n<script type=\"application\/ld+json\" class=\"yoast-schema-graph\">{\"@context\":\"https:\/\/schema.org\",\"@graph\":[{\"@type\":\"WebPage\",\"@id\":\"https:\/\/www.3dnatives.com\/it\/stampa-3d-a-roma\/\",\"url\":\"https:\/\/www.3dnatives.com\/it\/stampa-3d-a-roma\/\",\"name\":\"Stampa 3D a Roma: service 3D, reseller, Fablab &#8211; 3Dnatives\",\"isPartOf\":{\"@id\":\"https:\/\/www.3dnatives.com\/it\/#website\"},\"primaryImageOfPage\":{\"@id\":\"https:\/\/www.3dnatives.com\/it\/stampa-3d-a-roma\/#primaryimage\"},\"image\":{\"@id\":\"https:\/\/www.3dnatives.com\/it\/stampa-3d-a-roma\/#primaryimage\"},\"thumbnailUrl\":\"https:\/\/www.3dnatives.com\/it\/wp-content\/uploads\/sites\/5\/2023\/05\/Stampa-3D-Roma-Cover.jpg\",\"datePublished\":\"2023-06-16T15:17:58+00:00\",\"dateModified\":\"2023-12-04T13:53:54+00:00\",\"description\":\"Abbiamo raccolto alcune delle principali aziende presenti nella capitale: servizi di stampa 3D, distributori, corsi e laboratori 3D a Roma.\",\"breadcrumb\":{\"@id\":\"https:\/\/www.3dnatives.com\/it\/stampa-3d-a-roma\/#breadcrumb\"},\"inLanguage\":\"it-IT\",\"potentialAction\":[{\"@type\":\"ReadAction\",\"target\":[\"https:\/\/www.3dnatives.com\/it\/stampa-3d-a-roma\/\"]}]},{\"@type\":\"ImageObject\",\"inLanguage\":\"it-IT\",\"@id\":\"https:\/\/www.3dnatives.com\/it\/stampa-3d-a-roma\/#primaryimage\",\"url\":\"https:\/\/www.3dnatives.com\/it\/wp-content\/uploads\/sites\/5\/2023\/05\/Stampa-3D-Roma-Cover.jpg\",\"contentUrl\":\"https:\/\/www.3dnatives.com\/it\/wp-content\/uploads\/sites\/5\/2023\/05\/Stampa-3D-Roma-Cover.jpg\",\"width\":1920,\"height\":800,\"caption\":\"Stampa 3D Roma\"},{\"@type\":\"BreadcrumbList\",\"@id\":\"https:\/\/www.3dnatives.com\/it\/stampa-3d-a-roma\/#breadcrumb\",\"itemListElement\":[{\"@type\":\"ListItem\",\"position\":1,\"name\":\"Home\",\"item\":\"https:\/\/www.3dnatives.com\/it\/\"},{\"@type\":\"ListItem\",\"position\":2,\"name\":\"Stampa 3D a Roma\"}]},{\"@type\":\"WebSite\",\"@id\":\"https:\/\/www.3dnatives.com\/it\/#website\",\"url\":\"https:\/\/www.3dnatives.com\/it\/\",\"name\":\"3Dnatives\",\"description\":\"Il sito web della stampa 3D\",\"publisher\":{\"@id\":\"https:\/\/www.3dnatives.com\/it\/#organization\"},\"potentialAction\":[{\"@type\":\"SearchAction\",\"target\":{\"@type\":\"EntryPoint\",\"urlTemplate\":\"https:\/\/www.3dnatives.com\/it\/?s={search_term_string}\"},\"query-input\":{\"@type\":\"PropertyValueSpecification\",\"valueRequired\":true,\"valueName\":\"search_term_string\"}}],\"inLanguage\":\"it-IT\"},{\"@type\":\"Organization\",\"@id\":\"https:\/\/www.3dnatives.com\/it\/#organization\",\"name\":\"3Dnatives\",\"url\":\"https:\/\/www.3dnatives.com\/it\/\",\"logo\":{\"@type\":\"ImageObject\",\"inLanguage\":\"it-IT\",\"@id\":\"https:\/\/www.3dnatives.com\/it\/#\/schema\/logo\/image\/\",\"url\":\"https:\/\/www.3dnatives.com\/it\/wp-content\/uploads\/sites\/5\/2021\/11\/logo_3Dnatives_IT_grey.png\",\"contentUrl\":\"https:\/\/www.3dnatives.com\/it\/wp-content\/uploads\/sites\/5\/2021\/11\/logo_3Dnatives_IT_grey.png\",\"width\":407,\"height\":131,\"caption\":\"3Dnatives\"},\"image\":{\"@id\":\"https:\/\/www.3dnatives.com\/it\/#\/schema\/logo\/image\/\"},\"sameAs\":[\"https:\/\/www.facebook.com\/3Dnativesit\",\"https:\/\/x.com\/3Dnatives\",\"https:\/\/www.instagram.com\/3d_natives\/\",\"https:\/\/www.linkedin.com\/groups\/12583365\/\",\"https:\/\/www.youtube.com\/channel\/UCMWrNpdLOXa7BffRKXZoaZw\"]}]}<\/script>\n<!-- \/ Yoast SEO Premium plugin. -->","yoast_head_json":{"title":"Stampa 3D a Roma: service 3D, reseller, Fablab &#8211; 3Dnatives","description":"Abbiamo raccolto alcune delle principali aziende presenti nella capitale: servizi di stampa 3D, distributori, corsi e laboratori 3D a Roma.","robots":{"index":"index","follow":"follow","max-snippet":"max-snippet:-1","max-image-preview":"max-image-preview:large","max-video-preview":"max-video-preview:-1"},"canonical":"https:\/\/www.3dnatives.com\/it\/stampa-3d-a-roma\/","og_locale":"it_IT","og_type":"article","og_title":"Stampa 3D a Roma &#8211; 3Dnatives","og_description":"Abbiamo raccolto alcune delle principali aziende presenti nella capitale: servizi di stampa 3D, distributori, corsi e laboratori 3D a Roma.","og_url":"https:\/\/www.3dnatives.com\/it\/stampa-3d-a-roma\/","og_site_name":"3Dnatives","article_publisher":"https:\/\/www.facebook.com\/3Dnativesit","article_modified_time":"2023-12-04T13:53:54+00:00","og_image":[{"width":1920,"height":800,"url":"https:\/\/www.3dnatives.com\/it\/wp-content\/uploads\/sites\/5\/2023\/05\/Stampa-3D-Roma-Cover.jpg","type":"image\/jpeg"}],"twitter_card":"summary_large_image","twitter_title":"Stampa 3D a Roma &#8211; 3Dnatives","twitter_site":"@3Dnatives","twitter_misc":{"Tempo di lettura stimato":"7 minuti"},"schema":{"@context":"https:\/\/schema.org","@graph":[{"@type":"WebPage","@id":"https:\/\/www.3dnatives.com\/it\/stampa-3d-a-roma\/","url":"https:\/\/www.3dnatives.com\/it\/stampa-3d-a-roma\/","name":"Stampa 3D a Roma: service 3D, reseller, Fablab &#8211; 3Dnatives","isPartOf":{"@id":"https:\/\/www.3dnatives.com\/it\/#website"},"primaryImageOfPage":{"@id":"https:\/\/www.3dnatives.com\/it\/stampa-3d-a-roma\/#primaryimage"},"image":{"@id":"https:\/\/www.3dnatives.com\/it\/stampa-3d-a-roma\/#primaryimage"},"thumbnailUrl":"https:\/\/www.3dnatives.com\/it\/wp-content\/uploads\/sites\/5\/2023\/05\/Stampa-3D-Roma-Cover.jpg","datePublished":"2023-06-16T15:17:58+00:00","dateModified":"2023-12-04T13:53:54+00:00","description":"Abbiamo raccolto alcune delle principali aziende presenti nella capitale: servizi di stampa 3D, distributori, corsi e laboratori 3D a Roma.","breadcrumb":{"@id":"https:\/\/www.3dnatives.com\/it\/stampa-3d-a-roma\/#breadcrumb"},"inLanguage":"it-IT","potentialAction":[{"@type":"ReadAction","target":["https:\/\/www.3dnatives.com\/it\/stampa-3d-a-roma\/"]}]},{"@type":"ImageObject","inLanguage":"it-IT","@id":"https:\/\/www.3dnatives.com\/it\/stampa-3d-a-roma\/#primaryimage","url":"https:\/\/www.3dnatives.com\/it\/wp-content\/uploads\/sites\/5\/2023\/05\/Stampa-3D-Roma-Cover.jpg","contentUrl":"https:\/\/www.3dnatives.com\/it\/wp-content\/uploads\/sites\/5\/2023\/05\/Stampa-3D-Roma-Cover.jpg","width":1920,"height":800,"caption":"Stampa 3D Roma"},{"@type":"BreadcrumbList","@id":"https:\/\/www.3dnatives.com\/it\/stampa-3d-a-roma\/#breadcrumb","itemListElement":[{"@type":"ListItem","position":1,"name":"Home","item":"https:\/\/www.3dnatives.com\/it\/"},{"@type":"ListItem","position":2,"name":"Stampa 3D a Roma"}]},{"@type":"WebSite","@id":"https:\/\/www.3dnatives.com\/it\/#website","url":"https:\/\/www.3dnatives.com\/it\/","name":"3Dnatives","description":"Il sito web della stampa 3D","publisher":{"@id":"https:\/\/www.3dnatives.com\/it\/#organization"},"potentialAction":[{"@type":"SearchAction","target":{"@type":"EntryPoint","urlTemplate":"https:\/\/www.3dnatives.com\/it\/?s={search_term_string}"},"query-input":{"@type":"PropertyValueSpecification","valueRequired":true,"valueName":"search_term_string"}}],"inLanguage":"it-IT"},{"@type":"Organization","@id":"https:\/\/www.3dnatives.com\/it\/#organization","name":"3Dnatives","url":"https:\/\/www.3dnatives.com\/it\/","logo":{"@type":"ImageObject","inLanguage":"it-IT","@id":"https:\/\/www.3dnatives.com\/it\/#\/schema\/logo\/image\/","url":"https:\/\/www.3dnatives.com\/it\/wp-content\/uploads\/sites\/5\/2021\/11\/logo_3Dnatives_IT_grey.png","contentUrl":"https:\/\/www.3dnatives.com\/it\/wp-content\/uploads\/sites\/5\/2021\/11\/logo_3Dnatives_IT_grey.png","width":407,"height":131,"caption":"3Dnatives"},"image":{"@id":"https:\/\/www.3dnatives.com\/it\/#\/schema\/logo\/image\/"},"sameAs":["https:\/\/www.facebook.com\/3Dnativesit","https:\/\/x.com\/3Dnatives","https:\/\/www.instagram.com\/3d_natives\/","https:\/\/www.linkedin.com\/groups\/12583365\/","https:\/\/www.youtube.com\/channel\/UCMWrNpdLOXa7BffRKXZoaZw"]}]}},"_links":{"self":[{"href":"https:\/\/www.3dnatives.com\/it\/wp-json\/wp\/v2\/pages\/7483","targetHints":{"allow":["GET"]}}],"collection":[{"href":"https:\/\/www.3dnatives.com\/it\/wp-json\/wp\/v2\/pages"}],"about":[{"href":"https:\/\/www.3dnatives.com\/it\/wp-json\/wp\/v2\/types\/page"}],"author":[{"embeddable":true,"href":"https:\/\/www.3dnatives.com\/it\/wp-json\/wp\/v2\/users\/6086"}],"replies":[{"embeddable":true,"href":"https:\/\/www.3dnatives.com\/it\/wp-json\/wp\/v2\/comments?post=7483"}],"version-history":[{"count":3,"href":"https:\/\/www.3dnatives.com\/it\/wp-json\/wp\/v2\/pages\/7483\/revisions"}],"predecessor-version":[{"id":8978,"href":"https:\/\/www.3dnatives.com\/it\/wp-json\/wp\/v2\/pages\/7483\/revisions\/8978"}],"wp:featuredmedia":[{"embeddable":true,"href":"https:\/\/www.3dnatives.com\/it\/wp-json\/wp\/v2\/media\/7485"}],"wp:attachment":[{"href":"https:\/\/www.3dnatives.com\/it\/wp-json\/wp\/v2\/media?parent=7483"}],"curies":[{"name":"wp","href":"https:\/\/api.w.org\/{rel}","templated":true}]}}