{"id":411,"date":"2021-11-27T15:13:03","date_gmt":"2021-11-27T14:13:03","guid":{"rendered":"https:\/\/www.3dnatives.com\/it\/?page_id=411"},"modified":"2025-10-01T15:59:28","modified_gmt":"2025-10-01T13:59:28","slug":"team-3dnatives","status":"publish","type":"page","link":"https:\/\/www.3dnatives.com\/it\/team-3dnatives\/","title":{"rendered":"Esperti nella stampa 3D"},"content":{"rendered":"<div class=\"one withsmallpadding ppb_header \" style=\"text-align: left;padding: 30px 0 30px 0\">\n<div class=\"standard_wrapper\">\n<div class=\"page_content_wrapper\">\n<div class=\"inner\">\n<div style=\"margin: auto;width: 100%\">\n<h2 class=\"ppb_title\" style=\"text-align: justify\">3Dnatives: il primo media dedicato alla stampa 3D<\/h2>\n<div class=\"ppb_header_content\" style=\"text-align: justify\">\n<p>3Dnatives \u00e8 stato lanciato nel 2013 da Marc Pfohl e Alexandre Martel, con l&#8217;obiettivo di far conoscere le meraviglie della stampa 3D a pi\u00f9 persone possibili. Oggi \u00e8 il principale media internazionale sulla stampa 3D e le sue applicazioni nel mondo. Forte della sua analisi approfondita del mercato, conta oltre 1 milione di visitatori unici al mese ed \u00e8 attualmente disponibile in inglese, francese, spagnolo, tedesco e italiano. 3Dnatives lavora con i principali attori del mercato dell&#8217;Additive Manufacturing e offre una variet\u00e0 di servizi: un comparatore prezzi per ogni ambito della stampa 3D, consulenze B2B e di brand content, offerte di lavoro, eventi e molto altro!<\/p>\n<p style=\"text-align: justify\">3Dnatives offre molti strumenti per i suoi utenti, come il <strong>comparatore di stampanti<\/strong> <strong>3D<\/strong> in cui \u00e8 possibile trovare una selezione di stampanti 3D professionali e desktop; l&#8217;<strong>annuario aziendale<\/strong> che include pi\u00f9 di 200 aziende, produttori e rivenditori di settore; la sezione dedicata alle <strong>offerte di lavoro<\/strong> disponibili in ambito produzione additiva e stampa 3D. Riunendo questi strumenti in un unico posto, siamo in grado di garantire ai nostri utenti e visitatori un&#8217;esperienza unica!<\/p>\n<p>&nbsp;<\/p>\n<p style=\"text-align: justify\"><span style=\"color: #000000;font-family: Montserrat;font-size: 1.4em;font-weight: 600\">Il nostro team di appassionati ed esperti in tecnologie additive<\/span><\/p>\n<div style=\"text-align: justify\"><strong><img loading=\"lazy\" decoding=\"async\" class=\"alignleft wp-image-17191\" src=\"https:\/\/www.3dnatives.com\/wp-content\/uploads\/photo_AM_new_mini.png\" alt=\"\" width=\"75\" height=\"75\" \/>Alexandre Martel<\/strong>: Alexandre ha fondato 3Dnatives nel 2013 per offrire una fonte affidabile di informazioni sulle ultime tendenze del mercato della produzione additiva. In breve tempo \u00e8 diventata una delle piattaforme pi\u00f9 popolari e affidabili al mondo, con oltre 1,2 milioni di visitatori unici mensili. Alexandre \u00e8 un nativo digitale e un imprenditore, che ha maturato esperienze in startup come iRaiser, MadeInDesign e durante il periodo trascorso nel settore finanziario<span style=\"font-size: 1em\">. <\/span><a style=\"font-size: 1em\" href=\"https:\/\/www.linkedin.com\/in\/alexandre-martel-12b81b16\/?originalSubdomain=fr\" target=\"_blank\" rel=\"noopener noreferrer\">LinkedIn<\/a><\/div>\n<\/div>\n<div class=\"one withsmallpadding ppb_text\" style=\"padding: 30px 0 30px 0\">\n<div class=\"standard_wrapper\">\n<div class=\"page_content_wrapper\">\n<div class=\"inner\">\n<div style=\"margin: auto;width: 100%\">\n<div style=\"text-align: justify\"><strong><img loading=\"lazy\" decoding=\"async\" class=\" wp-image-74439 alignleft\" src=\"https:\/\/www.3dnatives.com\/wp-content\/uploads\/2022\/12\/melanie-160x160-1.jpeg\" alt=\"\" width=\"75\" height=\"75\" \/>M\u00e9lanie Wallet<\/strong>: Laureata all&#8217;Universit\u00e0 di Paris Dauphine, M\u00e9lanie \u00e8 il caporedattore di 3Dnatives e responsabile del mercato francese. Lavora nel settore della produzione additiva da 6 anni e ama coprire tutte le novit\u00e0 del mercato. Oltre all&#8217;amore per la scrittura e la lettura, \u00e8 appassionata di tennis e corsa. <a href=\"https:\/\/www.linkedin.com\/in\/m%C3%A9lanie-renard-2b477074\/\" target=\"_blank\" rel=\"noopener noreferrer\">LinkedIn<\/a><\/div>\n<\/div>\n<\/div>\n<\/div>\n<\/div>\n<\/div>\n<div class=\"one withsmallpadding ppb_text\" style=\"padding: 30px 0 30px 0\">\n<div class=\"standard_wrapper\">\n<div class=\"page_content_wrapper\">\n<div class=\"inner\">\n<div style=\"margin: auto;width: 100%\">\n<div style=\"text-align: justify\"><strong><img loading=\"lazy\" decoding=\"async\" class=\" wp-image-74441 alignleft\" src=\"https:\/\/www.3dnatives.com\/wp-content\/uploads\/2022\/12\/1516860609166.jpeg\" alt=\"\" width=\"75\" height=\"75\" \/>Luc\u00eda Contreras<\/strong>: Lucia \u00e8 una comunicatrice e designer audiovisiva, nonch\u00e9 direttore creativo di 3Dnatives, laureata all&#8217;Universit\u00e0 Complutense di Madrid con un Master in Art Direction (CICE). Lucia \u00e8 motivata da nuove sfide, soprattutto nel campo della comunicazione e dell&#8217;immagine. \u00c8 anche alla costante ricerca di innovazioni nella stampa 3D e di tutte le possibilit\u00e0 che il suo utilizzo ci riserva. <a href=\"https:\/\/www.linkedin.com\/in\/luc%C3%ADa-contreras-howard-2042b282\/\" target=\"_blank\" rel=\"noopener noreferrer\">LinkedIn<\/a><\/div>\n<\/div>\n<\/div>\n<\/div>\n<\/div>\n<\/div>\n<div class=\"one withsmallpadding ppb_text\" style=\"padding: 30px 0 30px 0\">\n<div class=\"standard_wrapper\">\n<div class=\"page_content_wrapper\">\n<div class=\"inner\">\n<div style=\"margin: auto;width: 100%\">\n<div style=\"text-align: justify\"><strong><img loading=\"lazy\" decoding=\"async\" class=\" wp-image-74440 alignleft\" src=\"https:\/\/www.3dnatives.com\/wp-content\/uploads\/2022\/12\/filippos-1-160x160-1.jpeg\" alt=\"\" width=\"75\" height=\"75\" \/>Filippos Voulpiotis<\/strong>: In qualit\u00e0 di Chief Business Officer di 3Dnatives, Filippos \u00e8 in prima linea nel mercato delle &#8220;tecnologie 3D&#8221;. \u00c8 appassionato di tecnologia e di come i nuovi metodi di produzione stiano cambiando il nostro mondo<span style=\"font-size: 1em\">. <\/span><a style=\"font-size: 1em\" href=\"https:\/\/www.linkedin.com\/in\/filippos-voulpiotis\" target=\"_blank\" rel=\"noopener\">LinkedIn<\/a><\/div>\n<\/div>\n<\/div>\n<\/div>\n<\/div>\n<\/div>\n<div class=\"one withsmallpadding ppb_text\" style=\"padding: 30px 0 30px 0\">\n<div class=\"standard_wrapper\">\n<div class=\"page_content_wrapper\">\n<div class=\"inner\">\n<div style=\"margin: auto;width: 100%\">\n<div style=\"text-align: justify\">\n<p><strong><strong><img loading=\"lazy\" decoding=\"async\" class=\"wp-image-5287 alignleft\" src=\"https:\/\/www.3dnatives.com\/it\/wp-content\/uploads\/sites\/5\/2023\/01\/cv4.png\" alt=\"nunzia attanasio\" width=\"74\" height=\"74\" \/>Nunzia Attanasio: <\/strong><\/strong><span style=\"font-size: 1em\">Nunzia \u00e8 la Content Specialist del sito web italiano di 3D natives. Laureata in Comunicazione Internazionale, ha maturato esperienze in editoria in Italia, Francia e Belgio. Da sempre appassionata di nuove tecnologie e del Bel Paese, adora scovare e condividere le novit\u00e0 e le innovazioni sulla stampa 3D che arrivano dall\u2019Italia e dal mondo. <\/span><a style=\"font-size: 1em\" href=\"https:\/\/www.linkedin.com\/in\/nunzia-a-410564109\/\" target=\"_blank\" rel=\"noopener\">LinkedIn<\/a><\/p>\n<\/div>\n<\/div>\n<\/div>\n<\/div>\n<\/div>\n<\/div>\n<\/div>\n<\/div>\n<\/div>\n<\/div>\n<\/div>\n","protected":false},"excerpt":{"rendered":"<p>3Dnatives: il primo media dedicato alla stampa 3D 3Dnatives \u00e8 stato lanciato nel 2013 da Marc Pfohl e Alexandre Martel, con l&#8217;obiettivo di far conoscere le meraviglie della stampa 3D a pi\u00f9 persone possibili. Oggi \u00e8 il principale media internazionale&hellip;<\/p>\n","protected":false},"author":6086,"featured_media":0,"parent":0,"menu_order":0,"comment_status":"closed","ping_status":"closed","template":"page-advertising.php","meta":{"_acf_changed":false,"content-type":"","footnotes":""},"class_list":["post-411","page","type-page","status-publish","hentry"],"acf":[],"yoast_head":"<!-- This site is optimized with the Yoast SEO Premium plugin v25.7.1 (Yoast SEO v26.7) - https:\/\/yoast.com\/wordpress\/plugins\/seo\/ -->\n<title>Il team di 3Dnatives: chi siamo &#8211; 3Dnatives<\/title>\n<meta name=\"description\" content=\"3Dnatives \u00e8 stato lanciato nel 2013 da Marc Pfohl e Alexandre Martel, con l&#039;obiettivo di far conoscere la stampa 3D a pi\u00f9 persone possibili.\" \/>\n<meta name=\"robots\" content=\"index, follow, max-snippet:-1, max-image-preview:large, max-video-preview:-1\" \/>\n<link rel=\"canonical\" href=\"https:\/\/www.3dnatives.com\/it\/team-3dnatives\/\" \/>\n<meta property=\"og:locale\" content=\"it_IT\" \/>\n<meta property=\"og:type\" content=\"article\" \/>\n<meta property=\"og:title\" content=\"Esperti nella stampa 3D Esperti nella stampa 3D &#8211; 3Dnatives\" \/>\n<meta property=\"og:description\" content=\"3Dnatives \u00e8 stato lanciato nel 2013 da Marc Pfohl e Alexandre Martel, con l&#039;obiettivo di far conoscere la stampa 3D a pi\u00f9 persone possibili.\" \/>\n<meta property=\"og:url\" content=\"https:\/\/www.3dnatives.com\/it\/team-3dnatives\/\" \/>\n<meta property=\"og:site_name\" content=\"3Dnatives\" \/>\n<meta property=\"article:publisher\" content=\"https:\/\/www.facebook.com\/3Dnativesit\" \/>\n<meta property=\"article:modified_time\" content=\"2025-10-01T13:59:28+00:00\" \/>\n<meta name=\"twitter:card\" content=\"summary_large_image\" \/>\n<meta name=\"twitter:site\" content=\"@3Dnatives\" \/>\n<meta name=\"twitter:label1\" content=\"Tempo di lettura stimato\" \/>\n\t<meta name=\"twitter:data1\" content=\"4 minuti\" \/>\n<script type=\"application\/ld+json\" class=\"yoast-schema-graph\">{\"@context\":\"https:\/\/schema.org\",\"@graph\":[{\"@type\":\"WebPage\",\"@id\":\"https:\/\/www.3dnatives.com\/it\/team-3dnatives\/\",\"url\":\"https:\/\/www.3dnatives.com\/it\/team-3dnatives\/\",\"name\":\"Il team di 3Dnatives: chi siamo &#8211; 3Dnatives\",\"isPartOf\":{\"@id\":\"https:\/\/www.3dnatives.com\/it\/#website\"},\"primaryImageOfPage\":{\"@id\":\"https:\/\/www.3dnatives.com\/it\/team-3dnatives\/#primaryimage\"},\"image\":{\"@id\":\"https:\/\/www.3dnatives.com\/it\/team-3dnatives\/#primaryimage\"},\"thumbnailUrl\":\"https:\/\/www.3dnatives.com\/wp-content\/uploads\/photo_AM_new_mini.png\",\"datePublished\":\"2021-11-27T14:13:03+00:00\",\"dateModified\":\"2025-10-01T13:59:28+00:00\",\"description\":\"3Dnatives \u00e8 stato lanciato nel 2013 da Marc Pfohl e Alexandre Martel, con l'obiettivo di far conoscere la stampa 3D a pi\u00f9 persone possibili.\",\"breadcrumb\":{\"@id\":\"https:\/\/www.3dnatives.com\/it\/team-3dnatives\/#breadcrumb\"},\"inLanguage\":\"it-IT\",\"potentialAction\":[{\"@type\":\"ReadAction\",\"target\":[\"https:\/\/www.3dnatives.com\/it\/team-3dnatives\/\"]}]},{\"@type\":\"ImageObject\",\"inLanguage\":\"it-IT\",\"@id\":\"https:\/\/www.3dnatives.com\/it\/team-3dnatives\/#primaryimage\",\"url\":\"https:\/\/www.3dnatives.com\/wp-content\/uploads\/photo_AM_new_mini.png\",\"contentUrl\":\"https:\/\/www.3dnatives.com\/wp-content\/uploads\/photo_AM_new_mini.png\"},{\"@type\":\"BreadcrumbList\",\"@id\":\"https:\/\/www.3dnatives.com\/it\/team-3dnatives\/#breadcrumb\",\"itemListElement\":[{\"@type\":\"ListItem\",\"position\":1,\"name\":\"Home\",\"item\":\"https:\/\/www.3dnatives.com\/it\/\"},{\"@type\":\"ListItem\",\"position\":2,\"name\":\"Esperti nella stampa 3D\"}]},{\"@type\":\"WebSite\",\"@id\":\"https:\/\/www.3dnatives.com\/it\/#website\",\"url\":\"https:\/\/www.3dnatives.com\/it\/\",\"name\":\"3Dnatives\",\"description\":\"Il sito web della stampa 3D\",\"publisher\":{\"@id\":\"https:\/\/www.3dnatives.com\/it\/#organization\"},\"potentialAction\":[{\"@type\":\"SearchAction\",\"target\":{\"@type\":\"EntryPoint\",\"urlTemplate\":\"https:\/\/www.3dnatives.com\/it\/?s={search_term_string}\"},\"query-input\":{\"@type\":\"PropertyValueSpecification\",\"valueRequired\":true,\"valueName\":\"search_term_string\"}}],\"inLanguage\":\"it-IT\"},{\"@type\":\"Organization\",\"@id\":\"https:\/\/www.3dnatives.com\/it\/#organization\",\"name\":\"3Dnatives\",\"url\":\"https:\/\/www.3dnatives.com\/it\/\",\"logo\":{\"@type\":\"ImageObject\",\"inLanguage\":\"it-IT\",\"@id\":\"https:\/\/www.3dnatives.com\/it\/#\/schema\/logo\/image\/\",\"url\":\"https:\/\/www.3dnatives.com\/it\/wp-content\/uploads\/sites\/5\/2021\/11\/logo_3Dnatives_IT_grey.png\",\"contentUrl\":\"https:\/\/www.3dnatives.com\/it\/wp-content\/uploads\/sites\/5\/2021\/11\/logo_3Dnatives_IT_grey.png\",\"width\":407,\"height\":131,\"caption\":\"3Dnatives\"},\"image\":{\"@id\":\"https:\/\/www.3dnatives.com\/it\/#\/schema\/logo\/image\/\"},\"sameAs\":[\"https:\/\/www.facebook.com\/3Dnativesit\",\"https:\/\/x.com\/3Dnatives\",\"https:\/\/www.instagram.com\/3d_natives\/\",\"https:\/\/www.linkedin.com\/groups\/12583365\/\",\"https:\/\/www.youtube.com\/channel\/UCMWrNpdLOXa7BffRKXZoaZw\"]}]}<\/script>\n<!-- \/ Yoast SEO Premium plugin. -->","yoast_head_json":{"title":"Il team di 3Dnatives: chi siamo &#8211; 3Dnatives","description":"3Dnatives \u00e8 stato lanciato nel 2013 da Marc Pfohl e Alexandre Martel, con l'obiettivo di far conoscere la stampa 3D a pi\u00f9 persone possibili.","robots":{"index":"index","follow":"follow","max-snippet":"max-snippet:-1","max-image-preview":"max-image-preview:large","max-video-preview":"max-video-preview:-1"},"canonical":"https:\/\/www.3dnatives.com\/it\/team-3dnatives\/","og_locale":"it_IT","og_type":"article","og_title":"Esperti nella stampa 3D Esperti nella stampa 3D &#8211; 3Dnatives","og_description":"3Dnatives \u00e8 stato lanciato nel 2013 da Marc Pfohl e Alexandre Martel, con l'obiettivo di far conoscere la stampa 3D a pi\u00f9 persone possibili.","og_url":"https:\/\/www.3dnatives.com\/it\/team-3dnatives\/","og_site_name":"3Dnatives","article_publisher":"https:\/\/www.facebook.com\/3Dnativesit","article_modified_time":"2025-10-01T13:59:28+00:00","twitter_card":"summary_large_image","twitter_site":"@3Dnatives","twitter_misc":{"Tempo di lettura stimato":"4 minuti"},"schema":{"@context":"https:\/\/schema.org","@graph":[{"@type":"WebPage","@id":"https:\/\/www.3dnatives.com\/it\/team-3dnatives\/","url":"https:\/\/www.3dnatives.com\/it\/team-3dnatives\/","name":"Il team di 3Dnatives: chi siamo &#8211; 3Dnatives","isPartOf":{"@id":"https:\/\/www.3dnatives.com\/it\/#website"},"primaryImageOfPage":{"@id":"https:\/\/www.3dnatives.com\/it\/team-3dnatives\/#primaryimage"},"image":{"@id":"https:\/\/www.3dnatives.com\/it\/team-3dnatives\/#primaryimage"},"thumbnailUrl":"https:\/\/www.3dnatives.com\/wp-content\/uploads\/photo_AM_new_mini.png","datePublished":"2021-11-27T14:13:03+00:00","dateModified":"2025-10-01T13:59:28+00:00","description":"3Dnatives \u00e8 stato lanciato nel 2013 da Marc Pfohl e Alexandre Martel, con l'obiettivo di far conoscere la stampa 3D a pi\u00f9 persone possibili.","breadcrumb":{"@id":"https:\/\/www.3dnatives.com\/it\/team-3dnatives\/#breadcrumb"},"inLanguage":"it-IT","potentialAction":[{"@type":"ReadAction","target":["https:\/\/www.3dnatives.com\/it\/team-3dnatives\/"]}]},{"@type":"ImageObject","inLanguage":"it-IT","@id":"https:\/\/www.3dnatives.com\/it\/team-3dnatives\/#primaryimage","url":"https:\/\/www.3dnatives.com\/wp-content\/uploads\/photo_AM_new_mini.png","contentUrl":"https:\/\/www.3dnatives.com\/wp-content\/uploads\/photo_AM_new_mini.png"},{"@type":"BreadcrumbList","@id":"https:\/\/www.3dnatives.com\/it\/team-3dnatives\/#breadcrumb","itemListElement":[{"@type":"ListItem","position":1,"name":"Home","item":"https:\/\/www.3dnatives.com\/it\/"},{"@type":"ListItem","position":2,"name":"Esperti nella stampa 3D"}]},{"@type":"WebSite","@id":"https:\/\/www.3dnatives.com\/it\/#website","url":"https:\/\/www.3dnatives.com\/it\/","name":"3Dnatives","description":"Il sito web della stampa 3D","publisher":{"@id":"https:\/\/www.3dnatives.com\/it\/#organization"},"potentialAction":[{"@type":"SearchAction","target":{"@type":"EntryPoint","urlTemplate":"https:\/\/www.3dnatives.com\/it\/?s={search_term_string}"},"query-input":{"@type":"PropertyValueSpecification","valueRequired":true,"valueName":"search_term_string"}}],"inLanguage":"it-IT"},{"@type":"Organization","@id":"https:\/\/www.3dnatives.com\/it\/#organization","name":"3Dnatives","url":"https:\/\/www.3dnatives.com\/it\/","logo":{"@type":"ImageObject","inLanguage":"it-IT","@id":"https:\/\/www.3dnatives.com\/it\/#\/schema\/logo\/image\/","url":"https:\/\/www.3dnatives.com\/it\/wp-content\/uploads\/sites\/5\/2021\/11\/logo_3Dnatives_IT_grey.png","contentUrl":"https:\/\/www.3dnatives.com\/it\/wp-content\/uploads\/sites\/5\/2021\/11\/logo_3Dnatives_IT_grey.png","width":407,"height":131,"caption":"3Dnatives"},"image":{"@id":"https:\/\/www.3dnatives.com\/it\/#\/schema\/logo\/image\/"},"sameAs":["https:\/\/www.facebook.com\/3Dnativesit","https:\/\/x.com\/3Dnatives","https:\/\/www.instagram.com\/3d_natives\/","https:\/\/www.linkedin.com\/groups\/12583365\/","https:\/\/www.youtube.com\/channel\/UCMWrNpdLOXa7BffRKXZoaZw"]}]}},"_links":{"self":[{"href":"https:\/\/www.3dnatives.com\/it\/wp-json\/wp\/v2\/pages\/411","targetHints":{"allow":["GET"]}}],"collection":[{"href":"https:\/\/www.3dnatives.com\/it\/wp-json\/wp\/v2\/pages"}],"about":[{"href":"https:\/\/www.3dnatives.com\/it\/wp-json\/wp\/v2\/types\/page"}],"author":[{"embeddable":true,"href":"https:\/\/www.3dnatives.com\/it\/wp-json\/wp\/v2\/users\/6086"}],"replies":[{"embeddable":true,"href":"https:\/\/www.3dnatives.com\/it\/wp-json\/wp\/v2\/comments?post=411"}],"version-history":[{"count":3,"href":"https:\/\/www.3dnatives.com\/it\/wp-json\/wp\/v2\/pages\/411\/revisions"}],"predecessor-version":[{"id":20816,"href":"https:\/\/www.3dnatives.com\/it\/wp-json\/wp\/v2\/pages\/411\/revisions\/20816"}],"wp:attachment":[{"href":"https:\/\/www.3dnatives.com\/it\/wp-json\/wp\/v2\/media?parent=411"}],"curies":[{"name":"wp","href":"https:\/\/api.w.org\/{rel}","templated":true}]}}