{"id":11147,"date":"2024-01-08T17:17:01","date_gmt":"2024-01-08T16:17:01","guid":{"rendered":"https:\/\/www.3dnatives.com\/it\/?page_id=11147"},"modified":"2025-06-02T17:58:19","modified_gmt":"2025-06-02T15:58:19","slug":"informazioni-legali","status":"publish","type":"page","link":"https:\/\/www.3dnatives.com\/it\/informazioni-legali\/","title":{"rendered":"Informazioni legali"},"content":{"rendered":"<h3 style=\"text-align: justify;\">1. <strong>Presentazione del sito web<\/strong><\/h3>\n<p style=\"text-align: justify;\">Ai sensi dell&#8217;articolo 6 della legge n. 2004-575 del 21 giugno 2004 sulla fiducia nell&#8217;economia digitale, gli utenti del sito<br \/>\n<a href=\"https:\/\/www.3dnatives.com\/\">3dnatives.com<\/a> sono informati sull&#8217;identit\u00e0 delle diverse parti coinvolte nella sua creazione e nel suo monitoraggio:<\/p>\n<p style=\"text-align: justify;\"><strong>Proprietario<\/strong>: 3Dnatives SAS \u2013 Siret : 803 086 503 00056 \u2013 157 boulevard McDonald 75019 Paris, France<br \/>\n<strong>Creatore<\/strong>: 3Dnatives SAS<br \/>\n<strong>Responsabile delle pubblicazioni<\/strong>: Filippos Voulpiotis &#8211; <span \n                data-original-string='T6RzkrOwhaow+qCVsiMqQw==58dW+O\/7BEch\/QbEIa19cAvcVNzs\/Z4GI4eMj1bF8aQmXQ='\n                class='apbct-email-encoder'\n                title='This contact has been encoded by Anti-Spam by CleanTalk. Click to decode. To finish the decoding make sure that JavaScript is enabled in your browser.'>fi<span class=\"apbct-blur\">******<\/span>@<span class=\"apbct-blur\">*******<\/span>es.com<\/span><br \/>\n<strong>Host<\/strong>: Amazon Web Services (AWS) &#8211; Amazon Web Services EMEA SARL, 38 avenue John F. Kennedy, L-1855 Luxembourg, +352 2789 0057, <a href=\"https:\/\/aws.amazon.com\" target=\"_new\" rel=\"noopener\" data-start=\"462\" data-end=\"502\">aws.amazon.com<\/a><\/p>\n<h3 style=\"text-align: justify;\">2. <strong>Condizioni generali di utilizzo del sito web e dei servizi offerti<\/strong><\/h3>\n<p>L&#8217;utilizzo del sito www.3Dnatives.com implica l&#8217;accettazione integrale delle condizioni generali di utilizzo descritte di seguito. Le presenti condizioni d&#8217;uso possono essere modificate o integrate in qualsiasi momento, pertanto si consiglia agli utenti del sito www.3Dnatives.com di consultarle regolarmente.<\/p><div class=\"dnati-inside-article\" style=\"text-align: center;\" id=\"dnati-3808680428\"><a data-no-instant=\"1\" href=\"https:\/\/app.swapcard.com\/event\/additiv-defense-2026\" rel=\"noopener nofollow\" class=\"a2t-link\" target=\"_blank\" aria-label=\"LB\"><img loading=\"lazy\" decoding=\"async\" src=\"https:\/\/www.3dnatives.com\/it\/wp-content\/uploads\/sites\/5\/2026\/04\/LB.gif\" alt=\"\"  width=\"850\" height=\"150\"   \/><\/a><\/div>\n<p>Questo sito web \u00e8 accessibile agli utenti in qualsiasi momento. Tuttavia, 3Dnatives SAS pu\u00f2 decidere di interrompere l&#8217;attivit\u00e0 del sito per motivi di manutenzione tecnica, nel qual caso si impegner\u00e0 a informare preventivamente gli utenti delle date e degli orari dell&#8217;intervento.<\/p>\n<p>Il sito www.3Dnatives.com viene aggiornato regolarmente da Filippos Voulpiotis. Allo stesso modo, le note legali possono essere modificate in qualsiasi momento: esse sono comunque vincolanti per l&#8217;utente, che \u00e8 invitato a consultarle il pi\u00f9 spesso possibile per prenderne visione.<\/p>\n<h3 style=\"text-align: justify;\">3. <strong>Descrizione dei servizi forniti<\/strong><\/h3>\n<p>Lo scopo del sito web www.3Dnatives.com \u00e8 quello di fornire informazioni su tutte le attivit\u00e0 dell&#8217;azienda.<\/p>\n<p>3Dnatives SAS si impegna a fornire informazioni il pi\u00f9 possibile accurate sul sito www.3Dnatives.com. Tuttavia, non pu\u00f2 essere ritenuta responsabile di eventuali omissioni, imprecisioni o carenze di aggiornamento, sia per colpa sua che per colpa di partner terzi che le forniscono tali informazioni.<\/p>\n<p>Tutte le informazioni fornite sul sito www.3Dnatives.com sono fornite a titolo puramente informativo e sono soggette a modifiche. Inoltre, le informazioni fornite sul sito www.3Dnatives.com non sono esaustive. Esse sono fornite con riserva di modifiche apportate dopo la loro pubblicazione online.<\/p>\n<h3 style=\"text-align: justify;\">4. <strong>Limitazioni contrattuali sui dati tecnici<\/strong><\/h3>\n<p>Il sito web utilizza la tecnologia JavaScript.<\/p>\n<p>Il sito web non pu\u00f2 essere ritenuto responsabile di eventuali danni materiali legati all&#8217;utilizzo del sito. Inoltre, l&#8217;utente del sito si impegna ad accedervi con apparecchiature recenti e prive di virus e con un browser aggiornato e di ultima generazione.<\/p>\n<h3 style=\"text-align: justify;\">5. <strong>Propriet\u00e0 intellettuale <\/strong><\/h3>\n<p>3Dnatives SAS \u00e8 proprietaria dei diritti di propriet\u00e0 intellettuale o detiene i diritti di utilizzo di tutti gli elementi accessibili sul sito, in particolare testi, immagini, grafici, loghi, icone, suoni e software.<\/p>\n<p>\u00c8 vietata la riproduzione, la rappresentazione, la modifica, la pubblicazione, l&#8217;adattamento di tutti o parte degli elementi del sito, qualunque sia il mezzo o il processo utilizzato, salvo previa autorizzazione scritta di: 3Dnatives SAS.<\/p>\n<p>Qualsiasi utilizzo non autorizzato del sito o di uno qualsiasi degli elementi in esso contenuti sar\u00e0 considerato come una violazione e sar\u00e0 perseguito secondo le disposizioni degli articoli L.335-2 e seguenti del Codice della Propriet\u00e0 Intellettuale francese.<\/p>\n<h3 style=\"text-align: justify;\">6. <strong>Limitazione di responsabilit\u00e0<\/strong><\/h3>\n<p>3Dnatives SAS non potr\u00e0 essere ritenuta responsabile per i danni diretti o indiretti causati all&#8217;apparecchiatura dell&#8217;utente durante l&#8217;accesso al sito www.3Dnatives.com, derivanti sia dall&#8217;utilizzo di un&#8217;apparecchiatura non conforme alle specifiche indicate al punto 4, sia dalla comparsa di un bug o di un&#8217;incompatibilit\u00e0.<\/p>\n<p>3Dnatives SAS non potr\u00e0 inoltre essere ritenuta responsabile per danni indiretti (come la perdita di mercato o di opportunit\u00e0) derivanti dall&#8217;utilizzo del sito www.3Dnatives.com.<\/p>\n<p>Gli utenti hanno a disposizione aree interattive (possibilit\u00e0 di porre domande nell&#8217;area di contatto). 3Dnatives SAS si riserva il diritto di eliminare, senza preavviso, qualsiasi contenuto pubblicato in quest&#8217;area che violi la legislazione applicabile in Francia, in particolare le disposizioni relative alla protezione dei dati. 3Dnatives SAS si riserva inoltre il diritto di ritenere l&#8217;utente responsabile civilmente e\/o penalmente, in particolare in caso di messaggi di natura razzista, ingiuriosa, diffamatoria o pornografica, indipendentemente dal mezzo utilizzato (testo, fotografie, ecc.).<\/p>\n<h3 style=\"text-align: justify;\">7. <strong>Gestione dei dati personali<\/strong><\/h3>\n<p>In Francia, i dati personali sono protetti dalla legge n. 78-87 del 6 gennaio 1978, dalla legge n. 2004-801 del 6 agosto 2004, dall&#8217;articolo L. 226-13 del Codice Penale e dalla Direttiva Europea del 24 ottobre 1995.<\/p>\n<p>Quando si utilizza il sito www.3Dnatives.com, possono essere raccolte le seguenti informazioni: l&#8217;URL dei link attraverso i quali l&#8217;utente accede al sito www.3Dnatives.com, il provider di accesso dell&#8217;utente, l&#8217;indirizzo del protocollo Internet (IP) dell&#8217;utente.<\/p>\n<p>In ogni caso, 3Dnatives SAS raccoglie informazioni personali relative all&#8217;utente solo ai fini di alcuni servizi offerti dal sito www.3Dnatives.com. Gli utenti forniscono queste informazioni con cognizione di causa, in particolare quando le inseriscono loro stessi. Gli utenti del sito www.3Dnatives.com vengono poi informati se sono tenuti o meno a fornire tali informazioni.<\/p>\n<p>Conformemente alle disposizioni degli articoli 38 e seguenti della legge 78-17 del 6 gennaio 1978 sull&#8217;informatica, gli archivi e le libert\u00e0 individuali, tutti gli utenti hanno il diritto di accedere, rettificare e opporsi a qualsiasi dato personale che li riguardi, presentando una richiesta scritta e firmata, accompagnata da una copia del documento d&#8217;identit\u00e0 recante la firma del proprietariodel documento, con l&#8217;indicazione dell&#8217;indirizzo a cui inviare la risposta.<\/p>\n<p>Le informazioni personali degli utenti del sito web www.3Dnatives.com non vengono pubblicate, scambiate, trasferite o vendute a terzi a loro insaputa. Tuttavia, in alcuni casi, come ad esempio quando ci si registra per accedere a contenuti sponsorizzati o a eventi di partner, alcune di queste informazioni possono essere condivise con le terze parti coinvolte, sempre previo consenso esplicito dell&#8217;utente. Solo l&#8217;ipotesi di acquisto di 3Dnatives SAS e dei suoi diritti consentirebbe la trasmissione di tali informazioni all&#8217;eventuale acquirente che sarebbe a sua volta vincolato dallo stesso obbligo di conservazione e modifica dei dati nei confronti dell&#8217;utente del sito www.3Dnatives.com.<\/p>\n<p>Il suddetto sito \u00e8 registrato presso la CNIL con il numero 2042595.<\/p>\n<p>Le banche dati sono protette dalle disposizioni della legge del 1\u00b0 luglio 1998 che recepisce la direttiva 96\/9 dell&#8217;11 marzo 1996 relativa alla tutela giuridica delle banche dati.<\/p>\n<h3 style=\"text-align: justify;\">8. <strong>Link ipertestuali e cookie <\/strong><\/h3>\n<p>Il sito www.3Dnatives.com contiene una serie di collegamenti ipertestuali ad altri siti, creati con l&#8217;autorizzazione di 3Dnatives SAS. Tuttavia, 3Dnatives SAS non \u00e8 in grado di controllare il contenuto dei siti visitati in questo modo e, di conseguenza, non si assume alcuna responsabilit\u00e0 al riguardo.<\/p>\n<p>La navigazione sul sito www.3Dnatives.com pu\u00f2 comportare l&#8217;installazione di cookie sul computer dell&#8217;utente. Un cookie \u00e8 un piccolo file che non consente di identificare l&#8217;utente, ma che registra informazioni relative alla navigazione di un computer su un sito. I dati cos\u00ec ottenuti hanno lo scopo di facilitare la successiva navigazione del sito e vengono utilizzati anche per misurare il numero di visitatori.<\/p>\n<p>Il rifiuto di installare un cookie pu\u00f2 rendere impossibile l&#8217;accesso ad alcuni servizi. Tuttavia, gli utenti possono configurare il proprio computer come segue per rifiutare l&#8217;installazione dei cookie:<\/p>\n<p>In Internet Explorer: scheda Strumenti (icona a forma di ruota in alto a destra) \/ Opzioni Internet. Cliccare su Privacy e scegliere Blocca tutti i cookie. Confermare con Ok.<\/p>\n<p>Firefox: nella parte superiore della finestra del browser, fare clic sul pulsante Firefox, quindi accedere alla scheda Opzioni. Fare clic sulla scheda Privacy.<\/p>\n<p>Impostare le Regole di conservazione su: utilizza impostazioni personalizzate per la cronologia. Infine, deselezionare per disattivare i cookie.<\/p>\n<p>Su Safari: fare clic sull&#8217;icona del menu (simboleggiata da un ingranaggio) nell&#8217;angolo superiore destro del browser. Selezionare Impostazioni. Cliccare su Mostra impostazioni avanzate. Nella sezione &#8220;Privacy&#8221;, cliccate su &#8220;Impostazioni contenuti&#8221;. Nella sezione &#8220;Cookie&#8221; \u00e8 possibile bloccare i cookie.<\/p>\n<p>In Chrome: cliccare sull&#8217;icona del menu (simboleggiata da tre linee orizzontali) nell&#8217;angolo superiore destro del browser. Selezionare Impostazioni. Cliccare su Mostra impostazioni avanzate. Nella sezione &#8220;Privacy&#8221;, cliccare su preferenze. Nella scheda &#8220;Privacy&#8221; \u00e8 possibile bloccare i cookie.<\/p>\n<h3 style=\"text-align: justify;\">9. <strong>Legge applicabile e giurisdizione <\/strong><\/h3>\n<p>Qualsiasi controversia relativa all&#8217;utilizzo del sito web www.3Dnatives.com \u00e8 soggetta alla legge francese. I tribunali competenti di Parigi hanno giurisdizione esclusiva.<\/p>\n<h3 style=\"text-align: justify;\">10. <strong>Principali leggi interessate<\/strong><\/h3>\n<p>Legge n. 78-17 del 6 gennaio 1978, modificata dalla legge n. 2004-801 del 6 agosto 2004, relativa all&#8217;informatica, ai file e alle libert\u00e0 civili.<\/p>\n<p>Legge n. 2004-575 del 21 giugno 2004 sulla fiducia nell&#8217;economia digitale.<\/p>\n<h3 style=\"text-align: justify;\">11. <strong>Glossario<\/strong><\/h3>\n<p>Utente: utente di Internet che si collega e utilizza il sito web in questione.<\/p>\n<p>Informazioni personali: &#8220;informazioni che consentono, in qualsiasi forma, direttamente o indirettamente, l&#8217;identificazione delle persone fisiche cui si riferiscono&#8221; (articolo 4 della legge n. 78-17 del 6 gennaio 1978).<\/p>\n","protected":false},"excerpt":{"rendered":"<p>1. Presentazione del sito web Ai sensi dell&#8217;articolo 6 della legge n. 2004-575 del 21 giugno 2004 sulla fiducia nell&#8217;economia digitale, gli utenti del sito 3dnatives.com sono informati sull&#8217;identit\u00e0 delle diverse parti coinvolte nella sua creazione e nel suo monitoraggio:&hellip;<\/p>\n","protected":false},"author":6096,"featured_media":0,"parent":0,"menu_order":0,"comment_status":"closed","ping_status":"closed","template":"","meta":{"_acf_changed":false,"content-type":"","footnotes":""},"class_list":["post-11147","page","type-page","status-publish","hentry"],"acf":[],"yoast_head":"<!-- This site is optimized with the Yoast SEO Premium plugin v25.7.1 (Yoast SEO v26.7) - https:\/\/yoast.com\/wordpress\/plugins\/seo\/ -->\n<title>Informazioni legali &#8211; 3Dnatives<\/title>\n<meta name=\"robots\" content=\"index, follow, max-snippet:-1, max-image-preview:large, max-video-preview:-1\" \/>\n<link rel=\"canonical\" href=\"https:\/\/www.3dnatives.com\/it\/informazioni-legali\/\" \/>\n<meta property=\"og:locale\" content=\"it_IT\" \/>\n<meta property=\"og:type\" content=\"article\" \/>\n<meta property=\"og:title\" content=\"Informazioni legali Informazioni legali &#8211; 3Dnatives\" \/>\n<meta property=\"og:description\" content=\"1. Presentazione del sito web Ai sensi dell&#8217;articolo 6 della legge n. 2004-575 del 21 giugno 2004 sulla fiducia nell&#8217;economia digitale, gli utenti del sito 3dnatives.com sono informati sull&#8217;identit\u00e0 delle diverse parti coinvolte nella sua creazione e nel suo monitoraggio:&hellip;\" \/>\n<meta property=\"og:url\" content=\"https:\/\/www.3dnatives.com\/it\/informazioni-legali\/\" \/>\n<meta property=\"og:site_name\" content=\"3Dnatives\" \/>\n<meta property=\"article:publisher\" content=\"https:\/\/www.facebook.com\/3Dnativesit\" \/>\n<meta property=\"article:modified_time\" content=\"2025-06-02T15:58:19+00:00\" \/>\n<meta property=\"og:image\" content=\"https:\/\/www.3dnatives.com\/it\/wp-content\/uploads\/sites\/5\/2022\/03\/cover_3Dnatives_IT.jpg\" \/>\n\t<meta property=\"og:image:width\" content=\"1200\" \/>\n\t<meta property=\"og:image:height\" content=\"630\" \/>\n\t<meta property=\"og:image:type\" content=\"image\/jpeg\" \/>\n<meta name=\"twitter:card\" content=\"summary_large_image\" \/>\n<meta name=\"twitter:site\" content=\"@3Dnatives\" \/>\n<meta name=\"twitter:label1\" content=\"Tempo di lettura stimato\" \/>\n\t<meta name=\"twitter:data1\" content=\"8 minuti\" \/>\n<script type=\"application\/ld+json\" class=\"yoast-schema-graph\">{\"@context\":\"https:\/\/schema.org\",\"@graph\":[{\"@type\":\"WebPage\",\"@id\":\"https:\/\/www.3dnatives.com\/it\/informazioni-legali\/\",\"url\":\"https:\/\/www.3dnatives.com\/it\/informazioni-legali\/\",\"name\":\"Informazioni legali &#8211; 3Dnatives\",\"isPartOf\":{\"@id\":\"https:\/\/www.3dnatives.com\/it\/#website\"},\"datePublished\":\"2024-01-08T16:17:01+00:00\",\"dateModified\":\"2025-06-02T15:58:19+00:00\",\"breadcrumb\":{\"@id\":\"https:\/\/www.3dnatives.com\/it\/informazioni-legali\/#breadcrumb\"},\"inLanguage\":\"it-IT\",\"potentialAction\":[{\"@type\":\"ReadAction\",\"target\":[\"https:\/\/www.3dnatives.com\/it\/informazioni-legali\/\"]}]},{\"@type\":\"BreadcrumbList\",\"@id\":\"https:\/\/www.3dnatives.com\/it\/informazioni-legali\/#breadcrumb\",\"itemListElement\":[{\"@type\":\"ListItem\",\"position\":1,\"name\":\"Home\",\"item\":\"https:\/\/www.3dnatives.com\/it\/\"},{\"@type\":\"ListItem\",\"position\":2,\"name\":\"Informazioni legali\"}]},{\"@type\":\"WebSite\",\"@id\":\"https:\/\/www.3dnatives.com\/it\/#website\",\"url\":\"https:\/\/www.3dnatives.com\/it\/\",\"name\":\"3Dnatives\",\"description\":\"Il sito web della stampa 3D\",\"publisher\":{\"@id\":\"https:\/\/www.3dnatives.com\/it\/#organization\"},\"potentialAction\":[{\"@type\":\"SearchAction\",\"target\":{\"@type\":\"EntryPoint\",\"urlTemplate\":\"https:\/\/www.3dnatives.com\/it\/?s={search_term_string}\"},\"query-input\":{\"@type\":\"PropertyValueSpecification\",\"valueRequired\":true,\"valueName\":\"search_term_string\"}}],\"inLanguage\":\"it-IT\"},{\"@type\":\"Organization\",\"@id\":\"https:\/\/www.3dnatives.com\/it\/#organization\",\"name\":\"3Dnatives\",\"url\":\"https:\/\/www.3dnatives.com\/it\/\",\"logo\":{\"@type\":\"ImageObject\",\"inLanguage\":\"it-IT\",\"@id\":\"https:\/\/www.3dnatives.com\/it\/#\/schema\/logo\/image\/\",\"url\":\"https:\/\/www.3dnatives.com\/it\/wp-content\/uploads\/sites\/5\/2021\/11\/logo_3Dnatives_IT_grey.png\",\"contentUrl\":\"https:\/\/www.3dnatives.com\/it\/wp-content\/uploads\/sites\/5\/2021\/11\/logo_3Dnatives_IT_grey.png\",\"width\":407,\"height\":131,\"caption\":\"3Dnatives\"},\"image\":{\"@id\":\"https:\/\/www.3dnatives.com\/it\/#\/schema\/logo\/image\/\"},\"sameAs\":[\"https:\/\/www.facebook.com\/3Dnativesit\",\"https:\/\/x.com\/3Dnatives\",\"https:\/\/www.instagram.com\/3d_natives\/\",\"https:\/\/www.linkedin.com\/groups\/12583365\/\",\"https:\/\/www.youtube.com\/channel\/UCMWrNpdLOXa7BffRKXZoaZw\"]}]}<\/script>\n<!-- \/ Yoast SEO Premium plugin. -->","yoast_head_json":{"title":"Informazioni legali &#8211; 3Dnatives","robots":{"index":"index","follow":"follow","max-snippet":"max-snippet:-1","max-image-preview":"max-image-preview:large","max-video-preview":"max-video-preview:-1"},"canonical":"https:\/\/www.3dnatives.com\/it\/informazioni-legali\/","og_locale":"it_IT","og_type":"article","og_title":"Informazioni legali Informazioni legali &#8211; 3Dnatives","og_description":"1. Presentazione del sito web Ai sensi dell&#8217;articolo 6 della legge n. 2004-575 del 21 giugno 2004 sulla fiducia nell&#8217;economia digitale, gli utenti del sito 3dnatives.com sono informati sull&#8217;identit\u00e0 delle diverse parti coinvolte nella sua creazione e nel suo monitoraggio:&hellip;","og_url":"https:\/\/www.3dnatives.com\/it\/informazioni-legali\/","og_site_name":"3Dnatives","article_publisher":"https:\/\/www.facebook.com\/3Dnativesit","article_modified_time":"2025-06-02T15:58:19+00:00","og_image":[{"width":1200,"height":630,"url":"https:\/\/www.3dnatives.com\/it\/wp-content\/uploads\/sites\/5\/2022\/03\/cover_3Dnatives_IT.jpg","type":"image\/jpeg"}],"twitter_card":"summary_large_image","twitter_site":"@3Dnatives","twitter_misc":{"Tempo di lettura stimato":"8 minuti"},"schema":{"@context":"https:\/\/schema.org","@graph":[{"@type":"WebPage","@id":"https:\/\/www.3dnatives.com\/it\/informazioni-legali\/","url":"https:\/\/www.3dnatives.com\/it\/informazioni-legali\/","name":"Informazioni legali &#8211; 3Dnatives","isPartOf":{"@id":"https:\/\/www.3dnatives.com\/it\/#website"},"datePublished":"2024-01-08T16:17:01+00:00","dateModified":"2025-06-02T15:58:19+00:00","breadcrumb":{"@id":"https:\/\/www.3dnatives.com\/it\/informazioni-legali\/#breadcrumb"},"inLanguage":"it-IT","potentialAction":[{"@type":"ReadAction","target":["https:\/\/www.3dnatives.com\/it\/informazioni-legali\/"]}]},{"@type":"BreadcrumbList","@id":"https:\/\/www.3dnatives.com\/it\/informazioni-legali\/#breadcrumb","itemListElement":[{"@type":"ListItem","position":1,"name":"Home","item":"https:\/\/www.3dnatives.com\/it\/"},{"@type":"ListItem","position":2,"name":"Informazioni legali"}]},{"@type":"WebSite","@id":"https:\/\/www.3dnatives.com\/it\/#website","url":"https:\/\/www.3dnatives.com\/it\/","name":"3Dnatives","description":"Il sito web della stampa 3D","publisher":{"@id":"https:\/\/www.3dnatives.com\/it\/#organization"},"potentialAction":[{"@type":"SearchAction","target":{"@type":"EntryPoint","urlTemplate":"https:\/\/www.3dnatives.com\/it\/?s={search_term_string}"},"query-input":{"@type":"PropertyValueSpecification","valueRequired":true,"valueName":"search_term_string"}}],"inLanguage":"it-IT"},{"@type":"Organization","@id":"https:\/\/www.3dnatives.com\/it\/#organization","name":"3Dnatives","url":"https:\/\/www.3dnatives.com\/it\/","logo":{"@type":"ImageObject","inLanguage":"it-IT","@id":"https:\/\/www.3dnatives.com\/it\/#\/schema\/logo\/image\/","url":"https:\/\/www.3dnatives.com\/it\/wp-content\/uploads\/sites\/5\/2021\/11\/logo_3Dnatives_IT_grey.png","contentUrl":"https:\/\/www.3dnatives.com\/it\/wp-content\/uploads\/sites\/5\/2021\/11\/logo_3Dnatives_IT_grey.png","width":407,"height":131,"caption":"3Dnatives"},"image":{"@id":"https:\/\/www.3dnatives.com\/it\/#\/schema\/logo\/image\/"},"sameAs":["https:\/\/www.facebook.com\/3Dnativesit","https:\/\/x.com\/3Dnatives","https:\/\/www.instagram.com\/3d_natives\/","https:\/\/www.linkedin.com\/groups\/12583365\/","https:\/\/www.youtube.com\/channel\/UCMWrNpdLOXa7BffRKXZoaZw"]}]}},"_links":{"self":[{"href":"https:\/\/www.3dnatives.com\/it\/wp-json\/wp\/v2\/pages\/11147","targetHints":{"allow":["GET"]}}],"collection":[{"href":"https:\/\/www.3dnatives.com\/it\/wp-json\/wp\/v2\/pages"}],"about":[{"href":"https:\/\/www.3dnatives.com\/it\/wp-json\/wp\/v2\/types\/page"}],"author":[{"embeddable":true,"href":"https:\/\/www.3dnatives.com\/it\/wp-json\/wp\/v2\/users\/6096"}],"replies":[{"embeddable":true,"href":"https:\/\/www.3dnatives.com\/it\/wp-json\/wp\/v2\/comments?post=11147"}],"version-history":[{"count":2,"href":"https:\/\/www.3dnatives.com\/it\/wp-json\/wp\/v2\/pages\/11147\/revisions"}],"predecessor-version":[{"id":20094,"href":"https:\/\/www.3dnatives.com\/it\/wp-json\/wp\/v2\/pages\/11147\/revisions\/20094"}],"wp:attachment":[{"href":"https:\/\/www.3dnatives.com\/it\/wp-json\/wp\/v2\/media?parent=11147"}],"curies":[{"name":"wp","href":"https:\/\/api.w.org\/{rel}","templated":true}]}}