{"id":11,"date":"2021-10-17T17:09:25","date_gmt":"2021-10-17T15:09:25","guid":{"rendered":"https:\/\/www.3dnatives.com\/it\/?page_id=11"},"modified":"2024-04-09T18:39:02","modified_gmt":"2024-04-09T16:39:02","slug":"3d-printer-tests","status":"publish","type":"page","link":"https:\/\/www.3dnatives.com\/it\/3d-printer-tests\/","title":{"rendered":"Recensioni e test stampanti 3D"},"content":{"rendered":"<p style=\"text-align: justify;\">3Dnatives d\u00e0 priorit\u00e0 alle informazioni di qualit\u00e0 sulla stampa 3D. Per questo motivo testiamo noi stessi le stampanti 3D pi\u00f9 recenti e pi\u00f9 diffuse sul mercato per mostrarne l&#8217;efficacia al mondo intero. Recensiamo stampanti 3D FDM, SLA, scanner 3D e molto altro!<\/p>\n<h3 style=\"text-align: justify;\">Test delle stampanti 3D: come classifichiamo le stampanti<\/h3>\n<p style=\"text-align: justify;\">Nel nostro 3Dnatives Lab abbiamo condotto test sulle stampanti 3D di <a href=\"https:\/\/www.3dnatives.com\/it\/ultimaker-s7-240120239\/\">UltiMaker<\/a>, <a href=\"https:\/\/www.3dnatives.com\/it\/bambu-lab-a1-mini-stampante-3d-270920239\/\">Bambu Lab<\/a>, <a href=\"https:\/\/www.3dnatives.com\/it\/test-recensione-guider-3-plus-flashforge-061220229\/\">Flashforge<\/a>, tra le altre. Abbiamo un&#8217;esperienza di test sulle stampanti 3D che ci permette di identificare le caratteristiche principali delle stampanti 3D come il design, le prestazioni, l&#8217;affidabilit\u00e0 ecc.<\/p>\n<p style=\"text-align: justify;\">Valutiamo le stampanti 3D che testiamo secondo paramentri precisi: il rapporto prezzo-prestazioni in base al gruppo di destinazione (maker, professionisti, industria), il design, l&#8217;efficienza, la qualit\u00e0 di stampa e la versatilit\u00e0 rispetto a diversi materiali di stampa 3D.<\/p><div class=\"dnati-inside-article\" style=\"text-align: center;\" id=\"dnati-1268108277\"><a data-no-instant=\"1\" href=\"https:\/\/app.swapcard.com\/event\/additiv-defense-2026\" rel=\"noopener nofollow\" class=\"a2t-link\" target=\"_blank\" aria-label=\"LB\"><img loading=\"lazy\" decoding=\"async\" src=\"https:\/\/www.3dnatives.com\/it\/wp-content\/uploads\/sites\/5\/2026\/04\/LB.gif\" alt=\"\"  width=\"850\" height=\"150\"   \/><\/a><\/div>\n<p style=\"text-align: justify;\">\t\t\t<div id=\"selected-category\">\n\t\t\t\t\t\t\t<article class=\"selected-category-post\">\n\t\t\t\t\t<div class=\"row\">\n\t\t\t\t\t\t<div class=\"col s12 m4\">\n\t\t\t\t\t\t\t<a href=\"https:\/\/www.3dnatives.com\/it\/test-stampante-3d-snapmaker-u1-26032026\/\" class=\"thumbnail\">\n\t\t\t\t\t\t\t\t<img loading=\"lazy\" decoding=\"async\" width=\"600\" height=\"353\" src=\"https:\/\/www.3dnatives.com\/it\/wp-content\/uploads\/sites\/5\/2026\/03\/Snapmaker-U1-IT-600x353.jpg\" class=\"responsive-img wp-post-image\" alt=\"3Dnatives Lab: test e recensione della stampante 3D Snapmaker U1\" srcset=\"https:\/\/www.3dnatives.com\/it\/wp-content\/uploads\/sites\/5\/2026\/03\/Snapmaker-U1-IT-600x353.jpg 600w, https:\/\/www.3dnatives.com\/it\/wp-content\/uploads\/sites\/5\/2026\/03\/Snapmaker-U1-IT-768x452.jpg 768w, https:\/\/www.3dnatives.com\/it\/wp-content\/uploads\/sites\/5\/2026\/03\/Snapmaker-U1-IT-160x94.jpg 160w, https:\/\/www.3dnatives.com\/it\/wp-content\/uploads\/sites\/5\/2026\/03\/Snapmaker-U1-IT.jpg 850w\" sizes=\"auto, (max-width: 600px) 100vw, 600px\" \/>\t\t\t\t\t\t\t\t<span class=\"score\"><strong>9<\/strong>\/10<\/span>\t\t\t\t\t\t\t<\/a>\n\t\t\t\t\t\t<\/div>\n\t\t\t\t\t\t<div class=\"col s12 m8\">\n\t\t\t\t\t\t\t<h2><a href=\"https:\/\/www.3dnatives.com\/it\/test-stampante-3d-snapmaker-u1-26032026\/\">3Dnatives Lab: test e recensione della stampante 3D Snapmaker U1<\/a><\/h2>\n\t\t\t\t\t\t\t<div class=\"excerpt\">\n\t\t\t\t\t\t\t\t<p>Per anni, Snapmaker ha significato una cosa sola: macchine tuttofare per la fabbricazione digitale, con stampa 3D, CNC e incisione laser riunite in un unico dispositivo. Da qualche tempo, per\u00f2, la strategia dell\u2019azienda \u00e8 cambiata. Dopo il successo dei modelli&hellip;<\/p>\n\t\t\t\t\t\t\t<\/div>\n\t\t\t\t\t\t\t<p class=\"more\"><a href=\"https:\/\/www.3dnatives.com\/it\/test-stampante-3d-snapmaker-u1-26032026\/\" class=\"btn read-more\">Visualizza test<\/a><\/p>\n\t\t\t\t\t\t<\/div>\n\t\t\t\t\t<\/div>\n\t\t\t\t<\/article>\n\t\t\t\t\t\t\t\t<article class=\"selected-category-post\">\n\t\t\t\t\t<div class=\"row\">\n\t\t\t\t\t\t<div class=\"col s12 m4\">\n\t\t\t\t\t\t\t<a href=\"https:\/\/www.3dnatives.com\/it\/testiamo-la-raise3d-rms220-la-prima-stampante-sls-di-raise3d-13112025\/\" class=\"thumbnail\">\n\t\t\t\t\t\t\t\t<img loading=\"lazy\" decoding=\"async\" width=\"600\" height=\"353\" src=\"https:\/\/www.3dnatives.com\/it\/wp-content\/uploads\/sites\/5\/2025\/11\/Raise3D-RMS220-IT-600x353.jpg\" class=\"responsive-img wp-post-image\" alt=\"3DnativesLab: test e recensione della stampante 3D Raise3D RMS220\" srcset=\"https:\/\/www.3dnatives.com\/it\/wp-content\/uploads\/sites\/5\/2025\/11\/Raise3D-RMS220-IT-600x353.jpg 600w, https:\/\/www.3dnatives.com\/it\/wp-content\/uploads\/sites\/5\/2025\/11\/Raise3D-RMS220-IT-768x452.jpg 768w, https:\/\/www.3dnatives.com\/it\/wp-content\/uploads\/sites\/5\/2025\/11\/Raise3D-RMS220-IT-160x94.jpg 160w, https:\/\/www.3dnatives.com\/it\/wp-content\/uploads\/sites\/5\/2025\/11\/Raise3D-RMS220-IT.jpg 850w\" sizes=\"auto, (max-width: 600px) 100vw, 600px\" \/>\t\t\t\t\t\t\t\t<span class=\"score\"><strong>9.7<\/strong>\/10<\/span>\t\t\t\t\t\t\t<\/a>\n\t\t\t\t\t\t<\/div>\n\t\t\t\t\t\t<div class=\"col s12 m8\">\n\t\t\t\t\t\t\t<h2><a href=\"https:\/\/www.3dnatives.com\/it\/testiamo-la-raise3d-rms220-la-prima-stampante-sls-di-raise3d-13112025\/\">3DnativesLab: test e recensione della stampante 3D Raise3D RMS220<\/a><\/h2>\n\t\t\t\t\t\t\t<div class=\"excerpt\">\n\t\t\t\t\t\t\t\t<p>Quest&#8217;anno Raise3D festeggia i suoi dieci anni. Conosciuta per le sue stampanti FDM professionali, in particolare le serie Pro3 ed E2, e pi\u00f9 recentemente per i suoi sistemi in resina DF2 e DF2+, il marchio compie un nuovo importante passo&hellip;<\/p>\n\t\t\t\t\t\t\t<\/div>\n\t\t\t\t\t\t\t<p class=\"more\"><a href=\"https:\/\/www.3dnatives.com\/it\/testiamo-la-raise3d-rms220-la-prima-stampante-sls-di-raise3d-13112025\/\" class=\"btn read-more\">Visualizza test<\/a><\/p>\n\t\t\t\t\t\t<\/div>\n\t\t\t\t\t<\/div>\n\t\t\t\t<\/article>\n\t\t\t\t\t\t\t\t<article class=\"selected-category-post\">\n\t\t\t\t\t<div class=\"row\">\n\t\t\t\t\t\t<div class=\"col s12 m4\">\n\t\t\t\t\t\t\t<a href=\"https:\/\/www.3dnatives.com\/it\/3dnativeslab-test-e-recensione-stampante-3d-df2-raise3d-240720259\/\" class=\"thumbnail\">\n\t\t\t\t\t\t\t\t<img loading=\"lazy\" decoding=\"async\" width=\"600\" height=\"353\" src=\"https:\/\/www.3dnatives.com\/it\/wp-content\/uploads\/sites\/5\/2025\/07\/Raise3D-DF2-IT-600x353.png\" class=\"responsive-img wp-post-image\" alt=\"3DnativesLab: test e recensione della stampante 3D DF2+ di RAISE3D\" srcset=\"https:\/\/www.3dnatives.com\/it\/wp-content\/uploads\/sites\/5\/2025\/07\/Raise3D-DF2-IT-600x353.png 600w, https:\/\/www.3dnatives.com\/it\/wp-content\/uploads\/sites\/5\/2025\/07\/Raise3D-DF2-IT-768x452.png 768w, https:\/\/www.3dnatives.com\/it\/wp-content\/uploads\/sites\/5\/2025\/07\/Raise3D-DF2-IT-160x94.png 160w, https:\/\/www.3dnatives.com\/it\/wp-content\/uploads\/sites\/5\/2025\/07\/Raise3D-DF2-IT.png 850w\" sizes=\"auto, (max-width: 600px) 100vw, 600px\" \/>\t\t\t\t\t\t\t\t<span class=\"score\"><strong>9.3<\/strong>\/10<\/span>\t\t\t\t\t\t\t<\/a>\n\t\t\t\t\t\t<\/div>\n\t\t\t\t\t\t<div class=\"col s12 m8\">\n\t\t\t\t\t\t\t<h2><a href=\"https:\/\/www.3dnatives.com\/it\/3dnativeslab-test-e-recensione-stampante-3d-df2-raise3d-240720259\/\">3DnativesLab: test e recensione della stampante 3D DF2+ di RAISE3D<\/a><\/h2>\n\t\t\t\t\t\t\t<div class=\"excerpt\">\n\t\t\t\t\t\t\t\t<p>Conosciuta in precedenza per le sue stampanti 3D FDM, Raise3D sta continuando a diversificarsi in nuove tecnologie di produzione additiva. Nel 2023, il produttore ha lanciato la DF2, la sua prima stampante 3D a resina, presentata alla fiera Formnext. Meno&hellip;<\/p>\n\t\t\t\t\t\t\t<\/div>\n\t\t\t\t\t\t\t<p class=\"more\"><a href=\"https:\/\/www.3dnatives.com\/it\/3dnativeslab-test-e-recensione-stampante-3d-df2-raise3d-240720259\/\" class=\"btn read-more\">Visualizza test<\/a><\/p>\n\t\t\t\t\t\t<\/div>\n\t\t\t\t\t<\/div>\n\t\t\t\t<\/article>\n\t\t\t\t\t\t\t\t<article class=\"selected-category-post\">\n\t\t\t\t\t<div class=\"row\">\n\t\t\t\t\t\t<div class=\"col s12 m4\">\n\t\t\t\t\t\t\t<a href=\"https:\/\/www.3dnatives.com\/it\/3dnatives-lab-test-recensione-stampante-3d-ultimaker-s8-050620259\/\" class=\"thumbnail\">\n\t\t\t\t\t\t\t\t<img loading=\"lazy\" decoding=\"async\" width=\"600\" height=\"353\" src=\"https:\/\/www.3dnatives.com\/it\/wp-content\/uploads\/sites\/5\/2025\/06\/UltiMaker-S8-ES-600x353.png\" class=\"responsive-img wp-post-image\" alt=\"3Dnatives Lab: test e recensione della stampante 3D UltiMaker S8\" srcset=\"https:\/\/www.3dnatives.com\/it\/wp-content\/uploads\/sites\/5\/2025\/06\/UltiMaker-S8-ES-600x353.png 600w, https:\/\/www.3dnatives.com\/it\/wp-content\/uploads\/sites\/5\/2025\/06\/UltiMaker-S8-ES-768x452.png 768w, https:\/\/www.3dnatives.com\/it\/wp-content\/uploads\/sites\/5\/2025\/06\/UltiMaker-S8-ES-160x94.png 160w, https:\/\/www.3dnatives.com\/it\/wp-content\/uploads\/sites\/5\/2025\/06\/UltiMaker-S8-ES.png 850w\" sizes=\"auto, (max-width: 600px) 100vw, 600px\" \/>\t\t\t\t\t\t\t\t<span class=\"score\"><strong>9.4<\/strong>\/10<\/span>\t\t\t\t\t\t\t<\/a>\n\t\t\t\t\t\t<\/div>\n\t\t\t\t\t\t<div class=\"col s12 m8\">\n\t\t\t\t\t\t\t<h2><a href=\"https:\/\/www.3dnatives.com\/it\/3dnatives-lab-test-recensione-stampante-3d-ultimaker-s8-050620259\/\">3Dnatives Lab: test e recensione della stampante 3D UltiMaker S8<\/a><\/h2>\n\t\t\t\t\t\t\t<div class=\"excerpt\">\n\t\t\t\t\t\t\t\t<p>Due anni dopo aver testato l&#8217;S7, \u00e8 il turno dell&#8217;UltiMaker S8 di essere testata. Se non avete ancora letto la nostra recensione dell&#8217;S7, vi invitiamo a dare un&#8217;occhiata QUI , perch\u00e9 l&#8217;S8 \u00e8 la logica continuazione di quest&#8217;ultima. \ufeff Quando&hellip;<\/p>\n\t\t\t\t\t\t\t<\/div>\n\t\t\t\t\t\t\t<p class=\"more\"><a href=\"https:\/\/www.3dnatives.com\/it\/3dnatives-lab-test-recensione-stampante-3d-ultimaker-s8-050620259\/\" class=\"btn read-more\">Visualizza test<\/a><\/p>\n\t\t\t\t\t\t<\/div>\n\t\t\t\t\t<\/div>\n\t\t\t\t<\/article>\n\t\t\t\t\t\t\t\t<article class=\"selected-category-post\">\n\t\t\t\t\t<div class=\"row\">\n\t\t\t\t\t\t<div class=\"col s12 m4\">\n\t\t\t\t\t\t\t<a href=\"https:\/\/www.3dnatives.com\/it\/3dnativeslab-recensione-stampante-3d-anycubic-kobra-s1-combo-060520259\/\" class=\"thumbnail\">\n\t\t\t\t\t\t\t\t<img loading=\"lazy\" decoding=\"async\" width=\"600\" height=\"353\" src=\"https:\/\/www.3dnatives.com\/it\/wp-content\/uploads\/sites\/5\/2025\/05\/Kobra-S1-ES-600x353.png\" class=\"responsive-img wp-post-image\" alt=\"3DnativesLab: test e recensione della stampante 3D Kobra S1 di Anycubic\" srcset=\"https:\/\/www.3dnatives.com\/it\/wp-content\/uploads\/sites\/5\/2025\/05\/Kobra-S1-ES-600x353.png 600w, https:\/\/www.3dnatives.com\/it\/wp-content\/uploads\/sites\/5\/2025\/05\/Kobra-S1-ES-768x452.png 768w, https:\/\/www.3dnatives.com\/it\/wp-content\/uploads\/sites\/5\/2025\/05\/Kobra-S1-ES-160x94.png 160w, https:\/\/www.3dnatives.com\/it\/wp-content\/uploads\/sites\/5\/2025\/05\/Kobra-S1-ES.png 850w\" sizes=\"auto, (max-width: 600px) 100vw, 600px\" \/>\t\t\t\t\t\t\t\t<span class=\"score\"><strong>9.6<\/strong>\/10<\/span>\t\t\t\t\t\t\t<\/a>\n\t\t\t\t\t\t<\/div>\n\t\t\t\t\t\t<div class=\"col s12 m8\">\n\t\t\t\t\t\t\t<h2><a href=\"https:\/\/www.3dnatives.com\/it\/3dnativeslab-recensione-stampante-3d-anycubic-kobra-s1-combo-060520259\/\">3DnativesLab: test e recensione della stampante 3D Kobra S1 di Anycubic<\/a><\/h2>\n\t\t\t\t\t\t\t<div class=\"excerpt\">\n\t\t\t\t\t\t\t\t<p>Il mercato consumer della stampa 3D si sta evolvendo rapidamente, con macchine sempre pi\u00f9 potenti e accessibili. Tra i nuovi prodotti lanciati di recente, Anycubic Kobra S1 Combo si distingue per il design chiuso, l&#8217;architettura CoreXY, la compatibilit\u00e0 con la&hellip;<\/p>\n\t\t\t\t\t\t\t<\/div>\n\t\t\t\t\t\t\t<p class=\"more\"><a href=\"https:\/\/www.3dnatives.com\/it\/3dnativeslab-recensione-stampante-3d-anycubic-kobra-s1-combo-060520259\/\" class=\"btn read-more\">Visualizza test<\/a><\/p>\n\t\t\t\t\t\t<\/div>\n\t\t\t\t\t<\/div>\n\t\t\t\t<\/article>\n\t\t\t\t\t\t\t\t<article class=\"selected-category-post\">\n\t\t\t\t\t<div class=\"row\">\n\t\t\t\t\t\t<div class=\"col s12 m4\">\n\t\t\t\t\t\t\t<a href=\"https:\/\/www.3dnatives.com\/it\/3dnativeslab-test-piattaforma-additive-manufacturing-madeinadd-130320259\/\" class=\"thumbnail\">\n\t\t\t\t\t\t\t\t<img loading=\"lazy\" decoding=\"async\" width=\"600\" height=\"353\" src=\"https:\/\/www.3dnatives.com\/it\/wp-content\/uploads\/sites\/5\/2025\/03\/Madeinaddcover-600x353.png\" class=\"responsive-img wp-post-image\" alt=\"3DnativesLab: test e recensione della piattaforma di Additive Manufacturing MadeInAdd\" srcset=\"https:\/\/www.3dnatives.com\/it\/wp-content\/uploads\/sites\/5\/2025\/03\/Madeinaddcover-600x353.png 600w, https:\/\/www.3dnatives.com\/it\/wp-content\/uploads\/sites\/5\/2025\/03\/Madeinaddcover-768x452.png 768w, https:\/\/www.3dnatives.com\/it\/wp-content\/uploads\/sites\/5\/2025\/03\/Madeinaddcover-160x94.png 160w, https:\/\/www.3dnatives.com\/it\/wp-content\/uploads\/sites\/5\/2025\/03\/Madeinaddcover.png 850w\" sizes=\"auto, (max-width: 600px) 100vw, 600px\" \/>\t\t\t\t\t\t\t\t\t\t\t\t\t\t\t<\/a>\n\t\t\t\t\t\t<\/div>\n\t\t\t\t\t\t<div class=\"col s12 m8\">\n\t\t\t\t\t\t\t<h2><a href=\"https:\/\/www.3dnatives.com\/it\/3dnativeslab-test-piattaforma-additive-manufacturing-madeinadd-130320259\/\">3DnativesLab: test e recensione della piattaforma di Additive Manufacturing MadeInAdd<\/a><\/h2>\n\t\t\t\t\t\t\t<div class=\"excerpt\">\n\t\t\t\t\t\t\t\t<p>Quando pensiamo di integrare la stampa 3D nei nostri processi, spesso pensiamo di attrezzarci internamente acquistando una macchina. In alcuni casi, per\u00f2, pu\u00f2 essere pi\u00f9 utile affidarsi a un fornitore esterno di servizi specializzato in questo settore. Nel mondo della&hellip;<\/p>\n\t\t\t\t\t\t\t<\/div>\n\t\t\t\t\t\t\t<p class=\"more\"><a href=\"https:\/\/www.3dnatives.com\/it\/3dnativeslab-test-piattaforma-additive-manufacturing-madeinadd-130320259\/\" class=\"btn read-more\">Visualizza test<\/a><\/p>\n\t\t\t\t\t\t<\/div>\n\t\t\t\t\t<\/div>\n\t\t\t\t<\/article>\n\t\t\t\t\t\t\t<\/div>\n\t\t\t<div class=\"center-align\"><a href=\"#\" id=\"load-more-category\" class=\"btn load-posts\" data-page=\"2\" data-slug=\"test\">Carica pi\u00f9 articoli<\/a><\/div>\n\t\t\t<div id=\"more-category-loader\" class=\"center-align\"><\/div>\n\t\t\t<\/p>\n","protected":false},"excerpt":{"rendered":"<p>3Dnatives d\u00e0 priorit\u00e0 alle informazioni di qualit\u00e0 sulla stampa 3D. Per questo motivo testiamo noi stessi le stampanti 3D pi\u00f9 recenti e pi\u00f9 diffuse sul mercato per mostrarne l&#8217;efficacia al mondo intero. Recensiamo stampanti 3D FDM, SLA, scanner 3D e&hellip;<\/p>\n","protected":false},"author":5,"featured_media":0,"parent":0,"menu_order":0,"comment_status":"closed","ping_status":"closed","template":"page-sidebar.php","meta":{"_acf_changed":false,"content-type":"","footnotes":""},"class_list":["post-11","page","type-page","status-publish","hentry"],"acf":[],"yoast_head":"<!-- This site is optimized with the Yoast SEO Premium plugin v25.7.1 (Yoast SEO v26.7) - https:\/\/yoast.com\/wordpress\/plugins\/seo\/ -->\n<title>Recensioni e test stampanti 3D &#8211; 3Dnatives<\/title>\n<meta name=\"description\" content=\"Non perderti i nostri test! Recensiamo stampanti 3D FDM, SLA, scanner 3D... valutandone qualit\u00e0, semplicit\u00e0 d&#039;uso, prezzo e non solo!\" \/>\n<meta name=\"robots\" content=\"index, follow, max-snippet:-1, max-image-preview:large, max-video-preview:-1\" \/>\n<link rel=\"canonical\" href=\"https:\/\/www.3dnatives.com\/it\/3d-printer-tests\/\" \/>\n<meta property=\"og:locale\" content=\"it_IT\" \/>\n<meta property=\"og:type\" content=\"article\" \/>\n<meta property=\"og:title\" content=\"Recensioni e test stampanti 3D Recensioni e test stampanti 3D &#8211; 3Dnatives\" \/>\n<meta property=\"og:description\" content=\"Non perderti i nostri test! Recensiamo stampanti 3D FDM, SLA, scanner 3D... valutandone qualit\u00e0, semplicit\u00e0 d&#039;uso, prezzo e non solo!\" \/>\n<meta property=\"og:url\" content=\"https:\/\/www.3dnatives.com\/it\/3d-printer-tests\/\" \/>\n<meta property=\"og:site_name\" content=\"3Dnatives\" \/>\n<meta property=\"article:publisher\" content=\"https:\/\/www.facebook.com\/3Dnativesit\" \/>\n<meta property=\"article:modified_time\" content=\"2024-04-09T16:39:02+00:00\" \/>\n<meta property=\"og:image\" content=\"https:\/\/www.3dnatives.com\/it\/wp-content\/uploads\/sites\/5\/2022\/03\/cover_3Dnatives_IT.jpg\" \/>\n\t<meta property=\"og:image:width\" content=\"1200\" \/>\n\t<meta property=\"og:image:height\" content=\"630\" \/>\n\t<meta property=\"og:image:type\" content=\"image\/jpeg\" \/>\n<meta name=\"twitter:card\" content=\"summary_large_image\" \/>\n<meta name=\"twitter:site\" content=\"@3Dnatives\" \/>\n<meta name=\"twitter:label1\" content=\"Tempo di lettura stimato\" \/>\n\t<meta name=\"twitter:data1\" content=\"1 minuto\" \/>\n<script type=\"application\/ld+json\" class=\"yoast-schema-graph\">{\"@context\":\"https:\/\/schema.org\",\"@graph\":[{\"@type\":\"WebPage\",\"@id\":\"https:\/\/www.3dnatives.com\/it\/3d-printer-tests\/\",\"url\":\"https:\/\/www.3dnatives.com\/it\/3d-printer-tests\/\",\"name\":\"Recensioni e test stampanti 3D &#8211; 3Dnatives\",\"isPartOf\":{\"@id\":\"https:\/\/www.3dnatives.com\/it\/#website\"},\"datePublished\":\"2021-10-17T15:09:25+00:00\",\"dateModified\":\"2024-04-09T16:39:02+00:00\",\"description\":\"Non perderti i nostri test! Recensiamo stampanti 3D FDM, SLA, scanner 3D... valutandone qualit\u00e0, semplicit\u00e0 d'uso, prezzo e non solo!\",\"breadcrumb\":{\"@id\":\"https:\/\/www.3dnatives.com\/it\/3d-printer-tests\/#breadcrumb\"},\"inLanguage\":\"it-IT\",\"potentialAction\":[{\"@type\":\"ReadAction\",\"target\":[\"https:\/\/www.3dnatives.com\/it\/3d-printer-tests\/\"]}]},{\"@type\":\"BreadcrumbList\",\"@id\":\"https:\/\/www.3dnatives.com\/it\/3d-printer-tests\/#breadcrumb\",\"itemListElement\":[{\"@type\":\"ListItem\",\"position\":1,\"name\":\"Home\",\"item\":\"https:\/\/www.3dnatives.com\/it\/\"},{\"@type\":\"ListItem\",\"position\":2,\"name\":\"Recensioni e test stampanti 3D\"}]},{\"@type\":\"WebSite\",\"@id\":\"https:\/\/www.3dnatives.com\/it\/#website\",\"url\":\"https:\/\/www.3dnatives.com\/it\/\",\"name\":\"3Dnatives\",\"description\":\"Il sito web della stampa 3D\",\"publisher\":{\"@id\":\"https:\/\/www.3dnatives.com\/it\/#organization\"},\"potentialAction\":[{\"@type\":\"SearchAction\",\"target\":{\"@type\":\"EntryPoint\",\"urlTemplate\":\"https:\/\/www.3dnatives.com\/it\/?s={search_term_string}\"},\"query-input\":{\"@type\":\"PropertyValueSpecification\",\"valueRequired\":true,\"valueName\":\"search_term_string\"}}],\"inLanguage\":\"it-IT\"},{\"@type\":\"Organization\",\"@id\":\"https:\/\/www.3dnatives.com\/it\/#organization\",\"name\":\"3Dnatives\",\"url\":\"https:\/\/www.3dnatives.com\/it\/\",\"logo\":{\"@type\":\"ImageObject\",\"inLanguage\":\"it-IT\",\"@id\":\"https:\/\/www.3dnatives.com\/it\/#\/schema\/logo\/image\/\",\"url\":\"https:\/\/www.3dnatives.com\/it\/wp-content\/uploads\/sites\/5\/2021\/11\/logo_3Dnatives_IT_grey.png\",\"contentUrl\":\"https:\/\/www.3dnatives.com\/it\/wp-content\/uploads\/sites\/5\/2021\/11\/logo_3Dnatives_IT_grey.png\",\"width\":407,\"height\":131,\"caption\":\"3Dnatives\"},\"image\":{\"@id\":\"https:\/\/www.3dnatives.com\/it\/#\/schema\/logo\/image\/\"},\"sameAs\":[\"https:\/\/www.facebook.com\/3Dnativesit\",\"https:\/\/x.com\/3Dnatives\",\"https:\/\/www.instagram.com\/3d_natives\/\",\"https:\/\/www.linkedin.com\/groups\/12583365\/\",\"https:\/\/www.youtube.com\/channel\/UCMWrNpdLOXa7BffRKXZoaZw\"]}]}<\/script>\n<!-- \/ Yoast SEO Premium plugin. -->","yoast_head_json":{"title":"Recensioni e test stampanti 3D &#8211; 3Dnatives","description":"Non perderti i nostri test! Recensiamo stampanti 3D FDM, SLA, scanner 3D... valutandone qualit\u00e0, semplicit\u00e0 d'uso, prezzo e non solo!","robots":{"index":"index","follow":"follow","max-snippet":"max-snippet:-1","max-image-preview":"max-image-preview:large","max-video-preview":"max-video-preview:-1"},"canonical":"https:\/\/www.3dnatives.com\/it\/3d-printer-tests\/","og_locale":"it_IT","og_type":"article","og_title":"Recensioni e test stampanti 3D Recensioni e test stampanti 3D &#8211; 3Dnatives","og_description":"Non perderti i nostri test! Recensiamo stampanti 3D FDM, SLA, scanner 3D... valutandone qualit\u00e0, semplicit\u00e0 d'uso, prezzo e non solo!","og_url":"https:\/\/www.3dnatives.com\/it\/3d-printer-tests\/","og_site_name":"3Dnatives","article_publisher":"https:\/\/www.facebook.com\/3Dnativesit","article_modified_time":"2024-04-09T16:39:02+00:00","og_image":[{"width":1200,"height":630,"url":"https:\/\/www.3dnatives.com\/it\/wp-content\/uploads\/sites\/5\/2022\/03\/cover_3Dnatives_IT.jpg","type":"image\/jpeg"}],"twitter_card":"summary_large_image","twitter_site":"@3Dnatives","twitter_misc":{"Tempo di lettura stimato":"1 minuto"},"schema":{"@context":"https:\/\/schema.org","@graph":[{"@type":"WebPage","@id":"https:\/\/www.3dnatives.com\/it\/3d-printer-tests\/","url":"https:\/\/www.3dnatives.com\/it\/3d-printer-tests\/","name":"Recensioni e test stampanti 3D &#8211; 3Dnatives","isPartOf":{"@id":"https:\/\/www.3dnatives.com\/it\/#website"},"datePublished":"2021-10-17T15:09:25+00:00","dateModified":"2024-04-09T16:39:02+00:00","description":"Non perderti i nostri test! Recensiamo stampanti 3D FDM, SLA, scanner 3D... valutandone qualit\u00e0, semplicit\u00e0 d'uso, prezzo e non solo!","breadcrumb":{"@id":"https:\/\/www.3dnatives.com\/it\/3d-printer-tests\/#breadcrumb"},"inLanguage":"it-IT","potentialAction":[{"@type":"ReadAction","target":["https:\/\/www.3dnatives.com\/it\/3d-printer-tests\/"]}]},{"@type":"BreadcrumbList","@id":"https:\/\/www.3dnatives.com\/it\/3d-printer-tests\/#breadcrumb","itemListElement":[{"@type":"ListItem","position":1,"name":"Home","item":"https:\/\/www.3dnatives.com\/it\/"},{"@type":"ListItem","position":2,"name":"Recensioni e test stampanti 3D"}]},{"@type":"WebSite","@id":"https:\/\/www.3dnatives.com\/it\/#website","url":"https:\/\/www.3dnatives.com\/it\/","name":"3Dnatives","description":"Il sito web della stampa 3D","publisher":{"@id":"https:\/\/www.3dnatives.com\/it\/#organization"},"potentialAction":[{"@type":"SearchAction","target":{"@type":"EntryPoint","urlTemplate":"https:\/\/www.3dnatives.com\/it\/?s={search_term_string}"},"query-input":{"@type":"PropertyValueSpecification","valueRequired":true,"valueName":"search_term_string"}}],"inLanguage":"it-IT"},{"@type":"Organization","@id":"https:\/\/www.3dnatives.com\/it\/#organization","name":"3Dnatives","url":"https:\/\/www.3dnatives.com\/it\/","logo":{"@type":"ImageObject","inLanguage":"it-IT","@id":"https:\/\/www.3dnatives.com\/it\/#\/schema\/logo\/image\/","url":"https:\/\/www.3dnatives.com\/it\/wp-content\/uploads\/sites\/5\/2021\/11\/logo_3Dnatives_IT_grey.png","contentUrl":"https:\/\/www.3dnatives.com\/it\/wp-content\/uploads\/sites\/5\/2021\/11\/logo_3Dnatives_IT_grey.png","width":407,"height":131,"caption":"3Dnatives"},"image":{"@id":"https:\/\/www.3dnatives.com\/it\/#\/schema\/logo\/image\/"},"sameAs":["https:\/\/www.facebook.com\/3Dnativesit","https:\/\/x.com\/3Dnatives","https:\/\/www.instagram.com\/3d_natives\/","https:\/\/www.linkedin.com\/groups\/12583365\/","https:\/\/www.youtube.com\/channel\/UCMWrNpdLOXa7BffRKXZoaZw"]}]}},"_links":{"self":[{"href":"https:\/\/www.3dnatives.com\/it\/wp-json\/wp\/v2\/pages\/11","targetHints":{"allow":["GET"]}}],"collection":[{"href":"https:\/\/www.3dnatives.com\/it\/wp-json\/wp\/v2\/pages"}],"about":[{"href":"https:\/\/www.3dnatives.com\/it\/wp-json\/wp\/v2\/types\/page"}],"author":[{"embeddable":true,"href":"https:\/\/www.3dnatives.com\/it\/wp-json\/wp\/v2\/users\/5"}],"replies":[{"embeddable":true,"href":"https:\/\/www.3dnatives.com\/it\/wp-json\/wp\/v2\/comments?post=11"}],"version-history":[{"count":2,"href":"https:\/\/www.3dnatives.com\/it\/wp-json\/wp\/v2\/pages\/11\/revisions"}],"predecessor-version":[{"id":12668,"href":"https:\/\/www.3dnatives.com\/it\/wp-json\/wp\/v2\/pages\/11\/revisions\/12668"}],"wp:attachment":[{"href":"https:\/\/www.3dnatives.com\/it\/wp-json\/wp\/v2\/media?parent=11"}],"curies":[{"name":"wp","href":"https:\/\/api.w.org\/{rel}","templated":true}]}}