{"id":8461,"date":"2017-08-08T10:53:21","date_gmt":"2017-08-08T08:53:21","guid":{"rendered":"https:\/\/www.3dnatives.com\/es\/add\/"},"modified":"2020-07-13T11:06:26","modified_gmt":"2020-07-13T09:06:26","slug":"anadir-un-anuncio","status":"publish","type":"page","link":"https:\/\/www.3dnatives.com\/es\/anadir-un-anuncio\/","title":{"rendered":"A\u00f1adir un anuncio"},"content":{"rendered":"\t<form method=\"post\" action=\"\" id=\"directory-form\">\n\t\t<input type=\"hidden\" name=\"directory_key\" id=\"directory_key\" value=\"60b7be0378\" \/>\t\t\n\t\t<div class=\"row\">\n\t\t\t<div class=\"col s12\">\n\t\t\t\t<h4>Informaci\u00f3n de contacto<\/h4>\n\t\t\t\t<p>Esas informaciones no ser\u00e1n publicadas, y solo son utilizadas por 3Dnatives para contactarle si es necesario<\/p>\n\t\t\t<\/div>\n\t\t\t<div class=\"input-field col s12 m6\">\n\t\t\t\t<input id=\"contact_name\" name=\"contact_name\" type=\"text\" required=\"required\">\n\t\t\t\t<label for=\"contact_name\">Nombre <span class=\"required\">*<\/span><\/label>\n\t\t\t<\/div>\n\t\t\t<div class=\"input-field col s12 m6\">\n\t\t\t\t<input id=\"contact_email\" name=\"contact_email\" type=\"email\" required=\"required\">\n\t\t\t\t<label for=\"contact_email\">Email <span class=\"required\">*<\/span><\/label>\n\t\t\t<\/div>\n\t\t<\/div>\n\t\t\n\t\t<div class=\"row\">\n\t\t\t<div class=\"col s12\">\n\t\t\t\t<h4>Informaci\u00f3n de la empresa<\/h4>\n\t\t\t<\/div>\n\t\t\t<div class=\"col s12 m12 l4\">\n\t\t\t\t<div class=\"row\">\n\t\t\t\t\t<div class=\"input-field col s12\">\n\t\t\t\t\t\t<input id=\"company_name\" name=\"company_name\" type=\"text\" required=\"required\">\n\t\t\t\t\t\t<label for=\"company_name\">Nombre de la empresa <span class=\"required\">*<\/span><\/label>\n\t\t\t\t\t<\/div>\n\t\t\t\t<\/div>\n\t\t\t\t<div class=\"logo-wrapper\">\n\t\t\t\t\t<label for=\"logo\">Logo de la empresa (archivo jpg o png) 500 Ko m\u00e1x<\/label>\n\t\t\t\t\t<input type=\"file\" name=\"logo\" id=\"logo\" value=\"\" class=\"dropify\" data-max-file-size=\"500K\" \/>\n\t\t\t\t<\/div>\n\t\t\t<\/div>\n\t\t\t<div class=\"col s12 m12 l8\">\n\t\t\t\t<p>Describe tu organizaci\u00f3n (min 100 palabras \/ 600 caracteres) <span class=\"wordcount\" style=\"display: none;\"><span id=\"wordcount\">0<\/span> palabras<\/span><\/p>\n\t\t\t\t<div id=\"wp-description-wrap\" class=\"wp-core-ui wp-editor-wrap tmce-active\"><link rel='stylesheet' id='dashicons-css' href='https:\/\/www.3dnatives.com\/es\/wp-includes\/css\/dashicons.min.css' type='text\/css' media='all' \/>\n<link rel='stylesheet' id='editor-buttons-css' href='https:\/\/www.3dnatives.com\/es\/wp-includes\/css\/editor.min.css' type='text\/css' media='all' \/>\n<div id=\"wp-description-editor-tools\" class=\"wp-editor-tools hide-if-no-js\"><div class=\"wp-editor-tabs\"><button type=\"button\" id=\"description-tmce\" aria-pressed=\"true\" class=\"wp-switch-editor switch-tmce\" data-wp-editor-id=\"description\">Visual<\/button>\n<button type=\"button\" id=\"description-html\" class=\"wp-switch-editor switch-html\" data-wp-editor-id=\"description\">C\u00f3digo<\/button>\n<\/div>\n<\/div>\n<div id=\"wp-description-editor-container\" class=\"wp-editor-container\"><div id=\"qt_description_toolbar\" class=\"quicktags-toolbar hide-if-no-js\"><\/div><textarea class=\"wp-editor-area\" style=\"height: 360px\" autocomplete=\"off\" cols=\"40\" name=\"description\" id=\"description\"><\/textarea><\/div>\n<\/div>\n\n\t\t\t<\/div>\n\t\t<\/div>\n\t\t<div class=\"row\">\n\t\t\t<div class=\"col s12\">\n\t\t\t\t<h6>Selecciona las categor\u00edas relevantes (m\u00e1x. 3)<\/h6>\n\t\t\t<\/div>\n\t\t\t\t\t\t<div class=\"col s12 m4 l3\">\n\t\t\t\t<p class=\"box-wrapper\" data-mh=\"checkbox\">\n\t\t\t\t\t<label>\n\t\t\t\t\t\t<input type=\"checkbox\" name=\"categories[]\" id=\"category-362\" class=\"category\" value=\"362\" \/>\n\t\t\t\t        <span>Centros tecnol\u00f3gicos<\/span>\n\t\t\t\t\t<\/label>\n\t\t\t\t<\/p>\n\t\t\t<\/div>\n\t\t\t\t\t\t<div class=\"col s12 m4 l3\">\n\t\t\t\t<p class=\"box-wrapper\" data-mh=\"checkbox\">\n\t\t\t\t\t<label>\n\t\t\t\t\t\t<input type=\"checkbox\" name=\"categories[]\" id=\"category-347\" class=\"category\" value=\"347\" \/>\n\t\t\t\t        <span>Consultor\u00edas en fabricaci\u00f3n aditiva<\/span>\n\t\t\t\t\t<\/label>\n\t\t\t\t<\/p>\n\t\t\t<\/div>\n\t\t\t\t\t\t<div class=\"col s12 m4 l3\">\n\t\t\t\t<p class=\"box-wrapper\" data-mh=\"checkbox\">\n\t\t\t\t\t<label>\n\t\t\t\t\t\t<input type=\"checkbox\" name=\"categories[]\" id=\"category-340\" class=\"category\" value=\"340\" \/>\n\t\t\t\t        <span>Distribuidor de esc\u00e1neres 3D profesionales<\/span>\n\t\t\t\t\t<\/label>\n\t\t\t\t<\/p>\n\t\t\t<\/div>\n\t\t\t\t\t\t<div class=\"col s12 m4 l3\">\n\t\t\t\t<p class=\"box-wrapper\" data-mh=\"checkbox\">\n\t\t\t\t\t<label>\n\t\t\t\t\t\t<input type=\"checkbox\" name=\"categories[]\" id=\"category-335\" class=\"category\" value=\"335\" \/>\n\t\t\t\t        <span>Distribuidores de impresoras 3D industriales<\/span>\n\t\t\t\t\t<\/label>\n\t\t\t\t<\/p>\n\t\t\t<\/div>\n\t\t\t\t\t\t<div class=\"col s12 m4 l3\">\n\t\t\t\t<p class=\"box-wrapper\" data-mh=\"checkbox\">\n\t\t\t\t\t<label>\n\t\t\t\t\t\t<input type=\"checkbox\" name=\"categories[]\" id=\"category-336\" class=\"category\" value=\"336\" \/>\n\t\t\t\t        <span>Distribuidores de impresoras 3D personales<\/span>\n\t\t\t\t\t<\/label>\n\t\t\t\t<\/p>\n\t\t\t<\/div>\n\t\t\t\t\t\t<div class=\"col s12 m4 l3\">\n\t\t\t\t<p class=\"box-wrapper\" data-mh=\"checkbox\">\n\t\t\t\t\t<label>\n\t\t\t\t\t\t<input type=\"checkbox\" name=\"categories[]\" id=\"category-327\" class=\"category\" value=\"327\" \/>\n\t\t\t\t        <span>Escuelas \/ Formaciones en impresi\u00f3n 3D \/ Cursos de impresi\u00f3n 3D<\/span>\n\t\t\t\t\t<\/label>\n\t\t\t\t<\/p>\n\t\t\t<\/div>\n\t\t\t\t\t\t<div class=\"col s12 m4 l3\">\n\t\t\t\t<p class=\"box-wrapper\" data-mh=\"checkbox\">\n\t\t\t\t\t<label>\n\t\t\t\t\t\t<input type=\"checkbox\" name=\"categories[]\" id=\"category-328\" class=\"category\" value=\"328\" \/>\n\t\t\t\t        <span>Fablabs<\/span>\n\t\t\t\t\t<\/label>\n\t\t\t\t<\/p>\n\t\t\t<\/div>\n\t\t\t\t\t\t<div class=\"col s12 m4 l3\">\n\t\t\t\t<p class=\"box-wrapper\" data-mh=\"checkbox\">\n\t\t\t\t\t<label>\n\t\t\t\t\t\t<input type=\"checkbox\" name=\"categories[]\" id=\"category-331\" class=\"category\" value=\"331\" \/>\n\t\t\t\t        <span>Fabricantes de esc\u00e1ner 3D<\/span>\n\t\t\t\t\t<\/label>\n\t\t\t\t<\/p>\n\t\t\t<\/div>\n\t\t\t\t\t\t<div class=\"col s12 m4 l3\">\n\t\t\t\t<p class=\"box-wrapper\" data-mh=\"checkbox\">\n\t\t\t\t\t<label>\n\t\t\t\t\t\t<input type=\"checkbox\" name=\"categories[]\" id=\"category-339\" class=\"category\" value=\"339\" \/>\n\t\t\t\t        <span>Fabricantes de impresoras 3D<\/span>\n\t\t\t\t\t<\/label>\n\t\t\t\t<\/p>\n\t\t\t<\/div>\n\t\t\t\t\t\t<div class=\"col s12 m4 l3\">\n\t\t\t\t<p class=\"box-wrapper\" data-mh=\"checkbox\">\n\t\t\t\t\t<label>\n\t\t\t\t\t\t<input type=\"checkbox\" name=\"categories[]\" id=\"category-329\" class=\"category\" value=\"329\" \/>\n\t\t\t\t        <span>Fabricantes de impresoras 3D industriales<\/span>\n\t\t\t\t\t<\/label>\n\t\t\t\t<\/p>\n\t\t\t<\/div>\n\t\t\t\t\t\t<div class=\"col s12 m4 l3\">\n\t\t\t\t<p class=\"box-wrapper\" data-mh=\"checkbox\">\n\t\t\t\t\t<label>\n\t\t\t\t\t\t<input type=\"checkbox\" name=\"categories[]\" id=\"category-330\" class=\"category\" value=\"330\" \/>\n\t\t\t\t        <span>Fabricantes de impresoras 3D personales<\/span>\n\t\t\t\t\t<\/label>\n\t\t\t\t<\/p>\n\t\t\t<\/div>\n\t\t\t\t\t\t<div class=\"col s12 m4 l3\">\n\t\t\t\t<p class=\"box-wrapper\" data-mh=\"checkbox\">\n\t\t\t\t\t<label>\n\t\t\t\t\t\t<input type=\"checkbox\" name=\"categories[]\" id=\"category-341\" class=\"category\" value=\"341\" \/>\n\t\t\t\t        <span>Fabricantes de materiales<\/span>\n\t\t\t\t\t<\/label>\n\t\t\t\t<\/p>\n\t\t\t<\/div>\n\t\t\t\t\t\t<div class=\"col s12 m4 l3\">\n\t\t\t\t<p class=\"box-wrapper\" data-mh=\"checkbox\">\n\t\t\t\t\t<label>\n\t\t\t\t\t\t<input type=\"checkbox\" name=\"categories[]\" id=\"category-337\" class=\"category\" value=\"337\" \/>\n\t\t\t\t        <span>Materiales de impresi\u00f3n 3D<\/span>\n\t\t\t\t\t<\/label>\n\t\t\t\t<\/p>\n\t\t\t<\/div>\n\t\t\t\t\t\t<div class=\"col s12 m4 l3\">\n\t\t\t\t<p class=\"box-wrapper\" data-mh=\"checkbox\">\n\t\t\t\t\t<label>\n\t\t\t\t\t\t<input type=\"checkbox\" name=\"categories[]\" id=\"category-326\" class=\"category\" value=\"326\" \/>\n\t\t\t\t        <span>Modelaci\u00f3n 3D<\/span>\n\t\t\t\t\t<\/label>\n\t\t\t\t<\/p>\n\t\t\t<\/div>\n\t\t\t\t\t\t<div class=\"col s12 m4 l3\">\n\t\t\t\t<p class=\"box-wrapper\" data-mh=\"checkbox\">\n\t\t\t\t\t<label>\n\t\t\t\t\t\t<input type=\"checkbox\" name=\"categories[]\" id=\"category-325\" class=\"category\" value=\"325\" \/>\n\t\t\t\t        <span>Otros<\/span>\n\t\t\t\t\t<\/label>\n\t\t\t\t<\/p>\n\t\t\t<\/div>\n\t\t\t\t\t\t<div class=\"col s12 m4 l3\">\n\t\t\t\t<p class=\"box-wrapper\" data-mh=\"checkbox\">\n\t\t\t\t\t<label>\n\t\t\t\t\t\t<input type=\"checkbox\" name=\"categories[]\" id=\"category-333\" class=\"category\" value=\"333\" \/>\n\t\t\t\t        <span>Plataformas de modelos 3D<\/span>\n\t\t\t\t\t<\/label>\n\t\t\t\t<\/p>\n\t\t\t<\/div>\n\t\t\t\t\t\t<div class=\"col s12 m4 l3\">\n\t\t\t\t<p class=\"box-wrapper\" data-mh=\"checkbox\">\n\t\t\t\t\t<label>\n\t\t\t\t\t\t<input type=\"checkbox\" name=\"categories[]\" id=\"category-346\" class=\"category\" value=\"346\" \/>\n\t\t\t\t        <span>Post-procesamiento de impresi\u00f3n 3D<\/span>\n\t\t\t\t\t<\/label>\n\t\t\t\t<\/p>\n\t\t\t<\/div>\n\t\t\t\t\t\t<div class=\"col s12 m4 l3\">\n\t\t\t\t<p class=\"box-wrapper\" data-mh=\"checkbox\">\n\t\t\t\t\t<label>\n\t\t\t\t\t\t<input type=\"checkbox\" name=\"categories[]\" id=\"category-334\" class=\"category\" value=\"334\" \/>\n\t\t\t\t        <span>Prototipado r\u00e1pido<\/span>\n\t\t\t\t\t<\/label>\n\t\t\t\t<\/p>\n\t\t\t<\/div>\n\t\t\t\t\t\t<div class=\"col s12 m4 l3\">\n\t\t\t\t<p class=\"box-wrapper\" data-mh=\"checkbox\">\n\t\t\t\t\t<label>\n\t\t\t\t\t\t<input type=\"checkbox\" name=\"categories[]\" id=\"category-338\" class=\"category\" value=\"338\" \/>\n\t\t\t\t        <span>Servicios de impresi\u00f3n 3D online<\/span>\n\t\t\t\t\t<\/label>\n\t\t\t\t<\/p>\n\t\t\t<\/div>\n\t\t\t\t\t\t<div class=\"col s12 m4 l3\">\n\t\t\t\t<p class=\"box-wrapper\" data-mh=\"checkbox\">\n\t\t\t\t\t<label>\n\t\t\t\t\t\t<input type=\"checkbox\" name=\"categories[]\" id=\"category-332\" class=\"category\" value=\"332\" \/>\n\t\t\t\t        <span>Software 3D<\/span>\n\t\t\t\t\t<\/label>\n\t\t\t\t<\/p>\n\t\t\t<\/div>\n\t\t\t\t\t<\/div>\n\t\t\n\t\t<div class=\"row\">\n\t\t\t<div class=\"col s12\">\n\t\t\t\t<h5>Tel\u00e9fono, correo electr\u00f3nico, sitio web y redes sociales<\/h5>\n\t\t\t<\/div>\n\t\t\t<div class=\"input-field col s12 m4 icon phone\">\n\t\t\t\t<input id=\"phone\" name=\"phone\" type=\"tel\">\n\t\t\t\t<label for=\"phone\">Tel\u00e9fono<\/label>\n\t\t\t<\/div>\n\t\t\t<div class=\"input-field col s12 m4 icon mobile\">\n\t\t\t\t<input id=\"mobile\" name=\"mobile\" type=\"tel\">\n\t\t\t\t<label for=\"mobile\">Tel\u00e9fono m\u00f3vil<\/label>\n\t\t\t<\/div>\n\t\t\t<div class=\"input-field col s12 m4 icon fax\">\n\t\t\t\t<input id=\"fax\" name=\"fax\" type=\"tel\">\n\t\t\t\t<label for=\"fax\">Fax<\/label>\n\t\t\t<\/div>\n\t\t\t<div class=\"input-field col s12 m6 icon email\">\n\t\t\t\t<input id=\"public_email\" name=\"public_email\" type=\"email\">\n\t\t\t\t<label for=\"public_email\">Email<\/label>\n\t\t\t<\/div>\n\t\t\t<div class=\"input-field col s12 m6 icon website\">\n\t\t\t\t<input id=\"website\" name=\"website\" type=\"url\">\n\t\t\t\t<label for=\"website\">Sitio web<\/label>\n\t\t\t<\/div>\n\t\t\t<div class=\"input-field col s12 m4 icon twitter\">\n\t\t\t\t<input id=\"twitter\" name=\"twitter\" type=\"text\">\n\t\t\t\t<label for=\"twitter\">Nombre de usuario de Twitter<\/label>\n\t\t\t<\/div>\n\t\t\t<div class=\"input-field col s12 m4 icon facebook\">\n\t\t\t\t<input id=\"facebook\" name=\"facebook\" type=\"url\">\n\t\t\t\t<label for=\"facebook\">URL de la p\u00e1gina de Facebook<\/label>\n\t\t\t<\/div>\n\t\t\t<div class=\"input-field col s12 m4 icon linkedin\">\n\t\t\t\t<input id=\"linkedin\" name=\"linkedin\" type=\"url\">\n\t\t\t\t<label for=\"linkedin\">URL de LinkedIn<\/label>\n\t\t\t<\/div>\n\t\t<\/div>\n\t\t\n\t\t<div class=\"row\">\n\t\t\t<div class=\"col s12\">\n\t\t\t\t<h5>Direcci\u00f3n postal o ubicaci\u00f3n<\/h5>\n\t\t\t<\/div>\n\t\t\t<div class=\"input-field col s12 icon address\">\n\t\t\t\t<input id=\"address\" name=\"address\" type=\"text\">\n\t\t\t\t<label for=\"address\">Direcci\u00f3n o ubicaci\u00f3n<\/label>\n\t\t\t<\/div>\n\t\t<\/div>\n\t\t\n\t\t<div class=\"row\">\n\t\t\t<div class=\"col s12\">\n\t\t\t\t<p class=\"rgpd-info\">\n\t\t\t\t\t<label>\n\t\t\t\t\t\t<input type=\"checkbox\" name=\"rgpd_acceptance\" id=\"rgpd_acceptance\" \/>\n\t\t\t\t\t\t<span>Al utilizar este formulario, nos autoriza a usar la informaci\u00f3n provista con el \u00fanico prop\u00f3sito de contactarlo si es necesario, y nos autoriza a insertar la informaci\u00f3n de su empresa en nuestro directorio de impresi\u00f3n 3D.<\/span>\n\t\t\t\t\t<\/label>\n\t\t\t\t<\/p>\n\t\t\t<\/div>\n\t\t\t<div class=\"col s12\">\n\t\t\t\t<p class=\"rgpd-info\">\n\t\t\t\t\t<label>\n\t\t\t\t\t\t<input type=\"checkbox\" name=\"habilitation\" id=\"habilitation\" \/>\n\t\t\t\t\t\t<span>Certifico que tengo suficiente autoridad en la empresa para solicitar esta publicaci\u00f3n.<\/span>\n\t\t\t\t\t<\/label>\n\t\t\t\t<\/p>\n\t\t\t<\/div>\n\t\t<\/div>\n\t\t\n\t\t<div class=\"row\">\n\t\t\t<div class=\"col s12\">\n\t\t\t\t<button type=\"submit\" class=\"btn submit\">Enviar<\/button>\n\t\t\t<\/div>\n\t\t\t<div class=\"col s12 response center-align\"><\/div>\n\t\t<\/div>\n\t\t\t\t\n\t<\/form>\n\t\n","protected":false},"excerpt":{"rendered":"","protected":false},"author":5,"featured_media":30774,"parent":0,"menu_order":0,"comment_status":"closed","ping_status":"closed","template":"","meta":{"_acf_changed":false,"content-type":"","footnotes":""},"class_list":["post-8461","page","type-page","status-publish","has-post-thumbnail","hentry"],"acf":[],"_links":{"self":[{"href":"https:\/\/www.3dnatives.com\/es\/wp-json\/wp\/v2\/pages\/8461","targetHints":{"allow":["GET"]}}],"collection":[{"href":"https:\/\/www.3dnatives.com\/es\/wp-json\/wp\/v2\/pages"}],"about":[{"href":"https:\/\/www.3dnatives.com\/es\/wp-json\/wp\/v2\/types\/page"}],"author":[{"embeddable":true,"href":"https:\/\/www.3dnatives.com\/es\/wp-json\/wp\/v2\/users\/5"}],"replies":[{"embeddable":true,"href":"https:\/\/www.3dnatives.com\/es\/wp-json\/wp\/v2\/comments?post=8461"}],"version-history":[{"count":2,"href":"https:\/\/www.3dnatives.com\/es\/wp-json\/wp\/v2\/pages\/8461\/revisions"}],"predecessor-version":[{"id":47432,"href":"https:\/\/www.3dnatives.com\/es\/wp-json\/wp\/v2\/pages\/8461\/revisions\/47432"}],"wp:featuredmedia":[{"embeddable":true,"href":"https:\/\/www.3dnatives.com\/es\/wp-json\/wp\/v2\/media\/30774"}],"wp:attachment":[{"href":"https:\/\/www.3dnatives.com\/es\/wp-json\/wp\/v2\/media?parent=8461"}],"curies":[{"name":"wp","href":"https:\/\/api.w.org\/{rel}","templated":true}]}}