{"id":81838,"date":"2025-05-15T15:29:49","date_gmt":"2025-05-15T13:29:49","guid":{"rendered":"https:\/\/www.3dnatives.com\/es\/?page_id=81838"},"modified":"2025-06-02T16:50:42","modified_gmt":"2025-06-02T14:50:42","slug":"fabricacion-aditiva-metalica-en-el-sector-biomedico-webinar-renishaw","status":"publish","type":"page","link":"https:\/\/www.3dnatives.com\/es\/fabricacion-aditiva-metalica-en-el-sector-biomedico-webinar-renishaw\/","title":{"rendered":"Webinar | Fabricaci\u00f3n aditiva met\u00e1lica en el sector biom\u00e9dico"},"content":{"rendered":"<p style=\"display: none;\">Fabricaci\u00f3n aditiva met\u00e1lica en el sector biom\u00e9dico Renishaw<\/p>\n<div class=\"dnati-under_article\" id=\"dnati-683901715\"><a data-no-instant=\"1\" href=\"https:\/\/www.linkedin.com\/groups\/8516968\/\" rel=\"noopener\" class=\"a2t-link\" aria-label=\"LR_3DN PROMO_ES\"><img loading=\"lazy\" decoding=\"async\" src=\"https:\/\/www.3dnatives.com\/es\/wp-content\/uploads\/sites\/4\/LR_3DN-PROMO_ES.png\" alt=\"\"  srcset=\"https:\/\/www.3dnatives.com\/es\/wp-content\/uploads\/sites\/4\/LR_3DN-PROMO_ES.png 850w, https:\/\/www.3dnatives.com\/es\/wp-content\/uploads\/sites\/4\/LR_3DN-PROMO_ES-600x106.png 600w, https:\/\/www.3dnatives.com\/es\/wp-content\/uploads\/sites\/4\/LR_3DN-PROMO_ES-768x136.png 768w, https:\/\/www.3dnatives.com\/es\/wp-content\/uploads\/sites\/4\/LR_3DN-PROMO_ES-160x28.png 160w\" sizes=\"(max-width: 850px) 100vw, 850px\" width=\"850\" height=\"150\"   \/><\/a><\/div>","protected":false},"excerpt":{"rendered":"<p>Fabricaci\u00f3n aditiva met\u00e1lica en el sector biom\u00e9dico Renishaw<\/p>\n","protected":false},"author":6026,"featured_media":81839,"parent":0,"menu_order":0,"comment_status":"closed","ping_status":"closed","template":"page-register.php","meta":{"_acf_changed":false,"content-type":"","footnotes":""},"class_list":["post-81838","page","type-page","status-publish","has-post-thumbnail","hentry"],"acf":[],"_links":{"self":[{"href":"https:\/\/www.3dnatives.com\/es\/wp-json\/wp\/v2\/pages\/81838","targetHints":{"allow":["GET"]}}],"collection":[{"href":"https:\/\/www.3dnatives.com\/es\/wp-json\/wp\/v2\/pages"}],"about":[{"href":"https:\/\/www.3dnatives.com\/es\/wp-json\/wp\/v2\/types\/page"}],"author":[{"embeddable":true,"href":"https:\/\/www.3dnatives.com\/es\/wp-json\/wp\/v2\/users\/6026"}],"replies":[{"embeddable":true,"href":"https:\/\/www.3dnatives.com\/es\/wp-json\/wp\/v2\/comments?post=81838"}],"version-history":[{"count":2,"href":"https:\/\/www.3dnatives.com\/es\/wp-json\/wp\/v2\/pages\/81838\/revisions"}],"predecessor-version":[{"id":82180,"href":"https:\/\/www.3dnatives.com\/es\/wp-json\/wp\/v2\/pages\/81838\/revisions\/82180"}],"wp:featuredmedia":[{"embeddable":true,"href":"https:\/\/www.3dnatives.com\/es\/wp-json\/wp\/v2\/media\/81839"}],"wp:attachment":[{"href":"https:\/\/www.3dnatives.com\/es\/wp-json\/wp\/v2\/media?parent=81838"}],"curies":[{"name":"wp","href":"https:\/\/api.w.org\/{rel}","templated":true}]}}