{"id":77310,"date":"2024-09-04T12:38:17","date_gmt":"2024-09-04T10:38:17","guid":{"rendered":"https:\/\/www.3dnatives.com\/es\/?page_id=77310"},"modified":"2024-09-04T12:41:39","modified_gmt":"2024-09-04T10:41:39","slug":"escaneado-3d","status":"publish","type":"page","link":"https:\/\/www.3dnatives.com\/es\/escaneado-3d\/","title":{"rendered":"Escaneado 3D"},"content":{"rendered":"<h2 style=\"text-align: justify;\">\u00bfQu\u00e9 es el escaneado 3D?<\/h2>\n<p style=\"text-align: justify;\">Antes de empezar con la <a href=\"https:\/\/www.3dnatives.com\/es\/tecnologias-3d\/\">impresi\u00f3n 3D<\/a>, siempre es necesario disponer de un modelo 3D. Y aunque \u00e9stos pueden adquirirse de diferentes maneras, como descargando un modelo de plataformas web o dise\u00f1arlo por ti mismo mediante <a href=\"https:\/\/www.3dnatives.com\/es\/softwares-modelado-3d-gratis-210720202\/\">programas de modelado 3D<\/a>, tambi\u00e9n es posible crear un modelo a partir de un objeto de la vida real. \u00bfC\u00f3mo? Utilizando el escaneado 3D.<\/p>\n<p style=\"text-align: justify;\">Se define como el <em>\u00abproceso de analizar un objeto o entorno del mundo real para recopilar datos tridimensionales de una forma o posible apariencia\u00bb<\/em>. El escaneado 3D se ha hecho cada vez m\u00e1s popular en los \u00faltimos a\u00f1os, ya sea con un esc\u00e1ner 3D real o incluso con aplicaciones dise\u00f1adas para un smartphone. La ventaja que tiene sobre el modelado m\u00e1s tradicional es que puede capturar perfectamente un objeto digitalmente, lo que permite imprimirlo en 3D con mayor rapidez y facilidad.<\/p>\n<h3 style=\"text-align: justify;\">\u00bfC\u00f3mo se lleva a cabo el proceso?<\/h3>\n<p style=\"text-align: justify;\">Como es de esperar, el primer paso de cualquier proceso de escaneado 3D es tener una herramienta con la que hacerlo. La mayor\u00eda de las veces se trata de un esc\u00e1ner 3D. Estos vienen en una variedad de formas, con modelos tanto para <a href=\"https:\/\/www.3dnatives.com\/es\/los-mejores-escaneres-3d-profesionales-010820192\/\">profesionales<\/a> como para <a href=\"https:\/\/www.3dnatives.com\/es\/top-10-escaneres-3d-low-cost-19102016\/\">aficionados<\/a>, que permiten satisfacer diferentes necesidades. Algunos de los equipos m\u00e1s comunes son los esc\u00e1neres port\u00e1tiles, los de escritorio e incluso los de cuerpo entero. Adem\u00e1s, los usuarios pueden elegir entre esc\u00e1neres de largo alcance (utilizados para capturar la geometr\u00eda de objetos grandes, como edificios) o esc\u00e1neres 3D de corto alcance (m\u00e1s adecuados para objetos m\u00e1s peque\u00f1os que pueden necesitar un mayor nivel de precisi\u00f3n).<\/p>\n<p style=\"text-align: justify;\">Todos los esc\u00e1neres 3D utilizan un tipo de sensor, ya sea sonda f\u00edsica, l\u00e1ser o luz, para medir la distancia entre una c\u00e1mara y un objeto. Esto se utiliza para identificar puntos 3D mediante triangulaci\u00f3n, el proceso de determinar la ubicaci\u00f3n de un punto formando tri\u00e1ngulos hacia el punto a partir de puntos conocidos. Estos a su vez forman una nube de puntos que luego se mallan, conectando los puntos de la malla a partir de una colecci\u00f3n de v\u00e9rtices y caras con complejidades variables en funci\u00f3n de las necesidades del usuario. La nube mallada se convierte en el modelo 3D formado por superficies. Por lo general, las principales etapas de la digitalizaci\u00f3n son la captura, el tratamiento y el refinamiento de los datos y la exportaci\u00f3n. Adem\u00e1s, para que el archivo sea apto para la impresi\u00f3n 3D, es necesario que la nube de puntos sea le\u00edda por un software espec\u00edfico de lectura de mallas, como por ejemplo <a href=\"https:\/\/www.3dnatives.com\/es\/meshlab-caracteristicas-070720222\/\">MeshLab<\/a>.<\/p>\n<p style=\"text-align: justify;\">Aunque podemos pensar que escanear es tan sencillo como encender el esc\u00e1ner y capturar el objeto, en realidad no es as\u00ed. Hay diferentes consideraciones que deben tenerse en cuenta para garantizar un escaneado satisfactorio. No todas ellas se utilizar\u00e1n en cada escaneado, pero muchas son pasos esenciales.<\/p>\n<p style=\"text-align: justify;\">En primer lugar, los esc\u00e1neres 3D deben calibrarse para garantizar la precisi\u00f3n. A continuaci\u00f3n, debe asegurarse de que el objeto en cuesti\u00f3n est\u00e1 bajo una luz adecuada. Si utilizas una l\u00ednea visible de luz l\u00e1ser, por ejemplo, el escaneado en exteriores podr\u00eda ser posible, pero cualquier esc\u00e1ner que utilice luz invisible, infrarroja, deber\u00e1 utilizarse en interiores. Otro aspecto a tener en cuenta es el uso de marcadores, que pueden ayudar a crear un modelo sin defectos. Por \u00faltimo, los objetos brillantes o transparentes deber\u00e1n recubrirse con un spray mate para garantizar que el esc\u00e1ner pueda capturar correctamente.<\/p>\n\t\t\t<div class=\"posts-slider\">\n\t\t\t\t\t\t\t\t<div class=\"slide\">\n\t\t\t\t\t<article class=\"thumbnail-post\" style=\"background-image: url('https:\/\/www.3dnatives.com\/es\/wp-content\/uploads\/sites\/4\/Apps-cover-600x353.jpg');\">\n\t\t\t\t\t\t<a href=\"https:\/\/www.3dnatives.com\/es\/aplicacion-escaneo-3d-dispositivos-050820202\/\" title=\"Las aplicaciones de escaneo 3D para dispositivos m\u00f3viles\">\n\t\t\t\t\t\t\t<div class=\"post-title\">\n\t\t\t\t\t\t\t\t<h2 class=\"title\">Las aplicaciones de escaneo 3D para dispositivos m\u00f3viles<\/h2>\n\t\t\t\t\t\t\t<\/div>\n\t\t\t\t\t\t<\/a>\n\t\t\t\t\t<\/article>\n\t\t\t\t<\/div>\n\t\t\t\t\t\t\t\t<div class=\"slide\">\n\t\t\t\t\t<article class=\"thumbnail-post\" style=\"background-image: url('https:\/\/www.3dnatives.com\/es\/wp-content\/uploads\/sites\/4\/Revopoint_cover-600x353.jpg');\">\n\t\t\t\t\t\t<a href=\"https:\/\/www.3dnatives.com\/es\/miraco-escaner-3d-revopoint-autonomo-131120232\/\" title=\"MIRACO, el nuevo esc\u00e1ner 3D de Revopoint aut\u00f3nomo y todo en uno\">\n\t\t\t\t\t\t\t<div class=\"post-title\">\n\t\t\t\t\t\t\t\t<h2 class=\"title\">MIRACO, el nuevo esc\u00e1ner 3D de Revopoint aut\u00f3nomo y todo en uno<\/h2>\n\t\t\t\t\t\t\t<\/div>\n\t\t\t\t\t\t<\/a>\n\t\t\t\t\t<\/article>\n\t\t\t\t<\/div>\n\t\t\t\t\t\t\t\t<div class=\"slide\">\n\t\t\t\t\t<article class=\"thumbnail-post\" style=\"background-image: url('https:\/\/www.3dnatives.com\/es\/wp-content\/uploads\/sites\/4\/MicrosoftTeams-image-15-600x353.jpg');\">\n\t\t\t\t\t\t<a href=\"https:\/\/www.3dnatives.com\/es\/top-10-escaneres-3d-low-cost-19102016\/\" title=\"Los esc\u00e1neres 3D m\u00e1s baratos del mercado\">\n\t\t\t\t\t\t\t<div class=\"post-title\">\n\t\t\t\t\t\t\t\t<h2 class=\"title\">Los esc\u00e1neres 3D m\u00e1s baratos del mercado<\/h2>\n\t\t\t\t\t\t\t<\/div>\n\t\t\t\t\t\t<\/a>\n\t\t\t\t\t<\/article>\n\t\t\t\t<\/div>\n\t\t\t\t\t\t\t\t<div class=\"slide\">\n\t\t\t\t\t<article class=\"thumbnail-post\" style=\"background-image: url('https:\/\/www.3dnatives.com\/es\/wp-content\/uploads\/sites\/4\/Tests-Cover-Pictures-1-600x353.png');\">\n\t\t\t\t\t\t<a href=\"https:\/\/www.3dnatives.com\/es\/lab-3dnatives-einstar-escaner-3d-190120232\/\" title=\"Lab 3Dnatives: Test del esc\u00e1ner 3D Einstar, de SHINING 3D\">\n\t\t\t\t\t\t\t<div class=\"post-title\">\n\t\t\t\t\t\t\t\t<h2 class=\"title\">Lab 3Dnatives: Test del esc\u00e1ner 3D Einstar, de SHINING 3D<\/h2>\n\t\t\t\t\t\t\t<\/div>\n\t\t\t\t\t\t<\/a>\n\t\t\t\t\t<\/article>\n\t\t\t\t<\/div>\n\t\t\t\t\t\t\t\t<div class=\"slide\">\n\t\t\t\t\t<article class=\"thumbnail-post\" style=\"background-image: url('https:\/\/www.3dnatives.com\/es\/wp-content\/uploads\/sites\/4\/SolidCAM_3D_scanner_cover-600x353.jpg');\">\n\t\t\t\t\t\t<a href=\"https:\/\/www.3dnatives.com\/es\/escaneres-3d-grado-metrologico-fabricacion-inspeccion-170520232\/\" title=\"\u00bfC\u00f3mo usar esc\u00e1neres 3D de grado metrol\u00f3gico en un proceso de fabricaci\u00f3n e inspecci\u00f3n controlado?\">\n\t\t\t\t\t\t\t<div class=\"post-title\">\n\t\t\t\t\t\t\t\t<h2 class=\"title\">\u00bfC\u00f3mo usar esc\u00e1neres 3D de grado metrol\u00f3gico en un proceso de fabricaci\u00f3n e inspecci\u00f3n controlado?<\/h2>\n\t\t\t\t\t\t\t<\/div>\n\t\t\t\t\t\t<\/a>\n\t\t\t\t\t<\/article>\n\t\t\t\t<\/div>\n\t\t\t\t\t\t\t\t<div class=\"slide\">\n\t\t\t\t\t<article class=\"thumbnail-post\" style=\"background-image: url('https:\/\/www.3dnatives.com\/es\/wp-content\/uploads\/sites\/4\/Cover-ranking-3Dscanners-1-600x353.jpg');\">\n\t\t\t\t\t\t<a href=\"https:\/\/www.3dnatives.com\/es\/los-mejores-escaneres-3d-profesionales-010820192\/\" title=\"Los esc\u00e1neres 3D profesionales m\u00e1s destacados del mercado actual\">\n\t\t\t\t\t\t\t<div class=\"post-title\">\n\t\t\t\t\t\t\t\t<h2 class=\"title\">Los esc\u00e1neres 3D profesionales m\u00e1s destacados del mercado actual<\/h2>\n\t\t\t\t\t\t\t<\/div>\n\t\t\t\t\t\t<\/a>\n\t\t\t\t\t<\/article>\n\t\t\t\t<\/div>\n\t\t\t\t\t\t\t<\/div>\n\t\t\t\n<h3 style=\"text-align: justify;\">Diferentes tipos de escaneado 3D<\/h3>\n<h4 style=\"text-align: justify;\">Escaneado 3D l\u00e1ser<\/h4>\n<p style=\"text-align: justify;\">El escaneo 3D por l\u00e1ser es una de las tecnolog\u00edas de digitalizaci\u00f3n m\u00e1s populares y, como tal, es la que se encuentra con mayor frecuencia en diversas aplicaciones, incluyendo la topograf\u00eda, la medicina forense y la preservaci\u00f3n del patrimonio. Su funcionamiento consiste en que, como su nombre indica, se utiliza una luz l\u00e1ser para obtener la representaci\u00f3n digital del objeto con un punto l\u00e1ser o una l\u00ednea proyectada sobre un objeto que mide la distancia a la superficie del objeto. A continuaci\u00f3n, estos datos pueden convertirse en una malla triangulada. Los esc\u00e1neres que utilizan esta tecnolog\u00eda son conocidos por su capacidad para medir detalles extremadamente finos y capturar formas libres en nubes de puntos de gran precisi\u00f3n.<\/p>\n<h4 style=\"text-align: justify;\">Escaneado con luz estructurada<\/h4>\n<p style=\"text-align: justify;\">El escaneado de luz estructurada, de forma similar al escaneado 3D l\u00e1ser, tambi\u00e9n utiliza el principio de triangulaci\u00f3n para crear el modelo digital del objeto. Sin embargo, esta tecnolog\u00eda utiliza una serie de patrones paralelos que se proyectan sobre el objeto a trav\u00e9s de una fuente de luz, por ejemplo, cuadr\u00edculas o rayas. Las c\u00e1maras captan la deformaci\u00f3n de estos patrones para determinar la forma del objeto.<\/p>\n<h4 style=\"text-align: justify;\">Fotogrametr\u00eda<\/h4>\n<p style=\"text-align: justify;\">A diferencia otros m\u00e9todos, la <a href=\"https:\/\/www.3dnatives.com\/es\/mejores-softwares-programas-fotogrametria-190920192\/\">fotogrametr\u00eda<\/a> se basa en una multitud de fotograf\u00edas que, tomadas en conjunto, pueden extrapolar el dise\u00f1o del objeto desde diferentes \u00e1ngulos. Aunque es bastante menos precisa que el escaneado l\u00e1ser, la tecnolog\u00eda es mucho m\u00e1s accesible, ya que a menudo puede realizarse incluso con un simple tel\u00e9fono. Si adem\u00e1s se utiliza un buen software de fotogrametr\u00eda, se puede anticipar un resultado m\u00e1s que decente. Esta opci\u00f3n es adecuada si la precisi\u00f3n es menos importante para el dise\u00f1o, as\u00ed como para objetos o escenas de gran tama\u00f1o. Hoy en d\u00eda hay disponibles varios programas de fotogrametr\u00eda para todos los niveles.<\/p>\n<h4 style=\"text-align: justify;\">Otros<\/h4>\n<p style=\"text-align: justify;\">Cabe se\u00f1alar que las tres anteriores, aunque son las m\u00e1s utilizadas para la posterior impresi\u00f3n 3D, no son las \u00fanicas tecnolog\u00edas de escaneado disponibles. Por ejemplo, en el sector sanitario, uno de los procesos de escaneado m\u00e1s utilizados es la topograf\u00eda computerizada, o TC, que resulta \u00fatil cuando se utilizan tecnolog\u00edas de impresi\u00f3n 3D para crear modelos quir\u00fargicos. Adem\u00e1s, el escaneado 3D por contacto, que utiliza sondas t\u00e1ctiles para determinar el objeto, puede ser \u00fatil para objetos que se mover\u00e1n durante la digitalizaci\u00f3n. Por \u00faltimo, el escaneado 3D basado en pulsos l\u00e1ser o escaneado por tiempo de vuelo, crea modelos utilizando la velocidad de la luz y sensores midiendo el tiempo que tarda un l\u00e1ser fundido en alcanzar un objeto y volver por reflexi\u00f3n.<\/p>\n<h3 style=\"text-align: justify;\">Ventajas y aplicaciones del escaneado 3D<\/h3>\n<p style=\"text-align: justify;\">Ahora que tienes una comprensi\u00f3n b\u00e1sica de lo que es la digitalizaci\u00f3n 3D y c\u00f3mo funciona, la siguiente pregunta a responder es \u00bfpor qu\u00e9 y cu\u00e1ndo utilizarla? Como hemos mencionado, el escaneado 3D puede utilizarse en una amplia variedad de aplicaciones y sectores. Algunos de los m\u00e1s mencionados son la manufactura (especialmente para nuestros prop\u00f3sitos con la impresi\u00f3n 3D), la arquitectura, la conservaci\u00f3n del patrimonio, la sanidad e incluso el entretenimiento.<\/p>\n<p style=\"text-align: justify;\">El escaneado 3D ser\u00e1 una buena opci\u00f3n para quienes necesiten crear un modelo 3D de forma r\u00e1pida y precisa que represente un modelo de la vida real. Por ejemplo, se utiliza a menudo para la creaci\u00f3n de gemelos digitales o en ingenier\u00eda inversa. En el caso de los <a href=\"https:\/\/www.3dnatives.com\/es\/guia-gemelos-digitales-impresion-3d-050720232\/\">gemelos digitales<\/a>, los escaneados 3D permiten crear un modelo completamente preciso que se puede seguir y con el que se puede trabajar en tiempo real. Por su parte, la ingenier\u00eda inversa se utiliza a menudo para la creaci\u00f3n de piezas de repuesto, algo para lo que la fabricaci\u00f3n aditiva es especialmente adecuada.<\/p>\n\t\t\t<div class=\"posts-slider\">\n\t\t\t\t\t\t\t\t<div class=\"slide\">\n\t\t\t\t\t<article class=\"thumbnail-post\" style=\"background-image: url('https:\/\/www.3dnatives.com\/es\/wp-content\/uploads\/sites\/4\/Cover-3Dscanners-ranking-600x353.jpg');\">\n\t\t\t\t\t\t<a href=\"https:\/\/www.3dnatives.com\/es\/escaneres-3d-intraorales-odontologia-010720212\/\" title=\"Los esc\u00e1neres 3D intraorales m\u00e1s adecuados para el sector odontol\u00f3gico\">\n\t\t\t\t\t\t\t<div class=\"post-title\">\n\t\t\t\t\t\t\t\t<h2 class=\"title\">Los esc\u00e1neres 3D intraorales m\u00e1s adecuados para el sector odontol\u00f3gico<\/h2>\n\t\t\t\t\t\t\t<\/div>\n\t\t\t\t\t\t<\/a>\n\t\t\t\t\t<\/article>\n\t\t\t\t<\/div>\n\t\t\t\t\t\t\t\t<div class=\"slide\">\n\t\t\t\t\t<article class=\"thumbnail-post\" style=\"background-image: url('https:\/\/www.3dnatives.com\/es\/wp-content\/uploads\/sites\/4\/experts_scanner-600x353.jpg');\">\n\t\t\t\t\t\t<a href=\"https:\/\/www.3dnatives.com\/es\/expertos-elegir-un-escaner-3d-200920172\/\" title=\"\u00bfC\u00f3mo elegir un esc\u00e1ner 3D?\">\n\t\t\t\t\t\t\t<div class=\"post-title\">\n\t\t\t\t\t\t\t\t<h2 class=\"title\">\u00bfC\u00f3mo elegir un esc\u00e1ner 3D?<\/h2>\n\t\t\t\t\t\t\t<\/div>\n\t\t\t\t\t\t<\/a>\n\t\t\t\t\t<\/article>\n\t\t\t\t<\/div>\n\t\t\t\t\t\t\t\t<div class=\"slide\">\n\t\t\t\t\t<article class=\"thumbnail-post\" style=\"background-image: url('https:\/\/www.3dnatives.com\/es\/wp-content\/uploads\/sites\/4\/3dscanning-skywell-cover-600x353.jpg');\">\n\t\t\t\t\t\t<a href=\"https:\/\/www.3dnatives.com\/es\/10-razones-escaneo-impresion-3d-180620242\/\" title=\"10 razones por las que el escaneo 3D es \u00fatil en la impresi\u00f3n 3D\">\n\t\t\t\t\t\t\t<div class=\"post-title\">\n\t\t\t\t\t\t\t\t<h2 class=\"title\">10 razones por las que el escaneo 3D es \u00fatil en la impresi\u00f3n 3D<\/h2>\n\t\t\t\t\t\t\t<\/div>\n\t\t\t\t\t\t<\/a>\n\t\t\t\t\t<\/article>\n\t\t\t\t<\/div>\n\t\t\t\t\t\t\t\t<div class=\"slide\">\n\t\t\t\t\t<article class=\"thumbnail-post\" style=\"background-image: url('https:\/\/www.3dnatives.com\/es\/wp-content\/uploads\/sites\/4\/Zanahorias-cover-600x353.jpg');\">\n\t\t\t\t\t\t<a href=\"https:\/\/www.3dnatives.com\/es\/agri-techni-concept-escaneo-3d-zanahorias-240520222\/\" title=\"\u00bfC\u00f3mo se puede utilizar el escaneo 3D en las cosechas de zanahorias en la arena?\">\n\t\t\t\t\t\t\t<div class=\"post-title\">\n\t\t\t\t\t\t\t\t<h2 class=\"title\">\u00bfC\u00f3mo se puede utilizar el escaneo 3D en las cosechas de zanahorias en la arena?<\/h2>\n\t\t\t\t\t\t\t<\/div>\n\t\t\t\t\t\t<\/a>\n\t\t\t\t\t<\/article>\n\t\t\t\t<\/div>\n\t\t\t\t\t\t\t\t<div class=\"slide\">\n\t\t\t\t\t<article class=\"thumbnail-post\" style=\"background-image: url('https:\/\/www.3dnatives.com\/es\/wp-content\/uploads\/sites\/4\/Shining3D-cover-600x353.jpg');\">\n\t\t\t\t\t\t<a href=\"https:\/\/www.3dnatives.com\/es\/video-escaneres-3d-odontologia-231120212\/\" title=\"\u00bfQu\u00e9 beneficios aportan los esc\u00e1neres 3D en la odontolog\u00eda?\">\n\t\t\t\t\t\t\t<div class=\"post-title\">\n\t\t\t\t\t\t\t\t<h2 class=\"title\">\u00bfQu\u00e9 beneficios aportan los esc\u00e1neres 3D en la odontolog\u00eda?<\/h2>\n\t\t\t\t\t\t\t<\/div>\n\t\t\t\t\t\t<\/a>\n\t\t\t\t\t<\/article>\n\t\t\t\t<\/div>\n\t\t\t\t\t\t\t\t<div class=\"slide\">\n\t\t\t\t\t<article class=\"thumbnail-post\" style=\"background-image: url('https:\/\/www.3dnatives.com\/es\/wp-content\/uploads\/sites\/4\/Cover-dental-3D-scanners-1-600x353.jpg');\">\n\t\t\t\t\t\t<a href=\"https:\/\/www.3dnatives.com\/es\/escaner-3d-sector-dental-030620212\/\" title=\"Los esc\u00e1neres 3D de laboratorio para el sector odontol\u00f3gico\">\n\t\t\t\t\t\t\t<div class=\"post-title\">\n\t\t\t\t\t\t\t\t<h2 class=\"title\">Los esc\u00e1neres 3D de laboratorio para el sector odontol\u00f3gico<\/h2>\n\t\t\t\t\t\t\t<\/div>\n\t\t\t\t\t\t<\/a>\n\t\t\t\t\t<\/article>\n\t\t\t\t<\/div>\n\t\t\t\t\t\t\t\t<div class=\"slide\">\n\t\t\t\t\t<article class=\"thumbnail-post\" style=\"background-image: url('https:\/\/www.3dnatives.com\/es\/wp-content\/uploads\/sites\/4\/Dental3DP-cover-600x353.jpg');\">\n\t\t\t\t\t\t<a href=\"https:\/\/www.3dnatives.com\/es\/impresion-3d-en-la-odontologia-250320192\/\" title=\"La impresi\u00f3n 3D en la odontolog\u00eda, \u00bfc\u00f3mo est\u00e1 revolucionando este sector?\">\n\t\t\t\t\t\t\t<div class=\"post-title\">\n\t\t\t\t\t\t\t\t<h2 class=\"title\">La impresi\u00f3n 3D en la odontolog\u00eda, \u00bfc\u00f3mo est\u00e1 revolucionando este sector?<\/h2>\n\t\t\t\t\t\t\t<\/div>\n\t\t\t\t\t\t<\/a>\n\t\t\t\t\t<\/article>\n\t\t\t\t<\/div>\n\t\t\t\t\t\t\t<\/div>\n\t\t\t\n<p style=\"text-align: justify;\">Pero independientemente de c\u00f3mo utilice el escaneado 3D, es innegable que resulta sumamente interesante cuando se combina con la fabricaci\u00f3n aditiva. Al acercar los modelos de la vida real a la flexibilidad y adaptabilidad de la impresi\u00f3n 3D, se pueden fabricar piezas que ni siquiera podr\u00edan imaginarse con tecnolog\u00edas m\u00e1s cl\u00e1sicas. Adem\u00e1s, aunque muchos piensan en el escaneado 3D puramente para la creaci\u00f3n de modelos CAD, tambi\u00e9n puede utilizarse para el control de calidad despu\u00e9s de que se haya fabricado un modelo, un paso cada vez m\u00e1s importante para las piezas impresas en 3D dada la industrializaci\u00f3n de las tecnolog\u00edas.<\/p>\n","protected":false},"excerpt":{"rendered":"<p>\u00bfQu\u00e9 es el escaneado 3D? Antes de empezar con la impresi\u00f3n 3D, siempre es necesario disponer de un modelo 3D. Y aunque \u00e9stos pueden adquirirse de diferentes maneras, como descargando un modelo de plataformas web o dise\u00f1arlo por ti mismo&hellip;<\/p>\n","protected":false},"author":6070,"featured_media":0,"parent":0,"menu_order":0,"comment_status":"closed","ping_status":"closed","template":"","meta":{"_acf_changed":false,"content-type":"","footnotes":""},"class_list":["post-77310","page","type-page","status-publish","hentry"],"acf":[],"_links":{"self":[{"href":"https:\/\/www.3dnatives.com\/es\/wp-json\/wp\/v2\/pages\/77310","targetHints":{"allow":["GET"]}}],"collection":[{"href":"https:\/\/www.3dnatives.com\/es\/wp-json\/wp\/v2\/pages"}],"about":[{"href":"https:\/\/www.3dnatives.com\/es\/wp-json\/wp\/v2\/types\/page"}],"author":[{"embeddable":true,"href":"https:\/\/www.3dnatives.com\/es\/wp-json\/wp\/v2\/users\/6070"}],"replies":[{"embeddable":true,"href":"https:\/\/www.3dnatives.com\/es\/wp-json\/wp\/v2\/comments?post=77310"}],"version-history":[{"count":2,"href":"https:\/\/www.3dnatives.com\/es\/wp-json\/wp\/v2\/pages\/77310\/revisions"}],"predecessor-version":[{"id":77318,"href":"https:\/\/www.3dnatives.com\/es\/wp-json\/wp\/v2\/pages\/77310\/revisions\/77318"}],"wp:attachment":[{"href":"https:\/\/www.3dnatives.com\/es\/wp-json\/wp\/v2\/media?parent=77310"}],"curies":[{"name":"wp","href":"https:\/\/api.w.org\/{rel}","templated":true}]}}