{"id":72982,"date":"2025-09-17T11:57:31","date_gmt":"2025-09-17T09:57:31","guid":{"rendered":"https:\/\/www.3dnatives.com\/es\/?page_id=72982"},"modified":"2025-12-13T15:50:47","modified_gmt":"2025-12-13T14:50:47","slug":"impresion-3d-en-valencia","status":"publish","type":"page","link":"https:\/\/www.3dnatives.com\/es\/impresion-3d-en-valencia\/","title":{"rendered":"Impresi\u00f3n 3D en Valencia"},"content":{"rendered":"<p style=\"text-align: justify\">Una de las provincias espa\u00f1olas que m\u00e1s ha crecido en el sector de la impresi\u00f3n 3D durante estos \u00faltimos a\u00f1os es la valenciana. Cada vez son m\u00e1s las empresas de fabricaci\u00f3n aditiva localizadas en Valencia. Adem\u00e1s, no son solo empresas que producen o venden impresoras, sino tambi\u00e9n el n\u00famero de servicios dedicados a la impresi\u00f3n 3D, que ya trabajan a nivel local, estatal, o incluso internacional, ha aumentado exponencialmente.<\/p>\n<p style=\"text-align: justify\">No todo se reduce a servicios de impresi\u00f3n 3D y fabricantes de impresoras, sino que en Valencia la impresi\u00f3n 3D va m\u00e1s all\u00e1. Ya son varios los eventos centrados en la industria de la fabricaci\u00f3n aditiva que se han celebrado en la capital, algunos de ellos organizados o representados por gigantes del sector. Por si esto fuera poco, Valencia se est\u00e1 labrando un nombre entre las ciudades espa\u00f1olas por el uso de la impresi\u00f3n 3D en proyectos como <a href=\"https:\/\/www.3dnatives.com\/es\/restaurante-valenciano-columnas-griegas-3d-250520222\/\">Egeo, el restaurante impreso en 3D<\/a> o el uso de la impresi\u00f3n 3D en proyectos ferroviarios por parte de <a href=\"https:\/\/www.3dnatives.com\/es\/stadler-rail-valencia-fabricacion-aditiva-130720222\/\">Stadler Rail Valencia<\/a>.<\/p>\n<p style=\"text-align: justify\">Adem\u00e1s, importantes marcas de diferentes sectores, como es el ejemplo de Ford Motor Valencia en el sector de la automoci\u00f3n, est\u00e1n dando la impresi\u00f3n 3D un uso habitual. La planta de <a href=\"https:\/\/www.3dnatives.com\/es\/videos-ford-valencia-imprime-20-000-piezas-3d-231020222\/\">Ford de Almussafes en Valencia<\/a> lleva a\u00f1os trabajando con estas tecnolog\u00edas, imprimiendo m\u00e1s de 20.000 piezas al a\u00f1o. Por esto y mucho m\u00e1s, hemos decidido traerte un mapa con los fabricantes de impresoras 3D, los distribuidores y los servicios que podemos encontrar en Valencia. \u00a1No olvides descargarte el mapa en PDF!<\/p>\n<div id=\"attachment_83922\" style=\"width: 8010px\" class=\"wp-caption aligncenter\"><img loading=\"lazy\" decoding=\"async\" aria-describedby=\"caption-attachment-83922\" class=\"wp-image-83922 size-full\" src=\"https:\/\/www.3dnatives.com\/es\/wp-content\/uploads\/sites\/4\/La-impresion-3D-en-Valencia-1.png\" alt=\"\" width=\"8000\" height=\"4500\" srcset=\"https:\/\/www.3dnatives.com\/es\/wp-content\/uploads\/sites\/4\/La-impresion-3D-en-Valencia-1.png 8000w, https:\/\/www.3dnatives.com\/es\/wp-content\/uploads\/sites\/4\/La-impresion-3D-en-Valencia-1-600x338.png 600w, https:\/\/www.3dnatives.com\/es\/wp-content\/uploads\/sites\/4\/La-impresion-3D-en-Valencia-1-1200x675.png 1200w, https:\/\/www.3dnatives.com\/es\/wp-content\/uploads\/sites\/4\/La-impresion-3D-en-Valencia-1-768x432.png 768w, https:\/\/www.3dnatives.com\/es\/wp-content\/uploads\/sites\/4\/La-impresion-3D-en-Valencia-1-1536x864.png 1536w, https:\/\/www.3dnatives.com\/es\/wp-content\/uploads\/sites\/4\/La-impresion-3D-en-Valencia-1-160x90.png 160w\" sizes=\"auto, (max-width: 8000px) 100vw, 8000px\" \/><p id=\"caption-attachment-83922\" class=\"wp-caption-text\"><strong><a href=\"https:\/\/www.3dnatives.com\/es\/wp-content\/uploads\/sites\/4\/La-impresion-3D-en-Valencia.pdf\" target=\"_blank\" rel=\"noopener\">Descargar el mapa en PDF<\/a><\/strong><\/p><\/div>\n<h2>Impresi\u00f3n 3D en Valencia: Fabricantes<\/h2>\n<p style=\"text-align: justify\"><img loading=\"lazy\" decoding=\"async\" class=\"wp-image-83926 size-full alignleft\" src=\"https:\/\/www.3dnatives.com\/es\/wp-content\/uploads\/sites\/4\/cosmos_3d_logo.jpg\" alt=\"\" width=\"100\" height=\"100\" \/><strong>Cosmos3D<\/strong> es un fabricante de impresoras 3D de hormig\u00f3n. La empresa nace tras la combinaci\u00f3n de la experiencia de Katz Group y la tecnolog\u00eda de IT3D. Cosmos 3D cuenta con dos impresoras de p\u00f3rtico, la COSMOS X-I y la COSMOS X-I LITE, un modelo m\u00e1s reducido de la primera. La empresa ha realizado diversos proyectos de construcci\u00f3n alrededor del mundo que le han servido para demostrar las capacidades de su tecnolog\u00eda.<\/p>\n<p>&nbsp;<\/p>\n<p style=\"text-align: justify\"><img loading=\"lazy\" decoding=\"async\" class=\"wp-image-83931 size-full alignleft\" src=\"https:\/\/www.3dnatives.com\/es\/wp-content\/uploads\/sites\/4\/ziknes_logo.jpg\" alt=\"\" width=\"100\" height=\"100\" \/><strong>Ziknes<\/strong> es otra empresa valenciana que destaca en la industria de la fabricaci\u00f3n aditiva en Espa\u00f1a. Se trata de un fabricante de sistemas para la impresi\u00f3n 3D de gran formato con pellets. Cuentan con dos sistemas, la Z-PelletOne, con un volumen de fabricaci\u00f3n de 3\u202fm\u00b3, y el sistema Z-Pellet Kompact, lanzado este a\u00f1o e ideal para los espacios limitados. Pero eso no es todo, Ziknes tambi\u00e9n desarrolla sistemas para las necesidades \u00fanicas de sus clientes. Por otro lado, es importante destacar el Software Laminar, desarrollado por la empresa que ofrece funciones de slicing y control de la impresi\u00f3n 3D en una misma plataforma.<\/p>\n<h2>Impresi\u00f3n 3D en Valencia: Distribuidores<\/h2>\n<p style=\"text-align: justify\"><img loading=\"lazy\" decoding=\"async\" class=\"wp-image-73036 size-full alignleft\" src=\"https:\/\/www.3dnatives.com\/es\/wp-content\/uploads\/sites\/4\/filamentos-3d-valencia-.jpg\" alt=\"filamentos 3d valencia\" width=\"100\" height=\"100\" \/><strong>Filamentos 3D Valencia<\/strong> es la empresa de filamentos para impresi\u00f3n 3D m\u00e1s grande asentada en Valencia. En su p\u00e1gina web podemos encontrar una ampl\u00edsima variedad de filamentos para impresoras, desde PLA, PTG o ABS hasta HIPS o filamentos flexibles. Tambi\u00e9n venden filamentos de una gran variedad de colores para que podamos elegir para nuestras impresiones. Por \u00faltimo cabe mencionar, que adem\u00e1s de filamentos, tambi\u00e9n venden distintos modelos de l\u00e1pices 3D para aquellos interesados en este tipo de m\u00e1quinas.<\/p>\n<p>&nbsp;<\/p>\n<p style=\"text-align: justify\"><img loading=\"lazy\" decoding=\"async\" class=\"wp-image-83929 size-full alignleft\" src=\"https:\/\/www.3dnatives.com\/es\/wp-content\/uploads\/sites\/4\/multi3dprint_logo.jpg\" alt=\"\" width=\"100\" height=\"100\" \/><strong>Multi3dPrint<\/strong> no solo es distribuidor sino que tambi\u00e9n ofrece servicios de impresi\u00f3n 3D, esta vez ubicado en Oliva. Cuenta con impresoras de marcas variadas como BigRep, Raise3D, 3DGence, Prusa o Ginger Additive. Por lo que es muy probable que cuenten con la impresora que t\u00fa necesitas. En su sitio web tambi\u00e9n podemos encontrar una gran variedad de servicios. Consultor\u00edas, impresi\u00f3n 3D, formaci\u00f3n para empresas, escaneo, almac\u00e9n virtual, entre otros.<\/p>\n<p>&nbsp;<\/p>\n<p style=\"text-align: justify\"><img loading=\"lazy\" decoding=\"async\" class=\"wp-image-83940 size-full alignleft\" src=\"https:\/\/www.3dnatives.com\/es\/wp-content\/uploads\/sites\/4\/it3d_logo.png\" alt=\"\" width=\"100\" height=\"100\" \/>\u00bfHas o\u00eddo hablar de las impresoras 3D de <strong>IT3D Group<\/strong>? Si es as\u00ed sabr\u00e1s que es una marca estadounidense que opera en mercados internacionales. En el caso del mercado espa\u00f1ol, su distribuidor oficial es CoLiDo 3D, que trae las impresoras 3D de IT3D Group a toda Espa\u00f1a desde Valencia. Adem\u00e1s, en su p\u00e1gina web encontraremos impresoras tanto para pellets como para filamento, impresoras de gran formato pero tambi\u00e9n de sobremesa. Entre los productos que vende CoLiDo 3D, tambi\u00e9n encontramos l\u00e1pices 3D, esc\u00e1neres, filamentos y recambios para las m\u00e1quinas.<\/p>\n<h2>Impresi\u00f3n 3D en Valencia: Servicios<\/h2>\n<p style=\"text-align: justify\"><img loading=\"lazy\" decoding=\"async\" class=\"alignleft wp-image-73015 size-full\" src=\"https:\/\/www.3dnatives.com\/es\/wp-content\/uploads\/sites\/4\/additium-3D.jpg\" alt=\"additium 3D\" width=\"100\" height=\"100\" \/>Uno de los servicios de impresi\u00f3n 3D m\u00e1s reconocidos no solo a nivel Valencia, sino a nivel Espa\u00f1a es el de <strong>Additium 3D<\/strong>. Un precedente de ello son los m\u00e1s de 125,709 metros de filamento impresos.\u00a0Ofrecen una gran variedad de servicios desde el corte por l\u00e1ser, el escaneado 3D o el modelado CAD en 3D, adem\u00e1s de como es obvio impresi\u00f3n 3D. Una peculiar caracter\u00edstica de Additium 3D, es que dise\u00f1an tu idea sin que a\u00fan le hayas dado forma, y te la imprimen con acabados en materiales como ABS, Nylon 12, oro o bronce.<\/p>\n<p>&nbsp;<\/p>\n<p style=\"text-align: justify\"><img loading=\"lazy\" decoding=\"async\" class=\"wp-image-83925 size-full alignleft\" src=\"https:\/\/www.3dnatives.com\/es\/wp-content\/uploads\/sites\/4\/arist3d_logo.jpg\" alt=\"\" width=\"100\" height=\"100\" \/><span style=\"font-size: 1em\">Entre los numerosos servicios de impresi\u00f3n 3D que encontramos en Valencia, <\/span><strong style=\"font-size: 1em\">Arist 3D<\/strong><span style=\"font-size: 1em\"> destaca por su propuesta de valor para profesionales y grandes empresas. Tienen una gran variedad de servicios que abarcan desde la fabricaci\u00f3n de peque\u00f1as piezas o herramientas especializadas hasta peque\u00f1as o medianas tiradas de productos por encargo. Asesoran a sus clientes durante todo el proceso y cuentan con una gran variedad de opciones que ofrecerles en cuanto a soluciones 3D y materiales. Adem\u00e1s, a pesar de no ser su principal producto, venden y reparan maquinaria de 3D y ofrecen formaciones para tanto empresas como particulares.<\/span><\/p>\n<p>&nbsp;<\/p>\n<p style=\"text-align: justify\"><strong><img loading=\"lazy\" decoding=\"async\" class=\"wp-image-83928 size-full alignleft\" src=\"https:\/\/www.3dnatives.com\/es\/wp-content\/uploads\/sites\/4\/innovatia3d_logo.jpg\" alt=\"\" width=\"100\" height=\"100\" \/>INNOVATIA3D<\/strong> es un servicio de impresi\u00f3n 3D online. Desde su sitio web puedes enviarles tu modelo y ellos te env\u00edan la pieza impresa. \u00bfBuscas opciones? Tambi\u00e9n cuentan con un servicio de cotizaci\u00f3n para calcular el precio de tu proyecto. La empresa trabaja con tecnolog\u00edas FDM y de resina en series corta o medianas y con una gran variedad de materiales.<\/p>\n<p>&nbsp;<\/p>\n<p style=\"text-align: justify\"><img loading=\"lazy\" decoding=\"async\" class=\"wp-image-83927 size-full alignleft\" src=\"https:\/\/www.3dnatives.com\/es\/wp-content\/uploads\/sites\/4\/empire3d_logo.jpg\" alt=\"\" width=\"100\" height=\"100\" \/>Otro servicio de impresi\u00f3n 3D en Valencia es<strong> EMPIRE3D<\/strong>. Es una empresa fundada en 2018 que se distingue por sus servicios de ingenier\u00eda aplicada al desarrollo de nuevos productos con tecnolog\u00edas aditivas. Entre las industrias con las que trabajan podemos encontrar la joyer\u00eda, la arquitectura, automoci\u00f3n y aeron\u00e1utica y la medicina.<\/p>\n<p>&nbsp;<\/p>\n<p style=\"text-align: justify\"><img loading=\"lazy\" decoding=\"async\" class=\"wp-image-83924 size-full alignleft\" src=\"https:\/\/www.3dnatives.com\/es\/wp-content\/uploads\/sites\/4\/3dsat_logo.jpg\" alt=\"\" width=\"100\" height=\"100\" \/>\u00bfBuscas un servicio de impresi\u00f3n 3D y reparaci\u00f3n de tus m\u00e1quinas? <strong>3D SAT<\/strong> ayuda a sus clientes con servicios de impresi\u00f3n profesionales, prototipado r\u00e1pido, dise\u00f1o 3D, escaneo y reparaci\u00f3n de impresoras 3D. En su sitio web indican que ya han realizado m\u00e1s de 1K reparaciones para sus m\u00e1s de 800 clientes. Adem\u00e1s, puedes pedirles un presupuesto completamente gratis.<\/p>\n<p>&nbsp;<\/p>\n<p style=\"text-align: justify\"><img loading=\"lazy\" decoding=\"async\" class=\"wp-image-83930 size-full alignleft\" src=\"https:\/\/www.3dnatives.com\/es\/wp-content\/uploads\/sites\/4\/printable3d_logo.jpg\" alt=\"\" width=\"100\" height=\"100\" \/><strong>Printable 3D<\/strong> es una empresa de servicios que nace en 2017 en la Universitat Polit\u00e8cnica de Val\u00e8ncia. Acompa\u00f1an a profesionales y empresas en el dise\u00f1o e impresi\u00f3n 3D de productos.<\/p>\n<p>&nbsp;<\/p>\n<p>&nbsp;<\/p>\n<p>Para encontrar m\u00e1s servicios de impresi\u00f3n 3D en Valencia puedes visitar nuestro <a href=\"https:\/\/www.3dnatives.com\/es\/directorio-impresion-3d\/\">directorio 3D<\/a>.<\/p>\n<p style=\"text-align: justify\">\u00bfQu\u00e9 opinas de nuestro listado de empresas de impresi\u00f3n 3D en Valencia? Deja tus comentarios en nuestras redes sociales: <a href=\"https:\/\/www.facebook.com\/3Dnativeses\/?ref=hl\" target=\"_blank\" rel=\"noopener noreferrer\">Facebook<\/a>, <a href=\"https:\/\/www.linkedin.com\/groups\/8516968\/\" target=\"_blank\" rel=\"noopener noreferrer\">LinkedIn<\/a> y <a href=\"https:\/\/www.youtube.com\/channel\/UCMWrNpdLOXa7BffRKXZoaZw\" target=\"_blank\" rel=\"noopener noreferrer\">Youtube<\/a>. Sigue toda la informaci\u00f3n sobre impresi\u00f3n 3D en nuestra <a href=\"https:\/\/www.3dnatives.com\/es\/newsletter-impresion-3d\/\" target=\"_blank\" rel=\"noopener noreferrer\">Newsletter semanal<\/a>.<\/p>\n<div class=\"container\" style=\"z-index: -1000;max-height: 3px;overflow: auto;background-color: transparent\">\n<ul>\n<li><a href=\"https:\/\/slotjitu.com\/\">slotjitu<\/a><\/li>\n<li><a href=\"https:\/\/jual303.com\/\">jual303<\/a><\/li>\n<li><a href=\"https:\/\/jual303.org\/\">jual 303<\/a><\/li>\n<li><a href=\"https:\/\/kawasan303.net\/\">slot<\/a><\/li>\n<li><a href=\"https:\/\/www.slotjitu.id\/\">Slot Jitu<\/a><\/li>\n<li><a href=\"https:\/\/slotjitu.net\/\">slot jitu<\/a><\/li>\n<li><a href=\"https:\/\/www.kawasan303.org\/\">Kawasan303<\/a><\/li>\n<li><a href=\"https:\/\/kawasan303.com\/\">KAWASAN303<\/a><\/li>\n<li><a href=\"https:\/\/kawasan303.com\/\">Slot Raffi Ahmad<\/a><\/li>\n<\/ul>\n<\/div>\n","protected":false},"excerpt":{"rendered":"<p>Una de las provincias espa\u00f1olas que m\u00e1s ha crecido en el sector de la impresi\u00f3n 3D durante estos \u00faltimos a\u00f1os es la valenciana. Cada vez son m\u00e1s las empresas de fabricaci\u00f3n aditiva localizadas en Valencia. Adem\u00e1s, no son solo empresas&hellip;<\/p>\n","protected":false},"author":6105,"featured_media":75963,"parent":0,"menu_order":0,"comment_status":"closed","ping_status":"closed","template":"page-hero-header.php","meta":{"_acf_changed":false,"content-type":"","footnotes":""},"class_list":["post-72982","page","type-page","status-publish","has-post-thumbnail","hentry"],"acf":[],"_links":{"self":[{"href":"https:\/\/www.3dnatives.com\/es\/wp-json\/wp\/v2\/pages\/72982","targetHints":{"allow":["GET"]}}],"collection":[{"href":"https:\/\/www.3dnatives.com\/es\/wp-json\/wp\/v2\/pages"}],"about":[{"href":"https:\/\/www.3dnatives.com\/es\/wp-json\/wp\/v2\/types\/page"}],"author":[{"embeddable":true,"href":"https:\/\/www.3dnatives.com\/es\/wp-json\/wp\/v2\/users\/6105"}],"replies":[{"embeddable":true,"href":"https:\/\/www.3dnatives.com\/es\/wp-json\/wp\/v2\/comments?post=72982"}],"version-history":[{"count":4,"href":"https:\/\/www.3dnatives.com\/es\/wp-json\/wp\/v2\/pages\/72982\/revisions"}],"predecessor-version":[{"id":84950,"href":"https:\/\/www.3dnatives.com\/es\/wp-json\/wp\/v2\/pages\/72982\/revisions\/84950"}],"wp:featuredmedia":[{"embeddable":true,"href":"https:\/\/www.3dnatives.com\/es\/wp-json\/wp\/v2\/media\/75963"}],"wp:attachment":[{"href":"https:\/\/www.3dnatives.com\/es\/wp-json\/wp\/v2\/media?parent=72982"}],"curies":[{"name":"wp","href":"https:\/\/api.w.org\/{rel}","templated":true}]}}