{"id":71747,"date":"2024-01-12T10:00:32","date_gmt":"2024-01-12T09:00:32","guid":{"rendered":"https:\/\/www.3dnatives.com\/es\/?page_id=71747"},"modified":"2025-10-07T15:32:01","modified_gmt":"2025-10-07T13:32:01","slug":"impresion-3d-mexico","status":"publish","type":"page","link":"https:\/\/www.3dnatives.com\/es\/impresion-3d-mexico\/","title":{"rendered":"Impresi\u00f3n 3D en M\u00e9xico"},"content":{"rendered":"<p style=\"text-align: justify;\">La impresi\u00f3n 3D en M\u00e9xico est\u00e1 en plena etapa de crecimiento. Cada vez m\u00e1s empresas y m\u00e1s sectores se unen a la manufactura aditiva, esto es algo que validamos gracias a las cifras obtenidas de nuestro evento <a href=\"https:\/\/www.3dnatives.com\/es\/additiv-latam-2-0-141220232\/\">ADDITIV Latam<\/a>. Adem\u00e1s, hay otros claros ejemplos de que la impresi\u00f3n 3D en M\u00e9xico est\u00e1 en pleno auge, desde el pabell\u00f3n impreso en 3D presentado en <a href=\"https:\/\/mextropoli.mx\/\">MEXTR\u00d3POLI<\/a> hasta casas impresas en 3D o avances en los hospitales del pa\u00eds gracias a estas tecnolog\u00edas.<\/p>\n<p style=\"text-align: justify;\">Cada vez es m\u00e1s frecuente ver servicios de impresi\u00f3n 3D por la calle o al menos o\u00edr hablar de ellos. Lo mismo ocurre con los fabricantes de impresoras, que tambi\u00e9n sus nombres est\u00e1n causando repercusi\u00f3n entre los interesados en la <a href=\"https:\/\/www.3dnatives.com\/es\/impresion-3d-industria-4-0-090220212\/\">industria 4.0<\/a>. Es por ello que a continuaci\u00f3n te presentaremos una lista de distribuidores y fabricantes, y otra de servicios de impresi\u00f3n 3D en el pa\u00eds. \u00a1No te pierdas ninguno!<\/p>\n<div id=\"attachment_78068\" style=\"width: 1930px\" class=\"wp-caption aligncenter\"><img loading=\"lazy\" decoding=\"async\" aria-describedby=\"caption-attachment-78068\" class=\"size-full wp-image-78068\" src=\"https:\/\/www.3dnatives.com\/es\/wp-content\/uploads\/sites\/4\/Empresas-de-la-impresion-3D-en-Mexico.png\" alt=\"\" width=\"1920\" height=\"1080\" srcset=\"https:\/\/www.3dnatives.com\/es\/wp-content\/uploads\/sites\/4\/Empresas-de-la-impresion-3D-en-Mexico.png 1920w, https:\/\/www.3dnatives.com\/es\/wp-content\/uploads\/sites\/4\/Empresas-de-la-impresion-3D-en-Mexico-600x338.png 600w, https:\/\/www.3dnatives.com\/es\/wp-content\/uploads\/sites\/4\/Empresas-de-la-impresion-3D-en-Mexico-1200x675.png 1200w, https:\/\/www.3dnatives.com\/es\/wp-content\/uploads\/sites\/4\/Empresas-de-la-impresion-3D-en-Mexico-768x432.png 768w, https:\/\/www.3dnatives.com\/es\/wp-content\/uploads\/sites\/4\/Empresas-de-la-impresion-3D-en-Mexico-1536x864.png 1536w, https:\/\/www.3dnatives.com\/es\/wp-content\/uploads\/sites\/4\/Empresas-de-la-impresion-3D-en-Mexico-160x90.png 160w\" sizes=\"auto, (max-width: 1920px) 100vw, 1920px\" \/><p id=\"caption-attachment-78068\" class=\"wp-caption-text\">Ver el mapa en versi\u00f3n PDF: <a href=\"https:\/\/www.3dnatives.com\/es\/wp-content\/uploads\/sites\/4\/Empresas-de-la-impresion-3D-en-Mexico.pdf\" target=\"_blank\" rel=\"noopener\">AQU\u00cd<\/a><\/p><\/div>\n<h3 style=\"text-align: justify;\">Impresi\u00f3n 3D en M\u00e9xico: Distribuidores<\/h3>\n<p style=\"text-align: justify;\">Si est\u00e1s buscando d\u00f3nde comprar una impresora o quieres saber m\u00e1s acerca de las marcas y los modelos, no te pierdas esta lista donde te compartimos los principales distribuidores de impresoras 3D en M\u00e9xico. \u00bfLos conoc\u00edas a todos?<\/p>\n<p style=\"text-align: justify;\"><span class=\"ui-provider ed ayh ayi ayj ayk ayl aym ayn ayo ayp ayq ayr ays ayt ayu ayv ayw ayx ayy ayz aza azb azc azd aze azf azg azh azi azj azk azl azm azn azo\" dir=\"ltr\"><img loading=\"lazy\" decoding=\"async\" class=\"size-full wp-image-71852 alignleft\" src=\"https:\/\/www.3dnatives.com\/es\/wp-content\/uploads\/sites\/4\/intelligy.jpg\" alt=\"intelligy\" width=\"100\" height=\"100\" \/><strong>Intelligy<\/strong> es el distribuidor oficial en M\u00e9xico de Solidworks y Stratasys, es uno de los actores m\u00e1s relevantes del mercado actual. Cuenta con soluciones de manufactura aditiva para diversos \u00e1mbitos, desde impresoras 3D de escritorio o educaci\u00f3n, hasta m\u00e1quinas m\u00e1s avanzadas para procesos industriales de producci\u00f3n.<\/span><\/p>\n<p>&nbsp;<\/p>\n<p>&nbsp;<\/p>\n<p style=\"text-align: justify;\"><img loading=\"lazy\" decoding=\"async\" class=\"size-full wp-image-71847 alignleft\" src=\"https:\/\/www.3dnatives.com\/es\/wp-content\/uploads\/sites\/4\/3dmarket-1.jpg\" alt=\"3dmarket\" width=\"100\" height=\"100\" \/>Si nos referimos a <strong>3D market<\/strong>, nos referimos a un mercado online de impresoras 3D donde podemos encontrar una gran variedad de productos. Con tan solo echar un vistazo a su web, encontrar\u00e1s impresoras 3D de m\u00faltiples tecnolog\u00edas que se adaptan a todas las necesidades. Adem\u00e1s, cuentan con marcas como Formlabs o UltiMaker entre otras.<\/p>\n<p>&nbsp;<\/p>\n<p style=\"text-align: justify;\"><img loading=\"lazy\" decoding=\"async\" class=\"size-full wp-image-71851 alignleft\" src=\"https:\/\/www.3dnatives.com\/es\/wp-content\/uploads\/sites\/4\/inovamarket.jpg\" alt=\"inovamarket\" width=\"100\" height=\"100\" \/><strong>Inovamarket<\/strong> es una de las grandes plataformas online mexicanas de venta de impresoras 3D. Cuenta con impresoras de ni m\u00e1s ni menos que 15 fabricantes distintos desde Prusa o Nexa 3D hasta Bambu Lab o Anycubic. En definitiva esta web es una buena opci\u00f3n para comprar tu impresora 3D.<\/p>\n<p>&nbsp;<\/p>\n<p>&nbsp;<\/p>\n<p style=\"text-align: justify;\"><img loading=\"lazy\" decoding=\"async\" class=\"size-full wp-image-71854 alignleft\" src=\"https:\/\/www.3dnatives.com\/es\/wp-content\/uploads\/sites\/4\/shift-3d.jpg\" alt=\"shift 3d\" width=\"100\" height=\"100\" \/><strong>Shift3D<\/strong> es el distribuidor oficial de HP en M\u00e9xico, de manera que si vives en este pa\u00eds y eres fan de la tecnolog\u00eda creada por esta marca, puedes acceder a comprar sus soluciones 3D gracias a <a href=\"https:\/\/www.3dnatives.com\/es\/shift-3d-manufactura-aditiva-mexico-111220232\/\">Shift3D<\/a>. Con cinco impresoras distintas de la marca HP, se est\u00e1 haciendo un hueco en el mercado mexicano a grandes pasos, por lo que si buscas Multi Jet Fusion o MetalJet, este es tu sitio. Adem\u00e1s, cuenta con impresoras de otros fabricantes como <span class=\"ui-provider ed bce bcf bcg bch bci bcj bck bcl bcm bcn bco bcp bcq bcr bcs bct bcu bcv bcw bcx bcy bcz bda bdb bdc bdd bde bdf bdg bdh bdi bdj bdk bdl\" dir=\"ltr\">Formlabs o Desktop Metal<\/span>.<\/p>\n<p>&nbsp;<\/p>\n<p style=\"text-align: justify;\"><img loading=\"lazy\" decoding=\"async\" class=\"size-full wp-image-71846 alignleft\" src=\"https:\/\/www.3dnatives.com\/es\/wp-content\/uploads\/sites\/4\/3dfactory-mx.jpg\" alt=\"3dfactory mx\" width=\"100\" height=\"100\" \/>Cuando hablamos <strong>3D Factory M\u00e9xico<\/strong>, hablamos de una plataforma online de venta de impresoras 3D a nivel nacional. Si buscas una impresora 3D de escritorio a un precio econ\u00f3mico, 3D Factory M\u00e9xico cuenta con cinco marcas distintas y una gran variedad de modelos de diferentes tecnolog\u00edas para que puedas escoger el que m\u00e1s se adapte a tus gustos y necesidades.<\/p>\n<p>&nbsp;<\/p>\n<p style=\"text-align: justify;\"><img loading=\"lazy\" decoding=\"async\" class=\"alignleft wp-image-71848 size-full\" src=\"https:\/\/www.3dnatives.com\/es\/wp-content\/uploads\/sites\/4\/alpin.jpg\" alt=\"alpin\" width=\"100\" height=\"100\" \/><strong>Alpin<\/strong>, es un proveedor de algunas de las marcas de impresoras 3D l\u00edderes a nivel global como Farsoon o Intamsys. Vende soluciones para empresas a nivel industrial, como puede ser el caso de la gama de impresoras FUNMAT, conocidas por su eficiencia y excelentes caracter\u00edsticas. Si buscas impresoras 3D industriales de marcas prestigiosas, Alpin es una gran opci\u00f3n.<\/p>\n<p>&nbsp;<\/p>\n<p style=\"text-align: justify;\"><img loading=\"lazy\" decoding=\"async\" class=\"size-full wp-image-71853 alignleft\" src=\"https:\/\/www.3dnatives.com\/es\/wp-content\/uploads\/sites\/4\/voxart.jpg\" alt=\"voxart\" width=\"100\" height=\"100\" \/>La empresa <strong>Voxart<\/strong> es un conocido vendedor a nivel nacional en M\u00e9xico de impresoras 3D. Voxart trabaja con 3 marcas distintas conocidas a nivel global, se trata de Elegoo, Creality y Artillery. Cuenta con una infinidad de modelos de estas marcas, adem\u00e1s de vender distintos materiales, para que con tan solo un pedido a su web puedas encargar todo lo necesario para ponerte a imprimir seg\u00fan llegue tu <a href=\"https:\/\/www.3dnatives.com\/es\/impresoras-3d-mas-populares-040720172\/\">impresora 3D<\/a>.<\/p>\n<p>&nbsp;<\/p>\n<p style=\"text-align: justify;\"><img loading=\"lazy\" decoding=\"async\" class=\"size-full wp-image-71855 alignleft\" src=\"https:\/\/www.3dnatives.com\/es\/wp-content\/uploads\/sites\/4\/tecsol3d.jpg\" alt=\"tecsol3d\" width=\"100\" height=\"100\" \/><strong>TecSol 3D<\/strong> es un vendedor de impresoras 3D y esc\u00e1neres 3D. Venden productos tanto a nivel maker o de escritorio como a nivel industrial. En su web podemos encontrar una gran variedad de impresoras de marcas conocidas al igual que de esc\u00e1neres. Por si esto fuera poco, tienen un servicio de impresi\u00f3n online por si necesitas dar vida a tus creaciones mientras esperas que llegue tu encargo de tu impresora 3D.<\/p>\n<p>&nbsp;<\/p>\n<p style=\"text-align: justify;\"><img loading=\"lazy\" decoding=\"async\" class=\"size-full wp-image-71849 alignleft\" src=\"https:\/\/www.3dnatives.com\/es\/wp-content\/uploads\/sites\/4\/century-3d.jpg\" alt=\"century 3d\" width=\"100\" height=\"100\" \/>Si pensamos en un vendedor donde podamos encontrar toda la maquinaria profesional de impresi\u00f3n 3D que necesitemos en M\u00e9xico, ese es <strong>Century 3D<\/strong>. Cuenta con m\u00e1quinas de escritorio en resina o FDM, esc\u00e1neres 3D para todos los niveles, y lo m\u00e1s sorprendente de todo, impresoras 3D industriales para diferentes sectores como el dental o el automovil\u00edstico. Todo ello utilizando la tecnolog\u00eda de 3D Systems.<\/p>\n<p>&nbsp;<\/p>\n<p style=\"text-align: justify;\"><img loading=\"lazy\" decoding=\"async\" class=\"wp-image-78117 size-full alignleft\" src=\"https:\/\/www.3dnatives.com\/es\/wp-content\/uploads\/sites\/4\/CAD-AVSHMEIP.jpg\" alt=\"\" width=\"100\" height=\"100\" \/><strong>CAD AVSHMEIP<\/strong> ofrece tanto servicios de impresi\u00f3n 3D como venta de soluciones de manufactura aditiva. La empresa es distribuidora autorizada de impresoras 3D INTAMSYS, esc\u00e1neres de Scantech y softwares CAD como Solidworks y Mastercam. Tambi\u00e9n ofrece servicios que abarcan desde modelado 3D e impresi\u00f3n 3D, hasta ingenier\u00eda inversa y digitalizaci\u00f3n 3D.<\/p>\n<h3 style=\"text-align: justify;\">Impresi\u00f3n 3D en M\u00e9xico: Servicios<\/h3>\n<p style=\"text-align: justify;\">\u00bfQuieres hacer tus propias impresiones pero a\u00fan no dispones de una impresora 3D? No pasa nada, aqu\u00ed te traemos la lista de servicios de impresi\u00f3n 3D a los que puedes acudir en M\u00e9xico para imprimir tus dise\u00f1os. Encontrar\u00e1s desde servicios maker, donde poder imprimir peque\u00f1as creaciones en pl\u00e1stico, hasta servicios profesionales donde crear herramientas o piezas en metal. \u00a1No te lo pierdas y encuentra el que mejor se adapte a tus necesidades!<\/p>\n<p style=\"text-align: justify;\"><img loading=\"lazy\" decoding=\"async\" class=\"size-full wp-image-71861 alignleft\" src=\"https:\/\/www.3dnatives.com\/es\/wp-content\/uploads\/sites\/4\/i3d.jpg\" alt=\"i3d\" width=\"100\" height=\"100\" \/>La empresa <strong>I3D<\/strong> es todo lo que necesitas si est\u00e1s buscando una maqueta o un prototipo a bajo coste. Esta empresa realiza impresiones por encargo. Cuenta con dos tipos distintos de tecnolog\u00eda, FDM y Polyjet, lo que permite imprimir tus piezas tanto utilizando resinas como filamento de pl\u00e1stico.<\/p>\n<p>&nbsp;<\/p>\n<p>&nbsp;<\/p>\n<p style=\"text-align: justify;\"><img loading=\"lazy\" decoding=\"async\" class=\"size-full wp-image-71860 alignleft\" src=\"https:\/\/www.3dnatives.com\/es\/wp-content\/uploads\/sites\/4\/impresion3d.mx_.jpg\" alt=\"impresion3d.mx\" width=\"100\" height=\"100\" \/>Una marca conocida es <strong>impresi\u00f3n3D.mx<\/strong>, que adem\u00e1s de ser un marketplace donde descargar archivos tanto de forma gratuita como pagando para los m\u00e1s complicados, es un servicio online de impresi\u00f3n 3D que presume de su rapidez y fiabilidad. Cuenta con una gran variedad de materiales para elegir cu\u00e1l se adapta mejor a lo que buscas.<\/p>\n<p>&nbsp;<\/p>\n<p style=\"text-align: justify;\"><img loading=\"lazy\" decoding=\"async\" class=\"wp-image-78116 size-full alignleft\" src=\"https:\/\/www.3dnatives.com\/es\/wp-content\/uploads\/sites\/4\/3DSmartlabs.jpg\" alt=\"\" width=\"100\" height=\"100\" \/>\u00bfQuieres imprimir piezas con un dise\u00f1o \u00fanico? \u00bfBuscas imprimir piezas para aplicaciones m\u00e9dicas? Entonces puede que en <strong>3D SmartLabs<\/strong> te puedan ayudar. Esta es una empresa de dise\u00f1o con dos vertientes principales: 3D SmartLabs Medical y 3DSmartLabs Creative. Smartlabs Medical propone servicios de impresi\u00f3n 3D de modelos anat\u00f3micos, planificaci\u00f3n, el an\u00e1lisis m\u00e9dico y\u00a0 manufactura. Por su parte, SmartLabs Creative ofrece servicios de impresi\u00f3n 3D, modelado 3D, renders, dise\u00f1o de productos y prototipos.<\/p>\n<p>&nbsp;<\/p>\n<p style=\"text-align: justify;\"><img loading=\"lazy\" decoding=\"async\" class=\"size-full wp-image-71863 alignleft\" src=\"https:\/\/www.3dnatives.com\/es\/wp-content\/uploads\/sites\/4\/3dlab.jpg\" alt=\"3dlab\" width=\"100\" height=\"100\" \/>\u00bfConoces ya <strong>3DLab<\/strong>? Se trata de la mayor infraestructura de impresi\u00f3n 3D en el pa\u00eds, con una amplia variedad de tecnolog\u00edas para diferentes aplicaciones. Su servicio de <a href=\"https:\/\/www.3dnatives.com\/es\/sector\/servicio-impresion-3d\/\">impresi\u00f3n 3D online<\/a>, abarca m\u00faltiples sectores y cuenta con m\u00e1s de 60 materiales distintos para tus necesidades. Adem\u00e1s, si necesitas asesoramiento y ayuda durante el proceso ellos te la brindar\u00e1n.<\/p>\n<p>&nbsp;<\/p>\n<p style=\"text-align: justify;\"><img loading=\"lazy\" decoding=\"async\" class=\"wp-image-78115 size-full alignleft\" src=\"https:\/\/www.3dnatives.com\/es\/wp-content\/uploads\/sites\/4\/3DQueretaro.jpg\" alt=\"\" width=\"100\" height=\"100\" \/><strong>Impresi\u00f3n 3D Quer\u00e9taro<\/strong> ofrece servicios de impresi\u00f3n 3D con materiales mec\u00e1nicos, escaneo y modelado 3D. Sus servicios son personalizados para particulares y empresas. Ya sea que tengas el dise\u00f1o de lo que quieres imprimir listo o necesites asesoramiento, sus expertos pueden ayudarte a obtener las piezas que necesitas.<\/p>\n<p>&nbsp;<\/p>\n<p>&nbsp;<\/p>\n<p style=\"text-align: justify;\"><img loading=\"lazy\" decoding=\"async\" class=\"size-full wp-image-71857 alignleft\" src=\"https:\/\/www.3dnatives.com\/es\/wp-content\/uploads\/sites\/4\/xds.jpg\" alt=\"xds\" width=\"100\" height=\"100\" \/><strong>Grupo XDS<\/strong> es uno de los actores con m\u00e1s experiencia del mercado. Gracias a su servicio simplificado, mediante el que en tan solo 4 pasos tienes tus piezas impresas en 3D en casa y sus m\u00e1s de 14 a\u00f1os de experiencia, esta empresa es capaz de imprimir m\u00e1s de 30 mil piezas cada a\u00f1o utilizando m\u00e1s de 35 materiales diferentes y manteniendo a sus clientes contentos.<\/p>\n<p>&nbsp;<\/p>\n<p style=\"text-align: justify;\"><img loading=\"lazy\" decoding=\"async\" class=\"size-full wp-image-71862 alignleft\" src=\"https:\/\/www.3dnatives.com\/es\/wp-content\/uploads\/sites\/4\/dmasi.jpg\" alt=\"dmasi\" width=\"100\" height=\"100\" \/><strong>DMASI<\/strong>, conocido fabricante mexicano de herramientas y piezas impresas en metal, es una buena opci\u00f3n si buscas calidad y trabajos realizados con metal. Tras sus recientes colaboraciones en la industria automotriz, DMASI se coloca entre las posiciones a la cabeza de los servicios de impresi\u00f3n 3D de metal en M\u00e9xico.<\/p>\n<p>&nbsp;<\/p>\n<p>&nbsp;<\/p>\n<p style=\"text-align: justify;\"><img loading=\"lazy\" decoding=\"async\" class=\"wp-image-78118 size-full alignleft\" src=\"https:\/\/www.3dnatives.com\/es\/wp-content\/uploads\/sites\/4\/fabridit.jpg\" alt=\"\" width=\"100\" height=\"100\" \/>Otro servicio de impresi\u00f3n 3D en M\u00e9xico es <strong>Fabridit<\/strong>. Ya sea que necesites prototipado r\u00e1pido, herramientas industriales, manufactura flexible o aplicaciones en medicina, educaci\u00f3n, arte y dise\u00f1o, son una buena opci\u00f3n si necesitas piezas de calidad y env\u00edos a toda la Rep\u00fablica y Latinoam\u00e9rica. Cuentan con tecnolog\u00edas como FDM, FDM industrial, estereolitograf\u00eda y Polyjet.<\/p>\n<p>&nbsp;<\/p>\n<p style=\"text-align: justify;\"><img loading=\"lazy\" decoding=\"async\" class=\"size-full wp-image-71859 alignleft\" src=\"https:\/\/www.3dnatives.com\/es\/wp-content\/uploads\/sites\/4\/solid-servicios.jpg\" alt=\"solid servicios\" width=\"100\" height=\"100\" \/><strong>Solidservicios<\/strong> es un es una empresa local de tecnolog\u00eda que ofrece servicios de impresi\u00f3n 3D. Dispone de dos tipos de impresiones claramente diferenciados en pl\u00e1stico y metal, y cuenta con una gran variedad de modelos disponibles para realizarlas. En su web podemos encontrar soluciones especializadas o otras m\u00e1s simples para adaptarse a todas las necesidades.<\/p>\n<p>&nbsp;<\/p>\n<p style=\"text-align: justify;\"><span class=\"ui-provider ed bzf bvx ctq ctr cts ctt ctu ctv ctw ctx cty ctz cua cub cuc cud cue cuf cug cuh cui cuj cuk cul cum cun cuo cup cuq cur cus cut cuu cuv\" dir=\"ltr\">\u00bfQu\u00e9 opinas de nuestro listado de empresas ubicadas en M\u00e9xico?<\/span> Deja tus comentarios en nuestras redes sociales: <a href=\"https:\/\/www.facebook.com\/3Dnativeses\/?ref=hl\" target=\"_blank\" rel=\"noopener noreferrer\">Facebook<\/a>, <a href=\"https:\/\/www.linkedin.com\/groups\/8516968\/\" target=\"_blank\" rel=\"noopener noreferrer\">LinkedIn<\/a> y <a href=\"https:\/\/www.youtube.com\/channel\/UCMWrNpdLOXa7BffRKXZoaZw\" target=\"_blank\" rel=\"noopener noreferrer\">Youtube<\/a>. Sigue toda la informaci\u00f3n sobre impresi\u00f3n 3D en nuestra <a href=\"https:\/\/www.3dnatives.com\/es\/newsletter-impresion-3d\/\" target=\"_blank\" rel=\"noopener noreferrer\">Newsletter semanal<\/a>.<\/p>\n","protected":false},"excerpt":{"rendered":"<p>La impresi\u00f3n 3D en M\u00e9xico est\u00e1 en plena etapa de crecimiento. Cada vez m\u00e1s empresas y m\u00e1s sectores se unen a la manufactura aditiva, esto es algo que validamos gracias a las cifras obtenidas de nuestro evento ADDITIV Latam. Adem\u00e1s,&hellip;<\/p>\n","protected":false},"author":6105,"featured_media":71792,"parent":0,"menu_order":0,"comment_status":"closed","ping_status":"closed","template":"page-hero-header.php","meta":{"_acf_changed":false,"content-type":"","footnotes":""},"class_list":["post-71747","page","type-page","status-publish","has-post-thumbnail","hentry"],"acf":[],"_links":{"self":[{"href":"https:\/\/www.3dnatives.com\/es\/wp-json\/wp\/v2\/pages\/71747","targetHints":{"allow":["GET"]}}],"collection":[{"href":"https:\/\/www.3dnatives.com\/es\/wp-json\/wp\/v2\/pages"}],"about":[{"href":"https:\/\/www.3dnatives.com\/es\/wp-json\/wp\/v2\/types\/page"}],"author":[{"embeddable":true,"href":"https:\/\/www.3dnatives.com\/es\/wp-json\/wp\/v2\/users\/6105"}],"replies":[{"embeddable":true,"href":"https:\/\/www.3dnatives.com\/es\/wp-json\/wp\/v2\/comments?post=71747"}],"version-history":[{"count":4,"href":"https:\/\/www.3dnatives.com\/es\/wp-json\/wp\/v2\/pages\/71747\/revisions"}],"predecessor-version":[{"id":78287,"href":"https:\/\/www.3dnatives.com\/es\/wp-json\/wp\/v2\/pages\/71747\/revisions\/78287"}],"wp:featuredmedia":[{"embeddable":true,"href":"https:\/\/www.3dnatives.com\/es\/wp-json\/wp\/v2\/media\/71792"}],"wp:attachment":[{"href":"https:\/\/www.3dnatives.com\/es\/wp-json\/wp\/v2\/media?parent=71747"}],"curies":[{"name":"wp","href":"https:\/\/api.w.org\/{rel}","templated":true}]}}