{"id":70862,"date":"2023-11-17T16:17:38","date_gmt":"2023-11-17T15:17:38","guid":{"rendered":"https:\/\/www.3dnatives.com\/es\/?page_id=70862"},"modified":"2025-06-02T17:23:07","modified_gmt":"2025-06-02T15:23:07","slug":"menciones-legales","status":"publish","type":"page","link":"https:\/\/www.3dnatives.com\/es\/menciones-legales\/","title":{"rendered":"MENCIONES LEGALES"},"content":{"rendered":"<h3 style=\"text-align: justify;\"><span class=\"TextRun SCXW159422938 BCX0\" lang=\"ES-ES\" xml:lang=\"ES-ES\" data-contrast=\"auto\"><span class=\"NormalTextRun SCXW159422938 BCX0\">1. Presentaci\u00f3n del sitio<\/span><\/span><\/h3>\n<p style=\"text-align: justify;\"><span class=\"TextRun SCXW111456459 BCX0\" lang=\"ES-ES\" xml:lang=\"ES-ES\" data-contrast=\"auto\"><span class=\"NormalTextRun SCXW111456459 BCX0\">En <\/span><span class=\"NormalTextRun SCXW111456459 BCX0\">conformidad<\/span><span class=\"NormalTextRun SCXW111456459 BCX0\"> con <\/span><span class=\"NormalTextRun SCXW111456459 BCX0\">el<\/span> <span class=\"NormalTextRun SCXW111456459 BCX0\">art\u00edculo<\/span><span class=\"NormalTextRun SCXW111456459 BCX0\"> 6 de la Ley <\/span><span class=\"NormalTextRun SpellingErrorV2Themed SCXW111456459 BCX0\">n\u00ba<\/span><span class=\"NormalTextRun SCXW111456459 BCX0\"> 2004-575 de 21 de <\/span><span class=\"NormalTextRun SCXW111456459 BCX0\">junio<\/span><span class=\"NormalTextRun SCXW111456459 BCX0\"> de 2004 <\/span><span class=\"NormalTextRun SCXW111456459 BCX0\">sobre<\/span><span class=\"NormalTextRun SCXW111456459 BCX0\"> la <\/span><span class=\"NormalTextRun SCXW111456459 BCX0\">confianza<\/span> <span class=\"NormalTextRun SCXW111456459 BCX0\">en<\/span><span class=\"NormalTextRun SCXW111456459 BCX0\"> la <\/span><span class=\"NormalTextRun SCXW111456459 BCX0\">econom\u00eda<\/span><span class=\"NormalTextRun SCXW111456459 BCX0\"> digital, se <\/span><span class=\"NormalTextRun SCXW111456459 BCX0\">informa<\/span><span class=\"NormalTextRun SCXW111456459 BCX0\"> a <\/span><span class=\"NormalTextRun SCXW111456459 BCX0\">los<\/span> <span class=\"NormalTextRun SCXW111456459 BCX0\">usuarios<\/span><span class=\"NormalTextRun SCXW111456459 BCX0\"> del sitio web <a href=\"https:\/\/www.3dnatives.com\/es\/\">3dnatives.com<\/a> de la <\/span><span class=\"NormalTextRun SCXW111456459 BCX0\">identidad<\/span><span class=\"NormalTextRun SCXW111456459 BCX0\"> de las <\/span><span class=\"NormalTextRun SCXW111456459 BCX0\">distintas<\/span><span class=\"NormalTextRun SCXW111456459 BCX0\"> partes <\/span><span class=\"NormalTextRun SCXW111456459 BCX0\">implicadas<\/span> <span class=\"NormalTextRun SCXW111456459 BCX0\">en<\/span> <span class=\"NormalTextRun SCXW111456459 BCX0\">su<\/span> <span class=\"NormalTextRun SCXW111456459 BCX0\">creaci\u00f3n<\/span><span class=\"NormalTextRun SCXW111456459 BCX0\"> y <\/span><span class=\"NormalTextRun SCXW111456459 BCX0\">seguimiento<\/span><span class=\"NormalTextRun SCXW111456459 BCX0\">:<\/span><\/span><span class=\"EOP SCXW111456459 BCX0\" data-ccp-props=\"{&quot;201341983&quot;:0,&quot;335559739&quot;:160,&quot;335559740&quot;:259}\">\u00a0<\/span><\/p>\n<p style=\"text-align: justify;\"><span data-contrast=\"auto\"><strong>Propietario:<\/strong> 3Dnatives SAS &#8211; Siret: 803 086 503 00056 &#8211; 157 boulevard McDonald 75019 Paris, France<\/span><\/p>\n<p style=\"text-align: justify;\"><span data-contrast=\"auto\"><strong>Creador:<\/strong> 3Dnatives SAS<\/span><span data-ccp-props=\"{&quot;201341983&quot;:0,&quot;335559739&quot;:160,&quot;335559740&quot;:259}\">\u00a0<\/span><\/p>\n<p style=\"text-align: justify;\"><span data-contrast=\"auto\"><strong>Director de la publicaci\u00f3n:<\/strong> Filippos Voulpiotis &#8211; <span \n                data-original-string='dLkdgHKeTyhpJu+PUFJH\/A==58dz2ivWTfWBt+N6VVrwu7yqdsPnApqE4r4Jdd2gee7r88='\n                class='apbct-email-encoder'\n                title='Este contacto ha sido codificado por Anti-Spam by CleanTalk. Haz clic para decodificar. Para finalizar la decodificaci\u00f3n, aseg\u00farate de que JavaScript est\u00e1 activado en tu navegador.'>fi<span class=\"apbct-blur\">******<\/span>@<span class=\"apbct-blur\">*******<\/span>es.com<\/span><\/span><\/p>\n<p style=\"text-align: justify;\"><span data-contrast=\"auto\"><strong>Anfitri\u00f3n:<\/strong> Amazon Web Services (AWS) &#8211; Amazon Web Services EMEA SARL, 38 avenue John F. Kennedy, L-1855 Luxembourg, +352 2789 0057, <a href=\"https:\/\/aws.amazon.com\" target=\"_new\" rel=\"noopener\" data-start=\"462\" data-end=\"502\">aws.amazon.com<\/a><\/span><\/p>\n<h3 style=\"text-align: justify;\"><span class=\"TextRun SCXW133585085 BCX0\" lang=\"ES-ES\" xml:lang=\"ES-ES\" data-contrast=\"auto\"><span class=\"NormalTextRun SCXW133585085 BCX0\">2. Condiciones generales de utilizaci\u00f3n del sitio y de los servicios ofrecidos<\/span><\/span><\/h3>\n<p style=\"text-align: justify;\"><span data-contrast=\"auto\">El uso del sitio web www.3Dnatives.com implica la plena aceptaci\u00f3n de las condiciones generales de uso que se describen a continuaci\u00f3n. Estas condiciones de uso pueden ser modificadas o completadas en cualquier momento, por lo que se aconseja a los usuarios del sitio web www.3Dnatives.com que las consulten peri\u00f3dicamente.<\/span><span data-ccp-props=\"{&quot;201341983&quot;:0,&quot;335559739&quot;:160,&quot;335559740&quot;:259}\">\u00a0<\/span><\/p>\n<p style=\"text-align: justify;\"><span data-contrast=\"auto\">Normalmente, los usuarios pueden acceder a este sitio en todo momento. No obstante, 3Dnatives SAS puede decidir interrumpir el sitio por motivos de mantenimiento t\u00e9cnico, en cuyo caso se esforzar\u00e1 por informar previamente a los usuarios de las fechas y horas de la intervenci\u00f3n.<\/span><span data-ccp-props=\"{&quot;201341983&quot;:0,&quot;335559739&quot;:160,&quot;335559740&quot;:259}\">\u00a0<\/span><\/p>\n<p style=\"text-align: justify;\"><span data-contrast=\"auto\">El sitio web www.3Dnatives.com es actualizado regularmente por Alexandre Martel. Del mismo modo, las menciones legales pueden modificarse en cualquier momento: no obstante, son vinculantes para el usuario, al que se invita a consultarlas con la mayor frecuencia posible para leerlas.<\/span><span data-ccp-props=\"{&quot;201341983&quot;:0,&quot;335559739&quot;:160,&quot;335559740&quot;:259}\">\u00a0<\/span><\/p>\n<h3 style=\"text-align: justify;\"><span class=\"TextRun SCXW53962025 BCX0\" lang=\"ES-ES\" xml:lang=\"ES-ES\" data-contrast=\"auto\"><span class=\"NormalTextRun SCXW53962025 BCX0\">3. Descripci\u00f3n de los servicios prestados<\/span><\/span><\/h3>\n<p style=\"text-align: justify;\"><span data-contrast=\"auto\">El sitio web www.3Dnatives.com tiene por objeto proporcionar informaci\u00f3n sobre todas las actividades de la empresa.<\/span><span data-ccp-props=\"{&quot;201341983&quot;:0,&quot;335559739&quot;:160,&quot;335559740&quot;:259}\">\u00a0<\/span><\/p>\n<p style=\"text-align: justify;\"><span data-contrast=\"auto\">3Dnatives SAS se esfuerza por ofrecer en el sitio web www.3Dnatives.com informaci\u00f3n lo m\u00e1s exacta posible. No obstante, no podr\u00e1 ser considerada responsable de las omisiones, inexactitudes o lagunas de actualizaci\u00f3n, ya sean imputables a 3Dnatives SAS o a terceros que le proporcionen dicha informaci\u00f3n.<\/span><span data-ccp-props=\"{&quot;201341983&quot;:0,&quot;335559739&quot;:160,&quot;335559740&quot;:259}\">\u00a0<\/span><\/p>\n<p style=\"text-align: justify;\"><span data-contrast=\"auto\">Toda la informaci\u00f3n proporcionada en el sitio web www.3Dnatives.com se facilita a t\u00edtulo meramente informativo y est\u00e1 sujeta a cambios. Adem\u00e1s, la informaci\u00f3n del sitio www.3Dnatives.com no es exhaustiva. Se facilita a reserva de las modificaciones que se hayan producido desde su puesta en l\u00ednea.<\/span><span data-ccp-props=\"{&quot;201341983&quot;:0,&quot;335559739&quot;:160,&quot;335559740&quot;:259}\">\u00a0<\/span><\/p>\n<h3 style=\"text-align: justify;\"><span class=\"TextRun SCXW215789166 BCX0\" lang=\"ES-ES\" xml:lang=\"ES-ES\" data-contrast=\"auto\"><span class=\"NormalTextRun SCXW215789166 BCX0\">4. Limitaciones contractuales de los datos t\u00e9cnicos<\/span><\/span><\/h3>\n<p style=\"text-align: justify;\"><span data-contrast=\"auto\">El sitio web utiliza la tecnolog\u00eda JavaScript.<\/span><span data-ccp-props=\"{&quot;201341983&quot;:0,&quot;335559739&quot;:160,&quot;335559740&quot;:259}\">\u00a0<\/span><\/p>\n<p style=\"text-align: justify;\"><span data-contrast=\"auto\">El sitio web no se hace responsable de los da\u00f1os materiales relacionados con su uso. Adem\u00e1s, el usuario del sitio se compromete a acceder a \u00e9l utilizando un equipo reciente, libre de virus y con un navegador actualizado de \u00faltima generaci\u00f3n.<\/span><span data-ccp-props=\"{&quot;201341983&quot;:0,&quot;335559739&quot;:160,&quot;335559740&quot;:259}\">\u00a0<\/span><\/p>\n<h3 style=\"text-align: justify;\"><span class=\"TextRun SCXW117697819 BCX0\" lang=\"ES-ES\" xml:lang=\"ES-ES\" data-contrast=\"auto\"><span class=\"NormalTextRun SCXW117697819 BCX0\">5. Propiedad intelectual y falsificaci\u00f3n<\/span><\/span><span class=\"EOP SCXW117697819 BCX0\" data-ccp-props=\"{&quot;201341983&quot;:0,&quot;335559739&quot;:160,&quot;335559740&quot;:259}\">\u00a0<\/span><\/h3>\n<p style=\"text-align: justify;\"><span data-contrast=\"auto\">3Dnatives SAS es propietaria de los derechos de propiedad intelectual o titular de los derechos de uso sobre todos los elementos accesibles en el sitio, en particular los textos, im\u00e1genes, gr\u00e1ficos, logotipos, iconos, sonidos y software.<\/span><span data-ccp-props=\"{&quot;201341983&quot;:0,&quot;335559739&quot;:160,&quot;335559740&quot;:259}\">\u00a0<\/span><span data-contrast=\"auto\">\u00a0<\/span><span data-ccp-props=\"{&quot;201341983&quot;:0,&quot;335559739&quot;:160,&quot;335559740&quot;:259}\">\u00a0<\/span><\/p>\n<p style=\"text-align: justify;\"><span data-contrast=\"auto\">Cualquier reproducci\u00f3n, representaci\u00f3n, modificaci\u00f3n, publicaci\u00f3n, adaptaci\u00f3n de la totalidad o parte de los elementos del sitio, sea cual sea el medio o procedimiento utilizado, est\u00e1 prohibida, salvo autorizaci\u00f3n previa por escrito de : 3Dnatives SAS.<\/span><span data-ccp-props=\"{&quot;201341983&quot;:0,&quot;335559739&quot;:160,&quot;335559740&quot;:259}\">\u00a0<\/span><\/p>\n<p style=\"text-align: justify;\"><span data-contrast=\"auto\">Cualquier uso no autorizado del sitio o de cualquiera de los elementos que contiene se considerar\u00e1 constitutivo de infracci\u00f3n y ser\u00e1 perseguido de conformidad con las disposiciones de los art\u00edculos L.335-2 y siguientes del C\u00f3digo de la Propiedad Intelectual franc\u00e9s.<\/span><span data-ccp-props=\"{&quot;201341983&quot;:0,&quot;335559739&quot;:160,&quot;335559740&quot;:259}\">\u00a0<\/span><\/p>\n<h3 style=\"text-align: justify;\"><span class=\"TextRun SCXW219974279 BCX0\" lang=\"ES-ES\" xml:lang=\"ES-ES\" data-contrast=\"auto\"><span class=\"NormalTextRun SCXW219974279 BCX0\">6. Limitaci\u00f3n de responsabilidad<\/span><\/span><\/h3>\n<p style=\"text-align: justify;\"><span data-contrast=\"auto\">3Dnatives SAS no podr\u00e1 ser considerada responsable de los da\u00f1os directos o indirectos causados al equipo del usuario al acceder al sitio www.3Dnatives.com, que resulten bien del uso de un equipo que no cumpla las especificaciones indicadas en el punto 4, bien de la aparici\u00f3n de un error o incompatibilidad.<\/span><span data-ccp-props=\"{&quot;201341983&quot;:0,&quot;335559739&quot;:160,&quot;335559740&quot;:259}\">\u00a0<\/span><\/p>\n<p style=\"text-align: justify;\"><span data-contrast=\"auto\">3Dnatives SAS tampoco podr\u00e1 ser considerada responsable de los da\u00f1os indirectos (como la p\u00e9rdida de mercado o la p\u00e9rdida de oportunidades) resultantes de la utilizaci\u00f3n del sitio www.3Dnatives.com.<\/span><span data-ccp-props=\"{&quot;201341983&quot;:0,&quot;335559739&quot;:160,&quot;335559740&quot;:259}\">\u00a0<\/span><span data-contrast=\"auto\">\u00a0<\/span><span data-ccp-props=\"{&quot;201341983&quot;:0,&quot;335559739&quot;:160,&quot;335559740&quot;:259}\">\u00a0<\/span><\/p>\n<p style=\"text-align: justify;\"><span data-contrast=\"auto\">Los usuarios tienen a su disposici\u00f3n \u00e1reas interactivas (posibilidad de hacer preguntas en el \u00e1rea de contacto). 3Dnatives SAS se reserva el derecho de eliminar, sin previo aviso, cualquier contenido publicado en esta \u00e1rea que contravenga la legislaci\u00f3n aplicable en Francia, en particular las disposiciones relativas a la protecci\u00f3n de datos. En su caso, 3Dnatives SAS tambi\u00e9n se reserva el derecho de exigir responsabilidades civiles y\/o penales al usuario, especialmente en caso de mensajes de car\u00e1cter racista, insultante, difamatorio o pornogr\u00e1fico, sea cual sea el medio utilizado (texto, fotograf\u00edas, etc.).<\/span><\/p>\n<h3 style=\"text-align: justify;\"><span class=\"TextRun SCXW229669113 BCX0\" lang=\"ES-ES\" xml:lang=\"ES-ES\" data-contrast=\"auto\"><span class=\"NormalTextRun SCXW229669113 BCX0\">7. Gesti\u00f3n de datos personales<\/span><\/span><span class=\"EOP SCXW229669113 BCX0\" data-ccp-props=\"{&quot;201341983&quot;:0,&quot;335559739&quot;:160,&quot;335559740&quot;:259}\">\u00a0<\/span><\/h3>\n<p style=\"text-align: justify;\"><span data-contrast=\"auto\">En Francia, los datos personales est\u00e1n protegidos por la ley n\u00ba 78-87 de 6 de enero de 1978, la ley n\u00ba 2004-801 de 6 de agosto de 2004, el art\u00edculo L. 226-13 del C\u00f3digo Penal y la Directiva Europea de 24 de octubre de 1995.<\/span><span data-ccp-props=\"{&quot;201341983&quot;:0,&quot;335559739&quot;:160,&quot;335559740&quot;:259}\">\u00a0<\/span><\/p>\n<p style=\"text-align: justify;\"><span data-contrast=\"auto\">Al utilizar el sitio www.3Dnatives.com, es posible que se recopile la siguiente informaci\u00f3n: la URL de los enlaces a trav\u00e9s de los cuales el usuario accedi\u00f3 al sitio www.3Dnatives.com, el proveedor de acceso del usuario, la direcci\u00f3n del protocolo de Internet (IP) del usuario.<\/span><span data-ccp-props=\"{&quot;201341983&quot;:0,&quot;335559739&quot;:160,&quot;335559740&quot;:259}\">\u00a0<\/span><\/p>\n<p style=\"text-align: justify;\"><span data-contrast=\"auto\">En cualquier caso, 3Dnatives SAS s\u00f3lo recopila informaci\u00f3n personal relativa al usuario a efectos de determinados servicios ofrecidos por el sitio web www.3Dnatives.com. Los usuarios facilitan esta informaci\u00f3n con pleno conocimiento de causa, especialmente cuando la introducen ellos mismos. A continuaci\u00f3n, se informa a los usuarios del sitio web www.3Dnatives.com de si est\u00e1n obligados o no a facilitar esta informaci\u00f3n.<\/span><\/p>\n<p style=\"text-align: justify;\"><span data-contrast=\"auto\">De conformidad con las disposiciones de los art\u00edculos 38 y siguientes de la Ley 78-17 de 6 de enero de 1978 relativa a la inform\u00e1tica, los archivos y las libertades, todo usuario dispone de un derecho de acceso, rectificaci\u00f3n y oposici\u00f3n a los datos de car\u00e1cter personal que le conciernan, mediante solicitud escrita y firmada, acompa\u00f1ada de una copia del documento de identidad con la firma del titular del documento, y precisando la direcci\u00f3n a la que debe enviarse la respuesta.<\/span><span data-ccp-props=\"{&quot;201341983&quot;:0,&quot;335559739&quot;:160,&quot;335559740&quot;:259}\">\u00a0<\/span><\/p>\n<p style=\"text-align: justify;\"><span data-contrast=\"auto\">La informaci\u00f3n personal del usuario del sitio <a class=\"\" href=\"http:\/\/www.3Dnatives.com\" target=\"_new\" rel=\"noopener\" data-start=\"1267\" data-end=\"1284\">www.3Dnatives.com<\/a> no se publica, intercambia, transfiere ni vende a terceros sin su conocimiento. No obstante, en determinados casos, como al registrarse para acceder a contenidos patrocinados o eventos de socios, parte de esta informaci\u00f3n puede compartirse con los terceros implicados, siempre previa obtenci\u00f3n del consentimiento expl\u00edcito del usuario. \u00danicamente la asunci\u00f3n de la compra de 3Dnatives SAS y de sus derechos permitir\u00eda la transmisi\u00f3n de dicha informaci\u00f3n al eventual comprador que, a su vez, estar\u00eda vinculado por la misma obligaci\u00f3n de conservaci\u00f3n y modificaci\u00f3n de los datos con respecto al usuario del sitio www.3Dnatives.com.<\/span><span data-ccp-props=\"{&quot;201341983&quot;:0,&quot;335559739&quot;:160,&quot;335559740&quot;:259}\">\u00a0<\/span><\/p>\n<p style=\"text-align: justify;\"><span data-contrast=\"auto\">El sitio mencionado est\u00e1 registrado en la CNIL con el n\u00famero 2042595.<\/span><span data-ccp-props=\"{&quot;201341983&quot;:0,&quot;335559739&quot;:160,&quot;335559740&quot;:259}\">\u00a0<\/span><\/p>\n<p style=\"text-align: justify;\"><span data-contrast=\"auto\">Las bases de datos est\u00e1n protegidas por las disposiciones de la ley de 1 de julio de 1998 que transpone la directiva 96\/9 de 11 de marzo de 1996 sobre la protecci\u00f3n jur\u00eddica de las bases de datos.<\/span><span data-ccp-props=\"{&quot;201341983&quot;:0,&quot;335559739&quot;:160,&quot;335559740&quot;:259}\">\u00a0<\/span><\/p>\n<h3 style=\"text-align: justify;\"><span class=\"TextRun SCXW116447090 BCX0\" lang=\"ES-ES\" xml:lang=\"ES-ES\" data-contrast=\"auto\"><span class=\"NormalTextRun SCXW116447090 BCX0\">8. Enlaces de hipertexto y cookies<\/span><\/span><span class=\"EOP SCXW116447090 BCX0\" data-ccp-props=\"{&quot;201341983&quot;:0,&quot;335559739&quot;:160,&quot;335559740&quot;:259}\">\u00a0<\/span><\/h3>\n<p style=\"text-align: justify;\"><span data-contrast=\"auto\">El sitio web www.3Dnatives.com contiene una serie de enlaces de hipertexto a otros sitios, creados con la autorizaci\u00f3n de 3Dnatives SAS. Sin embargo, 3Dnatives SAS no puede controlar el contenido de los sitios visitados de este modo y, por lo tanto, no asume ninguna responsabilidad al respecto.<\/span><span data-ccp-props=\"{&quot;201341983&quot;:0,&quot;335559739&quot;:160,&quot;335559740&quot;:259}\">\u00a0<\/span><\/p>\n<p style=\"text-align: justify;\"><span data-contrast=\"auto\">La navegaci\u00f3n por el sitio web www.3Dnatives.com puede dar lugar a la instalaci\u00f3n de cookies en el ordenador del usuario. Una cookie es un peque\u00f1o archivo que no permite identificar al usuario, pero que registra informaci\u00f3n relativa a la navegaci\u00f3n de un ordenador en un sitio. Los datos obtenidos de este modo est\u00e1n destinados a facilitar la navegaci\u00f3n posterior por el sitio y tambi\u00e9n se utilizan para medir el n\u00famero de visitantes.<\/span><span data-ccp-props=\"{&quot;201341983&quot;:0,&quot;335559739&quot;:160,&quot;335559740&quot;:259}\">\u00a0<\/span><\/p>\n<p style=\"text-align: justify;\"><span data-contrast=\"auto\">Rechazar la instalaci\u00f3n de una cookie puede imposibilitar el acceso a determinados servicios. No obstante, el usuario puede configurar su ordenador de la siguiente manera para rechazar la instalaci\u00f3n de cookies:<\/span><span data-ccp-props=\"{&quot;201341983&quot;:0,&quot;335559739&quot;:160,&quot;335559740&quot;:259}\">\u00a0<\/span><\/p>\n<p style=\"text-align: justify;\"><span data-contrast=\"auto\">En Internet Explorer: pesta\u00f1a Herramientas (icono en forma de rueda arriba a la derecha) \/ Opciones de Internet. Haga clic en Confidencialidad y seleccione Bloquear todas las cookies. Confirme con Ok.<\/span><\/p>\n<p style=\"text-align: justify;\"><span data-contrast=\"auto\">En Firefox: en la parte superior de la ventana del navegador, haga clic en el bot\u00f3n Firefox y, a continuaci\u00f3n, vaya a la pesta\u00f1a Opciones. Haga clic en la pesta\u00f1a Privacidad.<\/span><span data-ccp-props=\"{&quot;201341983&quot;:0,&quot;335559739&quot;:160,&quot;335559740&quot;:259}\">\u00a0<\/span><\/p>\n<p style=\"text-align: justify;\"><span data-contrast=\"auto\">Establezca las Reglas de retenci\u00f3n en: utilizar una configuraci\u00f3n personalizada para el historial. Por \u00faltimo, desmarque para desactivar las cookies.<\/span><span data-ccp-props=\"{&quot;201341983&quot;:0,&quot;335559739&quot;:160,&quot;335559740&quot;:259}\">\u00a0<\/span><\/p>\n<p style=\"text-align: justify;\"><span data-contrast=\"auto\">En Safari: haga clic en el icono de men\u00fa (simbolizado por una rueda dentada) situado en la esquina superior derecha del navegador. Selecciona Ajustes. Haga clic en Mostrar configuraci\u00f3n avanzada. En la secci\u00f3n \u00abConfidencialidad\u00bb, haga clic en \u00abConfiguraci\u00f3n de contenido\u00bb. En la secci\u00f3n \u00abCookies\u00bb, puede bloquear las cookies.<\/span><span data-ccp-props=\"{&quot;201341983&quot;:0,&quot;335559739&quot;:160,&quot;335559740&quot;:259}\">\u00a0<\/span><\/p>\n<p style=\"text-align: justify;\"><span data-contrast=\"auto\">En Chrome: Haga clic en el icono de men\u00fa (simbolizado por tres l\u00edneas horizontales) situado en la esquina superior derecha del navegador. Seleccione Configuraci\u00f3n. Haga clic en Mostrar configuraci\u00f3n avanzada. En la secci\u00f3n \u00abConfidencialidad\u00bb, haga clic en Preferencias. En la pesta\u00f1a \u00abConfidencialidad\u00bb, puede bloquear las cookies.<\/span><span data-ccp-props=\"{&quot;201341983&quot;:0,&quot;335559739&quot;:160,&quot;335559740&quot;:259}\">\u00a0<\/span><\/p>\n<h3 style=\"text-align: justify;\"><span class=\"TextRun SCXW163305324 BCX0\" lang=\"ES-ES\" xml:lang=\"ES-ES\" data-contrast=\"auto\"><span class=\"NormalTextRun SCXW163305324 BCX0\">9. Ley aplicable y jurisdicci\u00f3n<\/span><\/span><\/h3>\n<p style=\"text-align: justify;\"><span class=\"TextRun SCXW252273759 BCX0\" lang=\"ES-ES\" xml:lang=\"ES-ES\" data-contrast=\"auto\"><span class=\"NormalTextRun SCXW252273759 BCX0\">Cualquier litigio relacionado con el uso del sitio web <\/span><span class=\"NormalTextRun SCXW252273759 BCX0\">www.3Dnatives.com<\/span><span class=\"NormalTextRun SCXW252273759 BCX0\"> est\u00e1 sujeto a la legislaci\u00f3n francesa. Los tribunales competentes de Par\u00eds tienen jurisdicci\u00f3n exclusiva.<\/span><\/span><span class=\"EOP SCXW252273759 BCX0\" data-ccp-props=\"{&quot;201341983&quot;:0,&quot;335559739&quot;:160,&quot;335559740&quot;:259}\">\u00a0<\/span><\/p>\n<h3 style=\"text-align: justify;\"><span class=\"TextRun SCXW254638851 BCX0\" lang=\"ES-ES\" xml:lang=\"ES-ES\" data-contrast=\"auto\"><span class=\"NormalTextRun SCXW254638851 BCX0\">10. Principales leyes aplicables<\/span><\/span><\/h3>\n<p style=\"text-align: justify;\"><span data-contrast=\"auto\">Ley n\u00ba 78-17 de 6 de enero de 1978, modificada por la Ley n\u00ba 2004-801 de 6 de agosto de 2004 relativa a la inform\u00e1tica, los archivos y las libertades.<\/span><span data-ccp-props=\"{&quot;201341983&quot;:0,&quot;335559739&quot;:160,&quot;335559740&quot;:259}\">\u00a0<\/span><\/p>\n<p style=\"text-align: justify;\"><span data-contrast=\"auto\">Ley n\u00ba 2004-575 de 21 de junio de 2004 relativa a la confianza en la econom\u00eda digital.<\/span><span data-ccp-props=\"{&quot;201341983&quot;:0,&quot;335559739&quot;:160,&quot;335559740&quot;:259}\">\u00a0<\/span><\/p>\n<h3 style=\"text-align: justify;\"><span class=\"TextRun SCXW259750418 BCX0\" lang=\"ES-ES\" xml:lang=\"ES-ES\" data-contrast=\"auto\"><span class=\"NormalTextRun SCXW259750418 BCX0\">11. Glosario<\/span><\/span><\/h3>\n<p style=\"text-align: justify;\"><span data-contrast=\"auto\">Usuario: internauta que se conecta y utiliza dicho sitio.<\/span><span data-ccp-props=\"{&quot;201341983&quot;:0,&quot;335559739&quot;:160,&quot;335559740&quot;:259}\">\u00a0<\/span><span data-contrast=\"auto\">\u00a0<\/span><span data-ccp-props=\"{&quot;201341983&quot;:0,&quot;335559739&quot;:160,&quot;335559740&quot;:259}\">\u00a0<\/span><\/p>\n<p style=\"text-align: justify;\"><span data-contrast=\"auto\">Informaci\u00f3n personal: \u00abinformaci\u00f3n que permite, bajo cualquier forma, directa o indirectamente, la identificaci\u00f3n de las personas f\u00edsicas a las que se aplica\u00bb (art\u00edculo 4 de la ley n\u00ba 78-17 de 6 de enero de 1978).<\/span><span data-ccp-props=\"{&quot;201341983&quot;:0,&quot;335559739&quot;:160,&quot;335559740&quot;:259}\">\u00a0<\/span><\/p>\n","protected":false},"excerpt":{"rendered":"<p>1. Presentaci\u00f3n del sitio En conformidad con el art\u00edculo 6 de la Ley n\u00ba 2004-575 de 21 de junio de 2004 sobre la confianza en la econom\u00eda digital, se informa a los usuarios del sitio web 3dnatives.com de la identidad&hellip;<\/p>\n","protected":false},"author":6105,"featured_media":0,"parent":0,"menu_order":0,"comment_status":"closed","ping_status":"closed","template":"","meta":{"_acf_changed":false,"content-type":"","footnotes":""},"class_list":["post-70862","page","type-page","status-publish","hentry"],"acf":[],"_links":{"self":[{"href":"https:\/\/www.3dnatives.com\/es\/wp-json\/wp\/v2\/pages\/70862","targetHints":{"allow":["GET"]}}],"collection":[{"href":"https:\/\/www.3dnatives.com\/es\/wp-json\/wp\/v2\/pages"}],"about":[{"href":"https:\/\/www.3dnatives.com\/es\/wp-json\/wp\/v2\/types\/page"}],"author":[{"embeddable":true,"href":"https:\/\/www.3dnatives.com\/es\/wp-json\/wp\/v2\/users\/6105"}],"replies":[{"embeddable":true,"href":"https:\/\/www.3dnatives.com\/es\/wp-json\/wp\/v2\/comments?post=70862"}],"version-history":[{"count":3,"href":"https:\/\/www.3dnatives.com\/es\/wp-json\/wp\/v2\/pages\/70862\/revisions"}],"predecessor-version":[{"id":82184,"href":"https:\/\/www.3dnatives.com\/es\/wp-json\/wp\/v2\/pages\/70862\/revisions\/82184"}],"wp:attachment":[{"href":"https:\/\/www.3dnatives.com\/es\/wp-json\/wp\/v2\/media?parent=70862"}],"curies":[{"name":"wp","href":"https:\/\/api.w.org\/{rel}","templated":true}]}}