{"id":7049,"date":"2017-03-06T16:02:35","date_gmt":"2017-03-06T14:02:35","guid":{"rendered":"https:\/\/www.3dnatives.com\/es\/?page_id=7049"},"modified":"2017-03-09T15:59:55","modified_gmt":"2017-03-09T13:59:55","slug":"cookies","status":"publish","type":"page","link":"https:\/\/www.3dnatives.com\/es\/cookies\/","title":{"rendered":"Cookies"},"content":{"rendered":"<h2 style=\"text-align: justify;\">Qu\u00e9 son las cookies y por qu\u00e9 las utilizamos en 3Dnatives<\/h2>\n<p style=\"text-align: justify;\">Una cookie es un fichero que se descarga en el dispositivo del usuario al acceder a determinadas p\u00e1ginas web para almacenar y recuperar informaci\u00f3n sobre la navegaci\u00f3n que se efect\u00faa desde dicho equipo.<\/p>\n<p style=\"text-align: justify;\">Las cookies permiten a dicha web, entre otras cosas, almacenar y recuperar informaci\u00f3n sobre las decisiones y h\u00e1bitos del usuario. En 3Dnatives\u00a0las utilizamos para personalizar la experiencia dentro de nuestras webs, identificar y recordar al usuario registrado y facilitar la navegaci\u00f3n.<\/p>\n<p style=\"text-align: justify;\">Es importante destacar que el uso de cookies no proporciona datos personales del usuario, que de cara a 3Dnatives\u00a0permanece an\u00f3nimo.<\/p><div class=\"dnati-inside_content\" id=\"dnati-1063943592\"><a data-no-instant=\"1\" href=\"https:\/\/app.swapcard.com\/event\/additiv-defense-2026\" rel=\"noopener\" class=\"a2t-link\" aria-label=\"LB (4)\"><img loading=\"lazy\" decoding=\"async\" src=\"https:\/\/www.3dnatives.com\/es\/wp-content\/uploads\/sites\/4\/LB-4-1.gif\" alt=\"\"  width=\"850\" height=\"150\"   \/><\/a><\/div>\n<p style=\"text-align: justify;\">El usuario puede configurar su navegador para no aceptar el uso de cookies, en cuyo caso la personalizaci\u00f3n de la experiencia no se aplicar\u00eda aunque s\u00ed podr\u00e1 seguir accediendo a los contenidos de nuestras webs con normalidad.<\/p>\n<p style=\"text-align: justify;\">En la p\u00e1gina de Wikipedia (<a href=\"http:\/\/es.wikipedia.org\/wiki\/Cookie_(inform%C3%A1tica)\">http:\/\/es.wikipedia.org\/wiki\/Cookie_(inform\u00e1tica)<\/a>) es posible obtener m\u00e1s informaci\u00f3n acerca de qu\u00e9 con las cookies y c\u00f3mo funcionan.<\/p>\n<h2 style=\"text-align: justify;\">Qu\u00e9 tipo de cookies utilizan las webs de Weblogs SL<\/h2>\n<p style=\"text-align: justify;\">Las Cookies, en funci\u00f3n de su permanencia, pueden dividirse en Cookies de sesi\u00f3n o permanentes. Las primeras expiran cuando el usuario cierra el navegador. Las segundas expiran en funci\u00f3n cuando se cumpla el objetivo para el que sirven (por ejemplo, para que el usuario se mantenga identificado en las webs y servicios de Weblogs SL) o bien cuando se borran manualmente.<\/p>\n<p style=\"text-align: justify;\">Adicionalmente, en funci\u00f3n de su objetivo, las Cookies pueden clasificarse de la siguiente forma:<\/p>\n<p style=\"text-align: justify;\"><strong>Cookies de rendimiento:<\/strong> este tipo de Cookie recuerda sus preferencias para las herramientas que se encuentran en los servicios, por lo que no tiene que volver a configurar el servicio cada vez que usted visita. A modo de ejemplo, en esta tipolog\u00eda se incluyen:<\/p>\n<ul style=\"text-align: justify;\">\n<li>Ajustes de volumen de reproductores de v\u00eddeo o sonido.<\/li>\n<li>Las velocidades de transmisi\u00f3n de v\u00eddeo que sean compatibles con su navegador.<\/li>\n<\/ul>\n<p style=\"text-align: justify;\"><strong>Cookies de geolocalizaci\u00f3n:<\/strong> estas Cookies son utilizadas para averiguar en qu\u00e9 pa\u00eds se encuentra cuando se solicita una web o servicio. Esta Cookie es totalmente an\u00f3nima, y s\u00f3lo se utiliza para ayudar a orientar el contenido a su ubicaci\u00f3n.<\/p>\n<p style=\"text-align: justify;\"><strong>Cookies de registro:<\/strong> las Cookies de registro se generan una vez que el Usuario se ha registrado o posteriormente ha abierto su sesi\u00f3n, y se utilizan para identificarle en las web y servicios con los siguientes objetivos:<\/p>\n<ul style=\"text-align: justify;\">\n<li>Mantener al usuario identificado de forma que, si cierra un servicio o web, el navegador o el ordenador y en otro momento u otro d\u00eda vuelve a entrar en dicho servicio o web, seguir\u00e1 identificado, facilitando as\u00ed su navegaci\u00f3n sin tener que volver a identificarse. Esta funcionalidad se puede suprimir si el usuario pulsa la funcionalidad \u201cSalir\u201d, de forma que esta Cookie se elimina y la pr\u00f3xima vez que entre en la web el usuario tendr\u00e1 que iniciar sesi\u00f3n para estar identificado.<\/li>\n<li>Comprobar si el usuario est\u00e1 autorizado para acceder a ciertos servicios, por ejemplo, para participar en un concurso.<\/li>\n<li>Adicionalmente, algunos servicios pueden utilizar conectores de terceros tales como Facebook, Twitter o Google. Cuando el usuario se registra en un servicio con credenciales de una red social o sistema de identificaci\u00f3n de terceros, autoriza al mismo a guardar una cookie persistente que recuerda su identidad y le garantiza acceso a la web hasta que expira. El usuario puede borrar esta cookie y revocar el acceso a la web mediante redes sociales o sistema de identificaci\u00f3n de terceros actualizando sus preferencias en la red social que espec\u00edfica.<\/li>\n<\/ul>\n<p style=\"text-align: justify;\"><strong>Cookies de anal\u00edtica:<\/strong> cada vez que un Usuario visita una Web o Servicio, una herramienta de un proveedor externo (Google Analytics, comScore y similares) genera una cookie anal\u00edtica en el dispositivo del usuario. Esta cookie que s\u00f3lo se genera en la visita, servir\u00e1 en pr\u00f3ximas visitas a los servicios de Weblogs SL para identificar de forma an\u00f3nima al visitante. Los objetivos principales que se persiguen son:<\/p>\n<ul style=\"text-align: justify;\">\n<li>Permitir la identificaci\u00f3n an\u00f3nima de los usuarios navegantes a trav\u00e9s de la \u201cCookie\u201d (identifica navegadores y dispositivos, no personas) y por lo tanto la contabilizaci\u00f3n aproximada del n\u00famero de visitantes y su tendencia en el tiempo.<\/li>\n<li>Identificar de forma an\u00f3nima los contenidos m\u00e1s visitados y por lo tanto m\u00e1s atractivos para los usuarios<\/li>\n<li>Saber si el usuario que est\u00e1 accediendo es nuevo o repite visita.<\/li>\n<\/ul>\n<p style=\"text-align: justify;\"><em>Importante:<\/em> Salvo que el Usuario decida registrarse en alguna web de Weblogs SL, la cookie nunca ir\u00e1 asociada a ning\u00fan dato de car\u00e1cter personal que pueda identificarle. Dichas cookies s\u00f3lo ser\u00e1n utilizadas con prop\u00f3sitos estad\u00edsticos que ayuden a la optimizaci\u00f3n de la experiencia de los usuarios en el sitio.<\/p>\n<p style=\"text-align: justify;\">M\u00e1s informaci\u00f3n sobre la pol\u00edtica de privacidad de estas herramientas de anal\u00edtica en: <a href=\"http:\/\/www.google.es\/intl\/es\/analytics\/privacyoverview.html\">Google Analytics<\/a> y <a href=\"https:\/\/www.weblogssl.com\/cookies\/www.comscore.com\/esl\/About_comScore\/Privacy_Policy\">Comscore<\/a>.<\/p>\n<p style=\"text-align: justify;\"><strong>Cookies de publicidad:<\/strong> este tipo de cookies permiten ampliar la informaci\u00f3n de los anuncios mostrados a cada usuario an\u00f3nimo en las webs de Weblogs SL. Entre otros, se almacena la duraci\u00f3n o frecuencia de visualizaci\u00f3n de posiciones publicitarias, la interacci\u00f3n con las mismas, o los patrones de navegaci\u00f3n y\/o comportamientos del usuario ya que ayudan a conformar un perfil de inter\u00e9s publicitario. De este modo, permiten ofrecer publicidad af\u00edn a los intereses del usuario.<\/p>\n<p style=\"text-align: justify;\">Para la gesti\u00f3n de la publicidad de Weblogs SL se utilizan herramientas de servicio de publicidad (<a href=\"http:\/\/es.wikipedia.org\/wiki\/Adserver\">Adservers \u2013 http:\/\/es.wikipedia.org\/wiki\/Adserver\u201d)<\/a> de terceros. Estos terceros pueden almacenar cookies enviadas desde las webs de Weblogs SL procedentes de los navegadores de los usuarios, as\u00ed como acceder a los datos que en ellas se guardan.<\/p>\n<p style=\"text-align: justify;\">Las empresas que generan estas Cookies tienen sus propias pol\u00edticas de privacidad.<\/p>\n<p style=\"text-align: justify;\">En la actualidad, Weblogs SL utiliza la plataforma Doubleclick de Google para gestionar estos servicios. Para m\u00e1s informaci\u00f3n, acuda a <a href=\"http:\/\/www.google.es\/policies\/privacy\/ads\/#toc-doubleclick\">http:\/\/www.google.es\/policies\/privacy\/ads\/#toc-doubleclick<\/a> y a <a href=\"http:\/\/www.google.es\/policies\/privacy\/ads\/\">http:\/\/www.google.es\/policies\/privacy\/ads\/<\/a>.<\/p>\n<h2 style=\"text-align: justify;\">C\u00f3mo deshabilitar las cookies en el navegador<\/h2>\n<p style=\"text-align: justify;\">La mayor\u00eda de navegadores actualmente permiten al usuario configurar si desean aceptar cookies y cu\u00e1les de ellas. Estos ajustes normalmente se encuentra en las \u2018opciones\u2019 o \u2018Preferencias\u2019 del men\u00fa de su navegador.<\/p>\n<p style=\"text-align: justify;\">Estas son las instrucciones para configurar las cookies en los principales navegadores:<\/p>\n<ul>\n<li style=\"text-align: justify;\"><strong>Chrome:<\/strong> Configuraci\u00f3n -&gt; Mostrar opciones avanzadas -&gt; Privacidad -&gt; Configuraci\u00f3n de contenido. Para m\u00e1s informaci\u00f3n, puede consultar el soporte de Google o la Ayuda del navegador.<\/li>\n<li style=\"text-align: justify;\"><strong>Firefox:<\/strong> Herramientas -&gt; Opciones -&gt; Privacidad -&gt; Historial -&gt; Configuraci\u00f3n Personalizada. Para m\u00e1s informaci\u00f3n, puede consultar el soporte de Mozilla o la Ayuda del navegador.<\/li>\n<li style=\"text-align: justify;\"><strong>Internet Explorer:<\/strong> Herramientas -&gt; Opciones de Internet -&gt; Privacidad -&gt; Configuraci\u00f3n. Para m\u00e1s informaci\u00f3n, puede consultar el soporte de Microsoft o la Ayuda del navegador.<\/li>\n<li style=\"text-align: justify;\"><strong>Safari:<\/strong> Preferencias -&gt; Seguridad. Para m\u00e1s informaci\u00f3n, puede consultar el soporte de Apple o la Ayuda del navegador.<\/li>\n<\/ul>\n","protected":false},"excerpt":{"rendered":"<p>Qu\u00e9 son las cookies y por qu\u00e9 las utilizamos en 3Dnatives Una cookie es un fichero que se descarga en el dispositivo del usuario al acceder a determinadas p\u00e1ginas web para almacenar y recuperar informaci\u00f3n sobre la navegaci\u00f3n que se&hellip;<\/p>\n","protected":false},"author":5,"featured_media":0,"parent":0,"menu_order":0,"comment_status":"closed","ping_status":"closed","template":"","meta":{"_acf_changed":false,"content-type":"","footnotes":""},"class_list":["post-7049","page","type-page","status-publish","hentry"],"acf":[],"_links":{"self":[{"href":"https:\/\/www.3dnatives.com\/es\/wp-json\/wp\/v2\/pages\/7049","targetHints":{"allow":["GET"]}}],"collection":[{"href":"https:\/\/www.3dnatives.com\/es\/wp-json\/wp\/v2\/pages"}],"about":[{"href":"https:\/\/www.3dnatives.com\/es\/wp-json\/wp\/v2\/types\/page"}],"author":[{"embeddable":true,"href":"https:\/\/www.3dnatives.com\/es\/wp-json\/wp\/v2\/users\/5"}],"replies":[{"embeddable":true,"href":"https:\/\/www.3dnatives.com\/es\/wp-json\/wp\/v2\/comments?post=7049"}],"version-history":[{"count":2,"href":"https:\/\/www.3dnatives.com\/es\/wp-json\/wp\/v2\/pages\/7049\/revisions"}],"predecessor-version":[{"id":7100,"href":"https:\/\/www.3dnatives.com\/es\/wp-json\/wp\/v2\/pages\/7049\/revisions\/7100"}],"wp:attachment":[{"href":"https:\/\/www.3dnatives.com\/es\/wp-json\/wp\/v2\/media?parent=7049"}],"curies":[{"name":"wp","href":"https:\/\/api.w.org\/{rel}","templated":true}]}}