{"id":61,"date":"2015-04-20T15:23:41","date_gmt":"2015-04-20T13:23:41","guid":{"rendered":"https:\/\/www.3dnatives.com\/es\/?page_id=61"},"modified":"2025-09-16T13:46:00","modified_gmt":"2025-09-16T11:46:00","slug":"prensa","status":"publish","type":"page","link":"https:\/\/www.3dnatives.com\/es\/prensa\/","title":{"rendered":"Prensa y comunicaci\u00f3n"},"content":{"rendered":"<div class=\"one withsmallpadding ppb_header \" style=\"text-align: left; padding: 30px 0 30px 0;\">\n<div class=\"standard_wrapper\">\n<div class=\"page_content_wrapper\">\n<div class=\"inner\">\n<div style=\"margin: auto; width: 100%;\">\n<h2 class=\"ppb_title\">3Dnatives, el primer medio digital consagrado a la impresi\u00f3n 3D<\/h2>\n<div class=\"ppb_header_content\">\n<p style=\"text-align: justify;\">3Dnatives, fundada por Marc Pfohl y Alexandre Martel es la mayor agencia de medios internacional sobre impresi\u00f3n 3D y sus aplicaciones. Con su an\u00e1lisis de mercado, 3Dnatives recibe m\u00e1s de <strong>1.000.000 visitas al mes<\/strong> y actualmente est\u00e1 disponible en ingl\u00e9s, franc\u00e9s, espa\u00f1ol y alem\u00e1n. Trabajamos con actores clave del mercado de fabricaci\u00f3n aditiva y ofrecemos una variedad de servicios, como\u00a0consultor\u00eda B2B, contenido de marca B2B, gesti\u00f3n de eventos y mucho m\u00e1s.<\/p>\n<p style=\"text-align: justify;\">3Dnatives es el el sitio web con el\u00a0<a href=\"\/es\/directorio-impresion-3d\/\">primer directorio\u00a0de la impresi\u00f3n 3D<\/a> agrupando los principales actores, empresas, distribuidores y sitios de servicio de la industria 3D.<\/p>\n<p style=\"text-align: justify;\">El \u00fanico sitio en espa\u00f1ol que agrupa los principales eventos relacionados con la industria de la fabricaci\u00f3n aditiva en nuestra <a href=\"\/es\/eventos\/\">agenda<\/a>. Si adem\u00e1s de estar interesado en las tecnolog\u00edas 3D buscas desarrollarte en esta industria 3Dnatives publica semanalmente las mejores <a href=\"\/es\/oferta\/\">ofertas de empleo<\/a> que relacionan la impresi\u00f3n 3D con otras industrias.<\/p>\n<\/div>\n<\/div>\n<\/div>\n<\/div>\n<\/div>\n<\/div>\n<div class=\"one withsmallpadding ppb_text\" style=\"padding: 30px 0 30px 0;\">\n<div class=\"standard_wrapper\">\n<div class=\"page_content_wrapper\">\n<div class=\"inner\">\n<div style=\"margin: auto; width: 100%;\">\n<h4>\u00a0Logos de 3Dnatives :<\/h4>\n<p><a href=\"https:\/\/www.3dnatives.com\/es\/wp-content\/uploads\/sites\/4\/3Dnatives2017_ES_550x172.png\" target=\"_blank\" rel=\"noopener noreferrer\"><img loading=\"lazy\" decoding=\"async\" class=\"alignnone wp-image-8405\" src=\"https:\/\/www.3dnatives.com\/es\/wp-content\/uploads\/sites\/4\/3Dnatives2017_ES_550x172.png\" alt=\"\" width=\"450\" height=\"140\" srcset=\"https:\/\/www.3dnatives.com\/es\/wp-content\/uploads\/sites\/4\/3Dnatives2017_ES_550x172.png 550w, https:\/\/www.3dnatives.com\/es\/wp-content\/uploads\/sites\/4\/3Dnatives2017_ES_550x172-300x93.png 300w, https:\/\/www.3dnatives.com\/es\/wp-content\/uploads\/sites\/4\/3Dnatives2017_ES_550x172-160x50.png 160w\" sizes=\"auto, (max-width: 450px) 100vw, 450px\" \/><\/a>\u00a0 \u00a0 \u00a0 \u00a0 \u00a0\u00a0<a href=\"https:\/\/www.3dnatives.com\/es\/wp-content\/uploads\/sites\/4\/logo_3Dnatives2017_carre.png\" target=\"_blank\" rel=\"noopener noreferrer\"><img loading=\"lazy\" decoding=\"async\" class=\"alignnone wp-image-8586\" src=\"https:\/\/www.3dnatives.com\/es\/wp-content\/uploads\/sites\/4\/logo_3Dnatives2017_carre-300x270.png\" alt=\"\" width=\"156\" height=\"140\" \/><\/a><\/p>\n<h4><strong>3Dnatives en los medios :<\/strong><\/h4>\n<table style=\"height: 255px;\" width=\"924\">\n<tbody>\n<tr>\n<td><strong>08\/10\/2020<\/strong><\/td>\n<td><a href=\"https:\/\/www.eldiario.es\/edcreativo\/additiv-digital-feria-virtual-profesionales-impresion-3d-espana_1_6205947.html\" target=\"_blank\" rel=\"noopener noreferrer\"><strong>ADDITIV Digital, la feria virtual de la impresi\u00f3n 3D<\/strong><\/a><\/td>\n<td><\/td>\n<td><strong>El Diario<\/strong><\/td>\n<td><img loading=\"lazy\" decoding=\"async\" class=\"aligncenter wp-image-49861\" src=\"https:\/\/www.3dnatives.com\/es\/wp-content\/uploads\/sites\/4\/download-1.png\" alt=\"\" width=\"146\" height=\"69\" \/><\/td>\n<\/tr>\n<tr>\n<td><strong>05\/10\/2020<\/strong><\/td>\n<td><a href=\"https:\/\/www.telecinco.es\/informativos\/salud\/respiradores-viseras-vacunas-batalla-coronavirus_18_3020595376.html\" target=\"_blank\" rel=\"noopener noreferrer\"><strong>La tecnolog\u00eda 3D contra el coronavirus<\/strong><\/a><\/td>\n<td><\/td>\n<td><strong>Informativos Telecinco<\/strong><\/td>\n<td><img loading=\"lazy\" decoding=\"async\" class=\"wp-image-49862 aligncenter\" src=\"https:\/\/www.3dnatives.com\/es\/wp-content\/uploads\/sites\/4\/informativo-tele5-640x320-1-e1607355843747.jpg\" alt=\"\" width=\"146\" height=\"56\" srcset=\"https:\/\/www.3dnatives.com\/es\/wp-content\/uploads\/sites\/4\/informativo-tele5-640x320-1-e1607355843747.jpg 528w, https:\/\/www.3dnatives.com\/es\/wp-content\/uploads\/sites\/4\/informativo-tele5-640x320-1-e1607355843747-160x61.jpg 160w\" sizes=\"auto, (max-width: 146px) 100vw, 146px\" \/><\/td>\n<\/tr>\n<tr>\n<td><strong>21\/07\/2020<\/strong><\/td>\n<td><a href=\"https:\/\/www.ondacero.es\/programas\/julia-en-la-onda\/programas-completos\/julia-en-la-onda-21072020_202007215f17228d8fbe650001d2b88d.html\" target=\"_blank\" rel=\"noopener noreferrer\"><strong>\u00a0La revoluci\u00f3n de la carne impresa en 3D<\/strong><\/a><\/td>\n<td><\/td>\n<td><strong>Onda Cero<\/strong><\/td>\n<td><img loading=\"lazy\" decoding=\"async\" class=\"wp-image-49863 aligncenter\" src=\"https:\/\/www.3dnatives.com\/es\/wp-content\/uploads\/sites\/4\/Onda_Cero_logo.png\" alt=\"\" width=\"107\" height=\"57\" srcset=\"https:\/\/www.3dnatives.com\/es\/wp-content\/uploads\/sites\/4\/Onda_Cero_logo.png 450w, https:\/\/www.3dnatives.com\/es\/wp-content\/uploads\/sites\/4\/Onda_Cero_logo-160x85.png 160w\" sizes=\"auto, (max-width: 107px) 100vw, 107px\" \/><\/td>\n<\/tr>\n<tr>\n<td><strong>16\/10\/2016<\/strong><\/td>\n<td><a href=\"http:\/\/www.elmundo.es\/ciencia\/2016\/10\/16\/58025990e2704e231c8b462e.html\" target=\"_blank\" rel=\"noopener noreferrer\"><strong>El futuro se imprime en 3D\u00a0<\/strong><\/a><\/td>\n<td><\/td>\n<td>\u00a0<strong>El Mundo<\/strong><\/td>\n<td><img loading=\"lazy\" decoding=\"async\" class=\"aligncenter wp-image-6452\" src=\"https:\/\/www.3dnatives.com\/es\/wp-content\/uploads\/sites\/4\/logo_el_mundo.jpg\" alt=\"\" width=\"89\" height=\"40\" srcset=\"https:\/\/www.3dnatives.com\/es\/wp-content\/uploads\/sites\/4\/logo_el_mundo.jpg 787w, https:\/\/www.3dnatives.com\/es\/wp-content\/uploads\/sites\/4\/logo_el_mundo-300x136.jpg 300w, https:\/\/www.3dnatives.com\/es\/wp-content\/uploads\/sites\/4\/logo_el_mundo-768x347.jpg 768w, https:\/\/www.3dnatives.com\/es\/wp-content\/uploads\/sites\/4\/logo_el_mundo-160x72.jpg 160w\" sizes=\"auto, (max-width: 89px) 100vw, 89px\" \/><\/td>\n<\/tr>\n<\/tbody>\n<\/table>\n<\/div>\n<\/div>\n<\/div>\n<\/div>\n<\/div>\n","protected":false},"excerpt":{"rendered":"<p>3Dnatives, el primer medio digital consagrado a la impresi\u00f3n 3D 3Dnatives, fundada por Marc Pfohl y Alexandre Martel es la mayor agencia de medios internacional sobre impresi\u00f3n 3D y sus aplicaciones. Con su an\u00e1lisis de mercado, 3Dnatives recibe m\u00e1s de&hellip;<\/p>\n","protected":false},"author":5,"featured_media":0,"parent":0,"menu_order":0,"comment_status":"open","ping_status":"closed","template":"","meta":{"_acf_changed":false,"content-type":"","footnotes":""},"class_list":["post-61","page","type-page","status-publish","hentry"],"acf":[],"_links":{"self":[{"href":"https:\/\/www.3dnatives.com\/es\/wp-json\/wp\/v2\/pages\/61","targetHints":{"allow":["GET"]}}],"collection":[{"href":"https:\/\/www.3dnatives.com\/es\/wp-json\/wp\/v2\/pages"}],"about":[{"href":"https:\/\/www.3dnatives.com\/es\/wp-json\/wp\/v2\/types\/page"}],"author":[{"embeddable":true,"href":"https:\/\/www.3dnatives.com\/es\/wp-json\/wp\/v2\/users\/5"}],"replies":[{"embeddable":true,"href":"https:\/\/www.3dnatives.com\/es\/wp-json\/wp\/v2\/comments?post=61"}],"version-history":[{"count":6,"href":"https:\/\/www.3dnatives.com\/es\/wp-json\/wp\/v2\/pages\/61\/revisions"}],"predecessor-version":[{"id":83902,"href":"https:\/\/www.3dnatives.com\/es\/wp-json\/wp\/v2\/pages\/61\/revisions\/83902"}],"wp:attachment":[{"href":"https:\/\/www.3dnatives.com\/es\/wp-json\/wp\/v2\/media?parent=61"}],"curies":[{"name":"wp","href":"https:\/\/api.w.org\/{rel}","templated":true}]}}