{"id":5865,"date":"2016-11-16T17:25:17","date_gmt":"2016-11-16T15:25:17","guid":{"rendered":"https:\/\/www.3dnatives.com\/es\/?page_id=5865"},"modified":"2025-03-31T15:40:17","modified_gmt":"2025-03-31T13:40:17","slug":"newsletter-impresion-3d","status":"publish","type":"page","link":"https:\/\/www.3dnatives.com\/es\/newsletter-impresion-3d\/","title":{"rendered":"Newsletter de la impresi\u00f3n 3D"},"content":{"rendered":"<p style=\"text-align: justify;\">Para seguir todas las novedades de la impresi\u00f3n 3D y la fabricaci\u00f3n aditiva, inscr\u00edbete a la newsletter semanal de 3Dnatives. Cada mi\u00e9rcoles, recibir\u00e1s agrupadas las novedades que marcaron los \u00faltimos d\u00edas en el mundo de la impresi\u00f3n 3D. Reportajes, entrevistas, tests, eventos&#8230; \u00a1No te pierdas las innovaciones dentro de tu sector!<\/p>\n\n","protected":false},"excerpt":{"rendered":"<p>Para seguir todas las novedades de la impresi\u00f3n 3D y la fabricaci\u00f3n aditiva, inscr\u00edbete a la newsletter semanal de 3Dnatives. Cada mi\u00e9rcoles, recibir\u00e1s agrupadas las novedades que marcaron los \u00faltimos d\u00edas en el mundo de la impresi\u00f3n 3D. Reportajes, entrevistas,&hellip;<\/p>\n","protected":false},"author":6026,"featured_media":30774,"parent":0,"menu_order":0,"comment_status":"closed","ping_status":"closed","template":"","meta":{"_acf_changed":false,"content-type":"","footnotes":""},"class_list":["post-5865","page","type-page","status-publish","has-post-thumbnail","hentry"],"acf":[],"_links":{"self":[{"href":"https:\/\/www.3dnatives.com\/es\/wp-json\/wp\/v2\/pages\/5865","targetHints":{"allow":["GET"]}}],"collection":[{"href":"https:\/\/www.3dnatives.com\/es\/wp-json\/wp\/v2\/pages"}],"about":[{"href":"https:\/\/www.3dnatives.com\/es\/wp-json\/wp\/v2\/types\/page"}],"author":[{"embeddable":true,"href":"https:\/\/www.3dnatives.com\/es\/wp-json\/wp\/v2\/users\/6026"}],"replies":[{"embeddable":true,"href":"https:\/\/www.3dnatives.com\/es\/wp-json\/wp\/v2\/comments?post=5865"}],"version-history":[{"count":3,"href":"https:\/\/www.3dnatives.com\/es\/wp-json\/wp\/v2\/pages\/5865\/revisions"}],"predecessor-version":[{"id":81059,"href":"https:\/\/www.3dnatives.com\/es\/wp-json\/wp\/v2\/pages\/5865\/revisions\/81059"}],"wp:featuredmedia":[{"embeddable":true,"href":"https:\/\/www.3dnatives.com\/es\/wp-json\/wp\/v2\/media\/30774"}],"wp:attachment":[{"href":"https:\/\/www.3dnatives.com\/es\/wp-json\/wp\/v2\/media?parent=5865"}],"curies":[{"name":"wp","href":"https:\/\/api.w.org\/{rel}","templated":true}]}}