{"id":58,"date":"2015-04-20T14:20:02","date_gmt":"2015-04-20T12:20:02","guid":{"rendered":"https:\/\/www.3dnatives.com\/es\/?page_id=58"},"modified":"2024-09-16T10:07:25","modified_gmt":"2024-09-16T08:07:25","slug":"contacto","status":"publish","type":"page","link":"https:\/\/www.3dnatives.com\/es\/contacto\/","title":{"rendered":"Contacto"},"content":{"rendered":"\r\n<h3 class=\"wp-block-heading\" style=\"text-align: justify;\">Ponte en contacto con el equipo de 3Dnatives<\/h3>\r\n\r\n\r\n\r\n<p style=\"text-align: justify;\">\u00bfEres periodista o blogger? \u00bfTienes un proyecto relacionado con la impresi\u00f3n 3D, y quieres alg\u00fan consejo? \u00bfNecesitas informaci\u00f3n sobre lo \u00faltimo en impresi\u00f3n 3D? \u00bfEres un apasionado de la impresi\u00f3n 3D y quisieras unirte a nuestro equipo? No dudes en contactarnos si tienes alguna pregunta o sugerencia. Para cualquier cuesti\u00f3n, rellena el siguiente formulario o escr\u00edbenos a <span \n                data-original-string='ZHMT+F8g0ArXQw72nRR2pA==58dnZqkysPcEHge1tTmvMWgeAAScZ3R4eJDkP5BtnGdPBc='\n                class='apbct-email-encoder'\n                title='Este contacto ha sido codificado por Anti-Spam by CleanTalk. Haz clic para decodificar. Para finalizar la decodificaci\u00f3n, aseg\u00farate de que JavaScript est\u00e1 activado en tu navegador.'>co<span class=\"apbct-blur\">******<\/span>@<span class=\"apbct-blur\">*******<\/span>es.com<\/span>:<\/p>\r\n\r\n\r\n\t<form method=\"post\" action=\"\" id=\"contact-form\">\n\t\t<input type=\"hidden\" name=\"contact_key\" id=\"contact_key\" value=\"e997ae4770\" \/>\n\t\t\n\t\t<div class=\"row\">\n\t\t\t<div class=\"input-field col s12 m6\">\n\t\t\t\t<input id=\"first_name\" name=\"first_name\" type=\"text\" required=\"required\">\n\t\t\t\t<label for=\"first_name\">Nombre <span class=\"required\">*<\/span><\/label>\n\t\t\t<\/div>\n\t\t\t<div class=\"input-field col s12 m6\">\n\t\t\t\t<input id=\"last_name\" name=\"last_name\" type=\"text\" required=\"required\">\n\t\t\t\t<label for=\"last_name\">Apellido <span class=\"required\">*<\/span><\/label>\n\t\t\t<\/div>\n\t\t<\/div>\n\t\t\n\t\t<div class=\"row\">\n\t\t\t<div class=\"input-field col s12 m8\">\n\t\t\t\t<input id=\"email\" name=\"email\" type=\"email\" required=\"required\">\n\t\t\t\t<label for=\"email\">Email <span class=\"required\">*<\/span><\/label>\n\t\t\t<\/div>\n\t\t\t<div class=\"input-field col s12 m4\">\n\t\t\t\t<input id=\"phone\" name=\"phone\" type=\"tel\">\n\t\t\t\t<label for=\"phone\">Tel\u00e9fono<\/label>\n\t\t\t<\/div>\n\t\t<\/div>\t\t\n\t\t\n\t\t<div class=\"row\">\n\t\t\t<div class=\"input-field col s12\">\n\t\t\t\t<textarea id=\"request\" name=\"request\" class=\"materialize-textarea\" required=\"required\"><\/textarea>\n\t\t\t\t<label for=\"request\">Tu mensaje <span class=\"required\">*<\/span><\/label>\n\t\t\t<\/div>\n\t\t<\/div>\n\t\t\n\t\t<div class=\"row\">\n\t\t\t<div class=\"col s12\">\n\t\t\t\t<p class=\"rgpd-info\">\n\t\t\t\t\t<label>\n\t\t\t\t\t\t<input type=\"checkbox\" name=\"rgpd_acceptance\" id=\"rgpd_acceptance\" \/>\n\t\t\t\t\t\t<span>Al usar este formulario, autorizas a usar la informaci\u00f3n provista con el \u00fanico prop\u00f3sito de brindarle la respuesta correcta. No ser\u00e1n comunicados a terceros. Conoce m\u00e1s sobre nuestra <a href=\u201chttps:\/\/www.3dnatives.com\/es\/aviso-legal\/\u201d> pol\u00edtica de privacidad <\/a>.<\/span>\n\t\t\t\t\t<\/label>\n\t\t\t\t<\/p>\n\t\t\t<\/div>\n\t\t<\/div>\n\t\t\n\t\t<div class=\"row\">\n\t\t\t<div class=\"col s12\">\n\t\t\t\t<button type=\"submit\" class=\"btn submit\">Enviar<\/button>\n\t\t\t<\/div>\n\t\t\t<div class=\"col s12 response center-align\"><\/div>\n\t\t<\/div>\n\t\t\t\t\n\t<\/form>\n\t\n","protected":false},"excerpt":{"rendered":"<p>Ponte en contacto con el equipo de 3Dnatives \u00bfEres periodista o blogger? \u00bfTienes un proyecto relacionado con la impresi\u00f3n 3D, y quieres alg\u00fan consejo? \u00bfNecesitas informaci\u00f3n sobre lo \u00faltimo en impresi\u00f3n 3D? \u00bfEres un apasionado de la impresi\u00f3n 3D y&hellip;<\/p>\n","protected":false},"author":5,"featured_media":0,"parent":0,"menu_order":0,"comment_status":"closed","ping_status":"closed","template":"","meta":{"_acf_changed":false,"content-type":"","footnotes":""},"class_list":["post-58","page","type-page","status-publish","hentry"],"acf":[],"_links":{"self":[{"href":"https:\/\/www.3dnatives.com\/es\/wp-json\/wp\/v2\/pages\/58","targetHints":{"allow":["GET"]}}],"collection":[{"href":"https:\/\/www.3dnatives.com\/es\/wp-json\/wp\/v2\/pages"}],"about":[{"href":"https:\/\/www.3dnatives.com\/es\/wp-json\/wp\/v2\/types\/page"}],"author":[{"embeddable":true,"href":"https:\/\/www.3dnatives.com\/es\/wp-json\/wp\/v2\/users\/5"}],"replies":[{"embeddable":true,"href":"https:\/\/www.3dnatives.com\/es\/wp-json\/wp\/v2\/comments?post=58"}],"version-history":[{"count":3,"href":"https:\/\/www.3dnatives.com\/es\/wp-json\/wp\/v2\/pages\/58\/revisions"}],"predecessor-version":[{"id":77429,"href":"https:\/\/www.3dnatives.com\/es\/wp-json\/wp\/v2\/pages\/58\/revisions\/77429"}],"wp:attachment":[{"href":"https:\/\/www.3dnatives.com\/es\/wp-json\/wp\/v2\/media?parent=58"}],"curies":[{"name":"wp","href":"https:\/\/api.w.org\/{rel}","templated":true}]}}