{"id":46150,"date":"2020-06-10T14:41:05","date_gmt":"2020-06-10T12:41:05","guid":{"rendered":"https:\/\/www.3dnatives.com\/es\/?page_id=46150"},"modified":"2024-12-03T18:07:24","modified_gmt":"2024-12-03T17:07:24","slug":"webinars-de-impresion-3d","status":"publish","type":"page","link":"https:\/\/www.3dnatives.com\/es\/webinars-de-impresion-3d\/","title":{"rendered":"Webinars de impresi\u00f3n 3D"},"content":{"rendered":"<p class=\"p1\" style=\"text-align: justify;\">A lo largo del a\u00f1o, 3Dnatives ofrece una serie de webinars sobre diferentes temas relacionados con la impresi\u00f3n 3D, con el objetivo de llegar a comprender mejor los desaf\u00edos que presenta esta tecnolog\u00eda. A trav\u00e9s de expertos de diferentes empresas, veremos c\u00f3mo se puede utilizar la <a href=\"https:\/\/www.3dnatives.com\/es\/tecnologias-3d\/\">fabricaci\u00f3n aditiva<\/a>, cu\u00e1les son sus ventajas clave y sus perspectivas de <a href=\"https:\/\/www.3dnatives.com\/es\/fabricacion-aditiva-industrial-190320192\/\" target=\"_blank\" rel=\"noopener noreferrer\">futuro<\/a>. \u00a1Encuentra a continuaci\u00f3n las repeticiones de los \u00faltimos webinars sobre impresi\u00f3n 3D de 3Dnatives!<\/p>\n","protected":false},"excerpt":{"rendered":"<p>A lo largo del a\u00f1o, 3Dnatives ofrece una serie de webinars sobre diferentes temas relacionados con la impresi\u00f3n 3D, con el objetivo de llegar a comprender mejor los desaf\u00edos que presenta esta tecnolog\u00eda. A trav\u00e9s de expertos de diferentes empresas,&hellip;<\/p>\n","protected":false},"author":6026,"featured_media":0,"parent":0,"menu_order":0,"comment_status":"closed","ping_status":"closed","template":"webinars.php","meta":{"_acf_changed":false,"content-type":"","footnotes":""},"class_list":["post-46150","page","type-page","status-publish","hentry"],"acf":[],"_links":{"self":[{"href":"https:\/\/www.3dnatives.com\/es\/wp-json\/wp\/v2\/pages\/46150","targetHints":{"allow":["GET"]}}],"collection":[{"href":"https:\/\/www.3dnatives.com\/es\/wp-json\/wp\/v2\/pages"}],"about":[{"href":"https:\/\/www.3dnatives.com\/es\/wp-json\/wp\/v2\/types\/page"}],"author":[{"embeddable":true,"href":"https:\/\/www.3dnatives.com\/es\/wp-json\/wp\/v2\/users\/6026"}],"replies":[{"embeddable":true,"href":"https:\/\/www.3dnatives.com\/es\/wp-json\/wp\/v2\/comments?post=46150"}],"version-history":[{"count":3,"href":"https:\/\/www.3dnatives.com\/es\/wp-json\/wp\/v2\/pages\/46150\/revisions"}],"predecessor-version":[{"id":78965,"href":"https:\/\/www.3dnatives.com\/es\/wp-json\/wp\/v2\/pages\/46150\/revisions\/78965"}],"wp:attachment":[{"href":"https:\/\/www.3dnatives.com\/es\/wp-json\/wp\/v2\/media?parent=46150"}],"curies":[{"name":"wp","href":"https:\/\/api.w.org\/{rel}","templated":true}]}}