{"id":40230,"date":"2019-08-01T19:00:39","date_gmt":"2019-08-01T17:00:39","guid":{"rendered":"https:\/\/www.3dnatives.com\/es\/?page_id=40230"},"modified":"2020-06-18T08:38:47","modified_gmt":"2020-06-18T06:38:47","slug":"nueva-oferta-de-empleo","status":"publish","type":"page","link":"https:\/\/www.3dnatives.com\/es\/nueva-oferta-de-empleo\/","title":{"rendered":"Nueva Oferta de Empleo"},"content":{"rendered":"\t<form method=\"post\" action=\"\" id=\"new-job-offer-form\">\n\t\t<input type=\"hidden\" name=\"new_job_offer\" id=\"new_job_offer\" value=\"c47a1d6568\" \/>\n\t\t\n\t\t<div class=\"row\">\n\t\t\t<div class=\"col s12\">\n\t\t\t\t<h4>Sobre ti <small>Informaci\u00f3n de contacto, no ser\u00e1n publicados<\/small><\/h4>\n\t\t\t<\/div>\n\t\t\t<div class=\"input-field col s12 m8 icon name\">\n\t\t\t\t<input id=\"author_name\" name=\"author_name\" type=\"text\" required=\"required\">\n\t\t\t\t<label for=\"author_name\">Tu nombre <span class=\"required\">*<\/span><\/label>\n\t\t\t<\/div>\n\t\t\t<div class=\"input-field col s12 m4 icon email\">\n\t\t\t\t<input id=\"author_email\" name=\"author_email\" type=\"email\" required=\"required\">\n\t\t\t\t<label for=\"author_email\">Tu correo electr\u00f3nico <span class=\"required\">*<\/span><\/label>\n\t\t\t<\/div>\n\t\t<\/div>\n\t\t\n\t\t<div class=\"row\">\n\t\t\t<div class=\"col s12\">\n\t\t\t\t<h4>Sobre tu empresa<\/h4>\n\t\t\t<\/div>\n\t\t\t<div class=\"col s12\">\n\t\t\t\t<div class=\"row\">\n\t\t\t\t\t<div class=\"col s12 m8\">\n\t\t\t\t\t\t<div class=\"row\">\n\t\t\t\t\t\t\t<div class=\"input-field col s12 icon company\">\n\t\t\t\t\t\t\t\t<input id=\"company_name\" name=\"company_name\" type=\"text\" required=\"required\">\n\t\t\t\t\t\t\t\t<label for=\"first_name\">Nombre de la empresa <span class=\"required\">*<\/span><\/label>\n\t\t\t\t\t\t\t<\/div>\n\t\t\t\t\t\t\t<div class=\"input-field col s12 m6 icon website\">\n\t\t\t\t\t\t\t\t<input id=\"company_website\" name=\"company_website\" type=\"url\" required=\"required\">\n\t\t\t\t\t\t\t\t<label for=\"company_website\">Sitio web de la empresa <span class=\"required\">*<\/span><\/label>\n\t\t\t\t\t\t\t<\/div>\n\t\t\t\t\t\t\t<div class=\"input-field col s12 m6 icon linkedin\">\n\t\t\t\t\t\t\t\t<input id=\"linkedin_url\" name=\"linkedin_url\" type=\"text\">\n\t\t\t\t\t\t\t\t<label for=\"linkedin_url\">LinkedIn<\/label>\n\t\t\t\t\t\t\t<\/div>\n\t\t\t\t\t\t<\/div>\n\t\t\t\t\t<\/div>\n\t\t\t\t\t<div class=\"col s12 m4\">\n\t\t\t\t\t\t<div class=\"logo-wrapper\">\n\t\t\t\t\t\t\t<label for=\"company_logo\">Logo de la empresa (archivo jpg o png) 500 Ko m\u00e1x<\/label>\n\t\t\t\t\t\t\t<input type=\"file\" name=\"company_logo\" id=\"company_logo\" value=\"\" class=\"dropify\" data-max-file-size=\"500K\" \/>\n\t\t\t\t\t\t<\/div>\n\t\t\t\t\t<\/div>\n\t\t\t\t<\/div>\n\t\t\t<\/div>\n\t\t<\/div>\n\t\t\n\t\t<div class=\"row\">\n\t\t\t<div class=\"col s12\">\n\t\t\t\t<h4>Sobre la oferta<\/h4>\n\t\t\t<\/div>\n\t\t\t<div class=\"input-field col s12 icon job\">\n\t\t\t\t<input id=\"job_title\" name=\"job_title\" type=\"text\" required=\"required\">\n\t\t\t\t<label for=\"job_title\">T\u00edtulo del empleo <span class=\"required\">*<\/span><\/label>\n\t\t\t<\/div>\n\t\t\t<div class=\"col s12 m4\">\n\t\t\t\t<h5>Tipo de contrato<\/h5>\n\t\t\t\t<p class=\"job-types\"><label><input type=\"checkbox\" value=\"5\" name=\"job_type[]\" \/> <span>Freelance<\/span><\/label><label><input type=\"checkbox\" value=\"434\" name=\"job_type[]\" \/> <span>H\u00edbrido<\/span><\/label><label><input type=\"checkbox\" value=\"2\" name=\"job_type[]\" \/> <span>Jornada completa<\/span><\/label><label><input type=\"checkbox\" value=\"3\" name=\"job_type[]\" \/> <span>Jornada parcial<\/span><\/label><label><input type=\"checkbox\" value=\"6\" name=\"job_type[]\" \/> <span>Pr\u00e1cticas<\/span><\/label><\/p>\n\t\t\t<\/div>\n\t\t\t<div class=\"col s12 m8\">\n\t\t\t\t<div class=\"row\">\n\t\t\t\t\t<div class=\"input-field col s12 m6 icon address\">\n\t\t\t\t\t\t<input id=\"job_location\" name=\"job_location\" type=\"text\" required=\"required\">\n\t\t\t\t\t\t<label for=\"job_location\">Ubicaci\u00f3n del empleo <span class=\"required\">*<\/span><\/label>\n\t\t\t\t\t\t<span class=\"helper-text\">Ciudad, estado, pa\u00eds o direcci\u00f3n completa<\/span>\n\t\t\t\t\t<\/div>\n\t\t\t\t\t<div class=\"input-field col s12 m6 icon website\">\n\t\t\t\t\t\t<input id=\"application_url\" name=\"application_url\" type=\"text\" required=\"required\">\n\t\t\t\t\t\t<label for=\"application_url\">URL o correo electr\u00f3nico de la aplicaci\u00f3n <span class=\"required\">*<\/span><\/label>\n\t\t\t\t\t<\/div>\n\t\t\t\t<\/div>\n\t\t\t<\/div>\n\t\t<\/div>\n\t\t\n\t\t<div class=\"row job-textareas\">\n\t\t\t<div class=\"col s12\">\n\t\t\t\t<h4>Descripci\u00f3n de la oferta de empleo<\/h4>\n\t\t\t\t<p>Por favor, da una descripci\u00f3n detallada en cada campo<\/p>\n\t\t\t<\/div>\n\t\t\t<div class=\"col s12 input-field icon write company-desc\">\n\t\t\t\t<textarea id=\"company_description\" name=\"company_description\" class=\"materialize-textarea\" required=\"required\"><\/textarea>\n\t\t\t\t<label for=\"company_description\">Descripci\u00f3n de la empresa<\/label>\n\t\t\t<\/div>\n\t\t\t<div class=\"col s12 input-field icon write\">\n\t\t\t\t<label for=\"mission\">Misi\u00f3n<\/label>\n\t\t\t\t<textarea id=\"mission\" name=\"mission\" class=\"materialize-textarea\" required=\"required\"><\/textarea>\n\t\t\t<\/div>\n\t\t\t<div class=\"col s12 input-field icon write\">\n\t\t\t\t<textarea id=\"profile\" name=\"profile\" class=\"materialize-textarea\" required=\"required\"><\/textarea>\n\t\t\t\t<label for=\"profile\">Perfil requerido<\/label>\n\t\t\t<\/div>\n\t\t<\/div>\n\t\t\n\t\t<div class=\"row\">\n\t\t\t<div class=\"col s12\">\n\t\t\t\t<p class=\"rgpd-info\">\n\t\t\t\t\t<label>\n\t\t\t\t\t\t<input type=\"checkbox\" name=\"rgpd_acceptance\" id=\"rgpd_acceptance\" \/>\n\t\t\t\t\t\t<span>Al usar este formulario, usted nos autoriza a usar la informaci\u00f3n provista con el \u00fanico prop\u00f3sito de publicar su oferta de trabajo en nuestro sitio web.<\/span>\n\t\t\t\t\t<\/label>\n\t\t\t\t<\/p>\n\t\t\t<\/div>\n\t\t\t<div class=\"col s12\">\n\t\t\t\t<p class=\"rgpd-info\">\n\t\t\t\t\t<label>\n\t\t\t\t\t\t<input type=\"checkbox\" name=\"habilitation\" id=\"habilitation\" \/>\n\t\t\t\t\t\t<span>Certifico que tengo suficiente autoridad en la empresa para solicitar esta publicaci\u00f3n.<\/span>\n\t\t\t\t\t<\/label>\n\t\t\t\t<\/p>\n\t\t\t<\/div>\n\t\t<\/div>\n\t\t\n\t\t<div class=\"row\">\n\t\t\t<div class=\"col s12\">\n\t\t\t\t<button type=\"submit\" class=\"btn\">Enviar oferta de trabajo<\/button>\n\t\t\t<\/div>\n\t\t\t<div class=\"col s12\">\n\t\t\t\t<div class=\"response\"><\/div>\n\t\t\t<\/div>\n\t\t<\/div>\n\t\t\n\t<\/form>\n\t\n","protected":false},"excerpt":{"rendered":"","protected":false},"author":5,"featured_media":0,"parent":0,"menu_order":0,"comment_status":"closed","ping_status":"closed","template":"","meta":{"_acf_changed":false,"content-type":"","footnotes":""},"class_list":["post-40230","page","type-page","status-publish","hentry"],"acf":[],"_links":{"self":[{"href":"https:\/\/www.3dnatives.com\/es\/wp-json\/wp\/v2\/pages\/40230","targetHints":{"allow":["GET"]}}],"collection":[{"href":"https:\/\/www.3dnatives.com\/es\/wp-json\/wp\/v2\/pages"}],"about":[{"href":"https:\/\/www.3dnatives.com\/es\/wp-json\/wp\/v2\/types\/page"}],"author":[{"embeddable":true,"href":"https:\/\/www.3dnatives.com\/es\/wp-json\/wp\/v2\/users\/5"}],"replies":[{"embeddable":true,"href":"https:\/\/www.3dnatives.com\/es\/wp-json\/wp\/v2\/comments?post=40230"}],"version-history":[{"count":2,"href":"https:\/\/www.3dnatives.com\/es\/wp-json\/wp\/v2\/pages\/40230\/revisions"}],"predecessor-version":[{"id":46492,"href":"https:\/\/www.3dnatives.com\/es\/wp-json\/wp\/v2\/pages\/40230\/revisions\/46492"}],"wp:attachment":[{"href":"https:\/\/www.3dnatives.com\/es\/wp-json\/wp\/v2\/media?parent=40230"}],"curies":[{"name":"wp","href":"https:\/\/api.w.org\/{rel}","templated":true}]}}