{"id":39374,"date":"2021-02-02T15:00:25","date_gmt":"2021-02-02T14:00:25","guid":{"rendered":"https:\/\/www.3dnatives.com\/es\/?page_id=39374"},"modified":"2023-02-28T12:33:03","modified_gmt":"2023-02-28T11:33:03","slug":"infografia-mercado-laboral-en-la-impresion-3d","status":"publish","type":"page","link":"https:\/\/www.3dnatives.com\/es\/infografia-mercado-laboral-en-la-impresion-3d\/","title":{"rendered":"Infograf\u00eda: El mercado laboral de la impresi\u00f3n 3D en 2022"},"content":{"rendered":"<p><img loading=\"lazy\" decoding=\"async\" class=\"wp-image-65229 size-full aligncenter\" src=\"https:\/\/www.3dnatives.com\/es\/wp-content\/uploads\/sites\/4\/ES.png\" alt=\"\" width=\"800\" height=\"3220\" srcset=\"https:\/\/www.3dnatives.com\/es\/wp-content\/uploads\/sites\/4\/ES.png 800w, https:\/\/www.3dnatives.com\/es\/wp-content\/uploads\/sites\/4\/ES-149x600.png 149w, https:\/\/www.3dnatives.com\/es\/wp-content\/uploads\/sites\/4\/ES-298x1200.png 298w, https:\/\/www.3dnatives.com\/es\/wp-content\/uploads\/sites\/4\/ES-768x3091.png 768w, https:\/\/www.3dnatives.com\/es\/wp-content\/uploads\/sites\/4\/ES-509x2048.png 509w, https:\/\/www.3dnatives.com\/es\/wp-content\/uploads\/sites\/4\/ES-160x644.png 160w\" sizes=\"auto, (max-width: 800px) 100vw, 800px\" \/><\/p>\n<p style=\"text-align: center;\">Descarga la infograf\u00eda en formato <a href=\"https:\/\/www.3dnatives.com\/es\/wp-content\/uploads\/sites\/4\/Infografia-mercado-laboral-2022.pdf\" target=\"_blank\" rel=\"noopener noreferrer\">PDF AQU\u00cd<\/a>.<\/p>\n<p style=\"text-align: justify;\">Si quieres obtener m\u00e1s informaci\u00f3n sobre nuestra infograf\u00eda, puedes consultar <a href=\"https:\/\/www.3dnatives.com\/es\/mercado-laboral-impresion-3d-2022-020320232\">este art\u00edculo<\/a>. Los expertos han descifrado los resultados obtenidos y entregado sus pron\u00f3sticos para el mercado laboral en la impresi\u00f3n 3D.<\/p>\n<p style=\"text-align: justify;\">\u00bfQu\u00e9 piensas del estudio realizado por 3Dnatives sobre el mercado laboral en la impresi\u00f3n 3D? Deja tus comentarios en nuestras redes sociales: <a href=\"https:\/\/www.facebook.com\/3Dnativeses\/?ref=hl\" target=\"_blank\" rel=\"noopener noreferrer\">Facebook<\/a>, <a href=\"https:\/\/twitter.com\/3Dnatives_ES\" target=\"_blank\" rel=\"noopener noreferrer\">Twitter<\/a>\u00a0y\u00a0<a href=\"https:\/\/www.3dnatives.com\/es\/feed\/\" target=\"_blank\" rel=\"noopener noreferrer\">RSS<\/a>. Sigue toda la informaci\u00f3n sobre impresi\u00f3n 3D en nuestra <a href=\"https:\/\/www.3dnatives.com\/es\/newsletter-impresion-3d\/\" target=\"_blank\" rel=\"noopener noreferrer\">Newsletter semanal<\/a>.<\/p><div class=\"dnati-inside_content\" id=\"dnati-3318009205\"><a data-no-instant=\"1\" href=\"https:\/\/app.swapcard.com\/event\/additiv-defense-2026\" rel=\"noopener\" class=\"a2t-link\" aria-label=\"LB\"><img loading=\"lazy\" decoding=\"async\" src=\"https:\/\/www.3dnatives.com\/es\/wp-content\/uploads\/sites\/4\/LB-17.gif\" alt=\"\"  width=\"850\" height=\"150\"   \/><\/a><\/div>\n","protected":false},"excerpt":{"rendered":"<p>Descarga la infograf\u00eda en formato PDF AQU\u00cd. Si quieres obtener m\u00e1s informaci\u00f3n sobre nuestra infograf\u00eda, puedes consultar este art\u00edculo. Los expertos han descifrado los resultados obtenidos y entregado sus pron\u00f3sticos para el mercado laboral en la impresi\u00f3n 3D. \u00bfQu\u00e9 piensas&hellip;<\/p>\n","protected":false},"author":6026,"featured_media":0,"parent":0,"menu_order":0,"comment_status":"closed","ping_status":"closed","template":"","meta":{"_acf_changed":false,"content-type":"","footnotes":""},"class_list":["post-39374","page","type-page","status-publish","hentry"],"acf":[],"_links":{"self":[{"href":"https:\/\/www.3dnatives.com\/es\/wp-json\/wp\/v2\/pages\/39374","targetHints":{"allow":["GET"]}}],"collection":[{"href":"https:\/\/www.3dnatives.com\/es\/wp-json\/wp\/v2\/pages"}],"about":[{"href":"https:\/\/www.3dnatives.com\/es\/wp-json\/wp\/v2\/types\/page"}],"author":[{"embeddable":true,"href":"https:\/\/www.3dnatives.com\/es\/wp-json\/wp\/v2\/users\/6026"}],"replies":[{"embeddable":true,"href":"https:\/\/www.3dnatives.com\/es\/wp-json\/wp\/v2\/comments?post=39374"}],"version-history":[{"count":3,"href":"https:\/\/www.3dnatives.com\/es\/wp-json\/wp\/v2\/pages\/39374\/revisions"}],"predecessor-version":[{"id":65231,"href":"https:\/\/www.3dnatives.com\/es\/wp-json\/wp\/v2\/pages\/39374\/revisions\/65231"}],"wp:attachment":[{"href":"https:\/\/www.3dnatives.com\/es\/wp-json\/wp\/v2\/media?parent=39374"}],"curies":[{"name":"wp","href":"https:\/\/api.w.org\/{rel}","templated":true}]}}