{"id":34768,"date":"2018-06-19T18:02:44","date_gmt":"2018-06-19T16:02:44","guid":{"rendered":"https:\/\/www.3dnatives.com\/es\/?page_id=34768"},"modified":"2021-04-27T16:19:13","modified_gmt":"2021-04-27T14:19:13","slug":"datos-personales","status":"publish","type":"page","link":"https:\/\/www.3dnatives.com\/es\/datos-personales\/","title":{"rendered":"Datos personales"},"content":{"rendered":"<p style=\"text-align: justify;\">No hemos ignorado la nueva regulaci\u00f3n sobre la protecci\u00f3n de la privacidad que entr\u00f3 en vigor el 25 de mayo de 2018. El Reglamento General de Protecci\u00f3n de Datos (RGPD) tiene como objetivo proteger a\u00fan m\u00e1s los datos personales de los usuarios con m\u00e1s transparencia y fiabilidad, siendo los datos personales todo lo que puede identificar a una persona f\u00edsica. <strong>En 3Dnatives, queremos crear este clima de confianza y queremos explicarte qu\u00e9 datos recopilamos, por qu\u00e9 y durante cu\u00e1nto tiempo.<\/strong><\/p>\n<p style=\"text-align: justify;\">Hoy tenemos una base de datos de correo electr\u00f3nico que corresponde a todos nuestros suscriptores de nuestra newsletter semanal de 3Dnatives. Recopilamos solo direcciones de correo electr\u00f3nico en este contexto. Se almacenan en la plataforma MailChimp de terceros (www.mailchimp.com) hasta que t\u00fa canceles la suscripci\u00f3n o elimines nuestro bolet\u00edn informativo. Puedes darte de baja en cualquier momento poni\u00e9ndote en contacto con la siguiente direcci\u00f3n: <span \n                data-original-string='9+p2EOuMa2moqZXggtP7kg==58dKTIyPBkiQRX50CdNfUDt8doiQ2sfNnWnC92PEhPGzOA='\n                class='apbct-email-encoder'\n                title='Este contacto ha sido codificado por Anti-Spam by CleanTalk. Haz clic para decodificar. Para finalizar la decodificaci\u00f3n, aseg\u00farate de que JavaScript est\u00e1 activado en tu navegador.'>rg<span class=\"apbct-blur\">**<\/span>@<span class=\"apbct-blur\">*******<\/span>es.com<\/span> o haciendo clic en el enlace para darte de baja al final de la newsletter. Ten en cuenta que no agregamos una direcci\u00f3n de correo electr\u00f3nico en nuestro bolet\u00edn sin el consentimiento previo del usuario. Es imprescindible registrarse <a href=\"https:\/\/www.3dnatives.com\/es\/newsletter-impresion-3d\/\" target=\"_blank\" rel=\"noopener noreferrer\">a trav\u00e9s de esta p\u00e1gina.<\/a><\/p>\n<p style=\"text-align: justify;\">Los datos tambi\u00e9n se pueden recopilar a trav\u00e9s del bolet\u00edn de noticias como su tasa de consulta por cada usuario registrado. Esta informaci\u00f3n ser\u00e1 recopilada por un sistema para registrar la apertura de los mensajes electr\u00f3nicos que contienen el bolet\u00edn informativo. Estos datos son generados y almacenados directamente por MailChimp (www.mailchimp.com).<\/p>\n<p style=\"text-align: justify;\">En 3Dnatives, tambi\u00e9n tenemos un archivo de clientes y prospectos de los anunciantes del sitio, que contiene los siguientes datos personales: direcciones de correo electr\u00f3nico, n\u00famero de tel\u00e9fono, nombre, apellidos y direcciones postales. Esta informaci\u00f3n se almacena en un documento de Microsoft Excel durante 3 a\u00f1os. \u00bfPor qu\u00e9 3 a\u00f1os? Porque este es el tiempo recomendado hoy por la CNIL: \u00abLas coordenadas de un cliente potencial que no responde a ninguna solicitud por 3 a\u00f1os deben ser eliminadas. Si despu\u00e9s de 3 a\u00f1os no ha habido interacci\u00f3n efectiva (intercambio de correos electr\u00f3nicos, solicitud de informaci\u00f3n) con la persona en cuesti\u00f3n, borraremos todos estos datos personales. Si no deseas aparecer en este archivo de cliente, puedes escribir a nuestro mail de protecci\u00f3n de datos <span \n                data-original-string='tlDOgS3Y9KneKsKfAMe+rw==58d5s2WIzwmZNB9jKe6OpJUfKEqISjt99I8P0nfJI30ifU='\n                class='apbct-email-encoder'\n                title='Este contacto ha sido codificado por Anti-Spam by CleanTalk. Haz clic para decodificar. Para finalizar la decodificaci\u00f3n, aseg\u00farate de que JavaScript est\u00e1 activado en tu navegador.'>rg<span class=\"apbct-blur\">**<\/span>@<span class=\"apbct-blur\">*******<\/span>es.com<\/span>.<\/p>\n<p style=\"text-align: justify;\"><strong>Tambi\u00e9n ten en cuenta que el art\u00edculo 17 de la GDPR establece que \u00abel interesado tiene derecho a obtener del responsable del tratamiento la eliminaci\u00f3n<\/strong>, lo antes posible, de los datos personales que le conciernen\u00bb. Por lo tanto, tienes derecho al olvido digital que te permite eliminar cualquier dato personal que te preocupe. Puedes escribir a la direcci\u00f3n mencionada anteriormente. Tendremos un m\u00e1ximo de dos meses desde la recepci\u00f3n de su mensaje para tratar su solicitud.<\/p>\n<p style=\"text-align: justify;\">\n<a href=\"javascript:openAxeptioCookies()\"><br \/>\n   Haga clic aqu\u00ed para cambiar sus preferencias de cookies<br \/>\n<\/a><\/p>\n","protected":false},"excerpt":{"rendered":"<p>No hemos ignorado la nueva regulaci\u00f3n sobre la protecci\u00f3n de la privacidad que entr\u00f3 en vigor el 25 de mayo de 2018. El Reglamento General de Protecci\u00f3n de Datos (RGPD) tiene como objetivo proteger a\u00fan m\u00e1s los datos personales de&hellip;<\/p>\n","protected":false},"author":6026,"featured_media":0,"parent":0,"menu_order":0,"comment_status":"closed","ping_status":"closed","template":"","meta":{"_acf_changed":false,"content-type":"","footnotes":""},"class_list":["post-34768","page","type-page","status-publish","hentry"],"acf":[],"_links":{"self":[{"href":"https:\/\/www.3dnatives.com\/es\/wp-json\/wp\/v2\/pages\/34768","targetHints":{"allow":["GET"]}}],"collection":[{"href":"https:\/\/www.3dnatives.com\/es\/wp-json\/wp\/v2\/pages"}],"about":[{"href":"https:\/\/www.3dnatives.com\/es\/wp-json\/wp\/v2\/types\/page"}],"author":[{"embeddable":true,"href":"https:\/\/www.3dnatives.com\/es\/wp-json\/wp\/v2\/users\/6026"}],"replies":[{"embeddable":true,"href":"https:\/\/www.3dnatives.com\/es\/wp-json\/wp\/v2\/comments?post=34768"}],"version-history":[{"count":2,"href":"https:\/\/www.3dnatives.com\/es\/wp-json\/wp\/v2\/pages\/34768\/revisions"}],"predecessor-version":[{"id":51963,"href":"https:\/\/www.3dnatives.com\/es\/wp-json\/wp\/v2\/pages\/34768\/revisions\/51963"}],"wp:attachment":[{"href":"https:\/\/www.3dnatives.com\/es\/wp-json\/wp\/v2\/media?parent=34768"}],"curies":[{"name":"wp","href":"https:\/\/api.w.org\/{rel}","templated":true}]}}