{"id":33350,"date":"2022-03-06T17:21:35","date_gmt":"2022-03-06T16:21:35","guid":{"rendered":"https:\/\/www.3dnatives.com\/es\/?page_id=33350"},"modified":"2025-05-13T16:17:06","modified_gmt":"2025-05-13T14:17:06","slug":"guia-impresion-3d-metal","status":"publish","type":"page","link":"https:\/\/www.3dnatives.com\/es\/guia-impresion-3d-metal\/","title":{"rendered":"Gu\u00eda sobre la impresi\u00f3n 3D de metal"},"content":{"rendered":"<h2>\u00bfQu\u00e9 es la impresi\u00f3n 3D de metal?<\/h2>\r\n<p style=\"text-align: justify;\">En los \u00faltimos a\u00f1os, la impresi\u00f3n 3D de metal ha experimentado un crecimiento muy r\u00e1pido gracias a los desarrollos tecnol\u00f3gicos, caracterizados por la llegada de fabricantes ambiciosos que proponen procesos de fabricaci\u00f3n innovadores y cada vez m\u00e1s asequibles, pero tambi\u00e9n una cartera de materiales que cada d\u00eda es m\u00e1s amplia.<\/p>\r\n<p style=\"text-align: justify;\">La impresi\u00f3n 3D de metal es popular en muchas industrias como la <a href=\"https:\/\/www.3dnatives.com\/es\/impresion-3d-aeroespacial-defensa\/\">aeroespacial<\/a>, <a href=\"https:\/\/www.3dnatives.com\/es\/impresion-3d-automocion-transporte\/\">automotriz<\/a> o <a href=\"https:\/\/www.3dnatives.com\/es\/impresion-3d-medico-dental\/\">m\u00e9dica<\/a>, ya que permite crear piezas met\u00e1licas complejas por un precio relativamente bajo en comparaci\u00f3n con las t\u00e9cnicas de fabricaci\u00f3n tradicionales, tales como mecanizado o moldeado al vac\u00edo.<\/p>\r\n<p style=\"text-align: justify;\">Gracias a las diversas impresoras 3D de metal que se comercializan hoy en d\u00eda, las oportunidades son m\u00e1s numerosas: entre el recubrimiento de polvo, la deposici\u00f3n de metal y los sistemas h\u00edbridos, los profesionales tienen muchas opciones. Descubre nuestra gu\u00eda para saber todo sobre impresi\u00f3n de metal en 3D, materiales, actores, aplicaciones\u2026<\/p>\r\n\n\t\t<style type=\"text\/css\">\n\t\t\t#gallery-1 {\n\t\t\t\tmargin: auto;\n\t\t\t}\n\t\t\t#gallery-1 .gallery-item {\n\t\t\t\tfloat: left;\n\t\t\t\tmargin-top: 10px;\n\t\t\t\ttext-align: center;\n\t\t\t\twidth: 33%;\n\t\t\t}\n\t\t\t#gallery-1 img {\n\t\t\t\tborder: 2px solid #cfcfcf;\n\t\t\t}\n\t\t\t#gallery-1 .gallery-caption {\n\t\t\t\tmargin-left: 0;\n\t\t\t}\n\t\t\t\/* see gallery_shortcode() in wp-includes\/media.php *\/\n\t\t<\/style>\n\t\t<div id='gallery-1' class='gallery galleryid-33350 gallery-columns-3 gallery-size-medium'><dl class='gallery-item'>\n\t\t\t<dt class='gallery-icon landscape'>\n\t\t\t\t<img loading=\"lazy\" decoding=\"async\" width=\"300\" height=\"200\" src=\"https:\/\/www.3dnatives.com\/es\/wp-content\/uploads\/sites\/4\/aly-300x200.jpg\" class=\"attachment-medium size-medium\" alt=\"impresi\u00f3n 3D de metal\" aria-describedby=\"gallery-1-33354\" srcset=\"https:\/\/www.3dnatives.com\/es\/wp-content\/uploads\/sites\/4\/aly-300x200.jpg 300w, https:\/\/www.3dnatives.com\/es\/wp-content\/uploads\/sites\/4\/aly-160x107.jpg 160w, https:\/\/www.3dnatives.com\/es\/wp-content\/uploads\/sites\/4\/aly-350x233.jpg 350w, https:\/\/www.3dnatives.com\/es\/wp-content\/uploads\/sites\/4\/aly.jpg 556w\" sizes=\"auto, (max-width: 300px) 100vw, 300px\" \/>\n\t\t\t<\/dt>\n\t\t\t\t<dd class='wp-caption-text gallery-caption' id='gallery-1-33354'>\n\t\t\t\tImpresi\u00f3n 3D de aluminio\n\t\t\t\t<\/dd><\/dl><dl class='gallery-item'>\n\t\t\t<dt class='gallery-icon landscape'>\n\t\t\t\t<img loading=\"lazy\" decoding=\"async\" width=\"300\" height=\"200\" src=\"https:\/\/www.3dnatives.com\/es\/wp-content\/uploads\/sites\/4\/metal-1-300x200.jpg\" class=\"attachment-medium size-medium\" alt=\"impresi\u00f3n 3D de metal\" aria-describedby=\"gallery-1-33355\" srcset=\"https:\/\/www.3dnatives.com\/es\/wp-content\/uploads\/sites\/4\/metal-1-300x200.jpg 300w, https:\/\/www.3dnatives.com\/es\/wp-content\/uploads\/sites\/4\/metal-1-160x107.jpg 160w, https:\/\/www.3dnatives.com\/es\/wp-content\/uploads\/sites\/4\/metal-1-350x233.jpg 350w, https:\/\/www.3dnatives.com\/es\/wp-content\/uploads\/sites\/4\/metal-1.jpg 556w\" sizes=\"auto, (max-width: 300px) 100vw, 300px\" \/>\n\t\t\t<\/dt>\n\t\t\t\t<dd class='wp-caption-text gallery-caption' id='gallery-1-33355'>\n\t\t\t\tExisten diferentes tecnolog\u00edas de metal actualmente\n\t\t\t\t<\/dd><\/dl><dl class='gallery-item'>\n\t\t\t<dt class='gallery-icon landscape'>\n\t\t\t\t<img loading=\"lazy\" decoding=\"async\" width=\"300\" height=\"200\" src=\"https:\/\/www.3dnatives.com\/es\/wp-content\/uploads\/sites\/4\/metal3-300x200.jpg\" class=\"attachment-medium size-medium\" alt=\"Impresi\u00f3n 3d de metal\" aria-describedby=\"gallery-1-33356\" srcset=\"https:\/\/www.3dnatives.com\/es\/wp-content\/uploads\/sites\/4\/metal3-300x200.jpg 300w, https:\/\/www.3dnatives.com\/es\/wp-content\/uploads\/sites\/4\/metal3-160x107.jpg 160w, https:\/\/www.3dnatives.com\/es\/wp-content\/uploads\/sites\/4\/metal3-350x233.jpg 350w, https:\/\/www.3dnatives.com\/es\/wp-content\/uploads\/sites\/4\/metal3.jpg 556w\" sizes=\"auto, (max-width: 300px) 100vw, 300px\" \/>\n\t\t\t<\/dt>\n\t\t\t\t<dd class='wp-caption-text gallery-caption' id='gallery-1-33356'>\n\t\t\t\tEstas tecnolog\u00edas permiten la creaci\u00f3n de piezas complejas\n\t\t\t\t<\/dd><\/dl><br style=\"clear: both\" \/>\n\t\t<\/div>\n\r\n<h2><\/h2>\r\n<h2>Las tecnolog\u00edas de impresi\u00f3n 3D<\/h2>\r\n<p style=\"text-align: justify;\"><span style=\"font-size: 1em;\">Imaginado ya en la d\u00e9cada de 1970, la fusi\u00f3n de polvo se basa en un principio relativamente simple: una fuente de energ\u00eda de sinterizaci\u00f3n o fusi\u00f3n de un polvo de metal para crear la pieza final capa por capa. La tecnolog\u00eda m\u00e1s conocida basada en este principio es, sin duda, el <\/span><a style=\"font-size: 1em;\" href=\"https:\/\/www.3dnatives.com\/es\/sinterizado-directo-de-metal-por-laser-les-explicamos-todo\/\" target=\"_blank\" rel=\"noopener noreferrer\">Direct Metal Laser Sintering (DMLS)<\/a><span style=\"font-size: 1em;\"> patentado en la d\u00e9cada de 1990 por ERD y EOS.<\/span><\/p>\r\n<p style=\"text-align: justify;\"><span style=\"font-size: 1em;\">La deposici\u00f3n de metal con energ\u00eda concentrada podr\u00eda ser similar a la deposici\u00f3n de material fundido pero utilizando metal. En particular, distinguimos el m\u00e9todo desarrollado por Irepa Laser con la construcci\u00f3n directa de l\u00e1ser aditivo (CLAD). El polvo es proyectado por la boquilla y se fusiona en su salida a trav\u00e9s de un rayo l\u00e1ser para formar una especie de cord\u00f3n de soldadura. Este m\u00e9todo permite imprimir directamente sobre una pieza en contraste con la fusi\u00f3n de la capa de polvo. BeAM, la empresa francesa utiliza esta tecnolog\u00eda.<\/span><\/p>\r\n<p style=\"text-align: justify;\"><span style=\"font-size: 1em;\">En los a\u00f1os 90, CIRTES desarroll\u00f3 un nuevo m\u00e9todo h\u00edbrido que combina el mecanizado y la fabricaci\u00f3n aditiva: la estratificaci\u00f3n. Todo comienza con la creaci\u00f3n de un archivo STL o CAD que luego se descompone en diferentes capas en las que se colocan inserciones de posicionamiento y refuerzos. Cada una de estas capas de metal se fabrica, ya sea mediante micro fresado, corte por l\u00e1ser, corte de alambre o cualquier otro proceso de corte. Luego se ensamblan para formar la parte terminada.<\/span><\/p>\r\n<p style=\"text-align: justify;\"><span style=\"font-size: 1em;\">La pulverizaci\u00f3n en fr\u00edo es otro proceso, tambi\u00e9n conocido como <a href=\"https:\/\/www.3dnatives.com\/es\/guia-completa-impresion-3d-cold-spray-190220242\/\">Cold Spray<\/a>. El objetivo es unir los polvos met\u00e1licos al proyectarlos fr\u00edos sobre un soporte. La proyecci\u00f3n est\u00e1 asegurada con helio. Es un m\u00e9todo de impresi\u00f3n 3D de metal que todav\u00eda se usa poco en comparaci\u00f3n con otros porque el gas en cuesti\u00f3n es relativamente caro.<\/span><\/p>\r\n<p style=\"text-align: justify;\">Algunos fabricantes han desarrollado sus propias tecnolog\u00edas patentadas que se destacan de las grandes familias ya mencionadas. Pensamos en el manejo magn\u00e9tico del metal desarrollado por Vader Systems o la tecnolog\u00eda inspirada en Metal Injection Molding inspirada por Pollen AM. Puedes encontrar todas las nuevas tecnolog\u00edas aqu\u00ed.<\/p>\r\n\n\t\t<style type=\"text\/css\">\n\t\t\t#gallery-2 {\n\t\t\t\tmargin: auto;\n\t\t\t}\n\t\t\t#gallery-2 .gallery-item {\n\t\t\t\tfloat: left;\n\t\t\t\tmargin-top: 10px;\n\t\t\t\ttext-align: center;\n\t\t\t\twidth: 33%;\n\t\t\t}\n\t\t\t#gallery-2 img {\n\t\t\t\tborder: 2px solid #cfcfcf;\n\t\t\t}\n\t\t\t#gallery-2 .gallery-caption {\n\t\t\t\tmargin-left: 0;\n\t\t\t}\n\t\t\t\/* see gallery_shortcode() in wp-includes\/media.php *\/\n\t\t<\/style>\n\t\t<div id='gallery-2' class='gallery galleryid-33350 gallery-columns-3 gallery-size-medium'><dl class='gallery-item'>\n\t\t\t<dt class='gallery-icon landscape'>\n\t\t\t\t<img loading=\"lazy\" decoding=\"async\" width=\"300\" height=\"200\" src=\"https:\/\/www.3dnatives.com\/es\/wp-content\/uploads\/sites\/4\/DMLS-300x200.jpg\" class=\"attachment-medium size-medium\" alt=\"La impresi\u00f3n 3D de metal\" aria-describedby=\"gallery-2-33478\" srcset=\"https:\/\/www.3dnatives.com\/es\/wp-content\/uploads\/sites\/4\/DMLS-300x200.jpg 300w, https:\/\/www.3dnatives.com\/es\/wp-content\/uploads\/sites\/4\/DMLS-160x107.jpg 160w, https:\/\/www.3dnatives.com\/es\/wp-content\/uploads\/sites\/4\/DMLS-350x233.jpg 350w, https:\/\/www.3dnatives.com\/es\/wp-content\/uploads\/sites\/4\/DMLS.jpg 550w\" sizes=\"auto, (max-width: 300px) 100vw, 300px\" \/>\n\t\t\t<\/dt>\n\t\t\t\t<dd class='wp-caption-text gallery-caption' id='gallery-2-33478'>\n\t\t\t\tLa tecnolog\u00eda DMLS\n\t\t\t\t<\/dd><\/dl><dl class='gallery-item'>\n\t\t\t<dt class='gallery-icon landscape'>\n\t\t\t\t<img loading=\"lazy\" decoding=\"async\" width=\"300\" height=\"200\" src=\"https:\/\/www.3dnatives.com\/es\/wp-content\/uploads\/sites\/4\/laser1-1-300x200.jpg\" class=\"attachment-medium size-medium\" alt=\"impresi\u00f3n 3D de metal\" aria-describedby=\"gallery-2-33363\" srcset=\"https:\/\/www.3dnatives.com\/es\/wp-content\/uploads\/sites\/4\/laser1-1-300x200.jpg 300w, https:\/\/www.3dnatives.com\/es\/wp-content\/uploads\/sites\/4\/laser1-1-160x107.jpg 160w, https:\/\/www.3dnatives.com\/es\/wp-content\/uploads\/sites\/4\/laser1-1-350x233.jpg 350w, https:\/\/www.3dnatives.com\/es\/wp-content\/uploads\/sites\/4\/laser1-1.jpg 556w\" sizes=\"auto, (max-width: 300px) 100vw, 300px\" \/>\n\t\t\t<\/dt>\n\t\t\t\t<dd class='wp-caption-text gallery-caption' id='gallery-2-33363'>\n\t\t\t\tLa tecnolog\u00eda CLAD\n\t\t\t\t<\/dd><\/dl><dl class='gallery-item'>\n\t\t\t<dt class='gallery-icon landscape'>\n\t\t\t\t<img loading=\"lazy\" decoding=\"async\" width=\"300\" height=\"200\" src=\"https:\/\/www.3dnatives.com\/es\/wp-content\/uploads\/sites\/4\/laser3-300x200.jpg\" class=\"attachment-medium size-medium\" alt=\"impresi\u00f3n 3D de metal\" aria-describedby=\"gallery-2-33364\" srcset=\"https:\/\/www.3dnatives.com\/es\/wp-content\/uploads\/sites\/4\/laser3-300x200.jpg 300w, https:\/\/www.3dnatives.com\/es\/wp-content\/uploads\/sites\/4\/laser3-160x107.jpg 160w, https:\/\/www.3dnatives.com\/es\/wp-content\/uploads\/sites\/4\/laser3-350x233.jpg 350w, https:\/\/www.3dnatives.com\/es\/wp-content\/uploads\/sites\/4\/laser3.jpg 556w\" sizes=\"auto, (max-width: 300px) 100vw, 300px\" \/>\n\t\t\t<\/dt>\n\t\t\t\t<dd class='wp-caption-text gallery-caption' id='gallery-2-33364'>\n\t\t\t\tLa proyecci\u00f3n en fr\u00edo \n\t\t\t\t<\/dd><\/dl><br style=\"clear: both\" \/>\n\t\t<\/div>\n\r\n<h2 class=\"ppb_title\" style=\"text-align: justify;\">Los metales compatibles en la fabricaci\u00f3n aditiva<\/h2>\r\n<p style=\"text-align: justify;\"><span style=\"font-size: 1em;\">Entre los <\/span><a style=\"font-size: 1em;\" href=\"https:\/\/www.3dnatives.com\/es\/descubriendo-los-metales-de-la-impresion-3d\/\" target=\"_blank\" rel=\"noopener noreferrer\">metales m\u00e1s utilizados en la fabricaci\u00f3n aditiva<\/a><span style=\"font-size: 1em;\">, encontramos el aluminio, principalmente en forma de aleaci\u00f3n, que ofrece ligereza y resistencia. Se utiliza para crear piezas donde el peso es esencial, como en la aeron\u00e1utica y en la automoci\u00f3n, por ejemplo. El acero es tambi\u00e9n un material popular, especialmente en la industria; ofrece buenas propiedades mec\u00e1nicas y un correcto acabado superficial. Es el material m\u00e1s utilizado en la fabricaci\u00f3n aditiva de metal.<\/span><\/p>\r\n<p style=\"text-align: justify;\"><span style=\"font-size: 1em; text-align: justify;\">Hay tambi\u00e9n materiales como el galio, muy presente, el Colbato-cromo para aplicaciones m\u00e9dicas, el titanio que es altamente resistente a la corrosi\u00f3n y biocompatibilidad para aplicaciones m\u00e9dicas.<\/span>\u00a0<span style=\"font-size: 1em; text-align: justify;\">Los metales preciosos se utilizan principalmente en joyer\u00eda. A pesar de su alto costo, encontramos oro, plata y bronce para crear todo tipo de joyas m\u00e1s o menos complejas. El principal desaf\u00edo radica en el acabado.<\/span><\/p>\r\n\n\t\t<style type=\"text\/css\">\n\t\t\t#gallery-3 {\n\t\t\t\tmargin: auto;\n\t\t\t}\n\t\t\t#gallery-3 .gallery-item {\n\t\t\t\tfloat: left;\n\t\t\t\tmargin-top: 10px;\n\t\t\t\ttext-align: center;\n\t\t\t\twidth: 33%;\n\t\t\t}\n\t\t\t#gallery-3 img {\n\t\t\t\tborder: 2px solid #cfcfcf;\n\t\t\t}\n\t\t\t#gallery-3 .gallery-caption {\n\t\t\t\tmargin-left: 0;\n\t\t\t}\n\t\t\t\/* see gallery_shortcode() in wp-includes\/media.php *\/\n\t\t<\/style>\n\t\t<div id='gallery-3' class='gallery galleryid-33350 gallery-columns-3 gallery-size-medium'><dl class='gallery-item'>\n\t\t\t<dt class='gallery-icon landscape'>\n\t\t\t\t<img loading=\"lazy\" decoding=\"async\" width=\"300\" height=\"200\" src=\"https:\/\/www.3dnatives.com\/es\/wp-content\/uploads\/sites\/4\/metaux-300x200.jpg\" class=\"attachment-medium size-medium\" alt=\"\" srcset=\"https:\/\/www.3dnatives.com\/es\/wp-content\/uploads\/sites\/4\/metaux-300x200.jpg 300w, https:\/\/www.3dnatives.com\/es\/wp-content\/uploads\/sites\/4\/metaux-160x107.jpg 160w, https:\/\/www.3dnatives.com\/es\/wp-content\/uploads\/sites\/4\/metaux-350x233.jpg 350w, https:\/\/www.3dnatives.com\/es\/wp-content\/uploads\/sites\/4\/metaux.jpg 556w\" sizes=\"auto, (max-width: 300px) 100vw, 300px\" \/>\n\t\t\t<\/dt><\/dl><dl class='gallery-item'>\n\t\t\t<dt class='gallery-icon landscape'>\n\t\t\t\t<img loading=\"lazy\" decoding=\"async\" width=\"300\" height=\"200\" src=\"https:\/\/www.3dnatives.com\/es\/wp-content\/uploads\/sites\/4\/metaux1-300x200.jpg\" class=\"attachment-medium size-medium\" alt=\"\" srcset=\"https:\/\/www.3dnatives.com\/es\/wp-content\/uploads\/sites\/4\/metaux1-300x200.jpg 300w, https:\/\/www.3dnatives.com\/es\/wp-content\/uploads\/sites\/4\/metaux1-160x107.jpg 160w, https:\/\/www.3dnatives.com\/es\/wp-content\/uploads\/sites\/4\/metaux1-350x233.jpg 350w, https:\/\/www.3dnatives.com\/es\/wp-content\/uploads\/sites\/4\/metaux1.jpg 556w\" sizes=\"auto, (max-width: 300px) 100vw, 300px\" \/>\n\t\t\t<\/dt><\/dl><dl class='gallery-item'>\n\t\t\t<dt class='gallery-icon landscape'>\n\t\t\t\t<img loading=\"lazy\" decoding=\"async\" width=\"300\" height=\"200\" src=\"https:\/\/www.3dnatives.com\/es\/wp-content\/uploads\/sites\/4\/metaux2-300x200.jpg\" class=\"attachment-medium size-medium\" alt=\"\" srcset=\"https:\/\/www.3dnatives.com\/es\/wp-content\/uploads\/sites\/4\/metaux2-300x200.jpg 300w, https:\/\/www.3dnatives.com\/es\/wp-content\/uploads\/sites\/4\/metaux2-160x107.jpg 160w, https:\/\/www.3dnatives.com\/es\/wp-content\/uploads\/sites\/4\/metaux2-350x233.jpg 350w, https:\/\/www.3dnatives.com\/es\/wp-content\/uploads\/sites\/4\/metaux2.jpg 556w\" sizes=\"auto, (max-width: 300px) 100vw, 300px\" \/>\n\t\t\t<\/dt><\/dl><br style=\"clear: both\" \/>\n\t\t<\/div>\n\r\n\r\n<!-- \/wp:post-content -->\r\n<p style=\"text-align: justify;\"><\/p>\r\n\r\n<h2>Los actores en la fabricaci\u00f3n aditiva de metal<\/h2>\r\n<p style=\"text-align: justify;\"><span style=\"font-size: 1em; text-align: justify;\">Las empresas que se embarcan en la impresi\u00f3n de metal de 3D son cada vez m\u00e1s numerosas; sin embargo, los pioneros se pueden distinguir de la tecnolog\u00eda. Entre los principales fabricantes de impresoras 3D de metal, se encuentra la estadounidense 3D Systems, que ahora ofrece una gama completa de m\u00e1quinas (a trav\u00e9s de la adquisici\u00f3n en 2013 de French Phenix Systems); SLM Solutions, uno de los pioneros de la fusi\u00f3n selectiva l\u00e1ser con los fabricantes de EOS y Concept Laser; y finalmente Arcam, que se encuentra detr\u00e1s de la tecnolog\u00eda de fusi\u00f3n por haz de electrones en la d\u00e9cada de 2000.<\/span><\/p>\r\n<p style=\"text-align: justify;\"><span style=\"font-size: 1em;\">Cada vez m\u00e1s fabricantes ingresan al mercado de la fabricaci\u00f3n aditiva de metal ofreciendo tecnolog\u00edas 3D e impresoras a costos relativamente bajos en comparaci\u00f3n con las soluciones industriales que existen en la actualidad. Tal es el caso de <\/span><a style=\"font-size: 1em;\" href=\"https:\/\/www.3dnatives.com\/es\/desktop-metal-sistema-impresion-270420172\/\" target=\"_blank\" rel=\"noopener noreferrer\">Desktop Metal<\/a> con sus impresoras Studio System y Production System<span style=\"font-size: 1em;\"> que quieren dividir por 10 el costo de la impresi\u00f3n de metal 3D. Markforged tambi\u00e9n se coloc\u00f3 en este nicho con <\/span><a style=\"font-size: 1em;\" href=\"https:\/\/www.3dnatives.com\/es\/metal-x-markforged-12012017\/\" target=\"_blank\" rel=\"noopener noreferrer\">la Metal X<\/a><span style=\"font-size: 1em;\"> capaz de crear piezas de 250 x 220 x 200 mm.<\/span><\/p>\r\nSi salimos del continente americano, encontramos al fabricante israel\u00ed XJet origen de la tecnolog\u00eda NanoParticle Jetting que viene depositando finas gotitas de metal. Y finalmente, la francesa Pollen AM.\r\n\r\n\n\t\t<style type=\"text\/css\">\n\t\t\t#gallery-4 {\n\t\t\t\tmargin: auto;\n\t\t\t}\n\t\t\t#gallery-4 .gallery-item {\n\t\t\t\tfloat: left;\n\t\t\t\tmargin-top: 10px;\n\t\t\t\ttext-align: center;\n\t\t\t\twidth: 33%;\n\t\t\t}\n\t\t\t#gallery-4 img {\n\t\t\t\tborder: 2px solid #cfcfcf;\n\t\t\t}\n\t\t\t#gallery-4 .gallery-caption {\n\t\t\t\tmargin-left: 0;\n\t\t\t}\n\t\t\t\/* see gallery_shortcode() in wp-includes\/media.php *\/\n\t\t<\/style>\n\t\t<div id='gallery-4' class='gallery galleryid-33350 gallery-columns-3 gallery-size-medium'><dl class='gallery-item'>\n\t\t\t<dt class='gallery-icon landscape'>\n\t\t\t\t<img loading=\"lazy\" decoding=\"async\" width=\"300\" height=\"200\" src=\"https:\/\/www.3dnatives.com\/es\/wp-content\/uploads\/sites\/4\/acteur_metal-300x200.jpg\" class=\"attachment-medium size-medium\" alt=\"impresi\u00f3n 3D de metal\" aria-describedby=\"gallery-4-33419\" srcset=\"https:\/\/www.3dnatives.com\/es\/wp-content\/uploads\/sites\/4\/acteur_metal-300x200.jpg 300w, https:\/\/www.3dnatives.com\/es\/wp-content\/uploads\/sites\/4\/acteur_metal-160x107.jpg 160w, https:\/\/www.3dnatives.com\/es\/wp-content\/uploads\/sites\/4\/acteur_metal-350x233.jpg 350w, https:\/\/www.3dnatives.com\/es\/wp-content\/uploads\/sites\/4\/acteur_metal.jpg 556w\" sizes=\"auto, (max-width: 300px) 100vw, 300px\" \/>\n\t\t\t<\/dt>\n\t\t\t\t<dd class='wp-caption-text gallery-caption' id='gallery-4-33419'>\n\t\t\t\tEOS uno de los actores hist\u00f3ricos de la impresi\u00f3n 3D de metal\n\t\t\t\t<\/dd><\/dl><dl class='gallery-item'>\n\t\t\t<dt class='gallery-icon landscape'>\n\t\t\t\t<img loading=\"lazy\" decoding=\"async\" width=\"300\" height=\"200\" src=\"https:\/\/www.3dnatives.com\/es\/wp-content\/uploads\/sites\/4\/acteur_metal1-300x200.jpg\" class=\"attachment-medium size-medium\" alt=\"impresi\u00f3n 3d de metal\" aria-describedby=\"gallery-4-33418\" srcset=\"https:\/\/www.3dnatives.com\/es\/wp-content\/uploads\/sites\/4\/acteur_metal1-300x200.jpg 300w, https:\/\/www.3dnatives.com\/es\/wp-content\/uploads\/sites\/4\/acteur_metal1-160x107.jpg 160w, https:\/\/www.3dnatives.com\/es\/wp-content\/uploads\/sites\/4\/acteur_metal1-350x233.jpg 350w, https:\/\/www.3dnatives.com\/es\/wp-content\/uploads\/sites\/4\/acteur_metal1.jpg 556w\" sizes=\"auto, (max-width: 300px) 100vw, 300px\" \/>\n\t\t\t<\/dt>\n\t\t\t\t<dd class='wp-caption-text gallery-caption' id='gallery-4-33418'>\n\t\t\t\tPieza impresa en 3D por Desktop Metal\n\t\t\t\t<\/dd><\/dl><dl class='gallery-item'>\n\t\t\t<dt class='gallery-icon landscape'>\n\t\t\t\t<img loading=\"lazy\" decoding=\"async\" width=\"300\" height=\"200\" src=\"https:\/\/www.3dnatives.com\/es\/wp-content\/uploads\/sites\/4\/acteur_metal2-300x200.jpg\" class=\"attachment-medium size-medium\" alt=\"impresi\u00f3n 3D de metal\" aria-describedby=\"gallery-4-33420\" srcset=\"https:\/\/www.3dnatives.com\/es\/wp-content\/uploads\/sites\/4\/acteur_metal2-300x200.jpg 300w, https:\/\/www.3dnatives.com\/es\/wp-content\/uploads\/sites\/4\/acteur_metal2-160x107.jpg 160w, https:\/\/www.3dnatives.com\/es\/wp-content\/uploads\/sites\/4\/acteur_metal2-350x233.jpg 350w, https:\/\/www.3dnatives.com\/es\/wp-content\/uploads\/sites\/4\/acteur_metal2.jpg 556w\" sizes=\"auto, (max-width: 300px) 100vw, 300px\" \/>\n\t\t\t<\/dt>\n\t\t\t\t<dd class='wp-caption-text gallery-caption' id='gallery-4-33420'>\n\t\t\t\tLa tecnolog\u00eda desarrollada por XJet\n\t\t\t\t<\/dd><\/dl><br style=\"clear: both\" \/>\n\t\t<\/div>\n\r\n\r\n<!-- \/wp:columns -->\r\n<h2>Aplicaciones de la impresi\u00f3n 3D de metal<\/h2>\r\n<p style=\"text-align: justify;\"><span style=\"font-size: 1em;\">La impresi\u00f3n 3D de metal actualmente se utiliza principalmente en la industria para crear componentes de herramientas o piezas terminadas, ya sea en los sectores aeroespaciales donde es capaz de producir componentes de aeronaves o motores de cohetes; en el de la automoci\u00f3n, donde puede producir moldes para la inyecci\u00f3n masiva de miles de componentes; en el m\u00e9dico cuando se trata de crear implantes para medir especialmente en el campo dental. La fabricaci\u00f3n aditiva de metal incluso se puede utilizar en el sector marino para dise\u00f1ar h\u00e9lices para embarcaciones.<\/span><\/p>\r\n<p style=\"text-align: justify;\">\u00bfQu\u00e9 piensas de esta gu\u00eda sobre la impresi\u00f3n 3D de metal? Deja tus comentarios en nuestras redes sociales: <a href=\"https:\/\/www.facebook.com\/3Dnativeses\/?ref=hl\" target=\"_blank\" rel=\"noopener noreferrer\">Facebook<\/a>, <a href=\"https:\/\/www.linkedin.com\/groups\/8516968\/\" target=\"_blank\" rel=\"noopener noreferrer\">LinkedIn<\/a> y\u00a0<a href=\"https:\/\/www.youtube.com\/channel\/UCMWrNpdLOXa7BffRKXZoaZw\" target=\"_blank\" rel=\"noopener noreferrer\">Youtube<\/a>. Sigue toda la informaci\u00f3n sobre impresi\u00f3n 3D en nuestra <a href=\"https:\/\/www.3dnatives.com\/es\/newsletter-impresion-3d\/\" target=\"_blank\" rel=\"noopener noreferrer\">Newsletter semanal<\/a>.<\/p><!-- \/wp:freeform -->","protected":false},"excerpt":{"rendered":"<p>\u00bfQu\u00e9 es la impresi\u00f3n 3D de metal? En los \u00faltimos a\u00f1os, la impresi\u00f3n 3D de metal ha experimentado un crecimiento muy r\u00e1pido gracias a los desarrollos tecnol\u00f3gicos, caracterizados por la llegada de fabricantes ambiciosos que proponen procesos de fabricaci\u00f3n innovadores&hellip;<\/p>\n","protected":false},"author":6026,"featured_media":0,"parent":0,"menu_order":0,"comment_status":"closed","ping_status":"closed","template":"","meta":{"_acf_changed":false,"content-type":"","footnotes":""},"class_list":["post-33350","page","type-page","status-publish","hentry"],"acf":[],"_links":{"self":[{"href":"https:\/\/www.3dnatives.com\/es\/wp-json\/wp\/v2\/pages\/33350","targetHints":{"allow":["GET"]}}],"collection":[{"href":"https:\/\/www.3dnatives.com\/es\/wp-json\/wp\/v2\/pages"}],"about":[{"href":"https:\/\/www.3dnatives.com\/es\/wp-json\/wp\/v2\/types\/page"}],"author":[{"embeddable":true,"href":"https:\/\/www.3dnatives.com\/es\/wp-json\/wp\/v2\/users\/6026"}],"replies":[{"embeddable":true,"href":"https:\/\/www.3dnatives.com\/es\/wp-json\/wp\/v2\/comments?post=33350"}],"version-history":[{"count":3,"href":"https:\/\/www.3dnatives.com\/es\/wp-json\/wp\/v2\/pages\/33350\/revisions"}],"predecessor-version":[{"id":81752,"href":"https:\/\/www.3dnatives.com\/es\/wp-json\/wp\/v2\/pages\/33350\/revisions\/81752"}],"wp:attachment":[{"href":"https:\/\/www.3dnatives.com\/es\/wp-json\/wp\/v2\/media?parent=33350"}],"curies":[{"name":"wp","href":"https:\/\/api.w.org\/{rel}","templated":true}]}}