{"id":32569,"date":"2018-01-18T16:58:42","date_gmt":"2018-01-18T15:58:42","guid":{"rendered":"https:\/\/www.3dnatives.com\/es\/?page_id=32569"},"modified":"2025-06-24T12:03:38","modified_gmt":"2025-06-24T10:03:38","slug":"impresion-3d-en-barcelona","status":"publish","type":"page","link":"https:\/\/www.3dnatives.com\/es\/impresion-3d-en-barcelona\/","title":{"rendered":"Impresi\u00f3n 3D en Barcelona"},"content":{"rendered":"<p style=\"text-align: justify;\"><span style=\"font-weight: 400;\">La impresi\u00f3n 3D en Barcelona ha crecido como en ninguna otra provincia espa\u00f1ola, adem\u00e1s de ser la sede<\/span> <span style=\"font-weight: 400;\">de la ya conocida<\/span> <a href=\"https:\/\/www.dfactorybcn.com\/es\/\"><span style=\"font-weight: 400;\">DFactory<\/span><\/a><span style=\"font-weight: 400;\">, un hub para la creaci\u00f3n de un <\/span><span style=\"font-weight: 400;\">ecosistema<\/span><span style=\"font-weight: 400;\"> que <\/span><span style=\"font-weight: 400;\">impulsa<\/span><span style=\"font-weight: 400;\"> la promoci\u00f3n y el desarrollo de la industria 4.0. Es <\/span><span style=\"font-weight: 400;\">un lugar que busca<\/span><span style=\"font-weight: 400;\"> la transformaci\u00f3n del marco productivo espa\u00f1ol y respalda a las empresas durante su proceso de digitalizaci\u00f3n. En ella encontramos diferentes <\/span><span style=\"font-weight: 400;\">nuevas<\/span><span style=\"font-weight: 400;\"> tecnolog\u00edas como la rob\u00f3tica, la <\/span><a href=\"https:\/\/www.3dnatives.com\/es\/top-10-aplicaciones-maritimas-la-impresion-3d-230820172\/\"><span style=\"font-weight: 400;\">impresi\u00f3n 3D<\/span><\/a><span style=\"font-weight: 400;\"> o la inteligencia artificial<\/span><span style=\"font-weight: 400;\">. C<\/span><span style=\"font-weight: 400;\">uenta con grandes proyectos de desarrollo relacionados con las tecnolog\u00edas <\/span><span style=\"font-weight: 400;\">aditivas, como el centro de producci\u00f3n de la tecnolog\u00eda HP Multi Jet Fusion. Para conocer mejor a las empresas en la impresi\u00f3n 3D, proponemos el siguiente mapa con los fabricantes tanto de maquinaria como de materiales, los distribuidores y los servicios de impresi\u00f3n 3D que existen en la provincia.\u00a0<\/span><\/p>\n<p><img loading=\"lazy\" decoding=\"async\" class=\"aligncenter wp-image-82612 size-full\" src=\"https:\/\/www.3dnatives.com\/es\/wp-content\/uploads\/sites\/4\/La-impresion-3D-en-Barcelona.png\" alt=\"\" width=\"8000\" height=\"4500\" srcset=\"https:\/\/www.3dnatives.com\/es\/wp-content\/uploads\/sites\/4\/La-impresion-3D-en-Barcelona.png 8000w, https:\/\/www.3dnatives.com\/es\/wp-content\/uploads\/sites\/4\/La-impresion-3D-en-Barcelona-600x338.png 600w, https:\/\/www.3dnatives.com\/es\/wp-content\/uploads\/sites\/4\/La-impresion-3D-en-Barcelona-1200x675.png 1200w, https:\/\/www.3dnatives.com\/es\/wp-content\/uploads\/sites\/4\/La-impresion-3D-en-Barcelona-768x432.png 768w, https:\/\/www.3dnatives.com\/es\/wp-content\/uploads\/sites\/4\/La-impresion-3D-en-Barcelona-1536x864.png 1536w, https:\/\/www.3dnatives.com\/es\/wp-content\/uploads\/sites\/4\/La-impresion-3D-en-Barcelona-160x90.png 160w\" sizes=\"auto, (max-width: 8000px) 100vw, 8000px\" \/><\/p>\n<h2 style=\"text-align: justify;\">Impresi\u00f3n 3D en Barcelona: Fabricantes y distribuidores<\/h2>\n<p style=\"text-align: justify;\">Si lo que est\u00e1s buscando son fabricantes o distribuidores de soluciones de impresi\u00f3n 3D en Barcelona para poder comprar alguna impresora 3D o simplemente porque est\u00e1s valorando unirte a la fabricaci\u00f3n aditiva. Debes conocer a los fabricantes que se encuentran cerca de ti:<\/p>\n<p style=\"text-align: justify;\"><img loading=\"lazy\" decoding=\"async\" class=\"size-full wp-image-60723 alignleft\" src=\"https:\/\/www.3dnatives.com\/es\/wp-content\/uploads\/sites\/4\/Logo_BCN3D.jpg\" alt=\"\" width=\"100\" height=\"100\" \/><\/p>\n<p style=\"text-align: justify;\">La empresa <strong>BCN3D Technologies<\/strong> comenz\u00f3 como un proyecto de la Fundaci\u00f3n CIM con el objetivo final de materializar ideas. Su cartera de negocios incluye impresoras 3D FFF para uso profesional e industrial, materiales y software. Recientemente la empresa se declar\u00f3 en <a href=\"https:\/\/www.3dnatives.com\/es\/suspension-de-pagos-bcn3d-technologies-280520252\/\">situaci\u00f3n de insolvencia<\/a> debido a una acumulaci\u00f3n de deudas y est\u00e1 a la espera de un nuevo inversor.<\/p>\n<p>&nbsp;<\/p>\n<p style=\"text-align: justify;\"><img loading=\"lazy\" decoding=\"async\" class=\"wp-image-82609 size-full alignleft\" src=\"https:\/\/www.3dnatives.com\/es\/wp-content\/uploads\/sites\/4\/supernova_logo.jpg\" alt=\"\" width=\"100\" height=\"100\" \/><\/p>\n<p class=\"p1\" style=\"text-align: justify;\">Fundada en 2024, <strong>Supernova<\/strong> es la empresa creadora de la tecnolog\u00eda VLM (Viscous Lithography manufacturing), especial para fotopol\u00edmeros de alta viscosidad, capaces de producir piezas con propiedades similares al pl\u00e1stico moldeado. La empresa cuenta con la plataforma Pulse Production y los materiales Viscogels, una soluci\u00f3n para componentes de calidad industrial.<\/p>\n<p>&nbsp;<\/p>\n<p style=\"text-align: justify;\"><img loading=\"lazy\" decoding=\"async\" class=\"wp-image-82607 size-full alignleft\" src=\"https:\/\/www.3dnatives.com\/es\/wp-content\/uploads\/sites\/4\/rovalma_logo.jpg\" alt=\"\" width=\"100\" height=\"100\" \/><\/p>\n<p class=\"p1\" style=\"text-align: justify;\"><strong>Rovalma<\/strong> es una empresa especializada en el desarrollo y suministro de polvos met\u00e1licos, es especial aceros, para distintas aplicaciones industriales. Entre ellas, la fabricaci\u00f3n aditiva. Adem\u00e1s de proveer materiales de alto rendimiento, la empresa ofrece soporte t\u00e9cnico y de ingenier\u00eda.<\/p>\n<p>&nbsp;<\/p>\n<p style=\"text-align: justify;\"><img loading=\"lazy\" decoding=\"async\" class=\"wp-image-82593 size-full alignleft\" src=\"https:\/\/www.3dnatives.com\/es\/wp-content\/uploads\/sites\/4\/aridditive_logo.jpg\" alt=\"\" width=\"100\" height=\"100\" \/><\/p>\n<p style=\"font-weight: 400; text-align: justify;\"><strong>Aridditive<\/strong>\u00a0nace en 2023 como spinoff de CIM UPC y la Universitat Polit\u00e8cnica de Catalunya, tras a\u00f1os de investigaci\u00f3n en impresi\u00f3n 3D de hormig\u00f3n. Su sistema ISCEX permite el fraguado instant\u00e1neo del hormig\u00f3n y control en tiempo real, eliminando la necesidad de encofrados. Su soluci\u00f3n est\u00e1 orientada a constructoras, arquitectos e investigadores.<\/p>\n<p>&nbsp;<\/p>\n<p style=\"font-weight: 400; text-align: justify;\"><img loading=\"lazy\" decoding=\"async\" class=\"wp-image-82633 size-full alignleft\" src=\"https:\/\/www.3dnatives.com\/es\/wp-content\/uploads\/sites\/4\/excelencia_tech_logo.jpg\" alt=\"\" width=\"100\" height=\"100\" \/><\/p>\n<p class=\"p1\" style=\"text-align: justify;\"><strong><span class=\"s1\">Excelencia-Tech<\/span><\/strong><span style=\"font-weight: 400;\">, es una empresa experta en fabricaci\u00f3n aditiva, distribuidor Platinum de Stratasys, que propone soluciones personalizadas de impresi\u00f3n 3D a varios sectores industriales. <\/span><span style=\"font-weight: 400;\">Adem\u00e1s de contar con otras tecnolog\u00edas como Xact Metal o Postprocess.\u00a0 <\/span><span style=\"font-weight: 400;\">Cuentan <\/span><span style=\"font-weight: 400;\">tambi\u00e9n <\/span><span style=\"font-weight: 400;\">con un equipo de profesionales con m\u00e1s de 20 a\u00f1os de experiencia para poder satisfacer cualquier exigencia y necesidad de los clientes.<\/span><\/p>\n<p>&nbsp;<\/p>\n<p class=\"p1\" style=\"text-align: justify;\"><img loading=\"lazy\" decoding=\"async\" class=\"size-full wp-image-82594 alignleft\" src=\"https:\/\/www.3dnatives.com\/es\/wp-content\/uploads\/sites\/4\/asorcad_logo.jpg\" alt=\"\" width=\"100\" height=\"100\" \/>Con m\u00e1s de 25 a\u00f1os de experiencia, <strong>AsorCAD <\/strong>es distribuidor oficial de impresoras 3D de marcas como Stratasys y Creaform. Adem\u00e1s de esc\u00e1neres y software 3D. La empresa acompa\u00f1a a sus clientes en la integraci\u00f3n de esas herramientas para aprovechar al m\u00e1ximo sus ventajas. Por otro lado, AsorCAD tambi\u00e9n ofrece servicios de impresi\u00f3n 3D, escaneado, ingenier\u00eda inversa, dise\u00f1o CAD\/CAM, metrolog\u00eda, consultor\u00eda y formaci\u00f3n.<\/p>\n<p>&nbsp;<\/p>\n<p class=\"p1\" style=\"text-align: justify;\"><img loading=\"lazy\" decoding=\"async\" class=\"size-full wp-image-82608 alignleft\" src=\"https:\/\/www.3dnatives.com\/es\/wp-content\/uploads\/sites\/4\/solidperfil3d_logo.jpg\" alt=\"\" width=\"100\" height=\"100\" \/><strong>SolidPerfil3D<\/strong> es una empresa con m\u00e1s de una d\u00e9cada de trayectoria en impresi\u00f3n 3D. Ofrece soluciones para sectores como el industrial, automotriz, sanitario y dental, tanto en Espa\u00f1a como en Portugal. Es un distribuidor exclusivo de Formlabs Iberia y Bambu Lab Espa\u00f1a y proporciona acompa\u00f1amiento personalizado en la integraci\u00f3n de cada soluci\u00f3n. Adem\u00e1s de impresoras, SolidPerfil3D tambi\u00e9n distribuye materiales y software.<\/p>\n<p>&nbsp;<\/p>\n<p class=\"p1\" style=\"text-align: justify;\"><img loading=\"lazy\" decoding=\"async\" class=\"size-full wp-image-82596 alignleft\" src=\"https:\/\/www.3dnatives.com\/es\/wp-content\/uploads\/sites\/4\/botiga3d_logo.jpg\" alt=\"\" width=\"100\" height=\"100\" \/>Fundada en 2023, <strong>La Botiga 3D<\/strong> es un referente para makers, emprendedores y profesionales de la impresi\u00f3n 3D en Barcelona. Es distribuidor oficial de Bambu Lab, Prusa, Creality, Elegoo, Polumaker y PrintaLot, por lo que ofrece impresoras, filamentos t\u00e9cnicos y accesorios. Adem\u00e1s, cuentan con un servicio de impresi\u00f3n 3D profesional, abarcando desde prototipos creativos hasta piezas funcionales.<\/p>\n<p>&nbsp;<\/p>\n<p class=\"p1\" style=\"text-align: justify;\"><img loading=\"lazy\" decoding=\"async\" class=\"size-full wp-image-82603 alignleft\" src=\"https:\/\/www.3dnatives.com\/es\/wp-content\/uploads\/sites\/4\/maquinser_logo-1.jpg\" alt=\"\" width=\"100\" height=\"100\" \/>Fundada en 2016, <strong>Maquinser<\/strong> <strong>3D<\/strong> es una unidad especializada de MAQUINSER S.A., para la integraci\u00f3n de soluciones de fabricaci\u00f3n aditiva en el \u00e1mbio industrial. Su misi\u00f3n es ayudar a las empresas a ser m\u00e1s competitivas mediante tecnolog\u00edas de fabricaci\u00f3n avanzada. Es distribuidor de marcas l\u00edderes como HP, Matsuura, DyeMansion y software de Materialise; as\u00ed como de materiales.<\/p>\n<p>&nbsp;<\/p>\n<p class=\"p1\" style=\"text-align: justify;\"><img loading=\"lazy\" decoding=\"async\" class=\"size-full wp-image-82602 alignleft\" src=\"https:\/\/www.3dnatives.com\/es\/wp-content\/uploads\/sites\/4\/maqcenter_logo.jpg\" alt=\"\" width=\"100\" height=\"100\" \/>MAQcenter es una empresa con m\u00e1s de 25 a\u00f1os de trayectoria como proveedor de m\u00e1quinas de fabricaci\u00f3n y mecanizado. En el \u00e1mbito de la fabricaci\u00f3n aditiva, MAQcenter distribuye tecnolog\u00edas de Okuma y Farsoon, incluyendo sistemas de fabricaci\u00f3n para metales y pl\u00e1sticos, al igual que soluciones de postratamiento.<\/p>\n<p>&nbsp;<\/p>\n<p class=\"p1\" style=\"text-align: justify;\"><img loading=\"lazy\" decoding=\"async\" class=\"wp-image-82600 size-full alignleft\" src=\"https:\/\/www.3dnatives.com\/es\/wp-content\/uploads\/sites\/4\/eltucan_logo.jpg\" alt=\"\" width=\"100\" height=\"100\" \/>Otro distribuidor localizado en Barcelona es <strong>elTuc\u00e1n<\/strong>. Este distribuidor cuenta con impresoras de Bambu Lab, Creality, Anycubic, Elegoo, Formlabs, Ultimaker, Entresd y Artillery. Igualmente ofrece una amplia cartera de materiales, accesorios, componentes y esc\u00e1neres para cubrir con todas las necesidades de sus clientes.<\/p>\n<p>&nbsp;<\/p>\n<h2 style=\"text-align: justify;\">Servicios de fabricaci\u00f3n aditiva<\/h2>\n<p style=\"text-align: justify;\">Si ya tienes un proyecto en mente y a\u00fan no has decidido invertir en una impresora 3D, probablemente puedas estar interesado en los servicios de impresi\u00f3n 3D que se encuentran cerca de ti. Existen distintos tipos de servicios, desde los m\u00e1s profesionales centrados en la fabricaci\u00f3n aditiva industrial, hasta los m\u00e1s accesibles que pueden incluir tecnolog\u00edas como la <a href=\"https:\/\/www.3dnatives.com\/es\/modelado-por-deposicion-fundida29072015\/\">deposici\u00f3n de material fundido<\/a> o la <a href=\"https:\/\/www.3dnatives.com\/es\/impresion-3d-por-estereolitografia-les-explicamos-todo\/\">estereolitograf\u00eda<\/a>.<\/p>\n<p style=\"text-align: justify;\">Para encontrar los m\u00e1s destacado de la impresi\u00f3n 3D en Barcelona hemos hecho una selecci\u00f3n con los mejores servicios que se encuentran ah\u00ed:<\/p>\n<p style=\"text-align: justify;\"><img loading=\"lazy\" decoding=\"async\" class=\"alignleft wp-image-73522 size-full\" src=\"https:\/\/www.3dnatives.com\/es\/wp-content\/uploads\/sites\/4\/imes3d-1.jpg\" alt=\"impresi\u00f3n 3D en Barcelona\" width=\"100\" height=\"100\" \/><\/p>\n<p style=\"text-align: justify;\"><a href=\"https:\/\/www.imes3d.net\/\" target=\"_blank\" rel=\"noopener noreferrer\">Imes3D<\/a> es una empresa especializada en la impresi\u00f3n 3D para la industria, con m\u00e1s de 10 a\u00f1os de experiencia en la consultor\u00eda, dise\u00f1o y fabricaci\u00f3n 3D. Con un total de m\u00e1s de 2 millones de piezas producidas y un equipo de 10 ingenieros y t\u00e9cnicos, Imes3D ofrece un servicio de ingenier\u00eda, desarrollo y optimizaci\u00f3n para la fabricaci\u00f3n aditiva. Su actividad consiste en la fabricaci\u00f3n de prototipos y series, ya que disponen de m\u00e1s de 60 equipos de impresi\u00f3n 3D basados en tecnolog\u00edas de pl\u00e1sticos y metales, como FDM, SLS, Multi Jet Fusion o SLM.<\/p>\n<p>&nbsp;<\/p>\n<p style=\"text-align: justify;\"><img loading=\"lazy\" decoding=\"async\" class=\"wp-image-82610 size-full alignleft\" src=\"https:\/\/www.3dnatives.com\/es\/wp-content\/uploads\/sites\/4\/tprint3d_logo.jpg\" alt=\"\" width=\"100\" height=\"100\" \/><strong>T-Print 3D<\/strong> es una empresa de servicios de impresi\u00f3n 3D fundada en 2016. Con una granja de impresoras FDM y de resina, ofrece un servicio orientado a las necesidades tanto de emprendedores como de grandes empresas. Sus servicios incluyen el dise\u00f1o, la digitalizaci\u00f3n y la impresi\u00f3n 3D.<\/p>\n<p>&nbsp;<\/p>\n<p>&nbsp;<\/p>\n<p style=\"text-align: justify;\"><img loading=\"lazy\" decoding=\"async\" class=\"wp-image-82598 size-full alignleft\" src=\"https:\/\/www.3dnatives.com\/es\/wp-content\/uploads\/sites\/4\/dimech3d_logo.jpg\" alt=\"\" width=\"100\" height=\"100\" \/>Otro prestador de servicios en Barcelona es <strong>DIMECH 3D<\/strong>. Ellos ofrecen servicios de impresi\u00f3n 3D FDM, SLA, pero tambi\u00e9n en dise\u00f1o y modelado 3D, postratamiento de piezas, reparaciones, grabado, corte y estampado. Asesoran a sus clientes en caso de que a\u00fan necesiten desarrollar su proyecto. Por el contrario, si los clientes ya saben lo que necesitan pueden obtener un presupuesto en solo 24h.<\/p>\n<p>&nbsp;<\/p>\n<p style=\"text-align: justify;\"><img loading=\"lazy\" decoding=\"async\" class=\"wp-image-82597 size-full alignleft\" src=\"https:\/\/www.3dnatives.com\/es\/wp-content\/uploads\/sites\/4\/dama3d_logo.jpg\" alt=\"\" width=\"100\" height=\"100\" \/><strong>DAMA3D<\/strong> es una empresa especializada en servicios t\u00e9cnicos y de formaci\u00f3n en impresi\u00f3n 3D. Sus servicios son completos e incluyen, instalaci\u00f3n, mantenimiento, reparaci\u00f3n, reconfiguraci\u00f3n y soporte t\u00e9cnico personalizado, tanto para usuarios finales como para revendedores y fabricantes. Adem\u00e1s de eso, imparten formaciones para empresas y centros educativos para ayudarlos a incorporar la impresi\u00f3n 3D en sus procesos.<\/p>\n<p>&nbsp;<\/p>\n<p style=\"text-align: justify;\"><img loading=\"lazy\" decoding=\"async\" class=\"wp-image-82601 size-full alignleft\" src=\"https:\/\/www.3dnatives.com\/es\/wp-content\/uploads\/sites\/4\/imas_logo.jpg\" alt=\"\" width=\"100\" height=\"100\" \/>Si lo que buscas es el desarrollo de productos o mejorar tus procesos industriales, vale la pena conocer a la empresa <strong>i-mas<\/strong>. Desde su sede en Barcelona apoyan a startups, pymes y grandes empresas aportando soluciones t\u00e9cnicas s\u00f3lidas a trav\u00e9s de un equipo de expertos en dise\u00f1o industrial, ingenier\u00eda mec\u00e1nica, electr\u00f3nica, automatizaci\u00f3n, software y rob\u00f3tica. Pero es a trav\u00e9s de su divisi\u00f3n de prototipado PROTO&amp;GO que ofrece servicios avanzados de fabricaci\u00f3n de prototipos mediante impresi\u00f3n 3D, mecanizado CNC y moldes de silicona.<\/p>\n<p style=\"text-align: justify;\"><img loading=\"lazy\" decoding=\"async\" class=\"wp-image-82604 size-full alignleft\" src=\"https:\/\/www.3dnatives.com\/es\/wp-content\/uploads\/sites\/4\/moviments_logo.jpg\" alt=\"\" width=\"100\" height=\"100\" \/><strong>Moviments Gr\u00e0fics<\/strong> es un proveedor de servicios de impresi\u00f3n 3D en Barcelona especializado en prototipado r\u00e1pido y producci\u00f3n de piezas a medida. La empresa cuenta con tecnolog\u00edas FDM, SLA y SLS y su equipo acompa\u00f1a a cada cliente desde el dise\u00f1o 3D hasta la fabricaci\u00f3n final de sus proyectos, y ya sea que se trate de series cortas o tiradas m\u00e1s amplias.<\/p>\n<p>&nbsp;<\/p>\n<p style=\"text-align: justify;\"><img loading=\"lazy\" decoding=\"async\" class=\"size-full wp-image-82622 alignleft\" src=\"https:\/\/www.3dnatives.com\/es\/wp-content\/uploads\/sites\/4\/innou_logo.jpg\" alt=\"\" width=\"100\" height=\"100\" \/><strong>Innou<\/strong> es una empresa de impresi\u00f3n 3D con sede en Barcelona que ofrece servicios de dise\u00f1o y fabricaci\u00f3n aditiva. Emplean tecnolog\u00edas como SLA, SLS, Multi Jet Fusion y FDM, pero tambi\u00e9n CNC y corte. El equipo de Innou asesora a sus clientes en proyectos de prototipado y producci\u00f3n de piezas finales.<\/p>\n<p>&nbsp;<\/p>\n<p>&nbsp;<\/p>\n<p style=\"text-align: justify;\"><img loading=\"lazy\" decoding=\"async\" class=\"wp-image-82623 size-full alignleft\" src=\"https:\/\/www.3dnatives.com\/es\/wp-content\/uploads\/sites\/4\/lafabrica3d_logo.jpg\" alt=\"\" width=\"100\" height=\"100\" \/><strong>La F\u00e1brica<\/strong> es una empresa especializada en el dise\u00f1o y la impresi\u00f3n 3D de prototipos, utillajes y series cortas o medianas. Aparte de los servicios de fabricaci\u00f3n, La F\u00e1brica asesora en proyectos y a quienes busquen incluir un la impresi\u00f3n 3D en su empresa o negocio.<\/p>\n<p>&nbsp;<\/p>\n<p>&nbsp;<\/p>\n<p style=\"text-align: justify;\"><img loading=\"lazy\" decoding=\"async\" class=\"wp-image-82624 size-full alignleft\" src=\"https:\/\/www.3dnatives.com\/es\/wp-content\/uploads\/sites\/4\/labs3d_logo.jpg\" alt=\"\" width=\"100\" height=\"100\" \/>Para piezas m\u00e1s creativas, <strong>LABS3D<\/strong> ofrece servicios de impresi\u00f3n 3D de figurinas, escaneos, alimentos ficticios, pero tambi\u00e9n servicios de ingenier\u00eda inversa y otras piezas personalizadas para profesionales.<\/p>\n<p>&nbsp;<\/p>\n<p>&nbsp;<\/p>\n<p style=\"text-align: justify;\"><img loading=\"lazy\" decoding=\"async\" class=\"wp-image-82625 size-full alignleft\" src=\"https:\/\/www.3dnatives.com\/es\/wp-content\/uploads\/sites\/4\/ineo_logo.jpg\" alt=\"\" width=\"100\" height=\"100\" \/>La cartera de servicios de <strong>Ineo<\/strong> incluye el prototipado r\u00e1pido, maquetas, modelos de fundici\u00f3n, series cortas, utillajes, piezas de silicona y acabados profesionales. Adem\u00e1s, tienen un servicio de impresi\u00f3n 3D online en el cual puedes enviar tu archivo STL y recibir la pieza impresa.<\/p>\n<p>&nbsp;<\/p>\n<p>&nbsp;<\/p>\n<p style=\"text-align: justify;\"><img loading=\"lazy\" decoding=\"async\" class=\"wp-image-82626 size-full alignleft\" src=\"https:\/\/www.3dnatives.com\/es\/wp-content\/uploads\/sites\/4\/seriescortas_logo.jpg\" alt=\"\" width=\"100\" height=\"100\" \/>Para quienes busquen la fabricaci\u00f3n de piezas a medida, <strong>Prototipos y Series Cortas<\/strong> ofrece servicios de fabricaci\u00f3n desde una sola pieza hasta series de 200.000 unidades. La empresa cuenta una amplia gama de tecnolog\u00edas de fabricaci\u00f3n, mecanizado CNC, impresi\u00f3n 3D, colada al vac\u00edo, estampaci\u00f3n, inyecci\u00f3n y extrusi\u00f3n.<\/p>\n<p>&nbsp;<\/p>\n<p>&nbsp;<\/p>\n<p style=\"text-align: justify;\"><img loading=\"lazy\" decoding=\"async\" class=\"wp-image-82606 size-full alignleft\" src=\"https:\/\/www.3dnatives.com\/es\/wp-content\/uploads\/sites\/4\/protoprint_logo.jpg\" alt=\"\" width=\"100\" height=\"100\" \/>Otra empresa en Barcelona que ofrece servicios de impresi\u00f3n 3D es <strong>Protoprint3D<\/strong>. Ofrecen una producci\u00f3n que abarca desde el prototipado r\u00e1pido hasta series de 1000 unidades. Trabajan con m\u00e1s de 30 materiales para adaptarse a las necesidades que sus clientes necesitan en las piezas. En cuanto a las posibilidades, la empresa cuenta con equipo FDM, SLA y SLS.<\/p>\n<p>&nbsp;<\/p>\n<p style=\"text-align: justify;\"><img loading=\"lazy\" decoding=\"async\" class=\"wp-image-82595 size-full alignleft\" src=\"https:\/\/www.3dnatives.com\/es\/wp-content\/uploads\/sites\/4\/bcn3d_ceramics_logo.jpg\" alt=\"\" width=\"100\" height=\"100\" \/>Con servicios de impresi\u00f3n 3D un poco m\u00e1s diferentes podemos encontrar a <strong>Barcelona 3D Ceramics<\/strong>, un taller de impresi\u00f3n 3D cer\u00e1mica. Con una amplia gama de hornos e impresoras 3D, B3DC es capaz de responder a encargos \u00fanicos como a producciones en serie. Trabajan con cer\u00e1micas cient\u00edficas, t\u00e9cnicas y tambi\u00e9n tienen un servicio de investigaci\u00f3n de materiales para ayudar a los clientes a encontrar la mejor combinaci\u00f3n cer\u00e1mica para su proyecto.<\/p>\n<p>&nbsp;<\/p>\n<p style=\"text-align: justify;\"><img loading=\"lazy\" decoding=\"async\" class=\"wp-image-82611 size-full alignleft\" src=\"https:\/\/www.3dnatives.com\/es\/wp-content\/uploads\/sites\/4\/windforce_logo.jpg\" alt=\"\" width=\"100\" height=\"100\" \/><strong>Windforece 3D<\/strong> es un prestador de servicios de impresi\u00f3n 3D para piezas industriales. Cuentan con una amplia variedad de tecnolog\u00edas para dar respuesta a las necesidades de sus clientes, en espec\u00edfico, tecnolog\u00edas LPBF, FDM, PolyJet y DLP. Los servicios de Windforce est\u00e1n orientados al prototipado, a piezas finales en pol\u00edmeros o metal de cualquier tama\u00f1o, as\u00ed como a la se\u00f1alizaci\u00f3n personalizada en braille.<\/p>\n<p>&nbsp;<\/p>\n<p style=\"text-align: justify;\"><img loading=\"lazy\" decoding=\"async\" class=\"wp-image-82592 size-full alignleft\" src=\"https:\/\/www.3dnatives.com\/es\/wp-content\/uploads\/sites\/4\/3dgrax_logo.jpg\" alt=\"\" width=\"100\" height=\"100\" \/><strong>3DGRAX<\/strong> es una empresa con servicios de impresi\u00f3n 3D online. En caso de que no tengas el dise\u00f1o 3D que quieres imprimir, el equipo de la empresa puede ayudarte con el dise\u00f1o. Adem\u00e1s de la impresi\u00f3n 3D, 3DGRAX tambi\u00e9n cuenta con servicios de mecanizado CNC, escaneado y grabado l\u00e1ser.<\/p>\n<p>&nbsp;<\/p>\n<p>&nbsp;<\/p>\n<p style=\"text-align: justify;\"><img loading=\"lazy\" decoding=\"async\" class=\"wp-image-82605 size-full alignleft\" src=\"https:\/\/www.3dnatives.com\/es\/wp-content\/uploads\/sites\/4\/polyneo_logo.jpg\" alt=\"\" width=\"100\" height=\"100\" \/>Con servicios en toda Europa y sede en Barcelona, <strong>Polyneo<\/strong> ofrece soluciones completas de impresi\u00f3n 3D, desde el dise\u00f1o hasta la fabricaci\u00f3n final. Trabajan con tecnolog\u00edas como PolyJet, MJF, FDM, SLA y SLM, y con materiales para adaptarse a las aplicaciones de sus clientes. Algunas industrias con las que trabajan son la arquitectura, la educaci\u00f3n, el calzado, la construcci\u00f3n, la medicina, la rob\u00f3tica, automoci\u00f3n y electr\u00f3nica.<\/p>\n<p>&nbsp;<\/p>\n<p style=\"text-align: justify;\"><img loading=\"lazy\" decoding=\"async\" class=\"wp-image-82599 size-full alignleft\" src=\"https:\/\/www.3dnatives.com\/es\/wp-content\/uploads\/sites\/4\/diprotype_logo-1.jpg\" alt=\"\" width=\"100\" height=\"100\" \/>Diprotype es una empresa dirigida por dise\u00f1adores industriales que dan servicios de dise\u00f1o, impresi\u00f3n 3D, escaneo 3D, ingenier\u00eda inversa e incluso planificaci\u00f3n de producci\u00f3n. En cuanto a sus posibilidades, cuentan con las tecnolog\u00edas SLA, FDM, SLS y SLM.<\/p>\n<p>&nbsp;<\/p>\n<p>&nbsp;<\/p>\n<p style=\"text-align: justify;\">Para encontrar m\u00e1s servicios de impresi\u00f3n 3D en Barcelona puedes visitar nuestro <a href=\"https:\/\/www.3dnatives.com\/es\/directorio-impresion-3d\/\">directorio de empresas<\/a>.<\/p>\n<p style=\"text-align: justify;\">\u00bfQu\u00e9 opinas de nuestro listado de empresas de impresi\u00f3n 3D en Barcelona? Deja tus comentarios en nuestras redes sociales: <a href=\"https:\/\/www.facebook.com\/3Dnativeses\/?ref=hl\" target=\"_blank\" rel=\"noopener noreferrer\">Facebook<\/a>, <a href=\"https:\/\/www.linkedin.com\/groups\/8516968\/\" target=\"_blank\" rel=\"noopener noreferrer\">LinkedIn<\/a> y\u00a0<a href=\"https:\/\/www.youtube.com\/channel\/UCMWrNpdLOXa7BffRKXZoaZw\" target=\"_blank\" rel=\"noopener noreferrer\">Youtube<\/a>. Sigue toda la informaci\u00f3n sobre impresi\u00f3n 3D en nuestra <a href=\"https:\/\/www.3dnatives.com\/es\/newsletter-impresion-3d\/\" target=\"_blank\" rel=\"noopener noreferrer\">Newsletter semanal<\/a>.<\/p>\n","protected":false},"excerpt":{"rendered":"<p>La impresi\u00f3n 3D en Barcelona ha crecido como en ninguna otra provincia espa\u00f1ola, adem\u00e1s de ser la sede de la ya conocida DFactory, un hub para la creaci\u00f3n de un ecosistema que impulsa la promoci\u00f3n y el desarrollo de la&hellip;<\/p>\n","protected":false},"author":6026,"featured_media":32582,"parent":0,"menu_order":0,"comment_status":"closed","ping_status":"closed","template":"page-hero-header.php","meta":{"_acf_changed":false,"content-type":"","footnotes":""},"class_list":["post-32569","page","type-page","status-publish","has-post-thumbnail","hentry"],"acf":[],"_links":{"self":[{"href":"https:\/\/www.3dnatives.com\/es\/wp-json\/wp\/v2\/pages\/32569","targetHints":{"allow":["GET"]}}],"collection":[{"href":"https:\/\/www.3dnatives.com\/es\/wp-json\/wp\/v2\/pages"}],"about":[{"href":"https:\/\/www.3dnatives.com\/es\/wp-json\/wp\/v2\/types\/page"}],"author":[{"embeddable":true,"href":"https:\/\/www.3dnatives.com\/es\/wp-json\/wp\/v2\/users\/6026"}],"replies":[{"embeddable":true,"href":"https:\/\/www.3dnatives.com\/es\/wp-json\/wp\/v2\/comments?post=32569"}],"version-history":[{"count":4,"href":"https:\/\/www.3dnatives.com\/es\/wp-json\/wp\/v2\/pages\/32569\/revisions"}],"predecessor-version":[{"id":82642,"href":"https:\/\/www.3dnatives.com\/es\/wp-json\/wp\/v2\/pages\/32569\/revisions\/82642"}],"wp:featuredmedia":[{"embeddable":true,"href":"https:\/\/www.3dnatives.com\/es\/wp-json\/wp\/v2\/media\/32582"}],"wp:attachment":[{"href":"https:\/\/www.3dnatives.com\/es\/wp-json\/wp\/v2\/media?parent=32569"}],"curies":[{"name":"wp","href":"https:\/\/api.w.org\/{rel}","templated":true}]}}