{"id":31910,"date":"2022-12-05T17:49:25","date_gmt":"2022-12-05T16:49:25","guid":{"rendered":"https:\/\/www.3dnatives.com\/es\/?page_id=31910"},"modified":"2025-09-09T16:51:47","modified_gmt":"2025-09-09T14:51:47","slug":"impresion-3d-en-madrid","status":"publish","type":"page","link":"https:\/\/www.3dnatives.com\/es\/impresion-3d-en-madrid\/","title":{"rendered":"\u00bfCu\u00e1les son los distribuidores y servicios de impresi\u00f3n 3D en Madrid?"},"content":{"rendered":"<p style=\"text-align: justify;\">La impresi\u00f3n 3D en Madrid ha visto una gran evoluci\u00f3n en las <a href=\"https:\/\/www.3dnatives.com\/es\/tecnologias-3d\/\">tecnolog\u00edas de fabricaci\u00f3n aditiva<\/a>, adem\u00e1s de asentarse en distribuci\u00f3n grandes marcas se han llevado a cabo proyectos como <a href=\"https:\/\/www.3dnatives.com\/es\/madrid-puente-impreso-en-3d-26122016\/\">el primer puente impreso de hormig\u00f3n<\/a> o la utilizaci\u00f3n de la tecnolog\u00eda para decorar la capital, como vimos con las meninas del Vel\u00e1zquez. Este es solo el principio de todo que ha tra\u00eddo la impresi\u00f3n 3D a la ciudad. Gracias al comienzo de la democratizaci\u00f3n de las tecnolog\u00edas de impresi\u00f3n 3D, han surgido cada vez m\u00e1s servicios y distribuidores en la ciudad madrile\u00f1a. Ahora ya es m\u00e1s frecuente ir por una calle del centro de la ciudad y ver un escaparate con una impresora 3D. Por eso, aqu\u00ed encontrar\u00e1s un listado con algunas de las principales empresas ubicadas en la capital, ordenadas alfab\u00e9ticamente.<\/p>\n<p><img loading=\"lazy\" decoding=\"async\" class=\"aligncenter wp-image-79349 size-full\" src=\"https:\/\/www.3dnatives.com\/es\/wp-content\/uploads\/sites\/4\/LA-IMPRESION-3D-EN-MADRID.jpg\" alt=\"impresi\u00f3n 3D Madrid\" width=\"1000\" height=\"563\" srcset=\"https:\/\/www.3dnatives.com\/es\/wp-content\/uploads\/sites\/4\/LA-IMPRESION-3D-EN-MADRID.jpg 1000w, https:\/\/www.3dnatives.com\/es\/wp-content\/uploads\/sites\/4\/LA-IMPRESION-3D-EN-MADRID-600x338.jpg 600w, https:\/\/www.3dnatives.com\/es\/wp-content\/uploads\/sites\/4\/LA-IMPRESION-3D-EN-MADRID-768x432.jpg 768w, https:\/\/www.3dnatives.com\/es\/wp-content\/uploads\/sites\/4\/LA-IMPRESION-3D-EN-MADRID-160x90.jpg 160w\" sizes=\"auto, (max-width: 1000px) 100vw, 1000px\" \/><\/p>\n<h2 style=\"text-align: justify;\">Encuentra los fabricantes y distribuidores cerca de ti<\/h2>\n<p style=\"text-align: justify;\">Si lo que est\u00e1s buscando son fabricantes o distribuidores de impresi\u00f3n 3D en Madrid para poder llevar tus proyectos a la realidad o simplemente porque has pensado que quieres hacer un regalo \u00fanico, no puedes perderte los distribuidores que se encuentran cerca de ti:<\/p>\n<p>&nbsp;<\/p>\n<p style=\"text-align: justify;\"><strong><img loading=\"lazy\" decoding=\"async\" class=\"wp-image-79429 size-full alignleft\" src=\"https:\/\/www.3dnatives.com\/es\/wp-content\/uploads\/sites\/4\/3DZ-3.jpg\" alt=\"\" width=\"100\" height=\"100\" \/>3DZ,<\/strong> es una empresa ubicada en Usera con amplia experiencia en las tecnolog\u00edas de impresi\u00f3n 3D. El grupo es distribuidor oficial de fabricantes como 3D Systems, Markforged, Formlabs, Artec 3D, Nexa 3D, Materialise y Oqton. Adem\u00e1s de impresoras 3D de sobremesa e industriales, 3DZ ofrece todo el equipo para la fabricaci\u00f3n, es decir, softwares, esc\u00e1neres y equipos de postratamiento.<\/p>\n<p>&nbsp;<\/p>\n<p style=\"text-align: justify;\"><a href=\"https:\/\/bit.ly\/38eGees\"><img loading=\"lazy\" decoding=\"async\" class=\"alignleft wp-image-50277\" src=\"https:\/\/www.3dnatives.com\/es\/wp-content\/uploads\/sites\/4\/ABAX-1.jpg\" alt=\"impresi\u00f3n 3D Madrid\" width=\"100\" height=\"100\" srcset=\"https:\/\/www.3dnatives.com\/es\/wp-content\/uploads\/sites\/4\/ABAX-1.jpg 200w, https:\/\/www.3dnatives.com\/es\/wp-content\/uploads\/sites\/4\/ABAX-1-160x160.jpg 160w\" sizes=\"auto, (max-width: 100px) 100vw, 100px\" \/><\/a><\/p>\n<p style=\"text-align: justify;\"><strong>Abax Innovation Technologies<\/strong> es una empresa dedicada a ofrecer servicios integrales de impresi\u00f3n 3D profesional. Desarrolla y fabrica su propia maquinaria, da servicio de impresi\u00f3n 3D y ofrece tambi\u00e9n servicios de consultor\u00eda y formaci\u00f3n. La gran precisi\u00f3n de sus impresoras 3D permite a sus servicio de impresi\u00f3n realizar piezas de alta calidad. Gracias tambi\u00e9n a su extensa experiencia en ingenier\u00eda, sus servicios de dise\u00f1o y consultor\u00eda ofrecen las mejores soluciones. El valor a\u00f1adido ampl\u00eda el propio servicio de impresi\u00f3n 3D con los conocimientos t\u00e9cnicos de un experimentado equipo de ingenieros. El asesoramiento a los clientes es clave para aprovechar todas las ventajas que la impresi\u00f3n 3D ofrece.<\/p>\n<p>&nbsp;<\/p>\n<p style=\"text-align: justify;\"><strong><img loading=\"lazy\" decoding=\"async\" class=\"size-full wp-image-79430 alignleft\" src=\"https:\/\/www.3dnatives.com\/es\/wp-content\/uploads\/sites\/4\/addvanced.jpg\" alt=\"\" width=\"100\" height=\"100\" \/>ADDvanced<\/strong> es una empresa que sobresale principalmente por sus servicios ayudando a transformar la producci\u00f3n de otras empresas con la fabricaci\u00f3n aditiva. Ofrecen soluciones avanzadas, como un software propio para la gesti\u00f3n de la fabricaci\u00f3n, el postratamiento y el control de calidad de las piezas. Por otro lado, ADDvance tambi\u00e9n ofrece servicios de impresi\u00f3n y digitalizaci\u00f3n, as\u00ed como cursos presenciales y online orientados al desarrollo de negocios con la impresi\u00f3n 3D.<\/p>\n<p>&nbsp;<\/p>\n<p style=\"text-align: justify;\"><strong><img loading=\"lazy\" decoding=\"async\" class=\"wp-image-79431 size-full alignleft\" src=\"https:\/\/www.3dnatives.com\/es\/wp-content\/uploads\/sites\/4\/excelenciatech.jpg\" alt=\"\" width=\"100\" height=\"100\" \/>ExcelenciaTech,<\/strong> es otra empresa con oficinas en Madrid y dedicada a acelerar la adopci\u00f3n de la fabricaci\u00f3n aditiva en Espa\u00f1a. Esto lo logran mediante la distribuci\u00f3n de tecnolog\u00edas y el asesoramiento a sus clientes. Adem\u00e1s de ser el distribuidor oficial de distintas tecnolog\u00edas de Stratasys, as\u00ed como de impresoras 3D de metal de Eplus3D, la empresa complementa su oferta con otros productos como softwares, esc\u00e1neres, y equipos de postratamiento.<\/p>\n<p>&nbsp;<\/p>\n<p style=\"text-align: justify;\"><strong><img loading=\"lazy\" decoding=\"async\" class=\"alignleft wp-image-79432 size-full\" src=\"https:\/\/www.3dnatives.com\/es\/wp-content\/uploads\/sites\/4\/repsol-1.jpg\" alt=\"impresi\u00f3n 3D Madrid\" width=\"100\" height=\"100\" \/>Repsol, <\/strong>adem\u00e1s de centrarse en el sector energ\u00e9tico, ha asumido un rol en la fabricaci\u00f3n aditiva mediante el desarrollo de materiales. Cuentan con una amplia gama de polipropileno (PP) para su uso como materia prima en procesos como FDM, FFF e incluso FGF (Fused Granular Fabrication). Sus materiales permiten tanto la fabricaci\u00f3n de prototipos como de piezas finales con amplias aplicaciones. Debido a sus propiedades los pol\u00edmeros de la empresa se pueden usar para aplicaciones m\u00e9dicas y dentales, e industriales.<\/p>\n<p>&nbsp;<\/p>\n<p style=\"text-align: justify;\"><a href=\"https:\/\/www.loshacedores.com\/\" target=\"_blank\" rel=\"noopener\"><strong>Solidperfil3D Madrid<\/strong><\/a><a href=\"https:\/\/www.loshacedores.com\/\" target=\"_blank\" rel=\"noopener\"><img loading=\"lazy\" decoding=\"async\" class=\"alignleft wp-image-63518 size-full\" style=\"text-align: justify;\" src=\"https:\/\/www.3dnatives.com\/es\/wp-content\/uploads\/sites\/4\/Logo_SolidPerfilMadrid.jpg\" alt=\"impresi\u00f3n 3D en Madrid\" width=\"100\" height=\"100\" \/><\/a> es el distribuidor oficial de Formlabs que ofrece todos sus productos, desde las impresoras profesionales de SLA como la Form3, Form3B (sector dental) y Form3L (de gran <span style=\"font-size: 1em;\">form<\/span><span style=\"font-size: 1em;\">ato) pasando por la impresora industrial de SLS Fuse1, hasta las resinas y diferentes accesorios de la marca. Ofrecen tambi\u00e9n formaci\u00f3n on-line y presencial para la instalac<\/span><span style=\"font-size: 1em;\">i\u00f3n de las m\u00e1quinas y asesoramiento personalizado para resolver cualquier duda.<\/span><\/p>\n<p>&nbsp;<\/p>\n<p><img loading=\"lazy\" decoding=\"async\" class=\"wp-image-61651 alignleft\" src=\"https:\/\/www.3dnatives.com\/es\/wp-content\/uploads\/sites\/4\/1623412010198.jpeg\" alt=\"\" width=\"100\" height=\"100\" srcset=\"https:\/\/www.3dnatives.com\/es\/wp-content\/uploads\/sites\/4\/1623412010198.jpeg 200w, https:\/\/www.3dnatives.com\/es\/wp-content\/uploads\/sites\/4\/1623412010198-160x160.jpeg 160w\" sizes=\"auto, (max-width: 100px) 100vw, 100px\" \/><\/p>\n<p style=\"text-align: justify;\"><strong>Solitium S.L<\/strong>. es un grupo de empresas especializadas en servicios ofim\u00e1ticos, inform\u00e1ticos y de comunicaciones, soluciones de gesti\u00f3n documental para pymes, gran formato e impresi\u00f3n 3D. Proporcionan a sus clientes un servicio de calidad gracias a la experiencia, el conocimiento y a las sinergias que han logrado con todos los equipos humanos que conforman una s\u00f3lida estructura. Aunque la sede principal est\u00e1 en Zaragoza, el Grupo Solitium tiene oficinas en Madrid. A nivel de impresi\u00f3n 3D, el grupo es distribuidor de grandes marcas, como HP, Formlabs, Zortrax o SamyLabs, entre otras.<\/p>\n<p>&nbsp;<\/p>\n<p><img loading=\"lazy\" decoding=\"async\" class=\"wp-image-79433 size-full alignleft\" src=\"https:\/\/www.3dnatives.com\/es\/wp-content\/uploads\/sites\/4\/Trd-1.jpg\" alt=\"\" width=\"100\" height=\"100\" \/><\/p>\n<p style=\"text-align: justify;\"><strong>TRD,<\/strong> adem\u00e1s de ofrecer servicios de dise\u00f1o e impresi\u00f3n, tambi\u00e9n es un distribuidor de impresoras 3D, materiales y accesorios para la fabricaci\u00f3n. En cuanto a sus opciones de m\u00e1quinas, cuentan tanto con soluciones de sobremesa como industriales. Las marcas con las que trabajan son: XYZPrinting, Zmorph, Photocentric 3D y BCN3D. Ubicados en Alcal\u00e1 de Henares, tambi\u00e9n ayudan con asesor\u00eda para proyectos de impresi\u00f3n profesionales.<\/p>\n<p>&nbsp;<\/p>\n<p><img loading=\"lazy\" decoding=\"async\" class=\"wp-image-79434 size-full alignleft\" src=\"https:\/\/www.3dnatives.com\/es\/wp-content\/uploads\/sites\/4\/wasp-iberia.jpg\" alt=\"\" width=\"100\" height=\"100\" \/><\/p>\n<p style=\"text-align: justify;\"><strong>WASP IBERIA,<\/strong> esta empresa italiana cuenta con una filial en Carabanchel desde la cual distribuyen impresoras 3D de WASP, materiales de la marca Treed Filaments y formaci\u00f3n para empresas, universidades o particulares. Sus impresoras est\u00e1n dirigidas a sectores como el de la ingenier\u00eda, la arquitectura y la artesan\u00eda.<\/p>\n<h2 style=\"text-align: justify;\">\u00bfCu\u00e1les son los servicios de impresi\u00f3n 3D en la capital?<\/h2>\n<p style=\"text-align: justify;\">Si ya tienes un proyecto en mente y a\u00fan no est\u00e1s decidido a invertir en una impresora 3D, probablemente puedas estar interesado en los servicios de impresi\u00f3n 3D que se encuentran cerca de ti. Existen distintos tipos desde servicios profesionales, m\u00e1s centrados en la fabricaci\u00f3n aditiva en metal, hasta los m\u00e1s accesibles que pueden incluir tecnolog\u00edas como la <a href=\"https:\/\/www.3dnatives.com\/es\/modelado-por-deposicion-fundida29072015\/\">deposici\u00f3n de material fundido<\/a> o la <a href=\"https:\/\/www.3dnatives.com\/es\/impresion-3d-por-estereolitografia-les-explicamos-todo\/\">estereolitograf\u00eda<\/a>. Para encontrar los m\u00e1s destacado de la impresi\u00f3n 3D en Madrid hemos hecho una selecci\u00f3n con los mejores servicios que se encuentran en la capital.<\/p>\n<p><img loading=\"lazy\" decoding=\"async\" class=\"alignleft wp-image-79353 size-full\" src=\"https:\/\/www.3dnatives.com\/es\/wp-content\/uploads\/sites\/4\/Logo-Artenea3D.jpg\" alt=\"impresi\u00f3n 3D Madrid\" width=\"100\" height=\"100\" \/><\/p>\n<p style=\"text-align: justify;\"><strong>Artenea3D<\/strong> es un servicios de impresi\u00f3n 3D ubicado en el centro de Madrid, que cuenta con soluciones de fabricaci\u00f3n aditiva para dar vida a tus proyectos. Ya han realizado trabajos para distintos \u00e1mbitos, como decoraci\u00f3n, merchandising, prototipado, trofeos, etc. Adem\u00e1s de su servicio de fabricaci\u00f3n, tambi\u00e9n ofrecen cursos formativos para iniciarse en la tecnolog\u00edas.<\/p>\n<p>&nbsp;<\/p>\n<p><img loading=\"lazy\" decoding=\"async\" class=\"size-full wp-image-79354 alignleft\" src=\"https:\/\/www.3dnatives.com\/es\/wp-content\/uploads\/sites\/4\/Logo-BitaBit.jpg\" alt=\"\" width=\"100\" height=\"100\" \/><\/p>\n<p style=\"text-align: justify;\">Localizado en Fuenlabrada, <strong>BitaBit<\/strong> en otro servicio de fabricaci\u00f3n aditiva que aborda todas las fases del proceso de producci\u00f3n. Una vez tengas el dise\u00f1o y se lo env\u00edes a la empresa, podr\u00e1s visualizar el resultado de tu idea. Adem\u00e1s, el equipo de profesionales te har\u00e1 en todo momento part\u00edcipe del proyecto, inform\u00e1ndote de cada detalle.<\/p>\n<p>&nbsp;<\/p>\n<p><img loading=\"lazy\" decoding=\"async\" class=\"wp-image-61649 alignleft\" src=\"https:\/\/www.3dnatives.com\/es\/wp-content\/uploads\/sites\/4\/dynapro.jpg\" alt=\"impresi\u00f3n 3D en Madrid\" width=\"100\" height=\"100\" srcset=\"https:\/\/www.3dnatives.com\/es\/wp-content\/uploads\/sites\/4\/dynapro.jpg 250w, https:\/\/www.3dnatives.com\/es\/wp-content\/uploads\/sites\/4\/dynapro-160x160.jpg 160w\" sizes=\"auto, (max-width: 100px) 100vw, 100px\" \/><\/p>\n<p style=\"text-align: justify;\">Con localizaci\u00f3n en Madrid, <strong>Dynapro 3D<\/strong> es una empresa dedicada al dise\u00f1o digital e impresi\u00f3n 3D. Trabajan con una amplia variedad de equipos profesionales, que permiten utilizar multiples tecnolog\u00edas y materiales, consiguiendo los mejores acabados y grandes dimensiones de piezas. Cuentan con un personal altamente cualificado en el ambiente del dise\u00f1o digital, as\u00ed como en el manejo de los propios equipos de impresi\u00f3n 3D. \u00bfSu misi\u00f3n? Llevar esta tecnolog\u00eda a todas las empresas que pueden beneficiarse de ella, que son m\u00e1s de las que todos pensamos. Gracias a su versatilidad e infinitas aplicaciones, se est\u00e1 convirtiendo en un referente en cuanto a m\u00e9todo de fabricaci\u00f3n y realizaci\u00f3n de prototipos.<\/p>\n<p>&nbsp;<\/p>\n<p><img loading=\"lazy\" decoding=\"async\" class=\"size-full wp-image-79355 alignleft\" src=\"https:\/\/www.3dnatives.com\/es\/wp-content\/uploads\/sites\/4\/Logo-Go3DPrint.jpg\" alt=\"\" width=\"100\" height=\"100\" \/><\/p>\n<p style=\"text-align: justify;\">En Coslada se encuentra la empresa <strong>Go3DPrint<\/strong>. Ofrecen consultor\u00eda y asesoramiento en impresi\u00f3n 3D, servicios de fabricaci\u00f3n aditiva, servicio t\u00e9cnico y alquiler de impresoras 3D. Go3DPrint lleva a sus clientes a lo largo de todo el proceso productivo, aconsej\u00e1ndoles en la finalidad de las piezas, la elecci\u00f3n del material, y las dimensiones de fabricaci\u00f3n. En resumen, ayudan a los usuarios en sus proyectos de impresi\u00f3n 3D, reduciendo errores, as\u00ed como ahorrando costes y tiempo en m\u00e1quinaria que quiz\u00e1s no sean las m\u00e1s recomendadas para cada aplicaci\u00f3n.<\/p>\n<p>&nbsp;<\/p>\n<p style=\"text-align: justify;\"><img loading=\"lazy\" decoding=\"async\" class=\"alignleft wp-image-51497 size-full\" src=\"https:\/\/www.3dnatives.com\/es\/wp-content\/uploads\/sites\/4\/Madrid-1.jpg\" alt=\"impresi\u00f3n 3D en Madrid\" width=\"100\" height=\"100\" \/><\/p>\n<p style=\"text-align: justify;\"><strong><a href=\"https:\/\/www.loshacedores.com\/\" target=\"_blank\" rel=\"noopener noreferrer\">Los Hacedores<\/a><\/strong> es un estudio de dise\u00f1o con m\u00e1s de 10 a\u00f1os de especializaci\u00f3n en modelado 3D y fabricaci\u00f3n digital. Ofrecen servicios integrales, desde la conceptualizaci\u00f3n hasta el prototipado utilizando tecnolog\u00edas de fabricaci\u00f3n aditiva como SLS, SLA, Multicolor Material Jetting y FDM. Adem\u00e1s, proporcionan servicios complementarios como corte l\u00e1ser, postratamiento y consultor\u00eda de proyectos. Gracias a su experiencia, brindan asesoramiento en todas las fases del proyecto, y son distribuidores oficiales de Formlabs y Epilog, marcas reconocidas en impresi\u00f3n 3D y corte l\u00e1ser de alto rendimiento. En resumen, Los Hacedores se dedica a proporcionar un servicio integral que cubre tanto las necesidades de fabricaci\u00f3n como las de adquisici\u00f3n de maquinaria.<\/p>\n<p>&nbsp;<\/p>\n<p><img loading=\"lazy\" decoding=\"async\" class=\"size-full wp-image-79361 alignleft\" src=\"https:\/\/www.3dnatives.com\/es\/wp-content\/uploads\/sites\/4\/Logo-NewSkillDesign.jpg\" alt=\"\" width=\"100\" height=\"100\" \/><\/p>\n<p style=\"text-align: justify;\">Ubicado en el centro de Madrid, <strong>New Skin Design<\/strong> es un estudio especializado en dise\u00f1o industrial, enfocado en ofrecer soluciones creativas y eficaces a las necesidades de sus clientes. Con m\u00e1s de 15 a\u00f1os de experiencia en los campos del dise\u00f1o y la ingenier\u00eda, el estudio garantiza resultados de alta calidad a precios competitivos, estando perfectamente preparado para llevar a cabo proyectos. En t\u00e9rminos de impresi\u00f3n 3D, se especializan en la tecnolog\u00eda FFF, con la posibilidad de imprimir materiales como PLA, PETG, ABS, Nylon y algunos composites, entre otros.<\/p>\n<p>&nbsp;<\/p>\n<p style=\"text-align: justify;\"><img loading=\"lazy\" decoding=\"async\" class=\"size-full wp-image-60589 alignleft\" src=\"https:\/\/www.3dnatives.com\/es\/wp-content\/uploads\/sites\/4\/xper3d.jpg\" alt=\"\" width=\"100\" height=\"100\" \/><\/p>\n<p style=\"text-align: justify;\">El servicio de impresi\u00f3n 3D de <strong>Xper3D<\/strong> es en el departamento de aditiva de la empresa Serveo, la antigua Ferrovial Servicios. La idea de crear esta divisi\u00f3n surge a ra\u00edz del trabajo realizado en los proyectos en los que Ferrovial Servicios y Serveo han operado hist\u00f3ricamente. De esta forma, a partir del conocimiento de los sectores, la actividad que desarrollan y la experiencia en ofrecer soluciones a sus clientes, pudieron identificar este nuevo servicio con el objetivo de reducir los plazos de entrega, incrementar la vida \u00fatil de los elementos obsoletos y crear las herramientas necesarias que permitan optimizar tareas como el mantenimiento.<\/p>\n<p>&nbsp;<\/p>\n<p><img loading=\"lazy\" decoding=\"async\" class=\"size-full wp-image-79359 alignleft\" src=\"https:\/\/www.3dnatives.com\/es\/wp-content\/uploads\/sites\/4\/Logo-3DCreaciones.jpg\" alt=\"\" width=\"100\" height=\"100\" \/><\/p>\n<p style=\"text-align: justify;\"><strong>3D Creaciones<\/strong> es una empresa madrile\u00f1a especializada en impresi\u00f3n 3D que ofrece soluciones innovadoras, abarcando desde prototipos hasta producciones en masa. Sus servicios incluyen dise\u00f1o y escaneo 3D, fabricaci\u00f3n industrial, pr\u00f3tesis personalizadas, maquetas y merchandising. Adem\u00e1s, utilizan tecnolog\u00eda avanzada para crear modelos precisos, adaptados a sectores como salud, eventos y dise\u00f1o, garantizando alta calidad y resultados excepcionales.<\/p>\n<p>&nbsp;<\/p>\n<p><img loading=\"lazy\" decoding=\"async\" class=\"size-full wp-image-79360 alignleft\" src=\"https:\/\/www.3dnatives.com\/es\/wp-content\/uploads\/sites\/4\/Logo-3Dinformatik.jpg\" alt=\"\" width=\"100\" height=\"100\" \/><\/p>\n<p style=\"text-align: justify;\"><strong>3D Informatik<\/strong> es otra empresa ubicada en la capital. O<span style=\"font-size: 1em;\">frecen servicios de impresi\u00f3n 3D, escaneo y prototipado, utilizando tecnolog\u00eda avanzada para crear modelos de alta calidad. Transforman las ideas en productos tangibles, con especializaci\u00f3n en proyectos de ingenier\u00eda, arquitectura, odontolog\u00eda y m\u00e1s. Tambi\u00e9n trabajan en la creaci\u00f3n de productos personalizados, merchandising y prototipos, brindando soluciones \u00fanicas y exclusivas para cada necesidad.<\/span><\/p>\n<p style=\"text-align: justify;\">Para encontrar m\u00e1s servicios de impresi\u00f3n 3D en Madrid puedes visitar nuestro <a href=\"https:\/\/www.3dnatives.com\/es\/directorio-impresion-3d\/\">directorio de empresas<\/a>.<\/p>\n<p style=\"text-align: justify;\">\u00bfQu\u00e9 opinas de nuestro listado de empresas de impresi\u00f3n 3D en Madrid? Deja tus comentarios en nuestras redes sociales: <a href=\"https:\/\/www.facebook.com\/3Dnativeses\/?ref=hl\" target=\"_blank\" rel=\"noopener noreferrer\">Facebook<\/a>, <a href=\"https:\/\/www.linkedin.com\/groups\/8516968\/\" target=\"_blank\" rel=\"noopener noreferrer\">LinkedIn<\/a> y\u00a0<a href=\"https:\/\/www.youtube.com\/channel\/UCMWrNpdLOXa7BffRKXZoaZw\" target=\"_blank\" rel=\"noopener noreferrer\">Youtube<\/a>. Sigue toda la informaci\u00f3n sobre impresi\u00f3n 3D en nuestra <a href=\"https:\/\/www.3dnatives.com\/es\/newsletter-impresion-3d\/\" target=\"_blank\" rel=\"noopener noreferrer\">Newsletter semanal<\/a>.<\/p>\n","protected":false},"excerpt":{"rendered":"<p>La impresi\u00f3n 3D en Madrid ha visto una gran evoluci\u00f3n en las tecnolog\u00edas de fabricaci\u00f3n aditiva, adem\u00e1s de asentarse en distribuci\u00f3n grandes marcas se han llevado a cabo proyectos como el primer puente impreso de hormig\u00f3n o la utilizaci\u00f3n de&hellip;<\/p>\n","protected":false},"author":6026,"featured_media":31913,"parent":0,"menu_order":0,"comment_status":"closed","ping_status":"closed","template":"page-hero-header.php","meta":{"_acf_changed":false,"content-type":"","footnotes":""},"class_list":["post-31910","page","type-page","status-publish","has-post-thumbnail","hentry"],"acf":[],"_links":{"self":[{"href":"https:\/\/www.3dnatives.com\/es\/wp-json\/wp\/v2\/pages\/31910","targetHints":{"allow":["GET"]}}],"collection":[{"href":"https:\/\/www.3dnatives.com\/es\/wp-json\/wp\/v2\/pages"}],"about":[{"href":"https:\/\/www.3dnatives.com\/es\/wp-json\/wp\/v2\/types\/page"}],"author":[{"embeddable":true,"href":"https:\/\/www.3dnatives.com\/es\/wp-json\/wp\/v2\/users\/6026"}],"replies":[{"embeddable":true,"href":"https:\/\/www.3dnatives.com\/es\/wp-json\/wp\/v2\/comments?post=31910"}],"version-history":[{"count":6,"href":"https:\/\/www.3dnatives.com\/es\/wp-json\/wp\/v2\/pages\/31910\/revisions"}],"predecessor-version":[{"id":81753,"href":"https:\/\/www.3dnatives.com\/es\/wp-json\/wp\/v2\/pages\/31910\/revisions\/81753"}],"wp:featuredmedia":[{"embeddable":true,"href":"https:\/\/www.3dnatives.com\/es\/wp-json\/wp\/v2\/media\/31913"}],"wp:attachment":[{"href":"https:\/\/www.3dnatives.com\/es\/wp-json\/wp\/v2\/media?parent=31910"}],"curies":[{"name":"wp","href":"https:\/\/api.w.org\/{rel}","templated":true}]}}