{"id":30437,"date":"2017-08-29T10:23:01","date_gmt":"2017-08-29T08:23:01","guid":{"rendered":"https:\/\/www.3dnatives.com\/es\/?page_id=30437"},"modified":"2024-12-09T11:29:35","modified_gmt":"2024-12-09T10:29:35","slug":"tests-de-impresoras-3d","status":"publish","type":"page","link":"https:\/\/www.3dnatives.com\/es\/tests-de-impresoras-3d\/","title":{"rendered":"Tests de impresoras 3D"},"content":{"rendered":"<p style=\"text-align: justify;\">\u00bfEst\u00e1s buscando una nueva impresora 3D pero no acabas de decidirte por una? Cada d\u00eda nos encontramos con nuevas m\u00e1quinas en el mercado 3D, as\u00ed que \u00bfc\u00f3mo podemos estar al tanto de todo? En 3Dnatives, damos prioridad a la informaci\u00f3n sobre impresi\u00f3n 3D de alta calidad. Por eso tenemos esta secci\u00f3n dedicada en la que encontrar\u00e1s nuestros tests de impresoras 3D. A trav\u00e9s de ellos, podr\u00e1s comprobar las impresoras 3D m\u00e1s recientes y populares del mercado, lo que te permitir\u00e1 ver su eficacia y si merecen la pena. Entre ellas se incluyen <a href=\"https:\/\/www.3dnatives.com\/es\/tipos-impresoras-3d-fdm-190620172\/\">impresoras 3D FDM<\/a>, <a href=\"https:\/\/www.3dnatives.com\/es\/mejores-impresoras-resina-19052016\/\">impresoras 3D SLA<\/a>, <a href=\"https:\/\/www.3dnatives.com\/es\/impresoras-3d-sls-220320182\/\">impresoras 3D SLS<\/a>&#8230; \u00a1e incluso <a href=\"https:\/\/www.3dnatives.com\/es\/top-10-escaneres-3d-low-cost-19102016\/\">esc\u00e1neres 3D<\/a>!<\/p>\n<h3 style=\"text-align: justify;\">Criterios para las pruebas de impresoras 3D<\/h3>\n<p style=\"text-align: justify;\">En el Lab 3Dnatives hemos realizado tests con impresoras 3D de <a href=\"https:\/\/www.3dnatives.com\/3D-compare\/es\/manufacturer\/bambu-lab-es\/\">Bambu Lab<\/a>, <a href=\"https:\/\/www.3dnatives.com\/3D-compare\/es\/manufacturer\/ultimaker-es\/\">UltiMaker<\/a>, <a href=\"https:\/\/www.3dnatives.com\/3D-compare\/es\/manufacturer\/formlabs-es\/\">Formlabs<\/a>, <a href=\"https:\/\/www.3dnatives.com\/3D-compare\/es\/manufacturer\/flashforge-technology-es\/\">Flashforge<\/a> y muchas, muchas m\u00e1s. Por lo tanto, tenemos una amplia experiencia a la hora de identificar las caracter\u00edsticas de las impresoras 3D como el dise\u00f1o, el rendimiento, la fiabilidad y mucho m\u00e1s. Adem\u00e1s, calificamos las impresoras 3D que probamos en \u00e1reas como la relaci\u00f3n calidad-precio seg\u00fan su grupo objetivo (consumidores, creadores, profesionales, industria), el dise\u00f1o, la eficiencia, la calidad de fabricaci\u00f3n y la versatilidad con diferentes materiales de impresi\u00f3n 3D. Nuestro objetivo es ofrecerte siempre una prueba concluyente y completa de estas soluciones aditivas. \u00a1No dudes en compartir tu opini\u00f3n sobre cada una de las m\u00e1quinas con la comunidad de 3Dnatives en <a href=\"https:\/\/www.facebook.com\/3Dnativeses\/?ref=hl\" target=\"_blank\" rel=\"noopener noreferrer\">Facebook<\/a> y\u00a0<a href=\"https:\/\/www.linkedin.com\/groups\/8516968\/\" target=\"_blank\" rel=\"noopener noreferrer\">LinkedIn<\/a>!<\/p>\n\t\t\t<div id=\"selected-category\">\n\t\t\t\t\t\t\t<article class=\"selected-category-post\">\n\t\t\t\t\t<div class=\"row\">\n\t\t\t\t\t\t<div class=\"col s12 m4\">\n\t\t\t\t\t\t\t<a href=\"https:\/\/www.3dnatives.com\/es\/lab-3dnatives-test-impresora-3d-snapmaker-u1-26032026\/\" class=\"thumbnail\">\n\t\t\t\t\t\t\t\t<img loading=\"lazy\" decoding=\"async\" width=\"600\" height=\"353\" src=\"https:\/\/www.3dnatives.com\/es\/wp-content\/uploads\/sites\/4\/Snapmaker-U1-ES-600x353.jpg\" class=\"responsive-img wp-post-image\" alt=\"Lab 3Dnatives: Test de la impresora 3D Snapmaker U1\" srcset=\"https:\/\/www.3dnatives.com\/es\/wp-content\/uploads\/sites\/4\/Snapmaker-U1-ES-600x353.jpg 600w, https:\/\/www.3dnatives.com\/es\/wp-content\/uploads\/sites\/4\/Snapmaker-U1-ES-768x452.jpg 768w, https:\/\/www.3dnatives.com\/es\/wp-content\/uploads\/sites\/4\/Snapmaker-U1-ES-160x94.jpg 160w, https:\/\/www.3dnatives.com\/es\/wp-content\/uploads\/sites\/4\/Snapmaker-U1-ES.jpg 850w\" sizes=\"auto, (max-width: 600px) 100vw, 600px\" \/>\t\t\t\t\t\t\t\t<span class=\"score\"><strong>9<\/strong>\/10<\/span>\t\t\t\t\t\t\t<\/a>\n\t\t\t\t\t\t<\/div>\n\t\t\t\t\t\t<div class=\"col s12 m8\">\n\t\t\t\t\t\t\t<h2><a href=\"https:\/\/www.3dnatives.com\/es\/lab-3dnatives-test-impresora-3d-snapmaker-u1-26032026\/\">Lab 3Dnatives: Test de la impresora 3D Snapmaker U1<\/a><\/h2>\n\t\t\t\t\t\t\t<div class=\"excerpt\">\n\t\t\t\t\t\t\t\t<p>Snapmaker, que durante mucho tiempo ha sido sin\u00f3nimo de m\u00e1quinas de fabricaci\u00f3n digital vers\u00e1tiles que combinan impresi\u00f3n 3D, mecanizado CNC y grabado l\u00e1ser en un solo equipo, ha iniciado en los \u00faltimos a\u00f1os un importante giro estrat\u00e9gico. Tras el \u00e9xito&hellip;<\/p>\n\t\t\t\t\t\t\t<\/div>\n\t\t\t\t\t\t\t<p class=\"more\"><a href=\"https:\/\/www.3dnatives.com\/es\/lab-3dnatives-test-impresora-3d-snapmaker-u1-26032026\/\" class=\"btn read-more\">Ver test<\/a><\/p>\n\t\t\t\t\t\t<\/div>\n\t\t\t\t\t<\/div>\n\t\t\t\t<\/article>\n\t\t\t\t\t\t\t\t<article class=\"selected-category-post\">\n\t\t\t\t\t<div class=\"row\">\n\t\t\t\t\t\t<div class=\"col s12 m4\">\n\t\t\t\t\t\t\t<a href=\"https:\/\/www.3dnatives.com\/es\/lab-3dnatives-rms220-raise3d-131120252\/\" class=\"thumbnail\">\n\t\t\t\t\t\t\t\t<img loading=\"lazy\" decoding=\"async\" width=\"600\" height=\"353\" src=\"https:\/\/www.3dnatives.com\/es\/wp-content\/uploads\/sites\/4\/Raise3D-RMS220-ES-600x353.jpg\" class=\"responsive-img wp-post-image\" alt=\"Lab 3Dnatives: Test de la impresora 3D RMS220, la primera impresora SLS de Raise3D\" srcset=\"https:\/\/www.3dnatives.com\/es\/wp-content\/uploads\/sites\/4\/Raise3D-RMS220-ES-600x353.jpg 600w, https:\/\/www.3dnatives.com\/es\/wp-content\/uploads\/sites\/4\/Raise3D-RMS220-ES-768x452.jpg 768w, https:\/\/www.3dnatives.com\/es\/wp-content\/uploads\/sites\/4\/Raise3D-RMS220-ES-160x94.jpg 160w, https:\/\/www.3dnatives.com\/es\/wp-content\/uploads\/sites\/4\/Raise3D-RMS220-ES.jpg 850w\" sizes=\"auto, (max-width: 600px) 100vw, 600px\" \/>\t\t\t\t\t\t\t\t<span class=\"score\"><strong>9.7<\/strong>\/10<\/span>\t\t\t\t\t\t\t<\/a>\n\t\t\t\t\t\t<\/div>\n\t\t\t\t\t\t<div class=\"col s12 m8\">\n\t\t\t\t\t\t\t<h2><a href=\"https:\/\/www.3dnatives.com\/es\/lab-3dnatives-rms220-raise3d-131120252\/\">Lab 3Dnatives: Test de la impresora 3D RMS220, la primera impresora SLS de Raise3D<\/a><\/h2>\n\t\t\t\t\t\t\t<div class=\"excerpt\">\n\t\t\t\t\t\t\t\t<p>Raise3D celebra este a\u00f1o su d\u00e9cimo aniversario. Conocida por sus impresoras FDM profesionales, las series Pro3 y E2 en particular, y m\u00e1s recientemente por sus sistemas de resina DF2 y DF2+, la marca da un nuevo paso importante con la&hellip;<\/p>\n\t\t\t\t\t\t\t<\/div>\n\t\t\t\t\t\t\t<p class=\"more\"><a href=\"https:\/\/www.3dnatives.com\/es\/lab-3dnatives-rms220-raise3d-131120252\/\" class=\"btn read-more\">Ver test<\/a><\/p>\n\t\t\t\t\t\t<\/div>\n\t\t\t\t\t<\/div>\n\t\t\t\t<\/article>\n\t\t\t\t\t\t\t\t<article class=\"selected-category-post\">\n\t\t\t\t\t<div class=\"row\">\n\t\t\t\t\t\t<div class=\"col s12 m4\">\n\t\t\t\t\t\t\t<a href=\"https:\/\/www.3dnatives.com\/es\/lab-3dnatives-test-df2-raise3d-240720252\/\" class=\"thumbnail\">\n\t\t\t\t\t\t\t\t<img loading=\"lazy\" decoding=\"async\" width=\"600\" height=\"353\" src=\"https:\/\/www.3dnatives.com\/es\/wp-content\/uploads\/sites\/4\/UltiMaker-S8-ES-600x353.png\" class=\"responsive-img wp-post-image\" alt=\"Lab 3Dnatives: Test de la impresora 3D DF2+, de RAISE3D\" srcset=\"https:\/\/www.3dnatives.com\/es\/wp-content\/uploads\/sites\/4\/UltiMaker-S8-ES-600x353.png 600w, https:\/\/www.3dnatives.com\/es\/wp-content\/uploads\/sites\/4\/UltiMaker-S8-ES-768x452.png 768w, https:\/\/www.3dnatives.com\/es\/wp-content\/uploads\/sites\/4\/UltiMaker-S8-ES-160x94.png 160w, https:\/\/www.3dnatives.com\/es\/wp-content\/uploads\/sites\/4\/UltiMaker-S8-ES.png 850w\" sizes=\"auto, (max-width: 600px) 100vw, 600px\" \/>\t\t\t\t\t\t\t\t<span class=\"score\"><strong>9.3<\/strong>\/10<\/span>\t\t\t\t\t\t\t<\/a>\n\t\t\t\t\t\t<\/div>\n\t\t\t\t\t\t<div class=\"col s12 m8\">\n\t\t\t\t\t\t\t<h2><a href=\"https:\/\/www.3dnatives.com\/es\/lab-3dnatives-test-df2-raise3d-240720252\/\">Lab 3Dnatives: Test de la impresora 3D DF2+, de RAISE3D<\/a><\/h2>\n\t\t\t\t\t\t\t<div class=\"excerpt\">\n\t\t\t\t\t\t\t\t<p>Conocida hasta ahora por sus impresoras 3D FDM, Raise3D contin\u00faa su diversificaci\u00f3n hacia nuevas tecnolog\u00edas de fabricaci\u00f3n aditiva. En 2023, el fabricante lanz\u00f3 la DF2, su primera impresora 3D de resina, presentada en la feria Formnext. Menos de dos a\u00f1os&hellip;<\/p>\n\t\t\t\t\t\t\t<\/div>\n\t\t\t\t\t\t\t<p class=\"more\"><a href=\"https:\/\/www.3dnatives.com\/es\/lab-3dnatives-test-df2-raise3d-240720252\/\" class=\"btn read-more\">Ver test<\/a><\/p>\n\t\t\t\t\t\t<\/div>\n\t\t\t\t\t<\/div>\n\t\t\t\t<\/article>\n\t\t\t\t\t\t\t\t<article class=\"selected-category-post\">\n\t\t\t\t\t<div class=\"row\">\n\t\t\t\t\t\t<div class=\"col s12 m4\">\n\t\t\t\t\t\t\t<a href=\"https:\/\/www.3dnatives.com\/es\/lab-3dnatives-test-ultimaker-s8-050620252\/\" class=\"thumbnail\">\n\t\t\t\t\t\t\t\t<img loading=\"lazy\" decoding=\"async\" width=\"600\" height=\"353\" src=\"https:\/\/www.3dnatives.com\/es\/wp-content\/uploads\/sites\/4\/UltiMaker-S8-ES-1-600x353.png\" class=\"responsive-img wp-post-image\" alt=\"Lab 3Dnatives: Test de la impresora 3D S8, de UltiMaker\" srcset=\"https:\/\/www.3dnatives.com\/es\/wp-content\/uploads\/sites\/4\/UltiMaker-S8-ES-1-600x353.png 600w, https:\/\/www.3dnatives.com\/es\/wp-content\/uploads\/sites\/4\/UltiMaker-S8-ES-1-768x452.png 768w, https:\/\/www.3dnatives.com\/es\/wp-content\/uploads\/sites\/4\/UltiMaker-S8-ES-1-160x94.png 160w, https:\/\/www.3dnatives.com\/es\/wp-content\/uploads\/sites\/4\/UltiMaker-S8-ES-1.png 850w\" sizes=\"auto, (max-width: 600px) 100vw, 600px\" \/>\t\t\t\t\t\t\t\t<span class=\"score\"><strong>9.4<\/strong>\/10<\/span>\t\t\t\t\t\t\t<\/a>\n\t\t\t\t\t\t<\/div>\n\t\t\t\t\t\t<div class=\"col s12 m8\">\n\t\t\t\t\t\t\t<h2><a href=\"https:\/\/www.3dnatives.com\/es\/lab-3dnatives-test-ultimaker-s8-050620252\/\">Lab 3Dnatives: Test de la impresora 3D S8, de UltiMaker<\/a><\/h2>\n\t\t\t\t\t\t\t<div class=\"excerpt\">\n\t\t\t\t\t\t\t\t<p>Dos a\u00f1os despu\u00e9s de probar la S7, ahora le toca el turno de poner a prueba la impresora 3D UltiMaker S8. Si a\u00fan no has le\u00eddo nuestra rese\u00f1a sobre la S7, te invitamos a echarle un vistazo AQU\u00cd, ya que&hellip;<\/p>\n\t\t\t\t\t\t\t<\/div>\n\t\t\t\t\t\t\t<p class=\"more\"><a href=\"https:\/\/www.3dnatives.com\/es\/lab-3dnatives-test-ultimaker-s8-050620252\/\" class=\"btn read-more\">Ver test<\/a><\/p>\n\t\t\t\t\t\t<\/div>\n\t\t\t\t\t<\/div>\n\t\t\t\t<\/article>\n\t\t\t\t\t\t\t\t<article class=\"selected-category-post\">\n\t\t\t\t\t<div class=\"row\">\n\t\t\t\t\t\t<div class=\"col s12 m4\">\n\t\t\t\t\t\t\t<a href=\"https:\/\/www.3dnatives.com\/es\/lab-3dnatives-test-kobra-s1-anycubic-060520252\/\" class=\"thumbnail\">\n\t\t\t\t\t\t\t\t<img loading=\"lazy\" decoding=\"async\" width=\"600\" height=\"353\" src=\"https:\/\/www.3dnatives.com\/es\/wp-content\/uploads\/sites\/4\/KobraS1-cover-600x353.jpg\" class=\"responsive-img wp-post-image\" alt=\"Lab 3Dnatives: Test de la impresora 3D Kobra S1, de Anycubic\" srcset=\"https:\/\/www.3dnatives.com\/es\/wp-content\/uploads\/sites\/4\/KobraS1-cover-600x353.jpg 600w, https:\/\/www.3dnatives.com\/es\/wp-content\/uploads\/sites\/4\/KobraS1-cover-768x452.jpg 768w, https:\/\/www.3dnatives.com\/es\/wp-content\/uploads\/sites\/4\/KobraS1-cover-160x94.jpg 160w, https:\/\/www.3dnatives.com\/es\/wp-content\/uploads\/sites\/4\/KobraS1-cover.jpg 850w\" sizes=\"auto, (max-width: 600px) 100vw, 600px\" \/>\t\t\t\t\t\t\t\t<span class=\"score\"><strong>9.6<\/strong>\/10<\/span>\t\t\t\t\t\t\t<\/a>\n\t\t\t\t\t\t<\/div>\n\t\t\t\t\t\t<div class=\"col s12 m8\">\n\t\t\t\t\t\t\t<h2><a href=\"https:\/\/www.3dnatives.com\/es\/lab-3dnatives-test-kobra-s1-anycubic-060520252\/\">Lab 3Dnatives: Test de la impresora 3D Kobra S1, de Anycubic<\/a><\/h2>\n\t\t\t\t\t\t\t<div class=\"excerpt\">\n\t\t\t\t\t\t\t\t<p>El mercado de la impresi\u00f3n 3D de consumo evoluciona r\u00e1pidamente, con m\u00e1quinas cada vez m\u00e1s potentes y asequibles. Entre los nuevos productos lanzados recientemente, la Anycubic Kobra S1 Combo destaca por su dise\u00f1o cerrado, su arquitectura CoreXY, su compatibilidad con&hellip;<\/p>\n\t\t\t\t\t\t\t<\/div>\n\t\t\t\t\t\t\t<p class=\"more\"><a href=\"https:\/\/www.3dnatives.com\/es\/lab-3dnatives-test-kobra-s1-anycubic-060520252\/\" class=\"btn read-more\">Ver test<\/a><\/p>\n\t\t\t\t\t\t<\/div>\n\t\t\t\t\t<\/div>\n\t\t\t\t<\/article>\n\t\t\t\t\t\t\t\t<article class=\"selected-category-post\">\n\t\t\t\t\t<div class=\"row\">\n\t\t\t\t\t\t<div class=\"col s12 m4\">\n\t\t\t\t\t\t\t<a href=\"https:\/\/www.3dnatives.com\/es\/lab-3dnatives-einstar-vega-shining-3d-060320252\/\" class=\"thumbnail\">\n\t\t\t\t\t\t\t\t<img loading=\"lazy\" decoding=\"async\" width=\"600\" height=\"353\" src=\"https:\/\/www.3dnatives.com\/es\/wp-content\/uploads\/sites\/4\/Tests_Vega-600x353.png\" class=\"responsive-img wp-post-image\" alt=\"Lab 3Dnatives: Test del esc\u00e1ner 3D Einstar Vega, de SHINING 3D\" srcset=\"https:\/\/www.3dnatives.com\/es\/wp-content\/uploads\/sites\/4\/Tests_Vega-600x353.png 600w, https:\/\/www.3dnatives.com\/es\/wp-content\/uploads\/sites\/4\/Tests_Vega-768x452.png 768w, https:\/\/www.3dnatives.com\/es\/wp-content\/uploads\/sites\/4\/Tests_Vega-160x94.png 160w, https:\/\/www.3dnatives.com\/es\/wp-content\/uploads\/sites\/4\/Tests_Vega.png 850w\" sizes=\"auto, (max-width: 600px) 100vw, 600px\" \/>\t\t\t\t\t\t\t\t<span class=\"score\"><strong>9.8<\/strong>\/10<\/span>\t\t\t\t\t\t\t<\/a>\n\t\t\t\t\t\t<\/div>\n\t\t\t\t\t\t<div class=\"col s12 m8\">\n\t\t\t\t\t\t\t<h2><a href=\"https:\/\/www.3dnatives.com\/es\/lab-3dnatives-einstar-vega-shining-3d-060320252\/\">Lab 3Dnatives: Test del esc\u00e1ner 3D Einstar Vega, de SHINING 3D<\/a><\/h2>\n\t\t\t\t\t\t\t<div class=\"excerpt\">\n\t\t\t\t\t\t\t\t<p>El mercado de los esc\u00e1neres 3D port\u00e1tiles evoluciona r\u00e1pidamente y SHINING 3D sigue innovando con su gama Einstar. Fundada en 2004, SHINING 3D es una de las principales empresas en tecnolog\u00edas de escaneado 3D, con reconocida experiencia tanto en metrolog\u00eda&hellip;<\/p>\n\t\t\t\t\t\t\t<\/div>\n\t\t\t\t\t\t\t<p class=\"more\"><a href=\"https:\/\/www.3dnatives.com\/es\/lab-3dnatives-einstar-vega-shining-3d-060320252\/\" class=\"btn read-more\">Ver test<\/a><\/p>\n\t\t\t\t\t\t<\/div>\n\t\t\t\t\t<\/div>\n\t\t\t\t<\/article>\n\t\t\t\t\t\t\t<\/div>\n\t\t\t<div class=\"center-align\"><a href=\"#\" id=\"load-more-category\" class=\"btn load-posts\" data-page=\"2\" data-slug=\"tests\">Cargar m\u00e1s<\/a><\/div>\n\t\t\t<div id=\"more-category-loader\" class=\"center-align\"><\/div>\n\t\t\t\n","protected":false},"excerpt":{"rendered":"<p>\u00bfEst\u00e1s buscando una nueva impresora 3D pero no acabas de decidirte por una? Cada d\u00eda nos encontramos con nuevas m\u00e1quinas en el mercado 3D, as\u00ed que \u00bfc\u00f3mo podemos estar al tanto de todo? En 3Dnatives, damos prioridad a la informaci\u00f3n&hellip;<\/p>\n","protected":false},"author":6026,"featured_media":0,"parent":0,"menu_order":0,"comment_status":"closed","ping_status":"closed","template":"page-sidebar.php","meta":{"_acf_changed":false,"content-type":"","footnotes":""},"class_list":["post-30437","page","type-page","status-publish","hentry"],"acf":[],"_links":{"self":[{"href":"https:\/\/www.3dnatives.com\/es\/wp-json\/wp\/v2\/pages\/30437","targetHints":{"allow":["GET"]}}],"collection":[{"href":"https:\/\/www.3dnatives.com\/es\/wp-json\/wp\/v2\/pages"}],"about":[{"href":"https:\/\/www.3dnatives.com\/es\/wp-json\/wp\/v2\/types\/page"}],"author":[{"embeddable":true,"href":"https:\/\/www.3dnatives.com\/es\/wp-json\/wp\/v2\/users\/6026"}],"replies":[{"embeddable":true,"href":"https:\/\/www.3dnatives.com\/es\/wp-json\/wp\/v2\/comments?post=30437"}],"version-history":[{"count":3,"href":"https:\/\/www.3dnatives.com\/es\/wp-json\/wp\/v2\/pages\/30437\/revisions"}],"predecessor-version":[{"id":79083,"href":"https:\/\/www.3dnatives.com\/es\/wp-json\/wp\/v2\/pages\/30437\/revisions\/79083"}],"wp:attachment":[{"href":"https:\/\/www.3dnatives.com\/es\/wp-json\/wp\/v2\/media?parent=30437"}],"curies":[{"name":"wp","href":"https:\/\/api.w.org\/{rel}","templated":true}]}}