{"id":5881,"date":"2017-08-28T14:21:54","date_gmt":"2017-08-28T12:21:54","guid":{"rendered":"https:\/\/www.3dnatives.com\/de\/?page_id=5881"},"modified":"2025-03-17T15:23:19","modified_gmt":"2025-03-17T14:23:19","slug":"3d-drucker-im-test","status":"publish","type":"page","link":"https:\/\/www.3dnatives.com\/de\/3d-drucker-im-test\/","title":{"rendered":"3D-Drucker-Test im 3Dnatives Lab"},"content":{"rendered":"<p style=\"text-align: justify;\">Sie sind auf der Suche nach einem neuen 3D-Drucker, k\u00f6nnen sich aber nicht so recht entscheiden, welchen Sie kaufen sollen? Jeden Tag werden wir mit neuen Ger\u00e4ten auf dem 3D-Markt konfrontiert. Wie k\u00f6nnen Sie da den \u00dcberblick behalten? Bei 3Dnatives legen wir gro\u00dfen Wert auf hochwertige Informationen zum 3D-Druck. Aus diesem Grund haben wir diesen speziellen Bereich eingerichtet, in dem Sie unsere 3D-Drucker-Tests finden k\u00f6nnen. Hier k\u00f6nnen Sie Informationen zu den neuesten und beliebtesten <a href=\"https:\/\/www.3dnatives.com\/de\/beliebte-3d-drucker-040720171\/\">3D-Drucker<\/a> auf dem Markt finden, um sich davon ein Bild zu machen, wie effektiv sie sind und ob sie den Hype wert sind, denn wir haben diese 3D-Drucker einem Test unterzogen. Dazu geh\u00f6ren <a href=\"https:\/\/www.3dnatives.com\/de\/typen-fdm-drucker-310520171\/\">FDM 3D-Drucker<\/a>, <a href=\"https:\/\/www.3dnatives.com\/de\/top-desktop-3d-drucker-harz-190520161\/\">SLA 3D-Drucker<\/a>, <a href=\"https:\/\/www.3dnatives.com\/de\/sls-drucker-220320181\/\">SLS 3D-Drucker<\/a> und sogar <a href=\"https:\/\/www.3dnatives.com\/de\/top10-low-cost-3d-scanner-191020161\/\">3D-Scanner<\/a>.<\/p>\n<h3>Die Bewertungskriterien beim 3D-Drucker-Test<\/h3>\n<p style=\"text-align: justify;\">Das 3Dnatives-Labor hat Tests mit Druckern von <a href=\"https:\/\/www.3dnatives.com\/3D-compare\/de\/manufacturer\/bambu-lab-de\/\">Bambu Lab<\/a>, <a href=\"https:\/\/www.3dnatives.com\/3D-compare\/de\/manufacturer\/ultimaker-de\/\">UltiMaker<\/a>, <a href=\"https:\/\/www.3dnatives.com\/3D-compare\/de\/manufacturer\/formlabs-de\/\">Formlabs<\/a>, <a href=\"https:\/\/www.3dnatives.com\/3D-compare\/de\/manufacturer\/flashforge-technology-de\/\">Flashforge<\/a> und vielen, vielen anderen durchgef\u00fchrt. Wir verf\u00fcgen daher \u00fcber die n\u00f6tige Erfahrung im Pr\u00fcfen von 3D-Druckern, um deren Eigenschaften wie Design, Leistung, Zuverl\u00e4ssigkeit und vieles mehr zu ermitteln! Dar\u00fcber hinaus bewerten wir die von uns getesteten 3D-Drucker in Bereichen wie dem Preis-Leistungs-Verh\u00e4ltnis entsprechend ihrer Zielgruppe (Verbraucher, Maker, Profis, Industrie), dem Design, der Effizienz, der Druckqualit\u00e4t und der Vielseitigkeit mit verschiedenen 3D-Druckmaterialien. Unser Ziel ist es immer, Ihnen einen aussagekr\u00e4ftigen und abgerundeten 3D-Drucker-Test zu liefern. Sie k\u00f6nnen uns Ihre eigenen Kommentare auf unseren <a href=\"https:\/\/www.facebook.com\/3Dnativesde\/\" target=\"_blank\" rel=\"noopener\">Facebook<\/a>&#8211; und <a href=\"https:\/\/www.linkedin.com\/groups\/13502336\/\" target=\"_blank\" rel=\"noopener\">LinkedIn<\/a>-Seiten mitteilen.<\/p>\n\t\t\t<div id=\"selected-category\">\n\t\t\t\t\t\t\t<article class=\"selected-category-post\">\n\t\t\t\t\t<div class=\"row\">\n\t\t\t\t\t\t<div class=\"col s12 m4\">\n\t\t\t\t\t\t\t<a href=\"https:\/\/www.3dnatives.com\/de\/3dnatives-lab-snapmaker-u1-im-test-26032026\/\" class=\"thumbnail\">\n\t\t\t\t\t\t\t\t<img loading=\"lazy\" decoding=\"async\" width=\"600\" height=\"353\" src=\"https:\/\/www.3dnatives.com\/de\/wp-content\/uploads\/sites\/3\/2026\/03\/Snapmaker-U1-DE-600x353.jpg\" class=\"responsive-img wp-post-image\" alt=\"3Dnatives Labor: Test des Snapmaker U1\" srcset=\"https:\/\/www.3dnatives.com\/de\/wp-content\/uploads\/sites\/3\/2026\/03\/Snapmaker-U1-DE-600x353.jpg 600w, https:\/\/www.3dnatives.com\/de\/wp-content\/uploads\/sites\/3\/2026\/03\/Snapmaker-U1-DE-768x452.jpg 768w, https:\/\/www.3dnatives.com\/de\/wp-content\/uploads\/sites\/3\/2026\/03\/Snapmaker-U1-DE-160x94.jpg 160w, https:\/\/www.3dnatives.com\/de\/wp-content\/uploads\/sites\/3\/2026\/03\/Snapmaker-U1-DE.jpg 850w\" sizes=\"auto, (max-width: 600px) 100vw, 600px\" \/>\t\t\t\t\t\t\t\t<span class=\"score\"><strong>9<\/strong>\/10<\/span>\t\t\t\t\t\t\t<\/a>\n\t\t\t\t\t\t<\/div>\n\t\t\t\t\t\t<div class=\"col s12 m8\">\n\t\t\t\t\t\t\t<h2><a href=\"https:\/\/www.3dnatives.com\/de\/3dnatives-lab-snapmaker-u1-im-test-26032026\/\">3Dnatives Labor: Test des Snapmaker U1<\/a><\/h2>\n\t\t\t\t\t\t\t<div class=\"excerpt\">\n\t\t\t\t\t\t\t\t<p>Lange Zeit stand Snapmaker f\u00fcr vielseitige Maschinen der digitalen Fertigung, die 3D-Druck, CNC-Bearbeitung und Lasergravur in einem Ger\u00e4t vereinten. Seit einigen Jahren vollzieht das Unternehmen jedoch einen klaren strategischen Wandel. Nach dem Erfolg der Modelle Snapmaker 2.0 und Artisan richtet&hellip;<\/p>\n\t\t\t\t\t\t\t<\/div>\n\t\t\t\t\t\t\t<p class=\"more\"><a href=\"https:\/\/www.3dnatives.com\/de\/3dnatives-lab-snapmaker-u1-im-test-26032026\/\" class=\"btn read-more\">Test anzeigen<\/a><\/p>\n\t\t\t\t\t\t<\/div>\n\t\t\t\t\t<\/div>\n\t\t\t\t<\/article>\n\t\t\t\t\t\t\t\t<article class=\"selected-category-post\">\n\t\t\t\t\t<div class=\"row\">\n\t\t\t\t\t\t<div class=\"col s12 m4\">\n\t\t\t\t\t\t\t<a href=\"https:\/\/www.3dnatives.com\/de\/raise3d-rms220-test-131120259\/\" class=\"thumbnail\">\n\t\t\t\t\t\t\t\t<img loading=\"lazy\" decoding=\"async\" width=\"600\" height=\"353\" src=\"https:\/\/www.3dnatives.com\/de\/wp-content\/uploads\/sites\/3\/2025\/11\/Raise3D-RMS220-DE-600x353.jpg\" class=\"responsive-img wp-post-image\" alt=\"Raise3D RMS220 im Test: Die erste SLS-3D-Druckerplattform von Raise3D\" srcset=\"https:\/\/www.3dnatives.com\/de\/wp-content\/uploads\/sites\/3\/2025\/11\/Raise3D-RMS220-DE-600x353.jpg 600w, https:\/\/www.3dnatives.com\/de\/wp-content\/uploads\/sites\/3\/2025\/11\/Raise3D-RMS220-DE-768x452.jpg 768w, https:\/\/www.3dnatives.com\/de\/wp-content\/uploads\/sites\/3\/2025\/11\/Raise3D-RMS220-DE-160x94.jpg 160w, https:\/\/www.3dnatives.com\/de\/wp-content\/uploads\/sites\/3\/2025\/11\/Raise3D-RMS220-DE.jpg 850w\" sizes=\"auto, (max-width: 600px) 100vw, 600px\" \/>\t\t\t\t\t\t\t\t<span class=\"score\"><strong>9.7<\/strong>\/10<\/span>\t\t\t\t\t\t\t<\/a>\n\t\t\t\t\t\t<\/div>\n\t\t\t\t\t\t<div class=\"col s12 m8\">\n\t\t\t\t\t\t\t<h2><a href=\"https:\/\/www.3dnatives.com\/de\/raise3d-rms220-test-131120259\/\">Raise3D RMS220 im Test: Die erste SLS-3D-Druckerplattform von Raise3D<\/a><\/h2>\n\t\t\t\t\t\t\t<div class=\"excerpt\">\n\t\t\t\t\t\t\t\t<p>Dieses Jahr feiert Raise3D sein zehnj\u00e4hriges Bestehen. Bekannt f\u00fcr seine professionellen FDM-Drucker, insbesondere die Pro3 und E2, sowie seit kurzem f\u00fcr die Harzsysteme DF2 und DF2+, erweitert die Marke mit der Einf\u00fchrung ihres ersten SLS-Druckers, dem Raise3D RMS220, ihr Portfolio&hellip;<\/p>\n\t\t\t\t\t\t\t<\/div>\n\t\t\t\t\t\t\t<p class=\"more\"><a href=\"https:\/\/www.3dnatives.com\/de\/raise3d-rms220-test-131120259\/\" class=\"btn read-more\">Test anzeigen<\/a><\/p>\n\t\t\t\t\t\t<\/div>\n\t\t\t\t\t<\/div>\n\t\t\t\t<\/article>\n\t\t\t\t\t\t\t\t<article class=\"selected-category-post\">\n\t\t\t\t\t<div class=\"row\">\n\t\t\t\t\t\t<div class=\"col s12 m4\">\n\t\t\t\t\t\t\t<a href=\"https:\/\/www.3dnatives.com\/de\/raise3d-df2-240720251\/\" class=\"thumbnail\">\n\t\t\t\t\t\t\t\t<img loading=\"lazy\" decoding=\"async\" width=\"600\" height=\"353\" src=\"https:\/\/www.3dnatives.com\/de\/wp-content\/uploads\/sites\/3\/2025\/07\/Raise3D-DF2-DE-600x353.png\" class=\"responsive-img wp-post-image\" alt=\"3Dnatives Labor: Test des Raise3D DF2+\" srcset=\"https:\/\/www.3dnatives.com\/de\/wp-content\/uploads\/sites\/3\/2025\/07\/Raise3D-DF2-DE-600x353.png 600w, https:\/\/www.3dnatives.com\/de\/wp-content\/uploads\/sites\/3\/2025\/07\/Raise3D-DF2-DE-768x452.png 768w, https:\/\/www.3dnatives.com\/de\/wp-content\/uploads\/sites\/3\/2025\/07\/Raise3D-DF2-DE-160x94.png 160w, https:\/\/www.3dnatives.com\/de\/wp-content\/uploads\/sites\/3\/2025\/07\/Raise3D-DF2-DE.png 850w\" sizes=\"auto, (max-width: 600px) 100vw, 600px\" \/>\t\t\t\t\t\t\t\t<span class=\"score\"><strong>9.3<\/strong>\/10<\/span>\t\t\t\t\t\t\t<\/a>\n\t\t\t\t\t\t<\/div>\n\t\t\t\t\t\t<div class=\"col s12 m8\">\n\t\t\t\t\t\t\t<h2><a href=\"https:\/\/www.3dnatives.com\/de\/raise3d-df2-240720251\/\">3Dnatives Labor: Test des Raise3D DF2+<\/a><\/h2>\n\t\t\t\t\t\t\t<div class=\"excerpt\">\n\t\t\t\t\t\t\t\t<p>Raise3D war bisher f\u00fcr seine FDM-3D-Drucker bekannt, doch das soll sich \u00e4ndern &#8211; das Unternehmen setzt seine Diversifizierung hin zu neuen additiven Technologien fort.\u00a0Im Jahr 2023 brachte der Hersteller den DF2 auf den Markt, seinen ersten 3D-Harzdrucker. Weniger als zwei&hellip;<\/p>\n\t\t\t\t\t\t\t<\/div>\n\t\t\t\t\t\t\t<p class=\"more\"><a href=\"https:\/\/www.3dnatives.com\/de\/raise3d-df2-240720251\/\" class=\"btn read-more\">Test anzeigen<\/a><\/p>\n\t\t\t\t\t\t<\/div>\n\t\t\t\t\t<\/div>\n\t\t\t\t<\/article>\n\t\t\t\t\t\t\t\t<article class=\"selected-category-post\">\n\t\t\t\t\t<div class=\"row\">\n\t\t\t\t\t\t<div class=\"col s12 m4\">\n\t\t\t\t\t\t\t<a href=\"https:\/\/www.3dnatives.com\/de\/ultimaker-050620251\/\" class=\"thumbnail\">\n\t\t\t\t\t\t\t\t<img loading=\"lazy\" decoding=\"async\" width=\"600\" height=\"353\" src=\"https:\/\/www.3dnatives.com\/de\/wp-content\/uploads\/sites\/3\/2025\/06\/UltiMaker-S8-DE-600x353.jpg\" class=\"responsive-img wp-post-image\" alt=\"3Dnatives Labor: Test des Ultimaker S8\" srcset=\"https:\/\/www.3dnatives.com\/de\/wp-content\/uploads\/sites\/3\/2025\/06\/UltiMaker-S8-DE-600x353.jpg 600w, https:\/\/www.3dnatives.com\/de\/wp-content\/uploads\/sites\/3\/2025\/06\/UltiMaker-S8-DE-768x452.jpg 768w, https:\/\/www.3dnatives.com\/de\/wp-content\/uploads\/sites\/3\/2025\/06\/UltiMaker-S8-DE-160x94.jpg 160w, https:\/\/www.3dnatives.com\/de\/wp-content\/uploads\/sites\/3\/2025\/06\/UltiMaker-S8-DE.jpg 850w\" sizes=\"auto, (max-width: 600px) 100vw, 600px\" \/>\t\t\t\t\t\t\t\t<span class=\"score\"><strong>9.4<\/strong>\/10<\/span>\t\t\t\t\t\t\t<\/a>\n\t\t\t\t\t\t<\/div>\n\t\t\t\t\t\t<div class=\"col s12 m8\">\n\t\t\t\t\t\t\t<h2><a href=\"https:\/\/www.3dnatives.com\/de\/ultimaker-050620251\/\">3Dnatives Labor: Test des Ultimaker S8<\/a><\/h2>\n\t\t\t\t\t\t\t<div class=\"excerpt\">\n\t\t\t\t\t\t\t\t<p>Zwei Jahre nachdem wir den Ultimaker S7 getestet haben, werfen wir einen Blick auf den j\u00fcngst erschienenen Ultimaker S8. Falls Sie Ihr Ged\u00e4chtnis auffrischen wollen, k\u00f6nnen Sie HIER unser Review des S7 noch einmal nachlesen. Der S8 ist ein direkter&hellip;<\/p>\n\t\t\t\t\t\t\t<\/div>\n\t\t\t\t\t\t\t<p class=\"more\"><a href=\"https:\/\/www.3dnatives.com\/de\/ultimaker-050620251\/\" class=\"btn read-more\">Test anzeigen<\/a><\/p>\n\t\t\t\t\t\t<\/div>\n\t\t\t\t\t<\/div>\n\t\t\t\t<\/article>\n\t\t\t\t\t\t\t\t<article class=\"selected-category-post\">\n\t\t\t\t\t<div class=\"row\">\n\t\t\t\t\t\t<div class=\"col s12 m4\">\n\t\t\t\t\t\t\t<a href=\"https:\/\/www.3dnatives.com\/de\/3dnatives-labor-test-anycubic-kobra-s1-combo-060520251\/\" class=\"thumbnail\">\n\t\t\t\t\t\t\t\t<img loading=\"lazy\" decoding=\"async\" width=\"600\" height=\"353\" src=\"https:\/\/www.3dnatives.com\/de\/wp-content\/uploads\/sites\/3\/2025\/05\/Kobra-S1-DE-600x353.jpg\" class=\"responsive-img wp-post-image\" alt=\"3Dnatives Labor: Test des Anycubic Kobra S1 Combo\" srcset=\"https:\/\/www.3dnatives.com\/de\/wp-content\/uploads\/sites\/3\/2025\/05\/Kobra-S1-DE-600x353.jpg 600w, https:\/\/www.3dnatives.com\/de\/wp-content\/uploads\/sites\/3\/2025\/05\/Kobra-S1-DE-768x452.jpg 768w, https:\/\/www.3dnatives.com\/de\/wp-content\/uploads\/sites\/3\/2025\/05\/Kobra-S1-DE-160x94.jpg 160w, https:\/\/www.3dnatives.com\/de\/wp-content\/uploads\/sites\/3\/2025\/05\/Kobra-S1-DE.jpg 850w\" sizes=\"auto, (max-width: 600px) 100vw, 600px\" \/>\t\t\t\t\t\t\t\t<span class=\"score\"><strong>9.6<\/strong>\/10<\/span>\t\t\t\t\t\t\t<\/a>\n\t\t\t\t\t\t<\/div>\n\t\t\t\t\t\t<div class=\"col s12 m8\">\n\t\t\t\t\t\t\t<h2><a href=\"https:\/\/www.3dnatives.com\/de\/3dnatives-labor-test-anycubic-kobra-s1-combo-060520251\/\">3Dnatives Labor: Test des Anycubic Kobra S1 Combo<\/a><\/h2>\n\t\t\t\t\t\t\t<div class=\"excerpt\">\n\t\t\t\t\t\t\t\t<p>Der Markt f\u00fcr 3D-Drucker f\u00fcr Verbraucher entwickelt sich rasant, mit immer leistungsf\u00e4higeren und erschwinglicheren Ger\u00e4ten. Zu den k\u00fcrzlich vorgestellten Neuheiten geh\u00f6rt der Anycubic Kobra S1 Combo, der sich durch ein geschlossenes Design, eine CoreXY-Architektur, Kompatibilit\u00e4t mit der ACE Pro Multi-Material-Station&hellip;<\/p>\n\t\t\t\t\t\t\t<\/div>\n\t\t\t\t\t\t\t<p class=\"more\"><a href=\"https:\/\/www.3dnatives.com\/de\/3dnatives-labor-test-anycubic-kobra-s1-combo-060520251\/\" class=\"btn read-more\">Test anzeigen<\/a><\/p>\n\t\t\t\t\t\t<\/div>\n\t\t\t\t\t<\/div>\n\t\t\t\t<\/article>\n\t\t\t\t\t\t\t\t<article class=\"selected-category-post\">\n\t\t\t\t\t<div class=\"row\">\n\t\t\t\t\t\t<div class=\"col s12 m4\">\n\t\t\t\t\t\t\t<a href=\"https:\/\/www.3dnatives.com\/de\/3dnatives-labor-test-einstar-vega-von-shining-3d-060320251\/\" class=\"thumbnail\">\n\t\t\t\t\t\t\t\t<img loading=\"lazy\" decoding=\"async\" width=\"600\" height=\"353\" src=\"https:\/\/www.3dnatives.com\/de\/wp-content\/uploads\/sites\/3\/2025\/03\/Tests-Cover-Pictures-Einstar-Vega-600x353.jpg\" class=\"responsive-img wp-post-image\" alt=\"3Dnatives Labor: Test des 3D-Scanners Einstar Vega von SHINING 3D\" srcset=\"https:\/\/www.3dnatives.com\/de\/wp-content\/uploads\/sites\/3\/2025\/03\/Tests-Cover-Pictures-Einstar-Vega-600x353.jpg 600w, https:\/\/www.3dnatives.com\/de\/wp-content\/uploads\/sites\/3\/2025\/03\/Tests-Cover-Pictures-Einstar-Vega-768x452.jpg 768w, https:\/\/www.3dnatives.com\/de\/wp-content\/uploads\/sites\/3\/2025\/03\/Tests-Cover-Pictures-Einstar-Vega-160x94.jpg 160w, https:\/\/www.3dnatives.com\/de\/wp-content\/uploads\/sites\/3\/2025\/03\/Tests-Cover-Pictures-Einstar-Vega.jpg 850w\" sizes=\"auto, (max-width: 600px) 100vw, 600px\" \/>\t\t\t\t\t\t\t\t<span class=\"score\"><strong>9.8<\/strong>\/10<\/span>\t\t\t\t\t\t\t<\/a>\n\t\t\t\t\t\t<\/div>\n\t\t\t\t\t\t<div class=\"col s12 m8\">\n\t\t\t\t\t\t\t<h2><a href=\"https:\/\/www.3dnatives.com\/de\/3dnatives-labor-test-einstar-vega-von-shining-3d-060320251\/\">3Dnatives Labor: Test des 3D-Scanners Einstar Vega von SHINING 3D<\/a><\/h2>\n\t\t\t\t\t\t\t<div class=\"excerpt\">\n\t\t\t\t\t\t\t\t<p>Der Markt f\u00fcr tragbare 3D-Scanner entwickelt sich schnell und SHINING 3D setzt mit seiner Einstar-Reihe weiterhin auf Innovationen. SHINING 3D wurde 2004 gegr\u00fcndet und ist ein f\u00fchrender Anbieter von 3D-Scantechnologien mit anerkannter Expertise sowohl in der industriellen Messtechnik als auch&hellip;<\/p>\n\t\t\t\t\t\t\t<\/div>\n\t\t\t\t\t\t\t<p class=\"more\"><a href=\"https:\/\/www.3dnatives.com\/de\/3dnatives-labor-test-einstar-vega-von-shining-3d-060320251\/\" class=\"btn read-more\">Test anzeigen<\/a><\/p>\n\t\t\t\t\t\t<\/div>\n\t\t\t\t\t<\/div>\n\t\t\t\t<\/article>\n\t\t\t\t\t\t\t<\/div>\n\t\t\t<div class=\"center-align\"><a href=\"#\" id=\"load-more-category\" class=\"btn load-posts\" data-page=\"2\" data-slug=\"tests\">Weitere laden<\/a><\/div>\n\t\t\t<div id=\"more-category-loader\" class=\"center-align\"><\/div>\n\t\t\t\n","protected":false},"excerpt":{"rendered":"<p>Sie sind auf der Suche nach einem neuen 3D-Drucker, k\u00f6nnen sich aber nicht so recht entscheiden, welchen Sie kaufen sollen? Jeden Tag werden wir mit neuen Ger\u00e4ten auf dem 3D-Markt konfrontiert. Wie k\u00f6nnen Sie da den \u00dcberblick behalten? Bei 3Dnatives&hellip;<\/p>\n","protected":false},"author":6052,"featured_media":5889,"parent":0,"menu_order":0,"comment_status":"closed","ping_status":"closed","template":"page-sidebar.php","meta":{"_acf_changed":false,"content-type":"","footnotes":""},"class_list":["post-5881","page","type-page","status-publish","has-post-thumbnail","hentry"],"acf":[],"_links":{"self":[{"href":"https:\/\/www.3dnatives.com\/de\/wp-json\/wp\/v2\/pages\/5881","targetHints":{"allow":["GET"]}}],"collection":[{"href":"https:\/\/www.3dnatives.com\/de\/wp-json\/wp\/v2\/pages"}],"about":[{"href":"https:\/\/www.3dnatives.com\/de\/wp-json\/wp\/v2\/types\/page"}],"author":[{"embeddable":true,"href":"https:\/\/www.3dnatives.com\/de\/wp-json\/wp\/v2\/users\/6052"}],"replies":[{"embeddable":true,"href":"https:\/\/www.3dnatives.com\/de\/wp-json\/wp\/v2\/comments?post=5881"}],"version-history":[{"count":5,"href":"https:\/\/www.3dnatives.com\/de\/wp-json\/wp\/v2\/pages\/5881\/revisions"}],"predecessor-version":[{"id":62112,"href":"https:\/\/www.3dnatives.com\/de\/wp-json\/wp\/v2\/pages\/5881\/revisions\/62112"}],"wp:featuredmedia":[{"embeddable":true,"href":"https:\/\/www.3dnatives.com\/de\/wp-json\/wp\/v2\/media\/5889"}],"wp:attachment":[{"href":"https:\/\/www.3dnatives.com\/de\/wp-json\/wp\/v2\/media?parent=5881"}],"curies":[{"name":"wp","href":"https:\/\/api.w.org\/{rel}","templated":true}]}}