{"id":58600,"date":"2024-09-11T16:45:22","date_gmt":"2024-09-11T14:45:22","guid":{"rendered":"https:\/\/www.3dnatives.com\/de\/?page_id=58600"},"modified":"2024-09-11T16:45:22","modified_gmt":"2024-09-11T14:45:22","slug":"3d-druck-weiterbildungen","status":"publish","type":"page","link":"https:\/\/www.3dnatives.com\/de\/3d-druck-weiterbildungen\/","title":{"rendered":"3D-Druck Weiterbildungen"},"content":{"rendered":"<p style=\"text-align: justify;\">Der <a href=\"https:\/\/www.3dnatives.com\/de\/3d-technologies\/\">3D-Druck<\/a> erfreut sich zunehmender Beliebtheit, und immer mehr Menschen m\u00f6chten den Schritt wagen, selbst mit dieser innovativen Technologie zu beginnen. Mit den richtigen Weiterbildungen k\u00f6nnen <a href=\"https:\/\/www.3dnatives.com\/de\/3d-druck-fuer-anfaenger-wie-waehlen-sie-ihren-ersten-3d-drucker-020820241\/\">Anf\u00e4nger<\/a> schnell die Grundlagen erlernen und sofort erste Erfolge erzielen. In der folgenden \u00dcbersicht finden Sie interessante Einsteigerkurse und 3D-Druck Weiterbildungen in Deutschland vor, die Sie Schritt f\u00fcr Schritt in die Technik und Praxis des 3D-Drucks einf\u00fchren. Die folgende Liste ist nach Standorten aufgeteilt, jedoch bieten einige Unternehmen zus\u00e4tzlich Online-Kurse an, sollten Sie den Standort nicht erreichen k\u00f6nnen.<\/p>\n<p>&nbsp;<\/p>\n<h3 style=\"text-align: justify;\">Weiterbildungen in Niedersachsen<\/h3>\n<p style=\"text-align: justify;\"><img loading=\"lazy\" decoding=\"async\" class=\"size-full wp-image-58602 alignleft\" src=\"https:\/\/www.3dnatives.com\/de\/wp-content\/uploads\/sites\/3\/2024\/09\/Teutloff-Weiterbildung.jpg\" alt=\"\" width=\"110\" height=\"110\" \/><span style=\"font-weight: 400;\">Teutloff bietet eine Grundlagenschulung f\u00fcr den 3D-Druck an. Die Schulung umfasst neben der Arbeitssicherheit und Technologie auch die Peripherie und verschiedene 3D-Druck-Objekte. Behandelte Themen sind das Slicen mit dem <a href=\"https:\/\/www.3dnatives.com\/de\/cura-250320201\/\">Cura-Slicer<\/a>, der Druck mit <a href=\"https:\/\/www.3dnatives.com\/de\/3d-druck-schmelzschichtung\/\">FDM-Druckern<\/a> und die Parametrisierung von Druckern. Die Kursgeb\u00fchr betr\u00e4gt 580 Euro ohne F\u00f6rderung und 174 Euro mit F\u00f6rderung. Der Kurs findet \u00fcber drei Tage in Vollzeit in Braunschweig statt.<\/span><\/p>\n<p>&nbsp;<\/p>\n<h3>Weiterbildungen in Hamburg<\/h3>\n<p style=\"text-align: justify;\"><img loading=\"lazy\" decoding=\"async\" class=\"size-full wp-image-58609 alignleft\" src=\"https:\/\/www.3dnatives.com\/de\/wp-content\/uploads\/sites\/3\/2024\/09\/makerhafen.jpg\" alt=\"\" width=\"110\" height=\"110\" \/><span style=\"font-weight: 400;\">Bei Makerhafen in <a href=\"https:\/\/www.3dnatives.com\/de\/3d-druck-in-hamburg\/\">Hamburg<\/a> finden Sie Einf\u00fchrungskurse zur Bedienung verschiedener <a href=\"https:\/\/www.3dnatives.com\/de\/beliebte-3d-drucker-040720171\/\">3D-Drucker<\/a> und zur Erstellung von 3D-Datenmodellen. Vorkenntnisse sind f\u00fcr die Teilnahme nicht erforderlich, und pro Workshop nehmen sechs bis acht Personen teil. Am Ende des Kurses werden Sie Ihr erstes 3D-Druckteil selbst drucken!<\/span><\/p>\n<p>&nbsp;<\/p>\n<h3>Weiterbildungen in Nordrhein-Westfalen<\/h3>\n<p style=\"text-align: justify;\"><img loading=\"lazy\" decoding=\"async\" class=\"size-full wp-image-58610 alignleft\" src=\"https:\/\/www.3dnatives.com\/de\/wp-content\/uploads\/sites\/3\/2024\/09\/hdt-logo.jpg\" alt=\"\" width=\"110\" height=\"110\" \/><span style=\"font-weight: 400;\">Eine Weiterbildung zum Thema \u201e3D-Druck verstehen und im eigenen Unternehmen anwenden\u201c bietet das Haus der Technik an. Dieser Kurs vermittelt einen umfassenden \u00dcberblick \u00fcber die Technologie, von der Erkl\u00e4rung grundlegender Begriffe \u00fcber die verschiedenen Technologien und <a href=\"https:\/\/www.3dnatives.com\/de\/category\/3d-software\/\">Softwarel\u00f6sungen<\/a> bis hin zu praktischen Anwendungsbeispielen. Die Pr\u00e4senz-Teilnahme kostet 850 Euro, f\u00fcr Mitglieder liegt der Preis bei 765 Euro.<\/span><\/p>\n<p>&nbsp;<\/p>\n<p style=\"text-align: justify;\"><img loading=\"lazy\" decoding=\"async\" class=\"size-full wp-image-58615 alignleft\" src=\"https:\/\/www.3dnatives.com\/de\/wp-content\/uploads\/sites\/3\/2024\/09\/3DDESIGN24.jpg\" alt=\"\" width=\"110\" height=\"110\" \/><span style=\"font-weight: 400;\">3D Design 24 bietet spannende Grundlagenschulungen und 3D-Druck Weiterbildungen an, in denen Sie alles \u00fcber die Aufgaben eines <a href=\"https:\/\/www.3dnatives.com\/de\/typen-fdm-drucker-310520171\/\">FDM-Druckers<\/a>, die Funktionsweise von FDM- und SLA-Druckern sowie verschiedene Nachbearbeitungsmethoden f\u00fcr den <a href=\"https:\/\/www.3dnatives.com\/de\/stereolithografie\/\">SLA-Druck<\/a> erfahren. Die Schulung dauert sechs Stunden und kostet 99 Euro, inklusive Verpflegung, und findet in Wuppertal statt. Alternativ k\u00f6nnen Sie den Kurs auch <strong>online<\/strong> zu einem Preis von 49 Euro belegen.<\/span><\/p>\n<p>&nbsp;<\/p>\n<p style=\"text-align: justify;\"><img loading=\"lazy\" decoding=\"async\" class=\"size-full wp-image-58603 alignleft\" src=\"https:\/\/www.3dnatives.com\/de\/wp-content\/uploads\/sites\/3\/2024\/09\/GFU-Cyrus.jpg\" alt=\"\" width=\"110\" height=\"110\" \/><span style=\"font-weight: 400;\">Bei der GFU k\u00f6nnen Sie an verschiedenen 3D-Druck-Schulungen in K\u00f6ln teilnehmen, die auch online in <strong>virtuellen Klassenzimmern<\/strong> angeboten werden. Dazu geh\u00f6ren offene Schulungen, firmenspezifische Inhouse-Schulungen und ma\u00dfgeschneiderte Individual-Schulungen. Zu den angebotenen Themen z\u00e4hlen unter anderem die Programmierung f\u00fcr 3D-Design, der Einsatz von <a href=\"https:\/\/www.3dnatives.com\/de\/software-fuer-kuenstliche-intelligenz-im-3d-druck-200720231\/\">K\u00fcnstlicher Intelligenz<\/a> im 3D-Druck, die Rolle des 3D-Drucks in der Industrie und vieles mehr. Die Schulungen dauern in der Regel zwei bis drei Tage und werden zu unterschiedlichen Terminen angeboten.<\/span><\/p>\n<p>&nbsp;<\/p>\n<p style=\"text-align: justify;\"><img loading=\"lazy\" decoding=\"async\" class=\"size-full wp-image-58606 alignleft\" src=\"https:\/\/www.3dnatives.com\/de\/wp-content\/uploads\/sites\/3\/2024\/09\/Protiq.jpg\" alt=\"\" width=\"110\" height=\"110\" \/><span style=\"font-weight: 400;\">Bei Protiq stehen Ihnen verschiedene Seminare und Schulungen zur Auswahl, die pro Tag und Person 300 Euro inklusive Verpflegung kosten. Die Teilnehmerzahl ist auf maximal zehn Personen begrenzt. Sie haben au\u00dferdem die M\u00f6glichkeit, ein individuelles Schulungspaket zusammenzustellen. Die Schulungen umfassen Basismodule, Verfahrensmodule und Erweiterungsmodule, die je nach Bedarf belegt werden k\u00f6nnen.<\/span><\/p>\n<p>&nbsp;<\/p>\n<h3>Weiterbildungen in Schleswig-Holstein<\/h3>\n<p style=\"text-align: justify;\"><img loading=\"lazy\" decoding=\"async\" class=\"size-full wp-image-58613 alignleft\" src=\"https:\/\/www.3dnatives.com\/de\/wp-content\/uploads\/sites\/3\/2024\/09\/Technische-Akademie-Nord.jpg\" alt=\"\" width=\"110\" height=\"110\" \/><span style=\"font-weight: 400;\">In dieser Praxisschulung in Kiel werden Ihnen die wichtigsten Grundlagen des 3D-Drucks vermittelt. Das Seminar dauert f\u00fcnf Tage, ist ganzt\u00e4gig und umfasst 40 Unterrichtseinheiten. Der Preis betr\u00e4gt 1.487,50 Euro. Die Inhalte der Schulung umfassen den Aufbau und die Einstellungen des 3D-Druckers, Grundlagen der <a href=\"https:\/\/www.3dnatives.com\/de\/kostenlose-3d-modellierungssoftware-210720201\/\">3D-Modellierung<\/a>, <a href=\"https:\/\/www.3dnatives.com\/de\/category\/materialien\/\">Materialien<\/a> und Arbeitssicherheit sowie die Behebung von Druckfehlern.<\/span><\/p>\n<p>&nbsp;<\/p>\n<h3 style=\"text-align: justify;\">Unterschiedliche Standorte<\/h3>\n<p style=\"text-align: justify;\"><img loading=\"lazy\" decoding=\"async\" class=\"size-full wp-image-58607 alignleft\" src=\"https:\/\/www.3dnatives.com\/de\/wp-content\/uploads\/sites\/3\/2024\/09\/vhs.jpg\" alt=\"\" width=\"110\" height=\"110\" \/><span style=\"font-weight: 400;\">Verschiedene Kurse und Workshops rund um den 3D-Druck werden von der VHS in mehreren Bundesl\u00e4ndern angeboten. Dazu z\u00e4hlen Angebote wie Repaircaf\u00e9s, <a href=\"https:\/\/www.3dnatives.com\/de\/3d-druck-fuer-anfaenger-wie-waehle-ich-das-richtige-filament-090820241\/\">3D-Druck f\u00fcr Einsteiger<\/a> und Grundlagenkurse zu unterschiedlichen Softwareanwendungen. Die Kursgeb\u00fchren sind unterschiedlich und bewegen sich zwischen 25 Euro und etwa 81 Euro.<\/span><\/p>\n<p>&nbsp;<\/p>\n<p>&nbsp;<\/p>\n<p><img loading=\"lazy\" decoding=\"async\" class=\" wp-image-58612 alignleft\" style=\"text-align: justify;\" src=\"https:\/\/www.3dnatives.com\/de\/wp-content\/uploads\/sites\/3\/2024\/09\/SKZ.jpg\" alt=\"\" width=\"84\" height=\"84\" \/><\/p>\n<p class=\"p1\" style=\"text-align: justify;\">Das SKZ-Kunststoff-Zentrum bietet eine breite Palette an Pr\u00e4senz-, Online- und E-Learning-Kursen zur <a href=\"https:\/\/www.3dnatives.com\/de\/additive-fertigung\/\">additiven Fertigung<\/a> an. Die Preise variieren je nach Kurs und liegen\u00a0zwischen 700 und etwa 1.300 Euro. Im Angebot sind unter anderem spannende Kurse wie Konstruktion f\u00fcr additive Fertigung, 3D-Druck in der <a href=\"https:\/\/www.3dnatives.com\/de\/3d-druck-in-medizin-und-zahnmedizin\/\">Medizintechnik<\/a> sowie Grundlagen der additiven Fertigung, und das ist nur ein kleiner Teil des vielf\u00e4ltigen Programms. Die Pr\u00e4senz-Kurse finden an unterschiedlichen Standorten statt.<\/p>\n<h3><\/h3>\n<h3 style=\"text-align: justify;\">Ausschlie\u00dflich Online<\/h3>\n<p style=\"text-align: justify;\"><img loading=\"lazy\" decoding=\"async\" class=\"size-full wp-image-58611 alignleft\" src=\"https:\/\/www.3dnatives.com\/de\/wp-content\/uploads\/sites\/3\/2024\/09\/3D-Druck-Akademie.jpg\" alt=\"\" width=\"110\" height=\"110\" \/><span style=\"font-weight: 400;\">Die 3D-Druck Akademie h\u00e4lt eine Vielzahl von Online-Kursen und Videos f\u00fcr Anf\u00e4nger und Fortgeschrittene bereit. Zus\u00e4tzlich finden w\u00f6chentliche Live-Calls mit Experten statt, die die wichtigsten Programme erl\u00e4utern und so wertvolle Praxiserfahrung vermitteln. Tauchen Sie ein in die spannende Welt des 3D-Drucks und profitieren Sie von den umfassenden Ressourcen und dem direkten Austausch mit Fachleuten!<\/span><\/p>\n<p>&nbsp;<\/p>\n<p>&nbsp;<\/p>\n<p><img loading=\"lazy\" decoding=\"async\" class=\" wp-image-58614 alignleft\" src=\"https:\/\/www.3dnatives.com\/de\/wp-content\/uploads\/sites\/3\/2024\/09\/AMbitous-LOGO.jpg\" alt=\"\" width=\"90\" height=\"90\" \/><\/p>\n<p style=\"text-align: justify;\"><span style=\"font-size: 1em;\">AMbitious veranstaltet eine interaktive Basic-Level-Schulung, die einen umfassenden \u00dcberblick \u00fcber die wesentlichen Themen im 3D-Druck bietet. Die Schulung findet in Georgensm\u00fcnd statt und konzentriert sich insbesondere auf die Grundlagen der <a href=\"https:\/\/www.3dnatives.com\/de\/3ddruck-laserschmelzen\/\">pulverbettbasierten additiven Fertigung<\/a> in <a href=\"https:\/\/www.3dnatives.com\/de\/3d-metalldruck\/\">Metall<\/a>. Diese Veranstaltung ist ideal f\u00fcr alle, die sich einen fundierten Einstieg in die Thematik w\u00fcnschen.<\/span><\/p>\n<p style=\"text-align: justify;\">\n","protected":false},"excerpt":{"rendered":"<p>Der 3D-Druck erfreut sich zunehmender Beliebtheit, und immer mehr Menschen m\u00f6chten den Schritt wagen, selbst mit dieser innovativen Technologie zu beginnen. Mit den richtigen Weiterbildungen k\u00f6nnen Anf\u00e4nger schnell die Grundlagen erlernen und sofort erste Erfolge erzielen. In der folgenden \u00dcbersicht&hellip;<\/p>\n","protected":false},"author":6112,"featured_media":58724,"parent":0,"menu_order":0,"comment_status":"closed","ping_status":"closed","template":"page-hero-header.php","meta":{"_acf_changed":false,"content-type":"","footnotes":""},"class_list":["post-58600","page","type-page","status-publish","has-post-thumbnail","hentry"],"acf":[],"_links":{"self":[{"href":"https:\/\/www.3dnatives.com\/de\/wp-json\/wp\/v2\/pages\/58600","targetHints":{"allow":["GET"]}}],"collection":[{"href":"https:\/\/www.3dnatives.com\/de\/wp-json\/wp\/v2\/pages"}],"about":[{"href":"https:\/\/www.3dnatives.com\/de\/wp-json\/wp\/v2\/types\/page"}],"author":[{"embeddable":true,"href":"https:\/\/www.3dnatives.com\/de\/wp-json\/wp\/v2\/users\/6112"}],"replies":[{"embeddable":true,"href":"https:\/\/www.3dnatives.com\/de\/wp-json\/wp\/v2\/comments?post=58600"}],"version-history":[{"count":3,"href":"https:\/\/www.3dnatives.com\/de\/wp-json\/wp\/v2\/pages\/58600\/revisions"}],"predecessor-version":[{"id":58725,"href":"https:\/\/www.3dnatives.com\/de\/wp-json\/wp\/v2\/pages\/58600\/revisions\/58725"}],"wp:featuredmedia":[{"embeddable":true,"href":"https:\/\/www.3dnatives.com\/de\/wp-json\/wp\/v2\/media\/58724"}],"wp:attachment":[{"href":"https:\/\/www.3dnatives.com\/de\/wp-json\/wp\/v2\/media?parent=58600"}],"curies":[{"name":"wp","href":"https:\/\/api.w.org\/{rel}","templated":true}]}}