{"id":58586,"date":"2024-09-11T15:03:15","date_gmt":"2024-09-11T13:03:15","guid":{"rendered":"https:\/\/www.3dnatives.com\/de\/?page_id=58586"},"modified":"2024-09-11T15:03:15","modified_gmt":"2024-09-11T13:03:15","slug":"3d-scanning","status":"publish","type":"page","link":"https:\/\/www.3dnatives.com\/de\/3d-scanning\/","title":{"rendered":"3D-Scanning"},"content":{"rendered":"<h2 style=\"text-align: justify;\">Was ist 3D-Scanning?<\/h2>\n<p style=\"text-align: justify;\">Bevor Sie mit dem <a href=\"https:\/\/www.3dnatives.com\/de\/3d-technologies\/\">3D-Drucken<\/a> beginnen, ben\u00f6tigen Sie immer ein 3D-Modell. Und obwohl diese auf unterschiedliche Weise erworben werden k\u00f6nnen, z. B. durch Herunterladen eines Modells von speziellen Plattformen oder durch Entwerfen eines Modells mit einer der vielen verschiedenen <a href=\"https:\/\/www.3dnatives.com\/de\/kostenlose-3d-modellierungssoftware-210720201\/\">3D-Modellierungssoftware<\/a> auf dem Markt, ist es auch m\u00f6glich, ein Modell aus einem realen Objekt zu erstellen. Wie das geht? Durch 3D-Scanning.<\/p>\n<p style=\"text-align: justify;\">Definiert als <em>\u201eProzess der Analyse eines realen Objekts oder einer Umgebung, um dreidimensionale Daten einer Form oder eines m\u00f6glichen Aussehens zu sammeln\u201c<\/em>, hat das 3D-Scannen in den letzten Jahren immer mehr an Beliebtheit gewonnen, sei es mit einem echten Scanner oder sogar mit speziell entwickelten Apps auf einem Smartphone. Der Vorteil gegen\u00fcber der herk\u00f6mmlichen Modellierung ist, dass ein Objekt perfekt digital erfasst werden kann, so dass es anschlie\u00dfend in 3D gedruckt werden kann.<\/p>\n<h3 style=\"text-align: justify;\"><b>Wie l\u00e4uft das Verfahren ab?<\/b><\/h3>\n<p style=\"text-align: justify;\">Wie zu erwarten, ist der erste Schritt eines jeden 3D-Scanvorgangs die Anschaffung eines Werkzeugs, mit dem er durchgef\u00fchrt werden kann. In den meisten F\u00e4llen ist dies ein <a href=\"https:\/\/www.3dnatives.com\/de\/top10-low-cost-3d-scanner-191020161\/\">3D-Scanner<\/a>. Diese gibt es in einer Vielzahl von Formen, mit Modellen f\u00fcr <a href=\"https:\/\/www.3dnatives.com\/de\/top-der-besten-professionellen-3d-scanner-060820191\/\">Profis<\/a> und Amateure, um unterschiedlichen Bed\u00fcrfnissen gerecht zu werden. Zu den g\u00e4ngigen Ger\u00e4ten geh\u00f6ren tragbare Scanner, Desktop-Scanner und sogar Ganzk\u00f6rperscanner. Dar\u00fcber hinaus k\u00f6nnen die Benutzer zwischen Scannern mit gro\u00dfer Reichweite (zur Erfassung der Geometrie gro\u00dfer Objekte wie Geb\u00e4ude) und 3D-Scannern mit geringer Reichweite (am besten geeignet f\u00fcr kleinere Objekte, die ein h\u00f6heres Ma\u00df an Genauigkeit erfordern) w\u00e4hlen.<\/p>\n<p style=\"text-align: justify;\">Alle 3D-Scanner verwenden eine Art von Sensor, sei es ein physischer Taster, ein Laser oder Licht, um den Abstand zwischen einer Kamera und einem Objekt zu messen. Dies wird zur Identifizierung von 3D-Punkten mithilfe der Triangulation verwendet, d. h. der Bestimmung der Position eines Punktes durch die Bildung von Dreiecken zu diesem Punkt aus bekannten Punkten. Diese wiederum bilden eine Punktwolke, die dann vernetzt wird, indem die Punkte der Punktwolke aus einer Sammlung von Scheitelpunkten und Fl\u00e4chen mit unterschiedlicher Komplexit\u00e4t je nach den Bed\u00fcrfnissen des Benutzers verbunden werden. Die vernetzte Wolke wird zum 3D-Modell, das aus Fl\u00e4chen besteht. Die wichtigsten Schritte beim Scannen sind im Allgemeinen die Datenerfassung, die Datenverarbeitung und -veredelung sowie der Export. Damit die Datei f\u00fcr den 3D-Druck geeignet ist, muss die Punktwolke au\u00dferdem von einer speziellen Software zum Lesen von Netzen gelesen werden, z. B. <a href=\"https:\/\/www.3dnatives.com\/de\/meshlab-200320231\/\">MeshLab<\/a>.<\/p>\n<p style=\"text-align: justify;\">Obwohl man leicht glauben kann, dass Scannen so einfach ist wie das Einschalten des Scanners und das Erfassen des Objekts, ist das nicht wirklich der Fall. Es gibt verschiedene \u00dcberlegungen, die f\u00fcr einen erfolgreichen Scan beachtet werden sollten. Diese m\u00fcssen nicht bei jedem Scanvorgang beachtet werden, aber viele Schritte sind unerl\u00e4sslich.<\/p>\n<p style=\"text-align: justify;\">Zun\u00e4chst sollten 3D-Scanner kalibriert werden, um ihre Genauigkeit zu gew\u00e4hrleisten. Dann sollten Sie sicherstellen, dass das betreffende Objekt in geeignetem Licht steht. Wenn der Scanner eine sichtbare Laserlichtlinie verwendet, ist das Scannen im Freien m\u00f6glich, aber jeder Scanner, der unsichtbares Infrarotlicht verwendet, muss in Innenr\u00e4umen verwendet werden. Eine weitere \u00dcberlegung ist die Verwendung von Markern, die zur Erstellung eines nahtlosen Modells beitragen k\u00f6nnen. Schlie\u00dflich m\u00fcssen gl\u00e4nzende oder transparente Objekte mit einem Mattierungsspray beschichtet werden, damit der Scanner verwendet werden kann.<\/p>\n\t\t\t<div class=\"posts-slider\">\n\t\t\t\t\t\t\t\t<div class=\"slide\">\n\t\t\t\t\t<article class=\"thumbnail-post\" style=\"background-image: url('https:\/\/www.3dnatives.com\/de\/wp-content\/uploads\/sites\/3\/2024\/06\/3dscanning-skywell-cover-600x353.jpg');\">\n\t\t\t\t\t\t<a href=\"https:\/\/www.3dnatives.com\/de\/10-gruende-warum-3d-scannen-nuetzlich-ist-180620241\/\" title=\"10 Gr\u00fcnde, warum 3D-Scannen f\u00fcr 3D-Druck n\u00fctzlich ist \u00a0\">\n\t\t\t\t\t\t\t<div class=\"post-title\">\n\t\t\t\t\t\t\t\t<h2 class=\"title\">10 Gr\u00fcnde, warum 3D-Scannen f\u00fcr 3D-Druck n\u00fctzlich ist \u00a0<\/h2>\n\t\t\t\t\t\t\t<\/div>\n\t\t\t\t\t\t<\/a>\n\t\t\t\t\t<\/article>\n\t\t\t\t<\/div>\n\t\t\t\t\t\t\t\t<div class=\"slide\">\n\t\t\t\t\t<article class=\"thumbnail-post\" style=\"background-image: url('https:\/\/www.3dnatives.com\/de\/wp-content\/uploads\/sites\/3\/2021\/03\/cover_leo-600x353.jpg');\">\n\t\t\t\t\t\t<a href=\"https:\/\/www.3dnatives.com\/de\/test-3d-scanner-artec-leo-150320211\/\" title=\"3Dnatives Labor: Test des 3D-Scanners Artec Leo\">\n\t\t\t\t\t\t\t<div class=\"post-title\">\n\t\t\t\t\t\t\t\t<h2 class=\"title\">3Dnatives Labor: Test des 3D-Scanners Artec Leo<\/h2>\n\t\t\t\t\t\t\t<\/div>\n\t\t\t\t\t\t<\/a>\n\t\t\t\t\t<\/article>\n\t\t\t\t<\/div>\n\t\t\t\t\t\t\t\t<div class=\"slide\">\n\t\t\t\t\t<article class=\"thumbnail-post\" style=\"background-image: url('https:\/\/www.3dnatives.com\/de\/wp-content\/uploads\/sites\/3\/Dental-3D-scanners-cover-600x353.jpg');\">\n\t\t\t\t\t\t<a href=\"https:\/\/www.3dnatives.com\/de\/3d-scan-dentalsektor-120320181\/\" title=\"3D-Scanner f\u00fcr den Dentalsektor\">\n\t\t\t\t\t\t\t<div class=\"post-title\">\n\t\t\t\t\t\t\t\t<h2 class=\"title\">3D-Scanner f\u00fcr den Dentalsektor<\/h2>\n\t\t\t\t\t\t\t<\/div>\n\t\t\t\t\t\t<\/a>\n\t\t\t\t\t<\/article>\n\t\t\t\t<\/div>\n\t\t\t\t\t\t\t\t<div class=\"slide\">\n\t\t\t\t\t<article class=\"thumbnail-post\" style=\"background-image: url('https:\/\/www.3dnatives.com\/de\/wp-content\/uploads\/sites\/3\/2020\/08\/Apps-cover-600x353.jpg');\">\n\t\t\t\t\t\t<a href=\"https:\/\/www.3dnatives.com\/de\/3d-scanner-app-120820201\/\" title=\"Die besten 3D-Scanner-Apps f\u00fcr IOS und Android\">\n\t\t\t\t\t\t\t<div class=\"post-title\">\n\t\t\t\t\t\t\t\t<h2 class=\"title\">Die besten 3D-Scanner-Apps f\u00fcr IOS und Android<\/h2>\n\t\t\t\t\t\t\t<\/div>\n\t\t\t\t\t\t<\/a>\n\t\t\t\t\t<\/article>\n\t\t\t\t<\/div>\n\t\t\t\t\t\t\t\t<div class=\"slide\">\n\t\t\t\t\t<article class=\"thumbnail-post\" style=\"background-image: url('https:\/\/www.3dnatives.com\/de\/wp-content\/uploads\/sites\/3\/2022\/05\/LowCostScanners-cover-1-600x353.jpg');\">\n\t\t\t\t\t\t<a href=\"https:\/\/www.3dnatives.com\/de\/top10-low-cost-3d-scanner-191020161\/\" title=\"Die besten preiswerten 3D-Scanner auf dem Markt\">\n\t\t\t\t\t\t\t<div class=\"post-title\">\n\t\t\t\t\t\t\t\t<h2 class=\"title\">Die besten preiswerten 3D-Scanner auf dem Markt<\/h2>\n\t\t\t\t\t\t\t<\/div>\n\t\t\t\t\t\t<\/a>\n\t\t\t\t\t<\/article>\n\t\t\t\t<\/div>\n\t\t\t\t\t\t\t\t<div class=\"slide\">\n\t\t\t\t\t<article class=\"thumbnail-post\" style=\"background-image: url('https:\/\/www.3dnatives.com\/de\/wp-content\/uploads\/sites\/3\/2022\/05\/Diseno-sin-titulo-31-1-600x353.jpg');\">\n\t\t\t\t\t\t<a href=\"https:\/\/www.3dnatives.com\/de\/photogrammetrie-200520221\/\" title=\"Photogrammetrie: Was ist das, wozu dient sie und wie wird sie im 3D-Druck eingesetzt?\">\n\t\t\t\t\t\t\t<div class=\"post-title\">\n\t\t\t\t\t\t\t\t<h2 class=\"title\">Photogrammetrie: Was ist das, wozu dient sie und wie wird sie im 3D-Druck eingesetzt?<\/h2>\n\t\t\t\t\t\t\t<\/div>\n\t\t\t\t\t\t<\/a>\n\t\t\t\t\t<\/article>\n\t\t\t\t<\/div>\n\t\t\t\t\t\t\t\t<div class=\"slide\">\n\t\t\t\t\t<article class=\"thumbnail-post\" style=\"background-image: url('https:\/\/www.3dnatives.com\/de\/wp-content\/uploads\/sites\/3\/2019\/08\/Cover-ranking-3Dscanners-600x353.jpg');\">\n\t\t\t\t\t\t<a href=\"https:\/\/www.3dnatives.com\/de\/top-der-besten-professionellen-3d-scanner-060820191\/\" title=\"TOP Auswahl der besten professionellen 3D-Scanner\">\n\t\t\t\t\t\t\t<div class=\"post-title\">\n\t\t\t\t\t\t\t\t<h2 class=\"title\">TOP Auswahl der besten professionellen 3D-Scanner<\/h2>\n\t\t\t\t\t\t\t<\/div>\n\t\t\t\t\t\t<\/a>\n\t\t\t\t\t<\/article>\n\t\t\t\t<\/div>\n\t\t\t\t\t\t\t\t<div class=\"slide\">\n\t\t\t\t\t<article class=\"thumbnail-post\" style=\"background-image: url('https:\/\/www.3dnatives.com\/de\/wp-content\/uploads\/sites\/3\/2021\/06\/Cover-dental-3D-scanners-600x353.jpg');\">\n\t\t\t\t\t\t<a href=\"https:\/\/www.3dnatives.com\/de\/3d-scanner-dentalbranche-030620211\/\" title=\"Welche 3D-Scanner gibt es f\u00fcr die Dentalbranche?\">\n\t\t\t\t\t\t\t<div class=\"post-title\">\n\t\t\t\t\t\t\t\t<h2 class=\"title\">Welche 3D-Scanner gibt es f\u00fcr die Dentalbranche?<\/h2>\n\t\t\t\t\t\t\t<\/div>\n\t\t\t\t\t\t<\/a>\n\t\t\t\t\t<\/article>\n\t\t\t\t<\/div>\n\t\t\t\t\t\t\t\t<div class=\"slide\">\n\t\t\t\t\t<article class=\"thumbnail-post\" style=\"background-image: url('https:\/\/www.3dnatives.com\/de\/wp-content\/uploads\/sites\/3\/2021\/07\/Cover-3Dscanners-ranking-600x353.jpg');\">\n\t\t\t\t\t\t<a href=\"https:\/\/www.3dnatives.com\/de\/intraoralscanner-3d-scans-010720211\/\" title=\"Welche Intraoralscanner sind auf dem Markt verf\u00fcgbar?\">\n\t\t\t\t\t\t\t<div class=\"post-title\">\n\t\t\t\t\t\t\t\t<h2 class=\"title\">Welche Intraoralscanner sind auf dem Markt verf\u00fcgbar?<\/h2>\n\t\t\t\t\t\t\t<\/div>\n\t\t\t\t\t\t<\/a>\n\t\t\t\t\t<\/article>\n\t\t\t\t<\/div>\n\t\t\t\t\t\t\t<\/div>\n\t\t\t\n<h3 style=\"text-align: justify;\"><b>Unterschiedliche Arten von 3D-Scanning<\/b><\/h3>\n<h4 style=\"text-align: justify;\">3D-Laserscannen<\/h4>\n<p style=\"text-align: justify;\">Das 3D-Laserscannen ist eine der am weitesten verbreiteten 3D-Scantechnologien und als solche diejenige, der Sie am h\u00e4ufigsten in verschiedenen Anwendungen wie Landvermessung, Forensik und Denkmalschutz begegnen. Wie der Name schon sagt, wird ein Laserlicht verwendet, um eine digitale Darstellung des Objekts zu erhalten, wobei ein Laserpunkt oder eine Linie auf ein Objekt projiziert wird, um die Entfernung zur Oberfl\u00e4che des Objekts zu messen. Diese Daten k\u00f6nnen dann in ein trianguliertes Netz umgewandelt werden. Scanner, die diese Technologie verwenden, sind f\u00fcr ihre F\u00e4higkeit bekannt, extrem feine Details zu messen und Freiformformen in hochpr\u00e4zisen Punktwolken zu erfassen.<\/p>\n<h4 style=\"text-align: justify;\">3D-Scan mit Streifenprojektion<\/h4>\n<p style=\"text-align: justify;\">\u00c4hnlich wie das Laser-3D-Scannen nutzt auch der 3D-Scan mit Streifenprojektion das Prinzip der Triangulation, um das 3D-Modell des Objekts zu erstellen. Allerdings arbeitet diese Technologie mit einer Reihe von parallelen Mustern, die \u00fcber eine Lichtquelle auf das Objekt projiziert werden, zum Beispiel Gitter oder Streifen. Kameras sind dann in der Lage, die Verformung dieses Musters zu erfassen, um die Form des Objekts zu bestimmen.<\/p>\n<h4 style=\"text-align: justify;\">Photogrammetrie<\/h4>\n<p style=\"text-align: justify;\">Im Gegensatz zum 3D-Laserscanning, bei dem Laser und Entfernungen genutzt werden, um ein 3D-Modell zu erstellen, basiert die <a href=\"https:\/\/www.3dnatives.com\/de\/top-10-der-besten-photogrammetrie-software-190920191\/\">Photogrammetrie<\/a> auf einer Vielzahl von Fotos, die zusammengenommen das Design des Objekts aus verschiedenen Blickwinkeln extrapolieren k\u00f6nnen. Diese Technologie ist zwar wesentlich ungenauer als das Laserscanning, aber viel zug\u00e4nglicher, da sie oft sogar mit einem Telefon durchgef\u00fchrt werden kann. Wenn auch eine gute Photogrammetrie-Software verwendet wird, k\u00f6nnen Sie mit einem guten Ergebnis rechnen. Sie ist geeignet, wenn die Genauigkeit f\u00fcr Ihren Entwurf weniger wichtig ist, sowie f\u00fcr gro\u00dfe Objekte oder Szenen. Und es gibt heute eine Reihe verschiedener Photogrammetrie-Software f\u00fcr alle Niveaus.<\/p>\n<h4 style=\"text-align: justify;\">Andere 3D-Scanner<\/h4>\n<p style=\"text-align: justify;\">Es ist anzumerken, dass die drei oben genannten Verfahren zwar am h\u00e4ufigsten beim 3D-Druck verwendet werden, aber nicht die einzigen verf\u00fcgbaren Scantechnologien sind. Im Gesundheitswesen ist beispielsweise eines der am h\u00e4ufigsten verwendeten Scanverfahren die computergest\u00fctzte Topografie oder CT-Scans, die bei der Verwendung von AM-Technologien zur Erstellung chirurgischer Modelle n\u00fctzlich sind. Dar\u00fcber hinaus kann die ber\u00fchrungsbasierte 3D-Scantechnologie, bei der Taster zur Bestimmung des Objekts verwendet werden, f\u00fcr Objekte, die sich w\u00e4hrend des Scannens bewegen, n\u00fctzlich sein. Das auf Laserimpulsen basierende 3D-Scannen oder Time-of-Flight-Scannen schlie\u00dflich erstellt Scans unter Verwendung der Lichtgeschwindigkeit und von Sensoren, indem es die Zeit misst, die ein geworfener Laser braucht, um ein Objekt zu erreichen und \u00fcber die Reflexion zur\u00fcckzukommen.<\/p>\n<h2 style=\"text-align: justify;\"><b>Vorteile und Anwendungen von 3D-Scans<\/b><\/h2>\n<p style=\"text-align: justify;\">Nachdem Sie nun ein grundlegendes Verst\u00e4ndnis davon haben, was 3D-Scannen ist und wie es funktioniert, ist die n\u00e4chste Frage, die es zu beantworten gilt, warum und wann es eingesetzt werden sollte. Wie bereits erw\u00e4hnt, kann 3D-Scannen in einer Vielzahl von Anwendungen und Sektoren eingesetzt werden. Einige der am h\u00e4ufigsten genannten sind die Fertigung (vor allem f\u00fcr unsere Zwecke mit 3D-Druck), Architektur, Kulturerbe, Gesundheitswesen und sogar Unterhaltung.<\/p>\n<p style=\"text-align: justify;\">3D-Scannen ist eine gute Wahl f\u00fcr alle, die schnell und genau ein 3D-Modell erstellen m\u00fcssen, das ein reales Modell darstellt. 3D-Scans werden beispielsweise h\u00e4ufig f\u00fcr die Erstellung digitaler Zwillinge oder beim Reverse Engineering eingesetzt. <span style=\"font-size: 1em;\">Mit <a href=\"https:\/\/www.3dnatives.com\/de\/digitale-zwillinge-im-3d-druck-270620231\/\">digitalen Zwillingen<\/a> erm\u00f6glichen 3D-Scans ein vollst\u00e4ndig pr\u00e4zises Modell, das in Echtzeit verfolgt und interaktiv genutzt werden kann. Gleichzeitig wird das Reverse Engineering h\u00e4ufig zur Herstellung von Ersatzteilen eingesetzt, wof\u00fcr die additive Fertigung besonders gut geeignet ist.<\/span><\/p>\n\n<p style=\"text-align: justify;\">Aber unabh\u00e4ngig davon, wie Sie das 3D-Scanning nutzen m\u00f6chten, ist es unbestreitbar, dass es in Kombination mit dem 3D-Druck \u00e4u\u00dferst interessant ist. Indem man reale Modelle mit der Flexibilit\u00e4t und Anpassungsf\u00e4higkeit des 3D-Drucks verbindet, k\u00f6nnen Teile hergestellt werden, von denen man mit klassischeren Technologien nicht einmal tr\u00e4umen kann. Dar\u00fcber hinaus kann das 3D-Scannen, auch wenn viele dabei nur an die Erstellung von <a href=\"https:\/\/www.3dnatives.com\/de\/top-10-cad-software-fuer-jedes-niveau\/\">CAD-Modellen<\/a> denken, auch f\u00fcr die Qualit\u00e4tskontrolle nach der Herstellung eines Teils verwendet werden &#8211; ein Schritt, der angesichts der Industrialisierung der Technologien f\u00fcr 3D-Druckteile immer wichtiger wird.<\/p>\n","protected":false},"excerpt":{"rendered":"<p>Was ist 3D-Scanning? Bevor Sie mit dem 3D-Drucken beginnen, ben\u00f6tigen Sie immer ein 3D-Modell. Und obwohl diese auf unterschiedliche Weise erworben werden k\u00f6nnen, z. B. durch Herunterladen eines Modells von speziellen Plattformen oder durch Entwerfen eines Modells mit einer der&hellip;<\/p>\n","protected":false},"author":6102,"featured_media":0,"parent":0,"menu_order":0,"comment_status":"closed","ping_status":"closed","template":"","meta":{"_acf_changed":false,"content-type":"","footnotes":""},"class_list":["post-58586","page","type-page","status-publish","hentry"],"acf":[],"_links":{"self":[{"href":"https:\/\/www.3dnatives.com\/de\/wp-json\/wp\/v2\/pages\/58586","targetHints":{"allow":["GET"]}}],"collection":[{"href":"https:\/\/www.3dnatives.com\/de\/wp-json\/wp\/v2\/pages"}],"about":[{"href":"https:\/\/www.3dnatives.com\/de\/wp-json\/wp\/v2\/types\/page"}],"author":[{"embeddable":true,"href":"https:\/\/www.3dnatives.com\/de\/wp-json\/wp\/v2\/users\/6102"}],"replies":[{"embeddable":true,"href":"https:\/\/www.3dnatives.com\/de\/wp-json\/wp\/v2\/comments?post=58586"}],"version-history":[{"count":3,"href":"https:\/\/www.3dnatives.com\/de\/wp-json\/wp\/v2\/pages\/58586\/revisions"}],"predecessor-version":[{"id":58714,"href":"https:\/\/www.3dnatives.com\/de\/wp-json\/wp\/v2\/pages\/58586\/revisions\/58714"}],"wp:attachment":[{"href":"https:\/\/www.3dnatives.com\/de\/wp-json\/wp\/v2\/media?parent=58586"}],"curies":[{"name":"wp","href":"https:\/\/api.w.org\/{rel}","templated":true}]}}