{"id":5560,"date":"2017-08-08T12:35:23","date_gmt":"2017-08-08T10:35:23","guid":{"rendered":"https:\/\/www.3dnatives.com\/de\/add-directory-listing\/"},"modified":"2020-07-15T13:50:52","modified_gmt":"2020-07-15T11:50:52","slug":"neuen-eintrag-einreichen","status":"publish","type":"page","link":"https:\/\/www.3dnatives.com\/de\/neuen-eintrag-einreichen\/","title":{"rendered":"Neuen Eintrag einreichen"},"content":{"rendered":"\t<form method=\"post\" action=\"\" id=\"directory-form\">\n\t\t<input type=\"hidden\" name=\"directory_key\" id=\"directory_key\" value=\"99f04e1a99\" \/>\t\t\n\t\t<div class=\"row\">\n\t\t\t<div class=\"col s12\">\n\t\t\t\t<h4>Kontaktangaben<\/h4>\n\t\t\t\t<p>Die Informationen werden nicht ver\u00f6ffentlicht und werden ausschlie\u00dflich von 3Dnatives verwendet, um sich mit Ihnen in Kontakt zu setzen<\/p>\n\t\t\t<\/div>\n\t\t\t<div class=\"input-field col s12 m6\">\n\t\t\t\t<input id=\"contact_name\" name=\"contact_name\" type=\"text\" required=\"required\">\n\t\t\t\t<label for=\"contact_name\">Name <span class=\"required\">*<\/span><\/label>\n\t\t\t<\/div>\n\t\t\t<div class=\"input-field col s12 m6\">\n\t\t\t\t<input id=\"contact_email\" name=\"contact_email\" type=\"email\" required=\"required\">\n\t\t\t\t<label for=\"contact_email\">E-Mail-Adresse <span class=\"required\">*<\/span><\/label>\n\t\t\t<\/div>\n\t\t<\/div>\n\t\t\n\t\t<div class=\"row\">\n\t\t\t<div class=\"col s12\">\n\t\t\t\t<h4>Unternehmensangaben<\/h4>\n\t\t\t<\/div>\n\t\t\t<div class=\"col s12 m12 l4\">\n\t\t\t\t<div class=\"row\">\n\t\t\t\t\t<div class=\"input-field col s12\">\n\t\t\t\t\t\t<input id=\"company_name\" name=\"company_name\" type=\"text\" required=\"required\">\n\t\t\t\t\t\t<label for=\"company_name\">Unternehmensname <span class=\"required\">*<\/span><\/label>\n\t\t\t\t\t<\/div>\n\t\t\t\t<\/div>\n\t\t\t\t<div class=\"logo-wrapper\">\n\t\t\t\t\t<label for=\"logo\">Firmenlogo (JPG oder PNG-Datei) 500 Ko max<\/label>\n\t\t\t\t\t<input type=\"file\" name=\"logo\" id=\"logo\" value=\"\" class=\"dropify\" data-max-file-size=\"500K\" \/>\n\t\t\t\t<\/div>\n\t\t\t<\/div>\n\t\t\t<div class=\"col s12 m12 l8\">\n\t\t\t\t<p>Beschreiben Sie Ihr Unternehmen in minimal 100 W\u00f6rtern\/ 600 Zeichen <span class=\"wordcount\" style=\"display: none;\"><span id=\"wordcount\">0<\/span> W\u00f6rter<\/span><\/p>\n\t\t\t\t<div id=\"wp-description-wrap\" class=\"wp-core-ui wp-editor-wrap tmce-active\"><link rel='stylesheet' id='dashicons-css' href='https:\/\/www.3dnatives.com\/de\/wp-includes\/css\/dashicons.min.css' type='text\/css' media='all' \/>\n<link rel='stylesheet' id='editor-buttons-css' href='https:\/\/www.3dnatives.com\/de\/wp-includes\/css\/editor.min.css' type='text\/css' media='all' \/>\n<div id=\"wp-description-editor-tools\" class=\"wp-editor-tools hide-if-no-js\"><div class=\"wp-editor-tabs\"><button type=\"button\" id=\"description-tmce\" aria-pressed=\"true\" class=\"wp-switch-editor switch-tmce\" data-wp-editor-id=\"description\">Visuell<\/button>\n<button type=\"button\" id=\"description-html\" class=\"wp-switch-editor switch-html\" data-wp-editor-id=\"description\">Code<\/button>\n<\/div>\n<\/div>\n<div id=\"wp-description-editor-container\" class=\"wp-editor-container\"><div id=\"qt_description_toolbar\" class=\"quicktags-toolbar hide-if-no-js\"><\/div><textarea class=\"wp-editor-area\" style=\"height: 360px\" autocomplete=\"off\" cols=\"40\" name=\"description\" id=\"description\"><\/textarea><\/div>\n<\/div>\n\n\t\t\t<\/div>\n\t\t<\/div>\n\t\t<div class=\"row\">\n\t\t\t<div class=\"col s12\">\n\t\t\t\t<h6>W\u00e4hlen Sie die passenden Kategorien aus (maximal 3)<\/h6>\n\t\t\t<\/div>\n\t\t\t\t\t\t<div class=\"col s12 m4 l3\">\n\t\t\t\t<p class=\"box-wrapper\" data-mh=\"checkbox\">\n\t\t\t\t\t<label>\n\t\t\t\t\t\t<input type=\"checkbox\" name=\"categories[]\" id=\"category-127\" class=\"category\" value=\"127\" \/>\n\t\t\t\t        <span>3D-Druck Dienstleister<\/span>\n\t\t\t\t\t<\/label>\n\t\t\t\t<\/p>\n\t\t\t<\/div>\n\t\t\t\t\t\t<div class=\"col s12 m4 l3\">\n\t\t\t\t<p class=\"box-wrapper\" data-mh=\"checkbox\">\n\t\t\t\t\t<label>\n\t\t\t\t\t\t<input type=\"checkbox\" name=\"categories[]\" id=\"category-126\" class=\"category\" value=\"126\" \/>\n\t\t\t\t        <span>3D-Druck H\u00e4ndler<\/span>\n\t\t\t\t\t<\/label>\n\t\t\t\t<\/p>\n\t\t\t<\/div>\n\t\t\t\t\t\t<div class=\"col s12 m4 l3\">\n\t\t\t\t<p class=\"box-wrapper\" data-mh=\"checkbox\">\n\t\t\t\t\t<label>\n\t\t\t\t\t\t<input type=\"checkbox\" name=\"categories[]\" id=\"category-129\" class=\"category\" value=\"129\" \/>\n\t\t\t\t        <span>3D-Druck in der Schweiz<\/span>\n\t\t\t\t\t<\/label>\n\t\t\t\t<\/p>\n\t\t\t<\/div>\n\t\t\t\t\t\t<div class=\"col s12 m4 l3\">\n\t\t\t\t<p class=\"box-wrapper\" data-mh=\"checkbox\">\n\t\t\t\t\t<label>\n\t\t\t\t\t\t<input type=\"checkbox\" name=\"categories[]\" id=\"category-128\" class=\"category\" value=\"128\" \/>\n\t\t\t\t        <span>3D-Druck in Deutschland<\/span>\n\t\t\t\t\t<\/label>\n\t\t\t\t<\/p>\n\t\t\t<\/div>\n\t\t\t\t\t\t<div class=\"col s12 m4 l3\">\n\t\t\t\t<p class=\"box-wrapper\" data-mh=\"checkbox\">\n\t\t\t\t\t<label>\n\t\t\t\t\t\t<input type=\"checkbox\" name=\"categories[]\" id=\"category-130\" class=\"category\" value=\"130\" \/>\n\t\t\t\t        <span>3D-Druck in \u00d6sterreich<\/span>\n\t\t\t\t\t<\/label>\n\t\t\t\t<\/p>\n\t\t\t<\/div>\n\t\t\t\t\t\t<div class=\"col s12 m4 l3\">\n\t\t\t\t<p class=\"box-wrapper\" data-mh=\"checkbox\">\n\t\t\t\t\t<label>\n\t\t\t\t\t\t<input type=\"checkbox\" name=\"categories[]\" id=\"category-131\" class=\"category\" value=\"131\" \/>\n\t\t\t\t        <span>3D-Druckmaterialien<\/span>\n\t\t\t\t\t<\/label>\n\t\t\t\t<\/p>\n\t\t\t<\/div>\n\t\t\t\t\t\t<div class=\"col s12 m4 l3\">\n\t\t\t\t<p class=\"box-wrapper\" data-mh=\"checkbox\">\n\t\t\t\t\t<label>\n\t\t\t\t\t\t<input type=\"checkbox\" name=\"categories[]\" id=\"category-118\" class=\"category\" value=\"118\" \/>\n\t\t\t\t        <span>3D-Modellierung<\/span>\n\t\t\t\t\t<\/label>\n\t\t\t\t<\/p>\n\t\t\t<\/div>\n\t\t\t\t\t\t<div class=\"col s12 m4 l3\">\n\t\t\t\t<p class=\"box-wrapper\" data-mh=\"checkbox\">\n\t\t\t\t\t<label>\n\t\t\t\t\t\t<input type=\"checkbox\" name=\"categories[]\" id=\"category-123\" class=\"category\" value=\"123\" \/>\n\t\t\t\t        <span>3D-Scanner Hersteller<\/span>\n\t\t\t\t\t<\/label>\n\t\t\t\t<\/p>\n\t\t\t<\/div>\n\t\t\t\t\t\t<div class=\"col s12 m4 l3\">\n\t\t\t\t<p class=\"box-wrapper\" data-mh=\"checkbox\">\n\t\t\t\t\t<label>\n\t\t\t\t\t\t<input type=\"checkbox\" name=\"categories[]\" id=\"category-124\" class=\"category\" value=\"124\" \/>\n\t\t\t\t        <span>3D-Software\/Apps<\/span>\n\t\t\t\t\t<\/label>\n\t\t\t\t<\/p>\n\t\t\t<\/div>\n\t\t\t\t\t\t<div class=\"col s12 m4 l3\">\n\t\t\t\t<p class=\"box-wrapper\" data-mh=\"checkbox\">\n\t\t\t\t\t<label>\n\t\t\t\t\t\t<input type=\"checkbox\" name=\"categories[]\" id=\"category-120\" class=\"category\" value=\"120\" \/>\n\t\t\t\t        <span>FabLabs<\/span>\n\t\t\t\t\t<\/label>\n\t\t\t\t<\/p>\n\t\t\t<\/div>\n\t\t\t\t\t\t<div class=\"col s12 m4 l3\">\n\t\t\t\t<p class=\"box-wrapper\" data-mh=\"checkbox\">\n\t\t\t\t\t<label>\n\t\t\t\t\t\t<input type=\"checkbox\" name=\"categories[]\" id=\"category-121\" class=\"category\" value=\"121\" \/>\n\t\t\t\t        <span>Hersteller - 3D-Drucker f\u00fcr Gesch\u00e4ftskunden<\/span>\n\t\t\t\t\t<\/label>\n\t\t\t\t<\/p>\n\t\t\t<\/div>\n\t\t\t\t\t\t<div class=\"col s12 m4 l3\">\n\t\t\t\t<p class=\"box-wrapper\" data-mh=\"checkbox\">\n\t\t\t\t\t<label>\n\t\t\t\t\t\t<input type=\"checkbox\" name=\"categories[]\" id=\"category-122\" class=\"category\" value=\"122\" \/>\n\t\t\t\t        <span>Hersteller - 3D-Drucker f\u00fcr Privatpersonen<\/span>\n\t\t\t\t\t<\/label>\n\t\t\t\t<\/p>\n\t\t\t<\/div>\n\t\t\t\t\t\t<div class=\"col s12 m4 l3\">\n\t\t\t\t<p class=\"box-wrapper\" data-mh=\"checkbox\">\n\t\t\t\t\t<label>\n\t\t\t\t\t\t<input type=\"checkbox\" name=\"categories[]\" id=\"category-138\" class=\"category\" value=\"138\" \/>\n\t\t\t\t        <span>Nachbearbeitung<\/span>\n\t\t\t\t\t<\/label>\n\t\t\t\t<\/p>\n\t\t\t<\/div>\n\t\t\t\t\t\t<div class=\"col s12 m4 l3\">\n\t\t\t\t<p class=\"box-wrapper\" data-mh=\"checkbox\">\n\t\t\t\t\t<label>\n\t\t\t\t\t\t<input type=\"checkbox\" name=\"categories[]\" id=\"category-125\" class=\"category\" value=\"125\" \/>\n\t\t\t\t        <span>Rapid Prototyping<\/span>\n\t\t\t\t\t<\/label>\n\t\t\t\t<\/p>\n\t\t\t<\/div>\n\t\t\t\t\t\t<div class=\"col s12 m4 l3\">\n\t\t\t\t<p class=\"box-wrapper\" data-mh=\"checkbox\">\n\t\t\t\t\t<label>\n\t\t\t\t\t\t<input type=\"checkbox\" name=\"categories[]\" id=\"category-119\" class=\"category\" value=\"119\" \/>\n\t\t\t\t        <span>Schulen und Fortbildungen<\/span>\n\t\t\t\t\t<\/label>\n\t\t\t\t<\/p>\n\t\t\t<\/div>\n\t\t\t\t\t<\/div>\n\t\t\n\t\t<div class=\"row\">\n\t\t\t<div class=\"col s12\">\n\t\t\t\t<h5>Telefonnummer, E-Mail-Adresse, Website, Soziale Netzwerke<\/h5>\n\t\t\t<\/div>\n\t\t\t<div class=\"input-field col s12 m4 icon phone\">\n\t\t\t\t<input id=\"phone\" name=\"phone\" type=\"tel\">\n\t\t\t\t<label for=\"phone\">Telefonnummer<\/label>\n\t\t\t<\/div>\n\t\t\t<div class=\"input-field col s12 m4 icon mobile\">\n\t\t\t\t<input id=\"mobile\" name=\"mobile\" type=\"tel\">\n\t\t\t\t<label for=\"mobile\">Handynummer<\/label>\n\t\t\t<\/div>\n\t\t\t<div class=\"input-field col s12 m4 icon fax\">\n\t\t\t\t<input id=\"fax\" name=\"fax\" type=\"tel\">\n\t\t\t\t<label for=\"fax\">Fax<\/label>\n\t\t\t<\/div>\n\t\t\t<div class=\"input-field col s12 m6 icon email\">\n\t\t\t\t<input id=\"public_email\" name=\"public_email\" type=\"email\">\n\t\t\t\t<label for=\"public_email\">E-Mail-Adresse<\/label>\n\t\t\t<\/div>\n\t\t\t<div class=\"input-field col s12 m6 icon website\">\n\t\t\t\t<input id=\"website\" name=\"website\" type=\"url\">\n\t\t\t\t<label for=\"website\">Website<\/label>\n\t\t\t<\/div>\n\t\t\t<div class=\"input-field col s12 m4 icon twitter\">\n\t\t\t\t<input id=\"twitter\" name=\"twitter\" type=\"text\">\n\t\t\t\t<label for=\"twitter\">Twittername<\/label>\n\t\t\t<\/div>\n\t\t\t<div class=\"input-field col s12 m4 icon facebook\">\n\t\t\t\t<input id=\"facebook\" name=\"facebook\" type=\"url\">\n\t\t\t\t<label for=\"facebook\">Facebook-URL<\/label>\n\t\t\t<\/div>\n\t\t\t<div class=\"input-field col s12 m4 icon linkedin\">\n\t\t\t\t<input id=\"linkedin\" name=\"linkedin\" type=\"url\">\n\t\t\t\t<label for=\"linkedin\">LinkedIn-URL<\/label>\n\t\t\t<\/div>\n\t\t<\/div>\n\t\t\n\t\t<div class=\"row\">\n\t\t\t<div class=\"col s12\">\n\t\t\t\t<h5>Postanschrift oder Ort<\/h5>\n\t\t\t<\/div>\n\t\t\t<div class=\"input-field col s12 icon address\">\n\t\t\t\t<input id=\"address\" name=\"address\" type=\"text\">\n\t\t\t\t<label for=\"address\">Adresse oder Ort<\/label>\n\t\t\t<\/div>\n\t\t<\/div>\n\t\t\n\t\t<div class=\"row\">\n\t\t\t<div class=\"col s12\">\n\t\t\t\t<p class=\"rgpd-info\">\n\t\t\t\t\t<label>\n\t\t\t\t\t\t<input type=\"checkbox\" name=\"rgpd_acceptance\" id=\"rgpd_acceptance\" \/>\n\t\t\t\t\t\t<span>Bei der Verwendung dieses Forums erlauben Sie uns die zur Verf\u00fcgung gestellten Informationen zu verwenden, um Sie falls ben\u00f6tigt zu kontaktieren, um die Unternehmensangaben in unserem Branchenbuch zu aktualisieren.<\/span>\n\t\t\t\t\t<\/label>\n\t\t\t\t<\/p>\n\t\t\t<\/div>\n\t\t\t<div class=\"col s12\">\n\t\t\t\t<p class=\"rgpd-info\">\n\t\t\t\t\t<label>\n\t\t\t\t\t\t<input type=\"checkbox\" name=\"habilitation\" id=\"habilitation\" \/>\n\t\t\t\t\t\t<span>Ich best\u00e4tige hiermit, dass ich die ben\u00f6tigte Berechtigung von Unternehmensseite aus habe, diese Ver\u00f6ffentlichung zu beantragen.<\/span>\n\t\t\t\t\t<\/label>\n\t\t\t\t<\/p>\n\t\t\t<\/div>\n\t\t<\/div>\n\t\t\n\t\t<div class=\"row\">\n\t\t\t<div class=\"col s12\">\n\t\t\t\t<button type=\"submit\" class=\"btn submit\">Absenden<\/button>\n\t\t\t<\/div>\n\t\t\t<div class=\"col s12 response center-align\"><\/div>\n\t\t<\/div>\n\t\t\t\t\n\t<\/form>\n\t\n","protected":false},"excerpt":{"rendered":"","protected":false},"author":5,"featured_media":0,"parent":0,"menu_order":0,"comment_status":"closed","ping_status":"closed","template":"","meta":{"_acf_changed":false,"content-type":"","footnotes":""},"class_list":["post-5560","page","type-page","status-publish","hentry"],"acf":[],"_links":{"self":[{"href":"https:\/\/www.3dnatives.com\/de\/wp-json\/wp\/v2\/pages\/5560","targetHints":{"allow":["GET"]}}],"collection":[{"href":"https:\/\/www.3dnatives.com\/de\/wp-json\/wp\/v2\/pages"}],"about":[{"href":"https:\/\/www.3dnatives.com\/de\/wp-json\/wp\/v2\/types\/page"}],"author":[{"embeddable":true,"href":"https:\/\/www.3dnatives.com\/de\/wp-json\/wp\/v2\/users\/5"}],"replies":[{"embeddable":true,"href":"https:\/\/www.3dnatives.com\/de\/wp-json\/wp\/v2\/comments?post=5560"}],"version-history":[{"count":2,"href":"https:\/\/www.3dnatives.com\/de\/wp-json\/wp\/v2\/pages\/5560\/revisions"}],"predecessor-version":[{"id":24944,"href":"https:\/\/www.3dnatives.com\/de\/wp-json\/wp\/v2\/pages\/5560\/revisions\/24944"}],"wp:attachment":[{"href":"https:\/\/www.3dnatives.com\/de\/wp-json\/wp\/v2\/media?parent=5560"}],"curies":[{"name":"wp","href":"https:\/\/api.w.org\/{rel}","templated":true}]}}