{"id":54834,"date":"2024-03-28T10:36:08","date_gmt":"2024-03-28T09:36:08","guid":{"rendered":"https:\/\/www.3dnatives.com\/de\/?page_id=54834"},"modified":"2024-06-20T13:01:18","modified_gmt":"2024-06-20T11:01:18","slug":"3d-druck-in-hamburg","status":"publish","type":"page","link":"https:\/\/www.3dnatives.com\/de\/3d-druck-in-hamburg\/","title":{"rendered":"3D-Druck in Hamburg"},"content":{"rendered":"<p style=\"text-align: justify\">Der 3D-Druck spielt in der deutschen Industrie eine immer bedeutendere Rolle und zahlreiche Bildungseinrichtungen, Maschinen-Hersteller und Dienstleister besch\u00e4ftigen sich mit der <a href=\"https:\/\/www.3dnatives.com\/de\/additive-fertigung\/\">additiven Fertigung<\/a>. Auch in der Hansestadt finden sich zahlreiche Beispiele an Unternehmen, die sich auf den 3D-Druck spezialisiert haben und im Bereich der additiven Fertigung agieren und so den 3D-Druck in Hamburg vorantreiben.<\/p>\n<p style=\"text-align: justify\">Werfen wir also einen genaueren Blick auf die Akteure f\u00fcr 3D-Druck in Hamburg, darunter Drucker-Hersteller, Reseller, <a href=\"https:\/\/www.3dnatives.com\/de\/3d-druckservice-3d-druckdienstleister-deutschland-100720191\/\">Service-Dienstleister<\/a>, Startups, Fablabs und Bildungseinrichtungen. Da es f\u00fcr Neueinsteiger immer einfacher ist, auf Expertenwissen und ein Netzwerk zur\u00fcckzugreifen, werden wir auch einige der Netzwerke f\u00fcr 3D-Druck in Hamburg aufzeigen.<\/p>\n<h3 style=\"text-align: justify\">3D-Druck in Hamburg: Hersteller f\u00fcr 3D-Produkte<\/h3>\n<p style=\"text-align: justify\">3D-Druck erfordert eine Vielzahl an Produkten, die sich nicht nur auf den <a href=\"https:\/\/www.3dnatives.com\/de\/beliebte-3d-drucker-040720171\/\">3D-Drucker<\/a> selbst beschr\u00e4nken. Um ein 3D-Projekt erfolgreich umzusetzen, bedarf es der n\u00f6tigen <a href=\"https:\/\/www.3dnatives.com\/de\/3d-drucksoftware\/\">Software<\/a> f\u00fcr <a href=\"https:\/\/www.3dnatives.com\/de\/kostenlose-3d-modellierungssoftware-210720201\/\">Modellierung,<\/a> CAD und Slicing. Anschlie\u00dfend ist auch das <a href=\"https:\/\/www.3dnatives.com\/de\/category\/materialien\/\">Material<\/a> entscheidend f\u00fcr die Qualit\u00e4t des Endprodukts. Schlie\u00dflich kommt es auch auf den richtigen 3D-Drucker und das gew\u00e4hlte <a href=\"https:\/\/www.3dnatives.com\/de\/3d-technologies\/\">Verfahren<\/a> an. In Hamburg finden wir Hersteller f\u00fcr alle 3D-Produkte, von Software, \u00fcber Materialien bis Maschinen.<\/p>\n<h4 style=\"text-align: justify\">3D-Drucker<\/h4>\n<p style=\"text-align: justify\"><img loading=\"lazy\" decoding=\"async\" class=\"wp-image-54877 alignleft\" src=\"https:\/\/www.3dnatives.com\/de\/wp-content\/uploads\/sites\/3\/2024\/03\/liqtra.jpg\" alt=\"\" width=\"110\" height=\"110\" srcset=\"https:\/\/www.3dnatives.com\/de\/wp-content\/uploads\/sites\/3\/2024\/03\/liqtra.jpg 200w, https:\/\/www.3dnatives.com\/de\/wp-content\/uploads\/sites\/3\/2024\/03\/liqtra-160x160.jpg 160w\" sizes=\"auto, (max-width: 110px) 100vw, 110px\" \/>Liqtra ist sowohl Hersteller als auch Service-Dienstleister. Das Unternehmen vertreibt den Liqtra FX7-Drucker mit seiner Multid\u00fcsentechnologie und bietet auch die schnelle Lieferung von Druckauftr\u00e4gen an. Beim Liqtra FX7 handelt es sich um einen Extrusions-Drucker, der sehr schnell und dennoch genau druckt. Wer sich keinen eigenen Drucker zulegen m\u00f6chte, kann Auftr\u00e4ge f\u00fcr Kunststoffteile aber auch einreichen. Liqtra bietet hierf\u00fcr eine digitale Bestellplattform und steht mit kompetenter Beratung zur Seite.<\/p>\n<h4 style=\"text-align: justify\">3D-Materialien<\/h4>\n<p style=\"text-align: justify\"><img loading=\"lazy\" decoding=\"async\" class=\" wp-image-54868 alignleft\" src=\"https:\/\/www.3dnatives.com\/de\/wp-content\/uploads\/sites\/3\/2024\/03\/moiin.jpg\" alt=\"\" width=\"110\" height=\"110\" srcset=\"https:\/\/www.3dnatives.com\/de\/wp-content\/uploads\/sites\/3\/2024\/03\/moiin.jpg 200w, https:\/\/www.3dnatives.com\/de\/wp-content\/uploads\/sites\/3\/2024\/03\/moiin-160x160.jpg 160w\" sizes=\"auto, (max-width: 110px) 100vw, 110px\" \/>Moiin Resins bietet 3D-Druckmaterialien f\u00fcr SLA, DLP und LCD an. Die Harze sind f\u00fcr offene Systeme ausgelegt und eignen sich f\u00fcr zahlreiche Anwendungen. Moiin Resins legt einen starken Fokus auf Dentalharze.<\/p>\n<p>&nbsp;<\/p>\n<p>&nbsp;<\/p>\n<p style=\"text-align: justify\"><img loading=\"lazy\" decoding=\"async\" class=\" wp-image-54866 alignleft\" src=\"https:\/\/www.3dnatives.com\/de\/wp-content\/uploads\/sites\/3\/2024\/03\/lehvossgroup.jpg\" alt=\"\" width=\"110\" height=\"110\" srcset=\"https:\/\/www.3dnatives.com\/de\/wp-content\/uploads\/sites\/3\/2024\/03\/lehvossgroup.jpg 200w, https:\/\/www.3dnatives.com\/de\/wp-content\/uploads\/sites\/3\/2024\/03\/lehvossgroup-160x160.jpg 160w\" sizes=\"auto, (max-width: 110px) 100vw, 110px\" \/>LEHVOSS stellt 3D-Materialien f\u00fcr den industriellen 3D-Druck her und erm\u00f6glicht so qualitative Endteile. Das Unternehmen f\u00fchrt sowohl <a href=\"https:\/\/www.3dnatives.com\/de\/3d-druck-filament-310520211\/\">Filamente<\/a> als auch Pulver im Sortiment. Unter der Produktlinie LUVOCOM finden Sie zahlreiche innovative Kunststoff-Filamente, w\u00e4hrend Sie unter LUVOSINT Pulver f\u00fcr Lasersinterverfahren finden.<\/p>\n<p>&nbsp;<\/p>\n<h4 style=\"text-align: justify\">Software<\/h4>\n<p style=\"text-align: justify\"><a href=\"https:\/\/www.3dnatives.com\/de\/startup-des-monats-3d-spark-060620231\/\"><img loading=\"lazy\" decoding=\"async\" class=\" wp-image-54860 alignleft\" src=\"https:\/\/www.3dnatives.com\/de\/wp-content\/uploads\/sites\/3\/2024\/03\/3DSpark.jpg\" alt=\"\" width=\"110\" height=\"110\" srcset=\"https:\/\/www.3dnatives.com\/de\/wp-content\/uploads\/sites\/3\/2024\/03\/3DSpark.jpg 200w, https:\/\/www.3dnatives.com\/de\/wp-content\/uploads\/sites\/3\/2024\/03\/3DSpark-160x160.jpg 160w\" sizes=\"auto, (max-width: 110px) 100vw, 110px\" \/>3D Spark<\/a> ist ein Startup aus Hamburg, das eine Software-L\u00f6sung entwickelt hat, mithilfe derer Unternehmen effizienter arbeiten k\u00f6nnen. Die Screening-Software hilft dabei, Kosten einzusparen, Lieferzeiten zu verk\u00fcrzen und die CO2-Bilanz der Produktion positiv zu beeinflussen. Das Startup wurde dazu gegr\u00fcndet, um Unternehmen beim Einstieg in den 3D-Druck zu helfen und eine Produktion ohne Verschwendung zu erzielen<\/p>\n<p>&nbsp;<\/p>\n<h3 style=\"text-align: justify\">H\u00e4ndler<\/h3>\n<p style=\"text-align: justify\">H\u00e4ndler und Reseller stellen eine wichtige Schnittstelle zwischen Hersteller und Endkunden dar. Sie bieten eine umfangreiche Auswahl an diversen 3D-Produkten und Beratung.<\/p>\n<p style=\"text-align: justify\"><img loading=\"lazy\" decoding=\"async\" class=\" wp-image-54859 alignleft\" src=\"https:\/\/www.3dnatives.com\/de\/wp-content\/uploads\/sites\/3\/2024\/03\/3D-prima.jpg\" alt=\"\" width=\"110\" height=\"110\" srcset=\"https:\/\/www.3dnatives.com\/de\/wp-content\/uploads\/sites\/3\/2024\/03\/3D-prima.jpg 200w, https:\/\/www.3dnatives.com\/de\/wp-content\/uploads\/sites\/3\/2024\/03\/3D-prima-160x160.jpg 160w\" sizes=\"auto, (max-width: 110px) 100vw, 110px\" \/>3D Prima f\u00fchrt alles in seinem Sortiment, was Sie f\u00fcr einen erfolgreichen 3D-Druck ben\u00f6tigen! Sie finden bei diesem H\u00e4ndler Drucker, Filamente, Harze und diverses Zubeh\u00f6r f\u00fcr DIY-Anwender und professionelle Nutzer. Das Team von 3D Prima steht Ihnen mit Rat und Tat zur Seite und bietet kompetenten Support f\u00fcr all Ihre Anfragen.<\/p>\n<p>&nbsp;<\/p>\n<p>&nbsp;<\/p>\n<p style=\"text-align: justify\"><img loading=\"lazy\" decoding=\"async\" class=\" wp-image-54869 alignleft\" src=\"https:\/\/www.3dnatives.com\/de\/wp-content\/uploads\/sites\/3\/2024\/03\/myprintoo.jpg\" alt=\"\" width=\"110\" height=\"110\" srcset=\"https:\/\/www.3dnatives.com\/de\/wp-content\/uploads\/sites\/3\/2024\/03\/myprintoo.jpg 200w, https:\/\/www.3dnatives.com\/de\/wp-content\/uploads\/sites\/3\/2024\/03\/myprintoo-160x160.jpg 160w\" sizes=\"auto, (max-width: 110px) 100vw, 110px\" \/>Myprintoo ist ein Fachh\u00e4ndler mit einem umfassenden Portfolio an 3D-Produkten. Das Unternehmen bietet 3D-Drucker, <a href=\"https:\/\/www.3dnatives.com\/de\/top10-low-cost-3d-scanner-191020161\/\">3D-Scanner<\/a>, 3D-Druckmaterialien, sowie Zubeh\u00f6r und auch Einschulungen in die verkauften Produkte. Myprintoo ist au\u00dferdem exklusiver Partner des italienischen Herstellers <a href=\"https:\/\/www.3dnatives.com\/de\/3ntr-und-die-bedeutung-stetiger-innovation-im-3d-druck\/\">3ntr<\/a> im DACH-Raum.<\/p>\n<h3><\/h3>\n<h3 style=\"text-align: justify\">Dienstleister f\u00fcr 3D-Druck in Hamburg<\/h3>\n<p style=\"text-align: justify\">Service-Dienstleister sind die perfekte Anlaufstelle f\u00fcr all jene, die eine Projektidee auch in die Umsetzung bringen wollen, aber nicht \u00fcber die n\u00f6tige Hardware und die erforderlichen Kenntnisse verf\u00fcgen. Bei Dienstleistern reichen Sie Ihr Modell ein oder erstellen es sogar zusammen mit dem gew\u00e4hlten Dienstleistungsunternehmen. Sie k\u00f6nnen sich Ratschl\u00e4ge einholen und Ihr Projekt personalisieren. Sobald dies erfolgt ist, k\u00fcmmert sich der Dienstleister um 3D-Druck, Nachbearbeitung und h\u00e4ufig auch um den Versand.<\/p>\n<p style=\"text-align: justify\"><img loading=\"lazy\" decoding=\"async\" class=\" wp-image-54858 alignleft\" src=\"https:\/\/www.3dnatives.com\/de\/wp-content\/uploads\/sites\/3\/2024\/03\/3D-Generation.jpg\" alt=\"\" width=\"110\" height=\"110\" srcset=\"https:\/\/www.3dnatives.com\/de\/wp-content\/uploads\/sites\/3\/2024\/03\/3D-Generation.jpg 200w, https:\/\/www.3dnatives.com\/de\/wp-content\/uploads\/sites\/3\/2024\/03\/3D-Generation-160x160.jpg 160w\" sizes=\"auto, (max-width: 110px) 100vw, 110px\" \/>Bei 3D Generation k\u00f6nnen Sie einen Fototermin vereinbaren und das 3D-Fotostudio stellt dann mittels Scan ein Modell her, das dann im Anschluss per 3D-Druck gefertigt wird. So k\u00f6nnen Sie ein unvergessliches Souvenir schaffen oder Miniaturversionen von Haustieren, Personen oder Spielzeug.<\/p>\n<p>&nbsp;<\/p>\n<p>&nbsp;<\/p>\n<p style=\"text-align: justify\"><img loading=\"lazy\" decoding=\"async\" class=\" wp-image-54878 alignleft\" src=\"https:\/\/www.3dnatives.com\/de\/wp-content\/uploads\/sites\/3\/2024\/03\/burms.jpg\" alt=\"\" width=\"110\" height=\"110\" srcset=\"https:\/\/www.3dnatives.com\/de\/wp-content\/uploads\/sites\/3\/2024\/03\/burms.jpg 200w, https:\/\/www.3dnatives.com\/de\/wp-content\/uploads\/sites\/3\/2024\/03\/burms-160x160.jpg 160w\" sizes=\"auto, (max-width: 110px) 100vw, 110px\" \/>Bei Burms k\u00f6nnen Sie ein beliebiges 3D-Modell hochladen und es dann konfigurieren. Nach diesem Schritt erhalten Sie eine Preiskalkulation f\u00fcr Ihr Auftragsst\u00fcck. Burms bietet eine gro\u00dfe Auswahl an 3D-Druckl\u00f6sungen an und setzt so diverse Auftr\u00e4ge aus verschiedenen Sparten um, darunter <a href=\"https:\/\/www.3dnatives.com\/de\/3d-druck-in-medizin-und-zahnmedizin\/\">Dentaltechnik<\/a>, Schmuckfertigung, Medizinprodukte, Funktionsteile und Fertigung.<\/p>\n<p>&nbsp;<\/p>\n<p>&nbsp;<\/p>\n<p style=\"text-align: justify\"><img loading=\"lazy\" decoding=\"async\" class=\" wp-image-54861 alignleft\" src=\"https:\/\/www.3dnatives.com\/de\/wp-content\/uploads\/sites\/3\/2024\/03\/Cure-lab.jpg\" alt=\"\" width=\"111\" height=\"111\" srcset=\"https:\/\/www.3dnatives.com\/de\/wp-content\/uploads\/sites\/3\/2024\/03\/Cure-lab.jpg 200w, https:\/\/www.3dnatives.com\/de\/wp-content\/uploads\/sites\/3\/2024\/03\/Cure-lab-160x160.jpg 160w\" sizes=\"auto, (max-width: 111px) 100vw, 111px\" \/>Bei Cure Lab handelt es sich um einen Dienstleister f\u00fcr <a href=\"https:\/\/www.3dnatives.com\/de\/additive-fertigung-orthopaedie-genesungsweg-160120231\/\">Orthop\u00e4dietechnik<\/a>. Spezialanfertigungen und Sonderw\u00fcnsche werden per 3D-Druck angefertigt. Cure Lab druckt Prototypen, personalisierte Einzelst\u00fccke und Anfertigungen in geringen Auflagen. Cure Lab arbeitet daf\u00fcr mit der HP Multi Jet Fusion-Technologie.<\/p>\n<p>&nbsp;<\/p>\n<p>&nbsp;<\/p>\n<p style=\"text-align: justify\"><img loading=\"lazy\" decoding=\"async\" class=\"wp-image-54862 alignleft\" src=\"https:\/\/www.3dnatives.com\/de\/wp-content\/uploads\/sites\/3\/2024\/03\/Druckcenter.jpg\" alt=\"\" width=\"110\" height=\"110\" srcset=\"https:\/\/www.3dnatives.com\/de\/wp-content\/uploads\/sites\/3\/2024\/03\/Druckcenter.jpg 200w, https:\/\/www.3dnatives.com\/de\/wp-content\/uploads\/sites\/3\/2024\/03\/Druckcenter-160x160.jpg 160w\" sizes=\"auto, (max-width: 110px) 100vw, 110px\" \/>Das DruckCenter Hamburg ist vor allem f\u00fcr seine 2D-L\u00f6sungen bekannt und druckt Visitenkarten, Folder, Stempel etc. und k\u00fcmmert sich auch um Grafik und Gestaltung. Neben diesen umfassenden Dienstleistungen und seinem Copyshop, nimmt das DruckCenter Hamburg auch 3D-Druck-Auftr\u00e4ge an. Wenn Sie ein Modell Ihres gew\u00fcnschten Produkts haben, k\u00f6nnen Sie dieses zum Druck an das DruckCenter \u00fcbergeben.<\/p>\n<p>&nbsp;<\/p>\n<p>&nbsp;<\/p>\n<p style=\"text-align: justify\"><img loading=\"lazy\" decoding=\"async\" class=\" wp-image-54864 alignleft\" src=\"https:\/\/www.3dnatives.com\/de\/wp-content\/uploads\/sites\/3\/2024\/03\/hamburg-lvm.jpg\" alt=\"\" width=\"110\" height=\"110\" srcset=\"https:\/\/www.3dnatives.com\/de\/wp-content\/uploads\/sites\/3\/2024\/03\/hamburg-lvm.jpg 200w, https:\/\/www.3dnatives.com\/de\/wp-content\/uploads\/sites\/3\/2024\/03\/hamburg-lvm-160x160.jpg 160w\" sizes=\"auto, (max-width: 110px) 100vw, 110px\" \/>Der Landesbetrieb Geoinformation und Vermessung (LGV) bietet 3D-Druck ebenfalls als Service-Leistung an, sowohl f\u00fcr B2B-Kunden als auch f\u00fcr B2C-Kunden. Urspr\u00fcnglich wurde der 3D-Druck wohl zu Eigenzwecken eingesetzt, um Modelle von Geb\u00e4uden herzustellen, hat sich allerdings nun als Dienstleistung etabliert. Sie m\u00fcssen nur die Richtlinien f\u00fcr das Modell beachten und k\u00f6nnen dieses dann einreichen. Der LGV nutzt f\u00fcr den 3D-Druck ein Verfahren\u00a0mit Pulver und Bindemittel.<\/p>\n<p>&nbsp;<\/p>\n<p style=\"text-align: justify\"><img loading=\"lazy\" decoding=\"async\" class=\" wp-image-54870 alignleft\" src=\"https:\/\/www.3dnatives.com\/de\/wp-content\/uploads\/sites\/3\/2024\/03\/printeazy.jpg\" alt=\"\" width=\"110\" height=\"110\" srcset=\"https:\/\/www.3dnatives.com\/de\/wp-content\/uploads\/sites\/3\/2024\/03\/printeazy.jpg 200w, https:\/\/www.3dnatives.com\/de\/wp-content\/uploads\/sites\/3\/2024\/03\/printeazy-160x160.jpg 160w\" sizes=\"auto, (max-width: 110px) 100vw, 110px\" \/>Wer eine Idee im Kopf hat, aber Hilfe f\u00fcr die Umsetzung sucht, ist bei Print Eazy f\u00fcr 3D-Druck in Hamburg an der richtigen Adresse. Print Eazy bietet neben dem Druck der eingehenden Auftr\u00e4ge auch kompetente Betreuung und kann so mit Ihnen gemeinsam ein Modell konzipieren und Sie zur Machbarkeit und den Materialien beraten. Das Unternehmen verf\u00fcgt \u00fcber Fachleute im Bereich der 3D-Modellierung, <a href=\"https:\/\/www.3dnatives.com\/de\/top-10-cad-software-fuer-jedes-niveau\/\">CAD-Design<\/a> und 3D-Scanning und ist so f\u00fcr diverse Auftr\u00e4ge ger\u00fcstet. Print Eazy arbeitet bereits mit Auftraggebern aus Handwerk, der. Eventbranche und Dentaltechnik zusammen und ist so f\u00fcr Auftr\u00e4ge aus einer Vielzahl an Branchen ger\u00fcstet.<\/p>\n<p style=\"text-align: justify\"><img loading=\"lazy\" decoding=\"async\" class=\" wp-image-54871 alignleft\" src=\"https:\/\/www.3dnatives.com\/de\/wp-content\/uploads\/sites\/3\/2024\/03\/Prontotype.jpg\" alt=\"\" width=\"110\" height=\"110\" srcset=\"https:\/\/www.3dnatives.com\/de\/wp-content\/uploads\/sites\/3\/2024\/03\/Prontotype.jpg 200w, https:\/\/www.3dnatives.com\/de\/wp-content\/uploads\/sites\/3\/2024\/03\/Prontotype-160x160.jpg 160w\" sizes=\"auto, (max-width: 110px) 100vw, 110px\" \/>Prontotype ist Ihre Anlaufstelle f\u00fcr <a href=\"https:\/\/www.3dnatives.com\/de\/stereolithografie\/\">SLA<\/a>&#8211; oder <a href=\"https:\/\/www.3dnatives.com\/de\/selektives-lasersintern\/\">SLS<\/a>-Druckteile. Sie k\u00f6nnen so industrielle Prototypen erstellen lassen, aber auch Auftragsteile f\u00fcr Kunstobjekte, P\u00e4dagogik oder architektonische Modelle. Das Team von Prontotype unterst\u00fctzt Sie in Ihrem Projekt.<\/p>\n<p>&nbsp;<\/p>\n<p>&nbsp;<\/p>\n<p style=\"text-align: justify\"><img loading=\"lazy\" decoding=\"async\" class=\"wp-image-54872 alignleft\" src=\"https:\/\/www.3dnatives.com\/de\/wp-content\/uploads\/sites\/3\/2024\/03\/Rapidobject.jpg\" alt=\"\" width=\"110\" height=\"110\" srcset=\"https:\/\/www.3dnatives.com\/de\/wp-content\/uploads\/sites\/3\/2024\/03\/Rapidobject.jpg 200w, https:\/\/www.3dnatives.com\/de\/wp-content\/uploads\/sites\/3\/2024\/03\/Rapidobject-160x160.jpg 160w\" sizes=\"auto, (max-width: 110px) 100vw, 110px\" \/>Rapidobject wurde 2006 gegr\u00fcndet und gilt als einer der ersten Service-Dienstleister im Bereich des 3D-Drucks. Sie k\u00f6nnen Ihre Daten auf der Online-Plattform hochladen, Ihr Material ausw\u00e4hlen und erhalten einen Kostenvoranschlag, um die Gesamtkosten einzusch\u00e4tzen, bevor Sie bestellen. Das Team von Rapidobject f\u00fchrt Druckauftr\u00e4ge jeglicher Art durch, ob einfache Prototypen oder gr\u00f6\u00dfere Auflagen \u00a0und kooperiert bereits mit Unternehmen aus Elektro-, <a href=\"https:\/\/www.3dnatives.com\/de\/3d-druck-in-automobil-und-transport\/\">Automobilindustrie<\/a>, dem Maschinenbau, aus der <a href=\"https:\/\/www.3dnatives.com\/de\/3d-druck-in-luft-und-raumfahrt-und-verteidigung\/\">Luft- und Raumfahrt<\/a> und der Medizintechnik.<\/p>\n<p>&nbsp;<\/p>\n<p style=\"text-align: justify\"><img loading=\"lazy\" decoding=\"async\" class=\" wp-image-54873 alignleft\" src=\"https:\/\/www.3dnatives.com\/de\/wp-content\/uploads\/sites\/3\/2024\/03\/Richtig-Druck.jpg\" alt=\"\" width=\"110\" height=\"110\" srcset=\"https:\/\/www.3dnatives.com\/de\/wp-content\/uploads\/sites\/3\/2024\/03\/Richtig-Druck.jpg 200w, https:\/\/www.3dnatives.com\/de\/wp-content\/uploads\/sites\/3\/2024\/03\/Richtig-Druck-160x160.jpg 160w\" sizes=\"auto, (max-width: 110px) 100vw, 110px\" \/>Richtig Druck ist Ihre Anlaufstelle f\u00fcr Prototypen jeglicher Art. Ganz egal, ob es sich um kreative Prototypen f\u00fcr pers\u00f6nliche Projekte handelt oder um industrielle Prototypen \u2013 das Team von Richtig Druck steht Ihnen zur Seite.<\/p>\n<p>&nbsp;<\/p>\n<h3 style=\"text-align: justify\">Fablabs und Netzwerke f\u00fcr 3D-Druck in Hamburg<\/h3>\n<p style=\"text-align: justify\">Fablabs und Netzwerke bieten die einzigartige Gelegenheit, erste Erfahrungen mit dem 3D-Druck zu machen und die additive Fertigung einfach mal auszuprobieren. Wenn Sie sich als Unternehmen k\u00fcnftig mit 3D-Druck auseinandersetzen m\u00f6chte, ist ein Netzwerk eine Anlaufstelle, um Fragen und Zweifell zu kl\u00e4ren.<\/p>\n<p style=\"text-align: justify\"><img loading=\"lazy\" decoding=\"async\" class=\" wp-image-54857 alignleft\" src=\"https:\/\/www.3dnatives.com\/de\/wp-content\/uploads\/sites\/3\/2024\/03\/3D-Druck-Nord.jpg\" alt=\"\" width=\"110\" height=\"110\" srcset=\"https:\/\/www.3dnatives.com\/de\/wp-content\/uploads\/sites\/3\/2024\/03\/3D-Druck-Nord.jpg 200w, https:\/\/www.3dnatives.com\/de\/wp-content\/uploads\/sites\/3\/2024\/03\/3D-Druck-Nord-160x160.jpg 160w\" sizes=\"auto, (max-width: 110px) 100vw, 110px\" \/>3D-Druck Nord ist ein Netzwerk, das mit Rat und Tat zur Seite steht, wenn Sie im 3D-Druck noch keine Erfahrungen haben. Sie k\u00f6nnen sich dort umfangreich zu der Technologie informieren und auf die Expertise des Netzwerks vertrauen, das Ihnen praktischen und strategischen Rat gibt.<\/p>\n<p>&nbsp;<\/p>\n<p>&nbsp;<\/p>\n<p style=\"text-align: justify\"><img loading=\"lazy\" decoding=\"async\" class=\" wp-image-54863 alignleft\" src=\"https:\/\/www.3dnatives.com\/de\/wp-content\/uploads\/sites\/3\/2024\/03\/fab.jpg\" alt=\"\" width=\"110\" height=\"110\" srcset=\"https:\/\/www.3dnatives.com\/de\/wp-content\/uploads\/sites\/3\/2024\/03\/fab.jpg 200w, https:\/\/www.3dnatives.com\/de\/wp-content\/uploads\/sites\/3\/2024\/03\/fab-160x160.jpg 160w\" sizes=\"auto, (max-width: 110px) 100vw, 110px\" \/>Fabulous St. Pauli: Fabulous St. Pauli ist ein Fab Lab, das 2011 in Hamburg gegr\u00fcndet wurde. Dort k\u00f6nnen Sie diverse Maschinen nutzen, darunter 3D-Drucker, <a href=\"https:\/\/www.3dnatives.com\/de\/co2-laserschneider-090620221\/\">Lasercutter<\/a> etc. und diese zwanglos ausprobieren. Und wer wei\u00df, vielleicht kommen Sie auf den Geschmack und legen sich im Anschluss an diese Erfahrung Ihren ersten 3D-Drucker zu?<\/p>\n<p>&nbsp;<\/p>\n<h3 style=\"text-align: justify\">Ausbildung &amp; Weiterbildung<\/h3>\n<p style=\"text-align: justify\">F\u00fcr Studenten ergeben sich meist mehr Gelegenheiten, Verschiedenes auszuprobieren und Kurse zu unterschiedlichen Technologien und Verfahren zu belegen. Aber auf Otto-Normalb\u00fcrger kommen in der Hansestadt auf Ihre Kosten und k\u00f6nnen Kurse zum 3D-Druck in Hamburg belegen.<\/p>\n<p style=\"text-align: justify\"><img loading=\"lazy\" decoding=\"async\" class=\" wp-image-54865 alignleft\" src=\"https:\/\/www.3dnatives.com\/de\/wp-content\/uploads\/sites\/3\/2024\/03\/haw-hamburg.jpg\" alt=\"\" width=\"110\" height=\"110\" srcset=\"https:\/\/www.3dnatives.com\/de\/wp-content\/uploads\/sites\/3\/2024\/03\/haw-hamburg.jpg 200w, https:\/\/www.3dnatives.com\/de\/wp-content\/uploads\/sites\/3\/2024\/03\/haw-hamburg-160x160.jpg 160w\" sizes=\"auto, (max-width: 110px) 100vw, 110px\" \/>Studierende der HAW Hamburg haben im 3Dspace die Gelegenheit, kreative Ideen umzusetzen und ihr eigenes Design zu erstellen, welches sie anschlie\u00dfend drucken.<\/p>\n<p>&nbsp;<\/p>\n<p>&nbsp;<\/p>\n<p>&nbsp;<\/p>\n<p style=\"text-align: justify\"><img loading=\"lazy\" decoding=\"async\" class=\" wp-image-54867 alignleft\" src=\"https:\/\/www.3dnatives.com\/de\/wp-content\/uploads\/sites\/3\/2024\/03\/Makerhafen.jpg\" alt=\"\" width=\"110\" height=\"110\" srcset=\"https:\/\/www.3dnatives.com\/de\/wp-content\/uploads\/sites\/3\/2024\/03\/Makerhafen.jpg 200w, https:\/\/www.3dnatives.com\/de\/wp-content\/uploads\/sites\/3\/2024\/03\/Makerhafen-160x160.jpg 160w\" sizes=\"auto, (max-width: 110px) 100vw, 110px\" \/>Der Makerhafen bietet Grundlagenkurse zum 3D-Druck an und erm\u00f6glicht es Makern, erste Erfahrungen mit unterschiedlichen Druckverfahren und Materialien zu machen. Die Kurse finden in Kleingruppen statt und am Ende gehen Sie mit einem ersten selbstgedruckten Teil nach Hause.<\/p>\n<p>&nbsp;<\/p>\n<p>&nbsp;<\/p>\n<p style=\"text-align: justify\"><img loading=\"lazy\" decoding=\"async\" class=\" wp-image-54875 alignleft\" src=\"https:\/\/www.3dnatives.com\/de\/wp-content\/uploads\/sites\/3\/2024\/03\/UHH.jpg\" alt=\"\" width=\"110\" height=\"110\" srcset=\"https:\/\/www.3dnatives.com\/de\/wp-content\/uploads\/sites\/3\/2024\/03\/UHH.jpg 200w, https:\/\/www.3dnatives.com\/de\/wp-content\/uploads\/sites\/3\/2024\/03\/UHH-160x160.jpg 160w\" sizes=\"auto, (max-width: 110px) 100vw, 110px\" \/>Das Institut f\u00fcr Psychologie der Universit\u00e4t Hamburg verf\u00fcgt in seiner Werkstatt \u00fcber einen 3D-Drucker Ender 3 Pro. Sie haben dort die M\u00f6glichkeit, mechanische Teile zu fertigen und diese in <a href=\"https:\/\/www.3dnatives.com\/de\/pla-ein-leitfaden-zu-diesem-3d-druckmaterial-190820191\/\">PLA<\/a> und <a href=\"https:\/\/www.3dnatives.com\/de\/petg-kunststoff-im-3d-druck-181220191\/\">PETG<\/a> in schwarz oder wei\u00df zu drucken.<\/p>\n<p>&nbsp;<\/p>\n<p>&nbsp;<\/p>\n<p style=\"text-align: justify\"><img loading=\"lazy\" decoding=\"async\" class=\" wp-image-54876 alignleft\" src=\"https:\/\/www.3dnatives.com\/de\/wp-content\/uploads\/sites\/3\/2024\/03\/WBS-training.jpg\" alt=\"\" width=\"110\" height=\"110\" srcset=\"https:\/\/www.3dnatives.com\/de\/wp-content\/uploads\/sites\/3\/2024\/03\/WBS-training.jpg 200w, https:\/\/www.3dnatives.com\/de\/wp-content\/uploads\/sites\/3\/2024\/03\/WBS-training-160x160.jpg 160w\" sizes=\"auto, (max-width: 110px) 100vw, 110px\" \/>Auch am WBS k\u00f6nnen Sie einen Grundlagen-Kurs f\u00fcr 3D-Druck belegen. Dieser dauert zehn Tage und erm\u00f6glicht Ihnen, die Basics des 3D-Drucks zu lernen. Im Kurs wird die gesamte Wertsch\u00f6pfungskette des 3D-Drucks abgedeckt und Sie erhalten Informationen zum Design, Slicing, den 3D-Materialien und den verschiedenen Technologien.<\/p>\n<p>&nbsp;<\/p>\n<p>&nbsp;<\/p>\n<p style=\"text-align: justify\">Falls auch Ihr Unternehmen in der 3D-Druck-Branche in Hamburg t\u00e4tig ist und Sie gerne mitaufgenommen werden m\u00f6chten, kontaktieren Sie uns unter <span \n                data-original-string='S1Va+HupJiX5Kp+pYZ0DUQ==58d\/k729cnZgp19Rd25rq0AG3BGcqbglwqjvr3n6nDfKPM='\n                class='apbct-email-encoder'\n                title='Dieser Kontakt wurde von Anti-Spam by CleanTalk verschl\u00fcsselt. Klicken Sie hier, um ihn zu entschl\u00fcsseln. Um die Entschl\u00fcsselung abzuschlie\u00dfen, stellen Sie sicher, dass JavaScript in Ihrem Browser aktiviert ist.'>ko<span class=\"apbct-blur\">*****<\/span>@<span class=\"apbct-blur\">*******<\/span>es.com<\/span> oder auf unseren sozialen Netzwerken (<a href=\"https:\/\/www.facebook.com\/3Dnativesde\/?ref=bookmarks\" target=\"_blank\" rel=\"noopener noreferrer\">Facebook<\/a>, <a href=\"https:\/\/www.linkedin.com\/groups\/13502336\">LinkedIn<\/a>).<\/p>\n","protected":false},"excerpt":{"rendered":"<p>Der 3D-Druck spielt in der deutschen Industrie eine immer bedeutendere Rolle und zahlreiche Bildungseinrichtungen, Maschinen-Hersteller und Dienstleister besch\u00e4ftigen sich mit der additiven Fertigung. Auch in der Hansestadt finden sich zahlreiche Beispiele an Unternehmen, die sich auf den 3D-Druck spezialisiert haben&hellip;<\/p>\n","protected":false},"author":6102,"featured_media":54881,"parent":0,"menu_order":0,"comment_status":"closed","ping_status":"closed","template":"page-hero-header.php","meta":{"_acf_changed":false,"content-type":"","footnotes":""},"class_list":["post-54834","page","type-page","status-publish","has-post-thumbnail","hentry"],"acf":[],"_links":{"self":[{"href":"https:\/\/www.3dnatives.com\/de\/wp-json\/wp\/v2\/pages\/54834","targetHints":{"allow":["GET"]}}],"collection":[{"href":"https:\/\/www.3dnatives.com\/de\/wp-json\/wp\/v2\/pages"}],"about":[{"href":"https:\/\/www.3dnatives.com\/de\/wp-json\/wp\/v2\/types\/page"}],"author":[{"embeddable":true,"href":"https:\/\/www.3dnatives.com\/de\/wp-json\/wp\/v2\/users\/6102"}],"replies":[{"embeddable":true,"href":"https:\/\/www.3dnatives.com\/de\/wp-json\/wp\/v2\/comments?post=54834"}],"version-history":[{"count":3,"href":"https:\/\/www.3dnatives.com\/de\/wp-json\/wp\/v2\/pages\/54834\/revisions"}],"predecessor-version":[{"id":58601,"href":"https:\/\/www.3dnatives.com\/de\/wp-json\/wp\/v2\/pages\/54834\/revisions\/58601"}],"wp:featuredmedia":[{"embeddable":true,"href":"https:\/\/www.3dnatives.com\/de\/wp-json\/wp\/v2\/media\/54881"}],"wp:attachment":[{"href":"https:\/\/www.3dnatives.com\/de\/wp-json\/wp\/v2\/media?parent=54834"}],"curies":[{"name":"wp","href":"https:\/\/api.w.org\/{rel}","templated":true}]}}