{"id":52855,"date":"2024-01-08T17:36:47","date_gmt":"2024-01-08T16:36:47","guid":{"rendered":"https:\/\/www.3dnatives.com\/de\/?page_id=52855"},"modified":"2025-03-05T15:20:43","modified_gmt":"2025-03-05T14:20:43","slug":"impressum","status":"publish","type":"page","link":"https:\/\/www.3dnatives.com\/de\/impressum\/","title":{"rendered":"Impressum"},"content":{"rendered":"<h3 style=\"text-align: justify;\">1. <strong>Vorstellung der Website<\/strong><\/h3>\n<p style=\"text-align: justify;\">Gem\u00e4\u00df Artikel 6 des Gesetzes Nr. 2004-575 vom 21. Juni 2004 \u00fcber das Vertrauen in die digitale Wirtschaft wird den Nutzern der Website<br \/>\n<a href=\"https:\/\/www.3dnatives.com\/\">3dnatives.com<\/a> die Identit\u00e4t der verschiedenen Akteure im Rahmen der Erstellung und Betreuung der Website mitgeteilt:<\/p>\n<p style=\"text-align: justify;\"><strong>Eigent\u00fcmer<\/strong>: 3Dnatives SAS &#8211; Siret: <span class=\"ui-provider ed axs axt axu axv axw axx axy axz aya ayb ayc ayd aye ayf ayg ayh ayi ayj ayk ayl aym ayn ayo ayp ayq ayr ays ayt ayu ayv ayw ayx ayy ayz\" dir=\"ltr\">803 086 503 00056 <\/span> &#8211; 157 boulevard McDonald 75019 Paris, France<br \/>\n<strong>Urheber<\/strong>: 3Dnatives SAS<br \/>\n<strong>Verantwortlicher f\u00fcr die Ver\u00f6ffentlichung<\/strong>: Filippos Voulpiotis &#8211; <span \n                data-original-string='CT8MZHu6XY0blWZik3FX3g==58dXxQWpc7fjeGJcCk8IkpKBtmQrFikdYlsEJQ2qZ7nrCA='\n                class='apbct-email-encoder'\n                title='Dieser Kontakt wurde von Anti-Spam by CleanTalk verschl\u00fcsselt. Klicken Sie hier, um ihn zu entschl\u00fcsseln. Um die Entschl\u00fcsselung abzuschlie\u00dfen, stellen Sie sicher, dass JavaScript in Ihrem Browser aktiviert ist.'>fi<span class=\"apbct-blur\">******<\/span>@<span class=\"apbct-blur\">*******<\/span>es.com<\/span><br \/>\n<strong>Webhoster<\/strong>: Amazon Web Services (AWS) &#8211; Amazon Web Services EMEA SARL, 38 avenue John F. Kennedy, L-1855 Luxembourg, +352 2789 0057, <a href=\"https:\/\/aws.amazon.com\" target=\"_new\" rel=\"noopener\" data-start=\"462\" data-end=\"502\">aws.amazon.com<\/a><\/p>\n<h3 style=\"text-align: justify;\">2. <strong>Allgemeine Bedingungen f\u00fcr die Nutzung der Website und der angebotenen Dienstleistungen<\/strong><\/h3>\n<p style=\"text-align: justify;\">Die Nutzung der Website www.3dnatives.com setzt die vollst\u00e4ndige und uneingeschr\u00e4nkte Annahme der nachstehend beschriebenen allgemeinen Nutzungsbedingungen voraus. Diese Nutzungsbedingungen k\u00f6nnen jederzeit ge\u00e4ndert oder erg\u00e4nzt werden. Die Nutzer der Website www.3dnatives.com werden daher gebeten, sie regelm\u00e4\u00dfig zu konsultieren.<\/p>\n<p style=\"text-align: justify;\">Diese Website ist normalerweise jederzeit f\u00fcr die Nutzer zug\u00e4nglich. Eine Unterbrechung aufgrund technischer Wartungsarbeiten kann jedoch von 3Dnatives SAS beschlossen werden. 3Dnatives SAS wird sich dann bem\u00fchen, die Nutzer vorab \u00fcber die Daten und Uhrzeiten des Eingriffs zu informieren.<\/p>\n<p style=\"text-align: justify;\">Die Website www.3dnatives.com wird regelm\u00e4\u00dfig von Alexandre Martel aktualisiert. Auch die rechtlichen Hinweise k\u00f6nnen jederzeit ge\u00e4ndert werden: Sie sind dennoch f\u00fcr den Nutzer verbindlich, der sie so oft wie m\u00f6glich aufrufen sollte, um sie zur Kenntnis zu nehmen.<\/p>\n<h3 style=\"text-align: justify;\">3. <strong>Beschreibung der angebotenen Dienstleistungen<\/strong><\/h3>\n<p style=\"text-align: justify;\">Die Website www.3dnatives.com liefert Informationen \u00fcber die Gesamtheit der Aktivit\u00e4ten des Unternehmens.<\/p>\n<p style=\"text-align: justify;\">3Dnatives SAS bem\u00fcht sich, auf der Website www.3dnatives.com so genaue Informationen wie m\u00f6glich bereitzustellen. Sie kann jedoch nicht f\u00fcr Auslassungen, Ungenauigkeiten und M\u00e4ngel in der Aktualisierung haftbar gemacht werden, die von ihr selbst oder von dritten Partnern, die ihr diese Informationen zur Verf\u00fcgung stellen, verursacht werden.<\/p>\n<p style=\"text-align: justify;\">Alle auf der Website www.3dnatives.com angegebenen Informationen sind unverbindlich und k\u00f6nnen sich \u00e4ndern. Dar\u00fcber hinaus sind die Informationen auf der Website www.3dnatives.com nicht ersch\u00f6pfend. Sie werden vorbehaltlich der seit ihrer Ver\u00f6ffentlichung vorgenommenen \u00c4nderungen bereitgestellt.<\/p>\n<h3 style=\"text-align: justify;\">4. <strong>Vertragliche Einschr\u00e4nkungen der technischen Daten<\/strong><\/h3>\n<p style=\"text-align: justify;\">Die Website verwendet die JavaScript-Technologie.<\/p>\n<p style=\"text-align: justify;\">Die Website kann nicht f\u00fcr materielle Sch\u00e4den im Zusammenhang mit der Nutzung der Website haftbar gemacht werden. Dar\u00fcber hinaus verpflichtet sich der Nutzer der Website, auf die Website mit einer aktuellen Hardware zuzugreifen, die keine Viren enth\u00e4lt, und mit einem Browser der aktuellsten Generation, der auf den neuesten Stand gebracht wurde.<\/p>\n<h3 style=\"text-align: justify;\">5. <strong>Geistiges Eigentum und F\u00e4lschungen<\/strong><\/h3>\n<p style=\"text-align: justify;\">3Dnatives SAS ist Eigent\u00fcmer der Rechte am geistigen Eigentum oder besitzt die Nutzungsrechte an allen auf der Website zug\u00e4nglichen Elementen, insbesondere an Texten, Bildern, Grafiken, Logos, Icons, Kl\u00e4ngen und Software.<\/p>\n<p style=\"text-align: justify;\">Jegliche Reproduktion, Darstellung, \u00c4nderung, Ver\u00f6ffentlichung und Anpassung aller oder eines Teils der Elemente der Website, unabh\u00e4ngig von den verwendeten Mitteln oder Verfahren, ist untersagt, es sei denn, es liegt eine vorherige schriftliche Genehmigung von 3Dnatives SAS vor.<\/p>\n<p style=\"text-align: justify;\">Jede nicht genehmigte Nutzung der Website oder eines ihrer Elemente wird als F\u00e4lschung angesehen und gem\u00e4\u00df den Bestimmungen der Artikel L.335-2 ff. des franz\u00f6sischen Gesetzbuchs \u00fcber geistiges Eigentum (Code de Propri\u00e9t\u00e9 Intellectuelle) verfolgt.<\/p>\n<h3 style=\"text-align: justify;\">6. <strong>Einschr\u00e4nkungen der Haftung<\/strong><\/h3>\n<p style=\"text-align: justify;\">3Dnatives SAS kann nicht f\u00fcr direkte und indirekte Sch\u00e4den haftbar gemacht werden, die dem Material des Nutzers beim Zugriff auf die Website www.3dnatives.com zugef\u00fcgt werden und die entweder aus der Verwendung von Material resultieren, das nicht den in Punkt 4 angegebenen Spezifikationen entspricht, oder aus dem Auftreten eines technischen Problems oder einer Inkompatibilit\u00e4t.<\/p>\n<p style=\"text-align: justify;\">3Dnatives SAS haftet auch nicht f\u00fcr indirekte Sch\u00e4den (wie z. B. Marktverlust oder Verlust einer Chance), die sich aus der Nutzung der Website www.3dnatives.com ergeben.<\/p>\n<p style=\"text-align: justify;\">Interaktive Bereiche (M\u00f6glichkeit, Fragen im Kontaktbereich zu stellen) stehen den Nutzern zur Verf\u00fcgung. 3Dnatives SAS beh\u00e4lt sich das Recht vor, ohne vorherige Mahnung alle in diesem Bereich abgelegten Inhalte zu l\u00f6schen, die gegen die in Frankreich geltenden Gesetze und insbesondere gegen die Bestimmungen zum Datenschutz versto\u00dfen. Gegebenenfalls beh\u00e4lt sich 3Dnatives SAS auch die M\u00f6glichkeit vor, den Nutzer zivil- und\/oder strafrechtlich haftbar zu machen, insbesondere bei rassistischen, beleidigenden, diffamierenden oder pornografischen Mitteilungen, unabh\u00e4ngig von den verwendeten Medien (Text, Fotografie&#8230;).<\/p>\n<h3 style=\"text-align: justify;\">7. <strong>Verarbeitung pers\u00f6nlicher Daten\u00a0<\/strong><\/h3>\n<p style=\"text-align: justify;\">In Frankreich werden pers\u00f6nliche Daten insbesondere durch das Gesetz Nr. 78-87 vom 6. Januar 1978, das Gesetz Nr. 2004-801 vom 6. August 2004, Artikel L. 226-13 des Strafgesetzbuches und die Europ\u00e4ische Richtlinie vom 24. Oktober 1995 gesch\u00fctzt.<\/p>\n<p style=\"text-align: justify;\">Bei der Nutzung der Website www.3dnatives.com k\u00f6nnen folgende Daten erfasst werden: die URL der Links, \u00fcber die der Nutzer auf die Website www.3dnatives.com gelangt ist, der Zugangsanbieter des Nutzers, die Internetprotokoll-Adresse (IP) des Nutzers.<\/p>\n<p style=\"text-align: justify;\">In jedem Fall sammelt 3Dnatives SAS pers\u00f6nliche Informationen \u00fcber den Nutzer nur f\u00fcr die Zwecke bestimmter Dienstleistungen, die auf der Website www.3dnatives.com angeboten werden. Der Nutzer stellt diese Informationen in voller Kenntnis der Sachlage zur Verf\u00fcgung, insbesondere wenn er sie selbst eingibt. Dem Nutzer der Website www.3dnatives.com wird dann mitgeteilt, ob er diese Informationen bereitstellen muss oder nicht.<\/p>\n<p style=\"text-align: justify;\">Gem\u00e4\u00df den Bestimmungen der Artikel 38 ff. des Gesetzes 78-17 vom 6. Januar 1978 \u00fcber Informatik, Dateien und Freiheiten hat jeder Nutzer das Recht, auf die ihn betreffenden pers\u00f6nlichen Daten zuzugreifen, sie zu berichtigen und ihnen zu widersprechen, indem er einen schriftlichen und unterschriebenen Antrag stellt, dem eine Kopie des Personalausweises mit Unterschrift des Inhabers des Dokuments beigef\u00fcgt ist, und die Adresse angibt, an die die Antwort gesendet werden soll.<\/p>\n<p style=\"text-align: justify;\">Keine pers\u00f6nlichen Informationen des Nutzers der Website www.3dnatives.com werden ohne das Wissen des Nutzers ver\u00f6ffentlicht, ausgetauscht, \u00fcbertragen, abgetreten oder auf irgendeinem Datentr\u00e4ger an Dritte verkauft. Nur wenn 3Dnatives SAS und seine Rechte \u00fcbernommen werden, k\u00f6nnen diese Informationen an einen eventuellen Erwerber weitergegeben werden, der seinerseits der gleichen Verpflichtung zur Aufbewahrung und \u00c4nderung der Daten gegen\u00fcber dem Nutzer der Website www.3dnatives.com unterliegt.<\/p>\n<p style=\"text-align: justify;\">Die oben genannte Website ist bei der CNIL unter der Nummer 2042595 registriert.<\/p>\n<p style=\"text-align: justify;\">Die Datenbanken sind durch die Bestimmungen des Gesetzes vom 1. Juli 1998 zur Umsetzung der Richtlinie 96\/9 vom 11. M\u00e4rz 1996 \u00fcber den rechtlichen Schutz von Datenbanken gesch\u00fctzt.<\/p>\n<h3 style=\"text-align: justify;\">8. <strong>Hyperlinks und Cookies<\/strong><\/h3>\n<p style=\"text-align: justify;\">Die Website www.3dnatives.com enth\u00e4lt eine Reihe von Hypertext-Links zu anderen Websites, die mit der Genehmigung von 3Dnatives SAS eingerichtet wurden. 3Dnatives SAS hat jedoch nicht die M\u00f6glichkeit, den Inhalt der so besuchten Websites zu \u00fcberpr\u00fcfen und \u00fcbernimmt dementsprechend keine Verantwortung f\u00fcr diesen Umstand.<\/p>\n<p style=\"text-align: justify;\">Das Surfen auf der Website www.3dnatives.com kann dazu f\u00fchren, dass auf dem Computer des Nutzers ein Cookie(s) installiert wird. Ein Cookie ist eine kleine Datei, die keine Identifizierung des Nutzers erm\u00f6glicht, aber Informationen \u00fcber die Navigation eines Computers auf einer Website speichert. Die so erhaltenen Daten sollen die sp\u00e4tere Navigation auf der Website erleichtern und dienen auch dazu, verschiedene Messungen der Besucherzahlen zu erm\u00f6glichen.<\/p>\n<p style=\"text-align: justify;\">Die Ablehnung der Installation eines Cookies kann dazu f\u00fchren, dass bestimmte Dienste nicht zug\u00e4nglich sind. Der Nutzer kann seinen Computer jedoch wie folgt konfigurieren, um die Installation von Cookies abzulehnen:<\/p>\n<p style=\"text-align: justify;\">Beim Internet Explorer: Registerkarte \u201eWerkzeuge\u201c (Zahnrad-Piktogramm oben rechts) \/ Internetoptionen. Klicken Sie auf Datenschutz und w\u00e4hlen Sie \u201eAlle Cookies blockieren\u201c. Best\u00e4tigen Sie mit \u201eOk\u201c.<\/p>\n<p style=\"text-align: justify;\">Bei Firefox: Klicken Sie oben im Browserfenster auf die Firefox-Schaltfl\u00e4che und gehen Sie dann auf die Registerkarte \u201eOptionen\u201c. Klicken Sie auf die Registerkarte \u201eDatenschutz\u201c.<\/p>\n<p style=\"text-align: justify;\">Stellen Sie die Aufbewahrungsregeln auf: \u201eBenutzerdefinierte Einstellungen f\u00fcr den Verlauf verwenden\u201c ein. Entfernen Sie schlie\u00dflich das H\u00e4kchen, um Cookies zu deaktivieren.<\/p>\n<p style=\"text-align: justify;\">Bei Safari: Klicken Sie oben rechts im Browser auf das Men\u00fc-Piktogramm (symbolisiert durch ein Zahnrad). W\u00e4hlen Sie \u201eEinstellungen\u201c aus. Klicken Sie auf \u201eErweiterte Einstellungen anzeigen\u201c. Klicken Sie im Abschnitt \u201eDatenschutz&#8220; auf \u201eInhaltseinstellungen\u201c. Im Abschnitt &#8222;Cookies&#8220; k\u00f6nnen Sie Cookies blockieren.<\/p>\n<p style=\"text-align: justify;\">Bei Chrome: Klicken Sie oben rechts im Browser auf das Men\u00fc-Piktogramm (symbolisiert durch drei horizontale Linien). W\u00e4hlen Sie \u201eEinstellungen\u201c aus. Klicken Sie auf \u201eErweiterte Einstellungen anzeigen\u201c. Klicken Sie im Abschnitt \u201eDatenschutz&#8220; auf \u201eEinstellungen\u201c. Auf der Registerkarte \u201eDatenschutz&#8220; k\u00f6nnen Sie Cookies blockieren.<\/p>\n<h3 style=\"text-align: justify;\">9. <strong>Anwendbares Recht und Gerichtsstand<\/strong><\/h3>\n<p style=\"text-align: justify;\">Alle Streitigkeiten im Zusammenhang mit der Nutzung der Website www.3dnatives.com unterliegen dem franz\u00f6sischen Recht. Die ausschlie\u00dfliche Zust\u00e4ndigkeit liegt bei den zust\u00e4ndigen Gerichten in Paris.<\/p>\n<h3 style=\"text-align: justify;\">10. <strong>Die wichtigsten betroffenen Gesetze<\/strong><\/h3>\n<p style=\"text-align: justify;\">Gesetz Nr. 78-17 vom 6. Januar 1978, insbesondere ge\u00e4ndert durch das Gesetz Nr. 2004-801 vom 6. August 2004 \u00fcber Informatik, Dateien und Freiheitsrechte.<\/p>\n<p style=\"text-align: justify;\">Gesetz Nr. 2004-575 vom 21. Juni 2004 f\u00fcr das Vertrauen in die digitale Wirtschaft.<\/p>\n<h3 style=\"text-align: justify;\">11. <strong>Lexikon<\/strong><\/h3>\n<p style=\"text-align: justify;\">Nutzer: Internetnutzer, der sich einloggt und die oben genannte Website nutzt.<\/p>\n<p style=\"text-align: justify;\">Pers\u00f6nliche Informationen: \u201eInformationen, die in jeglicher Form, direkt oder nicht, die Identifizierung der nat\u00fcrlichen Personen erm\u00f6glichen, auf die sie sich beziehen&#8220; (Artikel 4 des Gesetzes Nr. 78-17 vom 6. Januar 1978).<\/p>\n","protected":false},"excerpt":{"rendered":"<p>1. Vorstellung der Website Gem\u00e4\u00df Artikel 6 des Gesetzes Nr. 2004-575 vom 21. Juni 2004 \u00fcber das Vertrauen in die digitale Wirtschaft wird den Nutzern der Website 3dnatives.com die Identit\u00e4t der verschiedenen Akteure im Rahmen der Erstellung und Betreuung der&hellip;<\/p>\n","protected":false},"author":6096,"featured_media":0,"parent":0,"menu_order":0,"comment_status":"closed","ping_status":"closed","template":"","meta":{"_acf_changed":false,"content-type":"","footnotes":""},"class_list":["post-52855","page","type-page","status-publish","hentry"],"acf":[],"_links":{"self":[{"href":"https:\/\/www.3dnatives.com\/de\/wp-json\/wp\/v2\/pages\/52855","targetHints":{"allow":["GET"]}}],"collection":[{"href":"https:\/\/www.3dnatives.com\/de\/wp-json\/wp\/v2\/pages"}],"about":[{"href":"https:\/\/www.3dnatives.com\/de\/wp-json\/wp\/v2\/types\/page"}],"author":[{"embeddable":true,"href":"https:\/\/www.3dnatives.com\/de\/wp-json\/wp\/v2\/users\/6096"}],"replies":[{"embeddable":true,"href":"https:\/\/www.3dnatives.com\/de\/wp-json\/wp\/v2\/comments?post=52855"}],"version-history":[{"count":3,"href":"https:\/\/www.3dnatives.com\/de\/wp-json\/wp\/v2\/pages\/52855\/revisions"}],"predecessor-version":[{"id":61811,"href":"https:\/\/www.3dnatives.com\/de\/wp-json\/wp\/v2\/pages\/52855\/revisions\/61811"}],"wp:attachment":[{"href":"https:\/\/www.3dnatives.com\/de\/wp-json\/wp\/v2\/media?parent=52855"}],"curies":[{"name":"wp","href":"https:\/\/api.w.org\/{rel}","templated":true}]}}