{"id":50,"date":"2015-04-16T13:43:53","date_gmt":"2015-04-16T13:43:53","guid":{"rendered":"https:\/\/www.3dnatives.com\/de\/?page_id=50"},"modified":"2020-06-17T19:13:09","modified_gmt":"2020-06-17T17:13:09","slug":"kontakt","status":"publish","type":"page","link":"https:\/\/www.3dnatives.com\/de\/kontakt\/","title":{"rendered":"Kontakt"},"content":{"rendered":"\n<h3 class=\"wp-block-heading\"><strong>Bei Fragen, Anregungen oder Vorschl\u00e4gen k\u00f6nnen Sie uns gerne kontaktieren<\/strong><\/h3>\n\n\n\n<p>Sie m\u00f6chten auf 3Dnatives werben und unsere Leser auf Ihr Produkt aufmerksam machen? Sie leiten ein Projekt rund um den 3D-Druck? Sie m\u00f6chten beraten werden? Sie m\u00f6chten <a href=\"\/de\/3d-technologies\/\" target=\"_blank\" rel=\"noopener noreferrer\">Informationen<\/a> \u00fcber die <a href=\"\/de\/\" target=\"_blank\" rel=\"noopener noreferrer\">Neuigkeiten<\/a> zum 3D-Druck erhalten? Sie sind begeistert vom 3D-Druck und m\u00f6chten unserem <a href=\"\/de\/ueber-uns\/\" target=\"_blank\" rel=\"noopener noreferrer\">Redaktionsteam<\/a> beitreten? F\u00fcllen Sie hierzu bitte untenstehendes Formular aus. Wir antworten Ihnen sehr zeitnah auf Ihr Anliegen.<\/p>\n\n\n\t<form method=\"post\" action=\"\" id=\"contact-form\">\n\t\t<input type=\"hidden\" name=\"contact_key\" id=\"contact_key\" value=\"91fa8fa6a3\" \/>\n\t\t\n\t\t<div class=\"row\">\n\t\t\t<div class=\"input-field col s12 m6\">\n\t\t\t\t<input id=\"first_name\" name=\"first_name\" type=\"text\" required=\"required\">\n\t\t\t\t<label for=\"first_name\">Vorname <span class=\"required\">*<\/span><\/label>\n\t\t\t<\/div>\n\t\t\t<div class=\"input-field col s12 m6\">\n\t\t\t\t<input id=\"last_name\" name=\"last_name\" type=\"text\" required=\"required\">\n\t\t\t\t<label for=\"last_name\">Nachname <span class=\"required\">*<\/span><\/label>\n\t\t\t<\/div>\n\t\t<\/div>\n\t\t\n\t\t<div class=\"row\">\n\t\t\t<div class=\"input-field col s12 m8\">\n\t\t\t\t<input id=\"email\" name=\"email\" type=\"email\" required=\"required\">\n\t\t\t\t<label for=\"email\">E-Mail-Adresse <span class=\"required\">*<\/span><\/label>\n\t\t\t<\/div>\n\t\t\t<div class=\"input-field col s12 m4\">\n\t\t\t\t<input id=\"phone\" name=\"phone\" type=\"tel\">\n\t\t\t\t<label for=\"phone\">Telefonnummer<\/label>\n\t\t\t<\/div>\n\t\t<\/div>\t\t\n\t\t\n\t\t<div class=\"row\">\n\t\t\t<div class=\"input-field col s12\">\n\t\t\t\t<textarea id=\"request\" name=\"request\" class=\"materialize-textarea\" required=\"required\"><\/textarea>\n\t\t\t\t<label for=\"request\">Ihre Nachricht <span class=\"required\">*<\/span><\/label>\n\t\t\t<\/div>\n\t\t<\/div>\n\t\t\n\t\t<div class=\"row\">\n\t\t\t<div class=\"col s12\">\n\t\t\t\t<p class=\"rgpd-info\">\n\t\t\t\t\t<label>\n\t\t\t\t\t\t<input type=\"checkbox\" name=\"rgpd_acceptance\" id=\"rgpd_acceptance\" \/>\n\t\t\t\t\t\t<span>Durch die Nutzung dieses Forums erlauben Sie uns die von Ihnen bereitgestellten Informationen zu verwenden, um Ihnen auf Ihre Frage antworten zu k\u00f6nnen. Die Informationen werden nicht an Dritte weitergegeben. Erfahren Sie mehr \u00fcber unsere <a href=\u201ehttps:\/\/www.3dnatives.com\/de\/datenschutzerklarung\/\u201c>Datenschutzerkl\u00e4rung<\/a>.<\/span>\n\t\t\t\t\t<\/label>\n\t\t\t\t<\/p>\n\t\t\t<\/div>\n\t\t<\/div>\n\t\t\n\t\t<div class=\"row\">\n\t\t\t<div class=\"col s12\">\n\t\t\t\t<button type=\"submit\" class=\"btn submit\">Absenden<\/button>\n\t\t\t<\/div>\n\t\t\t<div class=\"col s12 response center-align\"><\/div>\n\t\t<\/div>\n\t\t\t\t\n\t<\/form>\n\t\n\n\n\n<p><\/p>\n","protected":false},"excerpt":{"rendered":"<p>Bei Fragen, Anregungen oder Vorschl\u00e4gen k\u00f6nnen Sie uns gerne kontaktieren Sie m\u00f6chten auf 3Dnatives werben und unsere Leser auf Ihr Produkt aufmerksam machen? Sie leiten ein Projekt rund um den 3D-Druck? Sie m\u00f6chten beraten werden? Sie m\u00f6chten Informationen \u00fcber die&hellip;<\/p>\n","protected":false},"author":5,"featured_media":0,"parent":0,"menu_order":0,"comment_status":"closed","ping_status":"open","template":"","meta":{"_acf_changed":false,"content-type":"","footnotes":""},"class_list":["post-50","page","type-page","status-publish","hentry"],"acf":[],"_links":{"self":[{"href":"https:\/\/www.3dnatives.com\/de\/wp-json\/wp\/v2\/pages\/50","targetHints":{"allow":["GET"]}}],"collection":[{"href":"https:\/\/www.3dnatives.com\/de\/wp-json\/wp\/v2\/pages"}],"about":[{"href":"https:\/\/www.3dnatives.com\/de\/wp-json\/wp\/v2\/types\/page"}],"author":[{"embeddable":true,"href":"https:\/\/www.3dnatives.com\/de\/wp-json\/wp\/v2\/users\/5"}],"replies":[{"embeddable":true,"href":"https:\/\/www.3dnatives.com\/de\/wp-json\/wp\/v2\/comments?post=50"}],"version-history":[{"count":4,"href":"https:\/\/www.3dnatives.com\/de\/wp-json\/wp\/v2\/pages\/50\/revisions"}],"predecessor-version":[{"id":24213,"href":"https:\/\/www.3dnatives.com\/de\/wp-json\/wp\/v2\/pages\/50\/revisions\/24213"}],"wp:attachment":[{"href":"https:\/\/www.3dnatives.com\/de\/wp-json\/wp\/v2\/media?parent=50"}],"curies":[{"name":"wp","href":"https:\/\/api.w.org\/{rel}","templated":true}]}}