{"id":4627,"date":"2017-03-10T15:50:18","date_gmt":"2017-03-10T15:50:18","guid":{"rendered":"https:\/\/www.3dnatives.com\/de\/?page_id=4627"},"modified":"2025-04-11T17:17:48","modified_gmt":"2025-04-11T15:17:48","slug":"datenschutzerklarung","status":"publish","type":"page","link":"https:\/\/www.3dnatives.com\/de\/datenschutzerklarung\/","title":{"rendered":"Datenschutzerkl\u00e4rung"},"content":{"rendered":"<h3 style=\"text-align: justify;\">Allgemein<\/h3>\n<p style=\"text-align: justify;\">3Dnatives nimmt\u00a0den Schutz Ihrer pers\u00f6nlichen Daten sehr ernst. Wir behandeln Ihre personenbezogenen Daten vertraulich und entsprechend der gesetzlichen Datenschutzvorschriften sowie dieser Datenschutzerkl\u00e4rung.<\/p>\n<p style=\"text-align: justify;\">Die Nutzung unserer Webseite ist in der Regel ohne Angabe personenbezogener Daten m\u00f6glich. Soweit auf unseren Seiten personenbezogene Daten (beispielsweise Name, Anschrift oder E-Mail-Adressen) erhoben werden, erfolgt dies, soweit m\u00f6glich, stets auf freiwilliger Basis. Diese Daten werden ohne Ihre ausdr\u00fcckliche Zustimmung nicht an Dritte weitergegeben.<\/p>\n<p style=\"text-align: justify;\">Wir weisen darauf hin, dass die Daten\u00fcbertragung im Internet (z.B. bei der Kommunikation per E-Mail) Sicherheitsl\u00fccken aufweisen kann. Ein l\u00fcckenloser Schutz der Daten vor dem Zugriff durch Dritte ist nicht m\u00f6glich.<\/p>\n<p style=\"text-align: justify;\">3Dnatives ist in der franz\u00f6sischen Datenschutzbeh\u00f6rde CNIL unter der Referenznummer\u00a02042595 registriert.<\/p>\n<h3 style=\"text-align: justify;\">Kontaktformular<\/h3>\n<p style=\"text-align: justify;\">Wenn Sie uns per Kontaktformular Anfragen zukommen lassen, werden Ihre Angaben aus dem Anfrageformular inklusive der von Ihnen dort angegebenen Kontaktdaten zwecks Bearbeitung der Anfrage und f\u00fcr den Fall von Anschlussfragen bei uns gespeichert. Diese Daten geben wir nicht ohne Ihre Einwilligung weiter.<\/p>\n<h3 style=\"text-align: justify;\">Newsletterdaten<\/h3>\n<p style=\"text-align: justify;\">Wenn Sie den auf der Webseite angebotenen <a href=\"https:\/\/www.3dnatives.com\/de\/3d-druck-newsletter\/\">Newsletter<\/a> beziehen m\u00f6chten, ben\u00f6tigen wir von Ihnen eine E-Mail-Adresse sowie Informationen, welche uns die \u00dcberpr\u00fcfung gestatten, dass Sie der Inhaber der angegebenen E-Mail-Adresse sind und mit dem Empfang des Newsletters einverstanden sind. Weitere Daten werden nicht erhoben. Diese Daten verwenden wir ausschlie\u00dflich f\u00fcr den Versand der angeforderten Informationen und geben sie nicht an Dritte weiter.<\/p>\n<p style=\"text-align: justify;\">Die erteilte Einwilligung zur Speicherung der Daten, der E-Mail-Adresse sowie deren Nutzung zum Versand des Newsletters k\u00f6nnen Sie jederzeit widerrufen, etwa \u00fcber den &#8222;Austragen&#8220;-Link im Newsletter.<\/p>\n<h3 style=\"text-align: justify;\">Datenschutzerkl\u00e4rung f\u00fcr die Plugins der sozialen Netzwerke<\/h3>\n<p style=\"text-align: justify;\">Auf unseren Seiten sind Plugins von sozialen Netzwerken integriert. Wenn Sie unsere Seiten besuchen, werden \u00fcber die Plugins eine direkte Verbindung zwischen Ihrem Browser und dem Server der Anbieter hergestellt. Diese\u00a0erhalten dadurch die Information, dass Sie mit Ihrer IP-Adresse unsere Seite besucht haben. Wir weisen darauf hin, dass wir keine Kenntnis vom Inhalt der \u00fcbermittelten Daten sowie deren Nutzung erhalten. Weitere Informationen hierzu finden Sie in der Datenschutzerkl\u00e4rung\u00a0der jeweiligen sozialen Netze.<\/p>\n<p style=\"text-align: justify;\"><a><br \/>\nKlicken Sie hier, um Ihre Cookie-Einstellungen zu \u00e4ndern<br \/>\n<\/a><\/p>\n","protected":false},"excerpt":{"rendered":"<p>Allgemein 3Dnatives nimmt\u00a0den Schutz Ihrer pers\u00f6nlichen Daten sehr ernst. Wir behandeln Ihre personenbezogenen Daten vertraulich und entsprechend der gesetzlichen Datenschutzvorschriften sowie dieser Datenschutzerkl\u00e4rung. Die Nutzung unserer Webseite ist in der Regel ohne Angabe personenbezogener Daten m\u00f6glich. Soweit auf unseren Seiten&hellip;<\/p>\n","protected":false},"author":6049,"featured_media":0,"parent":0,"menu_order":0,"comment_status":"closed","ping_status":"closed","template":"","meta":{"_acf_changed":false,"content-type":"","footnotes":""},"class_list":["post-4627","page","type-page","status-publish","hentry"],"acf":[],"_links":{"self":[{"href":"https:\/\/www.3dnatives.com\/de\/wp-json\/wp\/v2\/pages\/4627","targetHints":{"allow":["GET"]}}],"collection":[{"href":"https:\/\/www.3dnatives.com\/de\/wp-json\/wp\/v2\/pages"}],"about":[{"href":"https:\/\/www.3dnatives.com\/de\/wp-json\/wp\/v2\/types\/page"}],"author":[{"embeddable":true,"href":"https:\/\/www.3dnatives.com\/de\/wp-json\/wp\/v2\/users\/6049"}],"replies":[{"embeddable":true,"href":"https:\/\/www.3dnatives.com\/de\/wp-json\/wp\/v2\/comments?post=4627"}],"version-history":[{"count":3,"href":"https:\/\/www.3dnatives.com\/de\/wp-json\/wp\/v2\/pages\/4627\/revisions"}],"predecessor-version":[{"id":62665,"href":"https:\/\/www.3dnatives.com\/de\/wp-json\/wp\/v2\/pages\/4627\/revisions\/62665"}],"wp:attachment":[{"href":"https:\/\/www.3dnatives.com\/de\/wp-json\/wp\/v2\/media?parent=4627"}],"curies":[{"name":"wp","href":"https:\/\/api.w.org\/{rel}","templated":true}]}}