{"id":4535,"date":"2017-03-06T13:54:46","date_gmt":"2017-03-06T13:54:46","guid":{"rendered":"https:\/\/www.3dnatives.com\/de\/?page_id=4535"},"modified":"2025-04-11T17:14:24","modified_gmt":"2025-04-11T15:14:24","slug":"cookies","status":"publish","type":"page","link":"https:\/\/www.3dnatives.com\/de\/cookies\/","title":{"rendered":"Cookies"},"content":{"rendered":"<p style=\"text-align: justify;\">Internetseiten verwenden teilweise so genannte Cookies. Cookies richten auf Ihrem Rechner keinen Schaden an und enthalten keine Viren. Cookies dienen dazu, unser Angebot nutzerfreundlicher, effektiver und sicherer zu machen. Cookies sind kleine Textdateien, die auf Ihrem Rechner abgelegt werden und die Ihr Browser speichert.<\/p>\n<p style=\"text-align: justify;\">Die meisten der von uns verwendeten Cookies sind so genannte \u201eSession-Cookies\u201c. Sie werden nach Ende Ihres Besuchs automatisch gel\u00f6scht. Andere Cookies bleiben auf Ihrem Endger\u00e4t gespeichert, bis Sie diese l\u00f6schen. Diese Cookies erm\u00f6glichen es uns, Ihren Browser beim n\u00e4chsten Besuch wiederzuerkennen.<\/p>\n<p style=\"text-align: justify;\">Sie k\u00f6nnen Ihren Browser so einstellen, dass Sie \u00fcber das Setzen von Cookies informiert werden und Cookies nur im Einzelfall erlauben, die Annahme von Cookies f\u00fcr bestimmte F\u00e4lle oder generell ausschlie\u00dfen sowie das automatische L\u00f6schen der Cookies beim Schlie\u00dfen des Browser aktivieren. Bei der Deaktivierung von Cookies kann die Funktionalit\u00e4t dieser Website eingeschr\u00e4nkt sein. Wenn Sie also alles \u00fcber den <a href=\"https:\/\/www.3dnatives.com\/de\/additive-fertigung\/\">3D-Druck<\/a> ohne Einschr\u00e4nkung lesen m\u00f6chten, bitten wir Sie, Ihre Einstellungen entsprechend anzupassen.<\/p><div class=\"dnati-inside-article\" id=\"dnati-1177164408\"><a data-no-instant=\"1\" href=\"https:\/\/us06web.zoom.us\/webinar\/register\/3017742609846\/WN_qTQJLgBdT7qM81bWlSiRdQ\" rel=\"noopener\" class=\"a2t-link\" target=\"_blank\" aria-label=\"LB (2)\"><img loading=\"lazy\" decoding=\"async\" src=\"https:\/\/www.3dnatives.com\/de\/wp-content\/uploads\/sites\/3\/2026\/03\/LB-2.gif\" alt=\"\"  width=\"850\" height=\"150\"   \/><\/a><\/div>\n","protected":false},"excerpt":{"rendered":"<p>Internetseiten verwenden teilweise so genannte Cookies. Cookies richten auf Ihrem Rechner keinen Schaden an und enthalten keine Viren. Cookies dienen dazu, unser Angebot nutzerfreundlicher, effektiver und sicherer zu machen. Cookies sind kleine Textdateien, die auf Ihrem Rechner abgelegt werden und&hellip;<\/p>\n","protected":false},"author":5,"featured_media":0,"parent":0,"menu_order":0,"comment_status":"closed","ping_status":"closed","template":"","meta":{"_acf_changed":false,"content-type":"","footnotes":""},"class_list":["post-4535","page","type-page","status-publish","hentry"],"acf":[],"_links":{"self":[{"href":"https:\/\/www.3dnatives.com\/de\/wp-json\/wp\/v2\/pages\/4535","targetHints":{"allow":["GET"]}}],"collection":[{"href":"https:\/\/www.3dnatives.com\/de\/wp-json\/wp\/v2\/pages"}],"about":[{"href":"https:\/\/www.3dnatives.com\/de\/wp-json\/wp\/v2\/types\/page"}],"author":[{"embeddable":true,"href":"https:\/\/www.3dnatives.com\/de\/wp-json\/wp\/v2\/users\/5"}],"replies":[{"embeddable":true,"href":"https:\/\/www.3dnatives.com\/de\/wp-json\/wp\/v2\/comments?post=4535"}],"version-history":[{"count":3,"href":"https:\/\/www.3dnatives.com\/de\/wp-json\/wp\/v2\/pages\/4535\/revisions"}],"predecessor-version":[{"id":62663,"href":"https:\/\/www.3dnatives.com\/de\/wp-json\/wp\/v2\/pages\/4535\/revisions\/62663"}],"wp:attachment":[{"href":"https:\/\/www.3dnatives.com\/de\/wp-json\/wp\/v2\/media?parent=4535"}],"curies":[{"name":"wp","href":"https:\/\/api.w.org\/{rel}","templated":true}]}}