{"id":41862,"date":"2022-11-21T11:20:52","date_gmt":"2022-11-21T10:20:52","guid":{"rendered":"https:\/\/www.3dnatives.com\/de\/?page_id=41862"},"modified":"2022-11-21T17:41:17","modified_gmt":"2022-11-21T16:41:17","slug":"moeglichkeiten-anwendungsfelder-3d-scannern","status":"publish","type":"page","link":"https:\/\/www.3dnatives.com\/de\/moeglichkeiten-anwendungsfelder-3d-scannern\/","title":{"rendered":"Welche M\u00f6glichkeiten und Anwendungsfelder er\u00f6ffnet der Einsatz von 3D-Scannern?"},"content":{"rendered":"<p><img loading=\"lazy\" decoding=\"async\" class=\"aligncenter size-full wp-image-42095\" src=\"https:\/\/www.3dnatives.com\/de\/wp-content\/uploads\/sites\/3\/2022\/11\/ZOOM-1-1.png\" alt=\"\" width=\"850\" height=\"280\" srcset=\"https:\/\/www.3dnatives.com\/de\/wp-content\/uploads\/sites\/3\/2022\/11\/ZOOM-1-1.png 850w, https:\/\/www.3dnatives.com\/de\/wp-content\/uploads\/sites\/3\/2022\/11\/ZOOM-1-1-600x198.png 600w, https:\/\/www.3dnatives.com\/de\/wp-content\/uploads\/sites\/3\/2022\/11\/ZOOM-1-1-768x253.png 768w, https:\/\/www.3dnatives.com\/de\/wp-content\/uploads\/sites\/3\/2022\/11\/ZOOM-1-1-160x53.png 160w\" sizes=\"auto, (max-width: 850px) 100vw, 850px\" \/><br \/>\n&nbsp;<\/p>\n<p class=\"normal\" style=\"text-align: justify;\"><span lang=\"de\">Durch das alleinige Erfassen der Daten, die anschlie\u00dfend in ein 3D-Modell umgewandelt werden und in 3D-gedruckt werden, l\u00e4sst sich das 3D-Scanning als eine Schl\u00fcsseltechnologie der heutigen Zeit ansehen. F\u00fcr eine ganze Palette unterschiedlicher Anwendungen &#8211; unabh\u00e4ngig von Form, Aussehen oder auch Textur &#8211; l\u00e4sst sich der 3D-Scan somit unter anderem f\u00fcr das Reverse Engineering verwenden, aber auch f\u00fcr Kleinteile, Schmuck und Design. Besonders auf Grund der hohen Genauigkeit, Pr\u00e4zision, Geschwindigkeit und der enormen Qualit\u00e4t k\u00f6nnen die Anwender von einer verbesserten Prozesskette profitieren. <\/span><\/p>\n<p class=\"normal\" style=\"text-align: justify;\"><span lang=\"de\">Im folgenden Webinar werden wir uns nun mit einem konkreten Thema befassen: Welche M\u00f6glichkeiten und Vorteile lassen sich mit der Implementierung und Nutzung eines 3D-Scanners generieren? Auch die Frage nach dem passenden 3D-Scanmodell, dessen einzelnen Kriterien und der Software f\u00fcr die jeweilige Anwendung werden durch das Team von myprintoo und Shining3D in diesem Webinar erl\u00e4utert. Au\u00dferdem werden sie Ihnen eine Live-Demonstration eines 3D-Scans geben, um zu beweisen, dass sich s\u00e4mtliche Faktoren wie beispielsweise die Qualit\u00e4tskontrolle im Unternehmen mithilfe des 3D-Scans vereinfachen lassen.<\/span><\/p>\n<p>&nbsp;<\/p>\n<div class=\"row\">\n<div class=\"col s12 m10 push-m1\">\n<div id=\"mc_embed_signup\">\n<form action=\"https:\/\/3dnatives.us7.list-manage.com\/subscribe\/post?u=f896efe33ebcc4bc1d9b19477&amp;id=cc511ff858&amp;f_id=00b7c2e1f0\" method=\"post\" id=\"mc-embedded-subscribe-form\" name=\"mc-embedded-subscribe-form\" class=\"validate\" target=\"_blank\" novalidate>\n<div class=\"row\">\n<div class=\"col s12\">\n<h2> Kostenlos zum On-Demand-Webinar anmelden<\/h2>\n<div class=\"indicates-required\"><span class=\"asterisk\">*<\/span> Pflichtfelder<\/div>\n<\/p><\/div>\n<div class=\"col s12 m6 input-field\"><input type=\"email\" value=\"\" name=\"EMAIL\" class=\"required email\" id=\"mce-EMAIL\" required><br \/>\n\t<label for=\"mce-EMAIL\">Email  <span class=\"asterisk\">*<\/span><\/label><\/div>\n<div class=\"col s12 m6 input-field\"><input type=\"text\" value=\"\" name=\"FNAME\" class=\"required\" id=\"mce-FNAME\" required><br \/>\n\t<label for=\"mce-FNAME\">Vorname  <span class=\"asterisk\">*<\/span><\/label><\/div>\n<div class=\"col s12 m6 input-field\"><input type=\"text\" value=\"\" name=\"LNAME\" class=\"required\" id=\"mce-LNAME\" required><br \/>\n\t<label for=\"mce-LNAME\">Nachname  <span class=\"asterisk\">*<\/span><\/label><\/div>\n<div class=\"col s12 m6 input-field\"><input type=\"text\" value=\"\" name=\"UNTERNEHME\" class=\"required\" id=\"mce-UNTERNEHME\" required><br \/>\n\t<label for=\"mce-UNTERNEHME\">Unternehmen  <span class=\"asterisk\">*<\/span><\/label><\/div>\n<div class=\"col s12 m6 input-field\"><input type=\"text\" value=\"\" name=\"LAND\" class=\"required\" id=\"mce-LAND\" required><br \/>\n\t<label for=\"mce-LAND\">Land  <span class=\"asterisk\">*<\/span><\/label><\/div>\n<div class=\"col s12 m6 input-field\"><select name=\"BRANCHE\" class=\"required\" id=\"mce-BRANCHE\" required><option disabled=\"disabled\" selected=\"selected\" value=\"\"><\/option><option value=\"3D-Druck \/ Additive Fertigung\">3D-Druck \/ Additive Fertigung<\/option><option value=\"Luft- und Raumfahrt\">Luft- und Raumfahrt<\/option><option value=\"Automobilindustrie und Transport\">Automobilindustrie und Transport<\/option><option value=\"Architektur \/ Bauwesen\">Architektur \/ Bauwesen<\/option><option value=\"Konsumg\u00fcter\">Konsumg\u00fcter<\/option><option value=\"Design\">Design<\/option><option value=\"Bildung \/ Bildungswesen\">Bildung \/ Bildungswesen<\/option><option value=\"Elektronik\">Elektronik<\/option><option value=\"Fertigungsindustrie\">Fertigungsindustrie<\/option><option value=\"Makers \/ FabLab\">Makers \/ FabLab<\/option><option value=\"Medizin\">Medizin<\/option><option value=\"\u00d6l &amp; Gas\">\u00d6l &amp; Gas<\/option><option value=\"Andere\">Andere<\/option><\/select><br \/>\n<label for=\"mce-BRANCHE\">Branche  <span class=\"asterisk\">*<\/span><\/label><\/div>\n<\/div>\n<p><input name=\"SOURCE\" type=\"hidden\" value=\"\" \/><\/p>\n<div class=\"row\">\n<div class=\"col s12\">\n<em><label><span class=\"3d-label\">Mit der Registrierung erkl\u00e4re ich mich damit einverstanden, dass meine Daten f\u00fcr die Kommunikation im Zusammenhang mit 3D-Druck Kursen verwendet werden. Mir ist bekannt, dass ich diese Einwilligung jederzeit durch die Abbestellung widerrufen kann.<\/span><\/label><\/em>\n<\/div>\n<div class=\"col s12\">\n<div id=\"mce-error-response\" class=\"response\" style=\"display: none;\"><\/div>\n<div id=\"mce-success-response\" class=\"response\" style=\"display: none;\"><\/div>\n<p><!-- real people should not fill this in and expect good things - do not remove this or risk form bot signups--><\/p>\n<div style=\"position: absolute; left: -5000px;\" aria-hidden=\"true\"><input tabindex=\"-1\" name=\"b_f896efe33ebcc4bc1d9b19477_cc511ff858\" type=\"text\" value=\"\" \/><\/div>\n<\/div>\n<div class=\"col s12\">\n<p style=\"text-align: center; font-weight: bold;\"><input class=\"btn\" type=\"submit\" value=\"JETZT REGISTRIEREN\" \/><\/p>\n<\/div>\n<\/div>\n<\/form>\n<\/div>\n<\/div>\n<\/div>\n<p><script type='text\/javascript' src='\/\/s3.amazonaws.com\/downloads.mailchimp.com\/js\/mc-validate.js'><\/script><script type='text\/javascript'>(function($) {window.fnames = new Array(); window.ftypes = new Array();fnames[0]='EMAIL';ftypes[0]='email';fnames[1]='FNAME';ftypes[1]='text';fnames[2]='LNAME';ftypes[2]='text';fnames[3]='UNTERNEHME';ftypes[3]='text';fnames[4]='LAND';ftypes[4]='text';fnames[5]='BRANCHE';ftypes[5]='dropdown';fnames[6]='SOURCE';ftypes[6]='text'; \/*\n * Translated default messages for the $ validation plugin.\n * Locale: DE\n *\/\n$.extend($.validator.messages, {\n\trequired: \"Dieses Feld ist ein Pflichtfeld.\",\n\tmaxlength: $.validator.format(\"Geben Sie bitte maximal {0} Zeichen ein.\"),\n\tminlength: $.validator.format(\"Geben Sie bitte mindestens {0} Zeichen ein.\"),\n\trangelength: $.validator.format(\"Geben Sie bitte mindestens {0} und maximal {1} Zeichen ein.\"),\n\temail: \"Geben Sie bitte eine g\u00fcltige E-Mail Adresse ein.\",\n\turl: \"Geben Sie bitte eine g\u00fcltige URL ein.\",\n\tdate: \"Bitte geben Sie ein g\u00fcltiges Datum ein.\",\n\tnumber: \"Geben Sie bitte eine Nummer ein.\",\n\tdigits: \"Geben Sie bitte nur Ziffern ein.\",\n\tequalTo: \"Bitte denselben Wert wiederholen.\",\n\trange: $.validator.format(\"Geben Sie bitten einen Wert zwischen {0} und {1}.\"),\n\tmax: $.validator.format(\"Geben Sie bitte einen Wert kleiner oder gleich {0} ein.\"),\n\tmin: $.validator.format(\"Geben Sie bitte einen Wert gr\u00f6\u00dfer oder gleich {0} ein.\"),\n\tcreditcard: \"Geben Sie bitte ein g\u00fcltige Kreditkarten-Nummer ein.\"\n});}(jQuery));var $mcj = jQuery.noConflict(true);<\/script><br \/>\n<\/p>\n","protected":false},"excerpt":{"rendered":"<p>&nbsp; Durch das alleinige Erfassen der Daten, die anschlie\u00dfend in ein 3D-Modell umgewandelt werden und in 3D-gedruckt werden, l\u00e4sst sich das 3D-Scanning als eine Schl\u00fcsseltechnologie der heutigen Zeit ansehen. F\u00fcr eine ganze Palette unterschiedlicher Anwendungen &#8211; unabh\u00e4ngig von Form, Aussehen&hellip;<\/p>\n","protected":false},"author":6048,"featured_media":0,"parent":0,"menu_order":0,"comment_status":"closed","ping_status":"closed","template":"","meta":{"_acf_changed":false,"content-type":"","footnotes":""},"class_list":["post-41862","page","type-page","status-publish","hentry"],"acf":[],"_links":{"self":[{"href":"https:\/\/www.3dnatives.com\/de\/wp-json\/wp\/v2\/pages\/41862","targetHints":{"allow":["GET"]}}],"collection":[{"href":"https:\/\/www.3dnatives.com\/de\/wp-json\/wp\/v2\/pages"}],"about":[{"href":"https:\/\/www.3dnatives.com\/de\/wp-json\/wp\/v2\/types\/page"}],"author":[{"embeddable":true,"href":"https:\/\/www.3dnatives.com\/de\/wp-json\/wp\/v2\/users\/6048"}],"replies":[{"embeddable":true,"href":"https:\/\/www.3dnatives.com\/de\/wp-json\/wp\/v2\/comments?post=41862"}],"version-history":[{"count":3,"href":"https:\/\/www.3dnatives.com\/de\/wp-json\/wp\/v2\/pages\/41862\/revisions"}],"predecessor-version":[{"id":42466,"href":"https:\/\/www.3dnatives.com\/de\/wp-json\/wp\/v2\/pages\/41862\/revisions\/42466"}],"wp:attachment":[{"href":"https:\/\/www.3dnatives.com\/de\/wp-json\/wp\/v2\/media?parent=41862"}],"curies":[{"name":"wp","href":"https:\/\/api.w.org\/{rel}","templated":true}]}}