{"id":37977,"date":"2022-06-09T16:21:04","date_gmt":"2022-06-09T14:21:04","guid":{"rendered":"https:\/\/www.3dnatives.com\/de\/?page_id=37977"},"modified":"2025-04-11T16:57:06","modified_gmt":"2025-04-11T14:57:06","slug":"3d-druck-in-wien","status":"publish","type":"page","link":"https:\/\/www.3dnatives.com\/de\/3d-druck-in-wien\/","title":{"rendered":"3D-Druck in Wien"},"content":{"rendered":"<p style=\"text-align: justify;\"><span style=\"font-weight: 400;\">Der 3D-Druck w\u00e4chst mit vielen Markteinsteigern und Netzwerken immer weiter. Der \u00f6sterreichischen Traditionsstadt entgeht diese Innovation nat\u00fcrlich nicht und es gibt verschiedene Hersteller, Druckereien und Fablabs, die Wien neben zahlreichen Start-ups zu einem wichtigen Standort f\u00fcr <a href=\"https:\/\/www.3dnatives.com\/de\/additive-fertigung\/\">3D-Druck<\/a> machen.\u00a0<\/span><\/p>\n<p style=\"text-align: justify;\"><span style=\"font-weight: 400;\">Aus diesem Grund m\u00f6chten wir einige Akteure des 3D-Drucks in Wien zusammenbringen, indem wir eine Liste von Resellern von 3D-Druckern, Dienstleistern f\u00fcr 3D-Druck sowie Formlabs preisgeben. Sie finden die Unternehmen, die in ihrer N\u00e4he ans\u00e4ssig sind, ganz leicht dank unserer Karte am Ende der Seite.<\/span><\/p>\n<h3>3D-Druck in Wien: H\u00e4ndler und Hersteller<\/h3>\n<p style=\"text-align: justify;\"><span style=\"font-weight: 400;\">Sie sind auf der Suche nach einem 3D-Drucker oder Druckzubeh\u00f6r im Zentrum von Wien oder in der Gro\u00dfregion Wien? Hier sind einige H\u00e4ndler und Hersteller von 3D-Desktop-Druckern oder professionellen Maschinen:<\/span><\/p>\n<p>&nbsp;<\/p>\n<p style=\"text-align: justify;\"><span style=\"font-weight: 400;\">Incus ist ein Maschinenbauunternehmen mit Sitz in Wien mit einem neuen Ansatz f\u00fcr die lithografiegest\u00fctzte additive Fertigung von\u00a0<\/span><img loading=\"lazy\" decoding=\"async\" class=\"size-full wp-image-37987 alignleft\" src=\"https:\/\/www.3dnatives.com\/de\/wp-content\/uploads\/sites\/3\/2022\/06\/Design-ohne-Titel-9.jpg\" alt=\"\" width=\"100\" height=\"100\" srcset=\"https:\/\/www.3dnatives.com\/de\/wp-content\/uploads\/sites\/3\/2022\/06\/Design-ohne-Titel-9.jpg 400w, https:\/\/www.3dnatives.com\/de\/wp-content\/uploads\/sites\/3\/2022\/06\/Design-ohne-Titel-9-300x300.jpg 300w, https:\/\/www.3dnatives.com\/de\/wp-content\/uploads\/sites\/3\/2022\/06\/Design-ohne-Titel-9-160x160.jpg 160w\" sizes=\"auto, (max-width: 100px) 100vw, 100px\" \/><span style=\"font-weight: 400;\">Metallen. <\/span><span style=\"font-weight: 400;\">Durch die kontinuierliche Zusammenarbeit von Experten aus den Bereichen Maschinenbau und Industrietechnik, Materialwissenschaft und Chemie ist es Incus gelungen, ein neues additives Fertigungssystem auf Sinterbasis zu entwickeln. Die Anwendungsgebiete sind nahezu grenzenlos und reichen von der <a href=\"https:\/\/www.3dnatives.com\/de\/infografik-3d-druck-automobilbranche-181020221\/\">Automobil-<\/a>, Luft- und Raumfahrt- und Medizintechnik bis hin zur Herstellung von Schmuck.<\/span><\/p>\n<p>&nbsp;<\/p>\n<p style=\"text-align: justify;\"><span style=\"font-weight: 400;\"><img loading=\"lazy\" decoding=\"async\" class=\"size-full wp-image-37989 alignleft\" src=\"https:\/\/www.3dnatives.com\/de\/wp-content\/uploads\/sites\/3\/2022\/06\/Design-ohne-Titel-3.jpg\" alt=\"\" width=\"100\" height=\"100\" srcset=\"https:\/\/www.3dnatives.com\/de\/wp-content\/uploads\/sites\/3\/2022\/06\/Design-ohne-Titel-3.jpg 400w, https:\/\/www.3dnatives.com\/de\/wp-content\/uploads\/sites\/3\/2022\/06\/Design-ohne-Titel-3-300x300.jpg 300w, https:\/\/www.3dnatives.com\/de\/wp-content\/uploads\/sites\/3\/2022\/06\/Design-ohne-Titel-3-160x160.jpg 160w\" sizes=\"auto, (max-width: 100px) 100vw, 100px\" \/><\/span><\/p>\n<p>&nbsp;<\/p>\n<p style=\"text-align: justify;\"><span style=\"font-weight: 400;\">3DEE GMBH &amp; CO KG bietet additive Fertigungs-Services, 3D-Drucker Beratung &amp; Vertrieb, Wartung,\u00a0 Konstruktion und 3D-Scanservice, Vertrieb von 3D-Scannern. Das Unternehmens will die 3D-Drucktechnologie zug\u00e4nglich machen und n\u00fctzliches Knowhow anbieten. Sie m\u00f6chten ihren Partnern dabei helfen, die Technologie <\/span><span style=\"font-weight: 400;\">in ihre Prozesse zu integrieren und bieten Herstellern, unabh\u00e4ngig von deren Gr\u00f6\u00dfe, Zugang zu neuen, innovativen Technologien der additiven Fertigung.<\/span><\/p>\n<p style=\"text-align: justify;\"><img loading=\"lazy\" decoding=\"async\" class=\"size-full wp-image-37988 alignleft\" src=\"https:\/\/www.3dnatives.com\/de\/wp-content\/uploads\/sites\/3\/2022\/06\/Design-ohne-Titel-7.jpg\" alt=\"\" width=\"100\" height=\"100\" srcset=\"https:\/\/www.3dnatives.com\/de\/wp-content\/uploads\/sites\/3\/2022\/06\/Design-ohne-Titel-7.jpg 400w, https:\/\/www.3dnatives.com\/de\/wp-content\/uploads\/sites\/3\/2022\/06\/Design-ohne-Titel-7-300x300.jpg 300w, https:\/\/www.3dnatives.com\/de\/wp-content\/uploads\/sites\/3\/2022\/06\/Design-ohne-Titel-7-160x160.jpg 160w\" sizes=\"auto, (max-width: 100px) 100vw, 100px\" \/><\/p>\n<p>&nbsp;<\/p>\n<p style=\"text-align: justify;\">Cubicure GmbH bietet richtungsweisende Systeml\u00f6sungen f\u00fcr die additive Fertigung von Kunststoffteilen. <span style=\"font-weight: 400;\">Das Unternehmen entwickelt, produziert und vertreibt innovative Materialien, Anlagen und Prozesse f\u00fcr den industriellen 3D-Druck und f\u00fchrt Machbarkeitsstudien durch. Das eigene Hot Lithography Verfahren erm\u00f6glicht die noch nie dagewesene generative Produktion von widerstandsf\u00e4higen Hochpr\u00e4zisionsbauteilen.<\/span><\/p>\n<p><img loading=\"lazy\" decoding=\"async\" class=\"wp-image-45673 alignleft\" src=\"https:\/\/www.3dnatives.com\/de\/wp-content\/uploads\/sites\/3\/2023\/03\/Lithoz.jpg\" alt=\"\" width=\"100\" height=\"100\" srcset=\"https:\/\/www.3dnatives.com\/de\/wp-content\/uploads\/sites\/3\/2023\/03\/Lithoz.jpg 200w, https:\/\/www.3dnatives.com\/de\/wp-content\/uploads\/sites\/3\/2023\/03\/Lithoz-160x160.jpg 160w\" sizes=\"auto, (max-width: 100px) 100vw, 100px\" \/><\/p>\n<p>&nbsp;<\/p>\n<p style=\"text-align: justify;\">Lithoz wurde 2011 in Wien gegr\u00fcndet und bietet seither L\u00f6sungsanwendungen f\u00fcr den industriellen Keramikdruck an. Neben einer Vielzahl an 3D-Druckern bietet das Unternehmen ebenfalls dazugeh\u00f6rige Materialien an. Anwendungsbereiche von Lithoz sind vielf\u00e4ltig, mitunter bedient der Hersteller sowohl die Medizin-, <a href=\"https:\/\/www.3dnatives.com\/de\/infografik-weltraumforschung-190120231\/\">Luft- und Raumfahrtindustrie<\/a> als auch die Forschung.<\/p>\n<h3 style=\"text-align: justify;\">3D-Druck in Wien: Dienstleister und Service<\/h3>\n<p style=\"text-align: justify;\"><span style=\"font-weight: 400;\">Wenn Sie ein Projekt im Hinterkopf haben, aber nicht bereit sind, in einen 3D-Drucker zu investieren, k\u00f6nnen Sie sich an einen<\/span><a href=\"https:\/\/www.3dnatives.com\/de\/3d-druck-branchenbuch\/categories\/3d-dienstleister\"><span style=\"font-weight: 400;\"> 3D-Druck-Service<\/span><\/a><span style=\"font-weight: 400;\"> in Ihrer N\u00e4he wenden. Einige dieser Dienstleistungen zielen auf Fachleute ab, indem sie Technologien zum 3D-Metalldruck anbieten, w\u00e4hrend andere sich mit Technologien wie der Schmelzschichtung oder Stereolithographie an die Bed\u00fcrfnisse von Einzelpersonen anpassen. Wir haben einige von ihnen im Folgenden aufgelistet:<\/span><\/p>\n<p><img loading=\"lazy\" decoding=\"async\" class=\"size-full wp-image-37990 alignleft\" src=\"https:\/\/www.3dnatives.com\/de\/wp-content\/uploads\/sites\/3\/2022\/06\/Design-ohne-Titel-4.jpg\" alt=\"\" width=\"100\" height=\"100\" srcset=\"https:\/\/www.3dnatives.com\/de\/wp-content\/uploads\/sites\/3\/2022\/06\/Design-ohne-Titel-4.jpg 400w, https:\/\/www.3dnatives.com\/de\/wp-content\/uploads\/sites\/3\/2022\/06\/Design-ohne-Titel-4-300x300.jpg 300w, https:\/\/www.3dnatives.com\/de\/wp-content\/uploads\/sites\/3\/2022\/06\/Design-ohne-Titel-4-160x160.jpg 160w\" sizes=\"auto, (max-width: 100px) 100vw, 100px\" \/><\/p>\n<p style=\"text-align: justify;\"><span style=\"font-weight: 400;\">VirtuMake bietet einen umfangreichen Service fu\u0308r die Prototypen-Erstellung an. Sie verf\u00fcgen vor Ort \u00fcber alle Kompetenzen und Herstellungsm\u00f6glichkeiten und garantieren so, dass sensiblen Kundendaten niemals an Dritte weitergegeben werden. <\/span><span style=\"font-weight: 400;\">Einer der Schwerpunkte ist die additive Herstellung von Produktionsteilen mit der Fusion Jet Technologie von HP, welche die Produktion leistungsstarker Kunststoffteile erm\u00f6glicht.\u00a0<\/span><\/p>\n<p>&nbsp;<\/p>\n<p>&nbsp;<\/p>\n<p><img loading=\"lazy\" decoding=\"async\" class=\"size-full wp-image-37991 alignleft\" src=\"https:\/\/www.3dnatives.com\/de\/wp-content\/uploads\/sites\/3\/2022\/06\/Design-ohne-Titel-6.jpg\" alt=\"\" width=\"100\" height=\"100\" srcset=\"https:\/\/www.3dnatives.com\/de\/wp-content\/uploads\/sites\/3\/2022\/06\/Design-ohne-Titel-6.jpg 400w, https:\/\/www.3dnatives.com\/de\/wp-content\/uploads\/sites\/3\/2022\/06\/Design-ohne-Titel-6-300x300.jpg 300w, https:\/\/www.3dnatives.com\/de\/wp-content\/uploads\/sites\/3\/2022\/06\/Design-ohne-Titel-6-160x160.jpg 160w\" sizes=\"auto, (max-width: 100px) 100vw, 100px\" \/><\/p>\n<p style=\"text-align: justify;\"><span style=\"font-weight: 400;\">Alphacam verf\u00fcgt \u00fcber eine langj\u00e4hrige Expertise in der additiven Fertigung. Die Leistungspalette des Unternehmens umfasst den kompletten Prozess von der Erzeugung von 3D-Daten mit Hilfe von CAD-Systemen, \u00fcber Beratung, Vertrieb und Kundendienst f\u00fcr industrielle Kunststoff 3D-Drucker und additive Fertigungssysteme von Stratasys sowie f\u00fcr Metall 3D-Drucksysteme von Tritone und One Click Metal. Der hauseigene 3D-Druckservice erm\u00f6glicht den Kunden die additive Fertigung von 3D-Bauteilen.<\/span><\/p>\n<p>&nbsp;<\/p>\n<p style=\"text-align: justify;\"><span style=\"font-weight: 400;\"><img loading=\"lazy\" decoding=\"async\" class=\"size-full wp-image-37992 alignleft\" src=\"https:\/\/www.3dnatives.com\/de\/wp-content\/uploads\/sites\/3\/2022\/06\/Design-ohne-Titel-8.jpg\" alt=\"\" width=\"100\" height=\"100\" srcset=\"https:\/\/www.3dnatives.com\/de\/wp-content\/uploads\/sites\/3\/2022\/06\/Design-ohne-Titel-8.jpg 400w, https:\/\/www.3dnatives.com\/de\/wp-content\/uploads\/sites\/3\/2022\/06\/Design-ohne-Titel-8-300x300.jpg 300w, https:\/\/www.3dnatives.com\/de\/wp-content\/uploads\/sites\/3\/2022\/06\/Design-ohne-Titel-8-160x160.jpg 160w\" sizes=\"auto, (max-width: 100px) 100vw, 100px\" \/><\/span><\/p>\n<p>&nbsp;<\/p>\n<p style=\"text-align: justify;\"><span style=\"font-weight: 400;\">Der in Wien ans\u00e4ssiger 3D-Druck Dienstleister hat sich auf die additive Fertigung mit technischen Kunststoffen spezialisiert. Icruma bietet professionellen 3D-Druck f\u00fcr anspruchsvolle Anwendungen und unterst\u00fctzt seine Kunden dabei Ihren Visionen eine physische Form zu geben. Basierend auf digitalen Konstruktionsdaten produzieren sie Schicht f\u00fcr Schicht von Prototypen \u00fcber Einzelteile bis zu Kleinserien.<\/span><\/p>\n<h3 style=\"text-align: justify;\">\u00a03D-Druck in Wien: Fablabs und Netzwerke<\/h3>\n<p><img loading=\"lazy\" decoding=\"async\" class=\"size-full wp-image-37993 alignleft\" src=\"https:\/\/www.3dnatives.com\/de\/wp-content\/uploads\/sites\/3\/2022\/06\/Design-ohne-Titel-2.jpg\" alt=\"\" width=\"100\" height=\"100\" srcset=\"https:\/\/www.3dnatives.com\/de\/wp-content\/uploads\/sites\/3\/2022\/06\/Design-ohne-Titel-2.jpg 400w, https:\/\/www.3dnatives.com\/de\/wp-content\/uploads\/sites\/3\/2022\/06\/Design-ohne-Titel-2-300x300.jpg 300w, https:\/\/www.3dnatives.com\/de\/wp-content\/uploads\/sites\/3\/2022\/06\/Design-ohne-Titel-2-160x160.jpg 160w\" sizes=\"auto, (max-width: 100px) 100vw, 100px\" \/><\/p>\n<p style=\"text-align: justify;\"><span style=\"font-weight: 400;\">Das Happylab ist eine offene Werkstatt, in der Menschen 24\/7 mit digitalen Produktionsmaschinen an ihren Projekten arbeiten k\u00f6nnen und bei der Realisierung ihrer Ideen unterst\u00fctzt werden. <\/span><span style=\"font-weight: 400;\">Mit dem neuen Co-Working Space gibt es im Happylab B\u00fcro, Werkstatt und Community an einem Ort. In regelm\u00e4\u00dfigen Workshops wird das Know-How f\u00fcr den Umgang mit den High-Tech-Maschinen vermittelt. <\/span><span style=\"font-weight: 400;\">Jeden Mittwoch gibt es die M\u00f6glichkeit, an einer kostenlosen F\u00fchrung um 19 Uhr teilzunehmen.<\/span><\/p>\n<p>&nbsp;<\/p>\n<p style=\"text-align: justify;\"><span style=\"font-weight: 400;\"><img loading=\"lazy\" decoding=\"async\" class=\"size-full wp-image-37994 alignleft\" src=\"https:\/\/www.3dnatives.com\/de\/wp-content\/uploads\/sites\/3\/2022\/06\/Design-ohne-Titel-5.jpg\" alt=\"\" width=\"100\" height=\"100\" srcset=\"https:\/\/www.3dnatives.com\/de\/wp-content\/uploads\/sites\/3\/2022\/06\/Design-ohne-Titel-5.jpg 400w, https:\/\/www.3dnatives.com\/de\/wp-content\/uploads\/sites\/3\/2022\/06\/Design-ohne-Titel-5-300x300.jpg 300w, https:\/\/www.3dnatives.com\/de\/wp-content\/uploads\/sites\/3\/2022\/06\/Design-ohne-Titel-5-160x160.jpg 160w\" sizes=\"auto, (max-width: 100px) 100vw, 100px\" \/><\/span><\/p>\n<p>&nbsp;<\/p>\n<p style=\"text-align: justify;\"><span style=\"font-weight: 400;\">Das Ziel von AM Austria ist die Vernetzung aller relevanten Stakeholder \u00fcber die gesamte interdisziplin\u00e4re Wertsch\u00f6pfungskette hinweg auf nationaler und internationaler Ebene, damit soll die Bildung und Forschung im Bereich Additive Manufacturing weiter gest\u00e4rkt und die Entwicklung neuer Produkte und Gesch\u00e4ftsmodelle intensiv vorangetrieben werden.\u00a0<\/span><\/p>\n<p style=\"text-align: justify;\">Falls auch Ihr Unternehmen im Bereich 3D-Druck in Wien t\u00e4tig ist und Sie gerne mit aufgenommen werden m\u00f6chten, kontaktieren Sie uns unter: <span \n                data-original-string='6DsstNNaZXr7unNaa+eoUg==58dpQWeOc34G+hEsP2l+yHqeH0voD0lksbyj\/+Bacevpfs='\n                class='apbct-email-encoder'\n                title='Dieser Kontakt wurde von Anti-Spam by CleanTalk verschl\u00fcsselt. Klicken Sie hier, um ihn zu entschl\u00fcsseln. Um die Entschl\u00fcsselung abzuschlie\u00dfen, stellen Sie sicher, dass JavaScript in Ihrem Browser aktiviert ist.'>ko<span class=\"apbct-blur\">*****<\/span>@<span class=\"apbct-blur\">*******<\/span>es.com<\/span><\/p>\n","protected":false},"excerpt":{"rendered":"<p>Der 3D-Druck w\u00e4chst mit vielen Markteinsteigern und Netzwerken immer weiter. Der \u00f6sterreichischen Traditionsstadt entgeht diese Innovation nat\u00fcrlich nicht und es gibt verschiedene Hersteller, Druckereien und Fablabs, die Wien neben zahlreichen Start-ups zu einem wichtigen Standort f\u00fcr 3D-Druck machen.\u00a0 Aus diesem&hellip;<\/p>\n","protected":false},"author":6089,"featured_media":38071,"parent":0,"menu_order":0,"comment_status":"closed","ping_status":"closed","template":"page-hero-header.php","meta":{"_acf_changed":false,"content-type":"","footnotes":""},"class_list":["post-37977","page","type-page","status-publish","has-post-thumbnail","hentry"],"acf":[],"_links":{"self":[{"href":"https:\/\/www.3dnatives.com\/de\/wp-json\/wp\/v2\/pages\/37977","targetHints":{"allow":["GET"]}}],"collection":[{"href":"https:\/\/www.3dnatives.com\/de\/wp-json\/wp\/v2\/pages"}],"about":[{"href":"https:\/\/www.3dnatives.com\/de\/wp-json\/wp\/v2\/types\/page"}],"author":[{"embeddable":true,"href":"https:\/\/www.3dnatives.com\/de\/wp-json\/wp\/v2\/users\/6089"}],"replies":[{"embeddable":true,"href":"https:\/\/www.3dnatives.com\/de\/wp-json\/wp\/v2\/comments?post=37977"}],"version-history":[{"count":5,"href":"https:\/\/www.3dnatives.com\/de\/wp-json\/wp\/v2\/pages\/37977\/revisions"}],"predecessor-version":[{"id":62660,"href":"https:\/\/www.3dnatives.com\/de\/wp-json\/wp\/v2\/pages\/37977\/revisions\/62660"}],"wp:featuredmedia":[{"embeddable":true,"href":"https:\/\/www.3dnatives.com\/de\/wp-json\/wp\/v2\/media\/38071"}],"wp:attachment":[{"href":"https:\/\/www.3dnatives.com\/de\/wp-json\/wp\/v2\/media?parent=37977"}],"curies":[{"name":"wp","href":"https:\/\/api.w.org\/{rel}","templated":true}]}}