{"id":3588,"date":"2016-11-16T15:38:13","date_gmt":"2016-11-16T15:38:13","guid":{"rendered":"https:\/\/www.3dnatives.com\/de\/?page_id=3588"},"modified":"2025-04-11T16:49:22","modified_gmt":"2025-04-11T14:49:22","slug":"3d-druck-newsletter","status":"publish","type":"page","link":"https:\/\/www.3dnatives.com\/de\/3d-druck-newsletter\/","title":{"rendered":"3D Druck Newsletter"},"content":{"rendered":"<p style=\"text-align: justify;\">Sie wollen regelm\u00e4\u00dfig \u00fcber die aktuellsten News aus der 3D-Druckbranche informiert werden? Dann abonnieren Sie den w\u00f6chentlichen 3Dnatives-Newsletter, um jeden Mittwoch eine Zusammenfassung der neuesten Nachrichten aus der Welt des 3D-Drucks zu erhalten! Berichte, Interviews, Tests, Veranstaltungen und weitere News aus dem Sektor &#8211; verpassen Sie nichts mehr, indem Sie das untenstehende Formular ausf\u00fcllen. Abonnieren Sie:<\/p>\n\n","protected":false},"excerpt":{"rendered":"<p>Sie wollen regelm\u00e4\u00dfig \u00fcber die aktuellsten News aus der 3D-Druckbranche informiert werden? Dann abonnieren Sie den w\u00f6chentlichen 3Dnatives-Newsletter, um jeden Mittwoch eine Zusammenfassung der neuesten Nachrichten aus der Welt des 3D-Drucks zu erhalten! Berichte, Interviews, Tests, Veranstaltungen und weitere News&hellip;<\/p>\n","protected":false},"author":6046,"featured_media":0,"parent":0,"menu_order":0,"comment_status":"closed","ping_status":"closed","template":"","meta":{"_acf_changed":false,"content-type":"","footnotes":""},"class_list":["post-3588","page","type-page","status-publish","hentry"],"acf":[],"_links":{"self":[{"href":"https:\/\/www.3dnatives.com\/de\/wp-json\/wp\/v2\/pages\/3588","targetHints":{"allow":["GET"]}}],"collection":[{"href":"https:\/\/www.3dnatives.com\/de\/wp-json\/wp\/v2\/pages"}],"about":[{"href":"https:\/\/www.3dnatives.com\/de\/wp-json\/wp\/v2\/types\/page"}],"author":[{"embeddable":true,"href":"https:\/\/www.3dnatives.com\/de\/wp-json\/wp\/v2\/users\/6046"}],"replies":[{"embeddable":true,"href":"https:\/\/www.3dnatives.com\/de\/wp-json\/wp\/v2\/comments?post=3588"}],"version-history":[{"count":4,"href":"https:\/\/www.3dnatives.com\/de\/wp-json\/wp\/v2\/pages\/3588\/revisions"}],"predecessor-version":[{"id":62656,"href":"https:\/\/www.3dnatives.com\/de\/wp-json\/wp\/v2\/pages\/3588\/revisions\/62656"}],"wp:attachment":[{"href":"https:\/\/www.3dnatives.com\/de\/wp-json\/wp\/v2\/media?parent=3588"}],"curies":[{"name":"wp","href":"https:\/\/api.w.org\/{rel}","templated":true}]}}