{"id":31440,"date":"2021-08-16T10:54:11","date_gmt":"2021-08-16T08:54:11","guid":{"rendered":"https:\/\/www.3dnatives.com\/de\/?page_id=31440"},"modified":"2021-09-09T14:32:47","modified_gmt":"2021-09-09T12:32:47","slug":"hp-3ddruck-whitepaper-orthesen-prothesen","status":"publish","type":"page","link":"https:\/\/www.3dnatives.com\/de\/hp-3ddruck-whitepaper-orthesen-prothesen\/","title":{"rendered":"Kostenloses Whitepaper: Datengest\u00fctzte Auswertung von 3D-Druck und traditionellen Methoden f\u00fcr individuelle Orthesen: Testmethoden und Ergebnisse"},"content":{"rendered":"<p><img loading=\"lazy\" decoding=\"async\" class=\"alignleft\" src=\"https:\/\/www.3dnatives.com\/de\/wp-content\/uploads\/sites\/3\/2021\/09\/CoverLandingPage_Whitepaper2_HPDACH-3.png\" alt=\"\" width=\"550\" height=\"324\" \/><\/p>\n<p style=\"text-align: justify; font-size: 17px;\">Der 3D-Druck und insbesondere die HP Multi Jet Fusion Technologie erm\u00f6glicht deutliche Produktivit\u00e4tsvorteile f\u00fcr Orthop\u00e4dietechniker. Mit einem additiven Fertigungsprozess k\u00f6nnen manuelle Anpassungen reduziert, der Workflow effizient gestaltet und Abfall vermieden werden.<\/p>\n<p style=\"text-align: justify; font-size: 17px;\">Erfahren Sie im Whitepaper, warum sich eine Investition in einen digitalen Workflow f\u00fcr Sie als Hersteller rentiert und lernen Sie mehr \u00fcber die Vorteile von 3D-gedruckten Orthesen anhand von quantifizierbaren Ergebnissen.<\/p>\n<h6><strong>Im folgenden Whitepaper erwarten Sie unter anderem die folgenden Themen:<\/strong><\/h6>\n<ul>\n<li style=\"font-size: 17px; font-weight: bold;\">\u2022 CNC-Fertigung vs. HP Multi Jet Fusion Technologie f\u00fcr die Herstellung von Orthesen<\/li>\n<li style=\"font-size: 17px; font-weight: bold;\">\u2022 Pr\u00e4sentation der Messgr\u00f6\u00dfen f\u00fcr eine wissenschaftliche und quantifizierbare Analyse und Diskussion f\u00fcr die Leistung von Orthesen<\/li>\n<li style=\"font-size: 17px; font-weight: bold;\">\u2022 Zusammenfassung relevanter Erkenntnisse f\u00fcr die erfolgreiche Adaption eines digitalen Workflows<\/li>\n<\/ul>\n<p><a id=\"registrate\" name=\"Register\"><\/a><\/p>\n<div class=\"row\">\n<div class=\"col s12 m10 push-m1\">\n<div id=\"mc_embed_signup\">\n<form id=\"mc-embedded-subscribe-form\" class=\"validate\" action=\"https:\/\/3dnatives.us7.list-manage.com\/subscribe\/post?u=f896efe33ebcc4bc1d9b19477&amp;id=2a07f0602c\" method=\"post\" name=\"mc-embedded-subscribe-form\" novalidate=\"\" target=\"_blank\">\n<div class=\"row\">\n<div class=\"col s12\">\n<h2 style=\"text-align: center;\">Laden Sie das KOSTENLOSE WHITEPAPER von HP hier herunter!<\/h2>\n<div class=\"indicates-required\"><span class=\"asterisk\">*<\/span>Pflichtfelder<\/div>\n<\/div>\n<div class=\"col s12 m4 input-field\"><input id=\"mce-EMAIL\" class=\"required email\" tabindex=\"0\" name=\"EMAIL\" required=\"required\" type=\"email\" value=\"\" \/><br \/>\n<label for=\"mce-EMAIL\">E-Mail <span class=\"asterisk\">*<\/span><\/label><\/div>\n<div class=\"col s12 m4 input-field\"><input id=\"mce-FNAME\" class=\"required\" tabindex=\"1\" name=\"FNAME\" required=\"required\" type=\"text\" value=\"\" \/><br \/>\n<label for=\"mce-FNAME\">Vorname <span class=\"asterisk\">*<\/span><\/label><\/div>\n<div class=\"col s12 m4 input-field\"><input id=\"mce-LNAME\" class=\"required\" tabindex=\"2\" name=\"LNAME\" required=\"required\" type=\"text\" value=\"\" \/><br \/>\n<label for=\"mce-LNAME\">Nachname <span class=\"asterisk\">*<\/span><\/label><\/div>\n<div class=\"col s12 m4 input-field\"><input id=\"mce-MMERGE3\" class=\"required\" tabindex=\"3\" name=\"MMERGE3\" required=\"required\" type=\"text\" value=\"\" \/><br \/>\n<label for=\"mce-MMERGE3\">Land <span class=\"asterisk\">*<\/span><\/label><\/div>\n<div class=\"col s12 m4 input-field\"><input id=\"mce-MMERGE9\" class=\"\" tabindex=\"4\" name=\"MMERGE9\" type=\"text\" value=\"\" \/><br \/>\n<label for=\"mce-MMERGE9\">Postleitzahl <\/label><\/div>\n<div class=\"col s12 m4 input-field\"><input id=\"mce-PHONE\" class=\"required\" tabindex=\"5\" name=\"PHONE\" required=\"required\" type=\"text\" value=\"\" \/><br \/>\n<label for=\"mce-PHONE\">Telefonnummer <span class=\"asterisk\">*<\/span><\/label><\/div>\n<div class=\"col s12 m4 input-field\"><input id=\"mce-MMERGE5\" class=\"required\" tabindex=\"3\" name=\"MMERGE5\" required=\"required\" type=\"text\" value=\"\" \/><br \/>\n<label for=\"mce-MMERGE5\">Unternehmen <span class=\"asterisk\">*<\/span><\/label><\/div>\n<div class=\"col s12 m4 input-field\"><input id=\"mce-MMERGE6\" class=\"required\" tabindex=\"7\" name=\"MMERGE6\" required=\"required\" type=\"text\" value=\"\" \/><br \/>\n<label for=\"mce-MMERGE6\">Position <span class=\"asterisk\">*<\/span><\/label><\/div>\n<div class=\"col s12 m4\">\n<div class=\"select-wrapper\"><select id=\"mce-MMERGE9\" class=\"required\" tabindex=\"8\" name=\"MMERGE9\" required=\"required\"><option disabled=\"disabled\" selected=\"selected\" value=\"\">Branche *<\/option><option value=\"3D-Druck-Dienstleister\">3D-Druck-Dienstleister<\/option><option value=\"Forschung &amp; Entwicklung\">Forschung &amp; Entwicklung<\/option><option value=\"Industrie\">Industrie<\/option><option value=\"Konsumg\u00fcter\">Konsumg\u00fcter<\/option><option value=\"Medizin und Gesundheitswesen\">Medizin und Gesundheitswesen<\/option><option value=\"Milit\u00e4r, Verteidigung und Luft- und Raumfahrt\">Milit\u00e4r, Verteidigung und Luft- und Raumfahrt<\/option><option value=\"Mobilit\u00e4t und Transport\">Mobilit\u00e4t und Transport<\/option><option value=\"Andere Branche\">Andere Branche<\/option><\/select><\/div>\n<\/div>\n<p><input name=\"SOURCE\" type=\"hidden\" value=\"\" \/><\/p>\n<\/div>\n<div class=\"row\">\n<div class=\"col s12\">\n<p><em><label><span class=\"3d-label\">Mit der Registrierung erkl\u00e4re ich mich damit einverstanden, dass meine Daten f\u00fcr die Kommunikation im Zusammenhang mit 3D-Druck Kursen verwendet werden. Mir ist bekannt, dass ich diese Einwilligung jederzeit durch die Abbestellung widerrufen kann.<\/span><\/label><\/em><\/p>\n<\/div>\n<div class=\"col s12\">\n<div id=\"mce-error-response\" class=\"response\" style=\"display: none;\"><\/div>\n<div id=\"mce-success-response\" class=\"response\" style=\"display: none;\"><\/div>\n<p><!-- real people should not fill this in and expect good things - do not remove this or risk form bot signups--><\/p>\n<div style=\"position: absolute; left: -5000px;\" aria-hidden=\"true\"><input tabindex=\"-1\" name=\"b_f896efe33ebcc4bc1d9b19477_f97d119328\" type=\"text\" value=\"\" \/><\/div>\n<\/div>\n<div class=\"col s12\">\n<p style=\"text-align: center; font-weight: bold;\"><input class=\"btn\" type=\"submit\" value=\"JETZT ERHALTEN\" \/><\/p>\n<\/div>\n<\/div>\n<\/form>\n<\/div>\n<\/div>\n<\/div>\n<p><script type='text\/javascript' src='\/\/s3.amazonaws.com\/downloads.mailchimp.com\/js\/mc-validate.js'><\/script><script type='text\/javascript'>(function($) {window.fnames = new Array(); window.ftypes = new Array();fnames[0]='EMAIL';ftypes[0]='email';fnames[1]='FNAME';ftypes[1]='text';fnames[2]='LNAME';ftypes[2]='text';fnames[4]='PHONE';ftypes[4]='phone';fnames[3]='MMERGE3';ftypes[3]='text';fnames[5]='MMERGE5';ftypes[5]='text';fnames[6]='MMERGE6';ftypes[6]='text';fnames[7]='MMERGE7';ftypes[7]='text';fnames[8]='MMERGE8';ftypes[8]='text';fnames[9]='MMERGE9';ftypes[9]='dropdown'; \n\/*\n * Translated default messages for the $ validation plugin.\n * Locale: DE\n *\/\n$.extend($.validator.messages, {\n\trequired: \"Dieses Feld ist ein Pflichtfeld.\",\n\tmaxlength: $.validator.format(\"Geben Sie bitte maximal {0} Zeichen ein.\"),\n\tminlength: $.validator.format(\"Geben Sie bitte mindestens {0} Zeichen ein.\"),\n\trangelength: $.validator.format(\"Geben Sie bitte mindestens {0} und maximal {1} Zeichen ein.\"),\n\temail: \"Geben Sie bitte eine g\u00fcltige E-Mail Adresse ein.\",\n\turl: \"Geben Sie bitte eine g\u00fcltige URL ein.\",\n\tdate: \"Bitte geben Sie ein g\u00fcltiges Datum ein.\",\n\tnumber: \"Geben Sie bitte eine Nummer ein.\",\n\tdigits: \"Geben Sie bitte nur Ziffern ein.\",\n\tequalTo: \"Bitte denselben Wert wiederholen.\",\n\trange: $.validator.format(\"Geben Sie bitten einen Wert zwischen {0} und {1}.\"),\n\tmax: $.validator.format(\"Geben Sie bitte einen Wert kleiner oder gleich {0} ein.\"),\n\tmin: $.validator.format(\"Geben Sie bitte einen Wert gr\u00f6\u00dfer oder gleich {0} ein.\"),\n\tcreditcard: \"Geben Sie bitte ein g\u00fcltige Kreditkarten-Nummer ein.\"\n});}(jQuery));var $mcj = jQuery.noConflict(true);<\/script><\/p>\n<p><!--End mc_embed_signup--><\/p>\n\n","protected":false},"excerpt":{"rendered":"<p>Der 3D-Druck und insbesondere die HP Multi Jet Fusion Technologie erm\u00f6glicht deutliche Produktivit\u00e4tsvorteile f\u00fcr Orthop\u00e4dietechniker. Mit einem additiven Fertigungsprozess k\u00f6nnen manuelle Anpassungen reduziert, der Workflow effizient gestaltet und Abfall vermieden werden. Erfahren Sie im Whitepaper, warum sich eine Investition in&hellip;<\/p>\n","protected":false},"author":5,"featured_media":0,"parent":0,"menu_order":0,"comment_status":"closed","ping_status":"closed","template":"","meta":{"_acf_changed":false,"content-type":"","footnotes":""},"class_list":["post-31440","page","type-page","status-publish","hentry"],"acf":[],"_links":{"self":[{"href":"https:\/\/www.3dnatives.com\/de\/wp-json\/wp\/v2\/pages\/31440","targetHints":{"allow":["GET"]}}],"collection":[{"href":"https:\/\/www.3dnatives.com\/de\/wp-json\/wp\/v2\/pages"}],"about":[{"href":"https:\/\/www.3dnatives.com\/de\/wp-json\/wp\/v2\/types\/page"}],"author":[{"embeddable":true,"href":"https:\/\/www.3dnatives.com\/de\/wp-json\/wp\/v2\/users\/5"}],"replies":[{"embeddable":true,"href":"https:\/\/www.3dnatives.com\/de\/wp-json\/wp\/v2\/comments?post=31440"}],"version-history":[{"count":2,"href":"https:\/\/www.3dnatives.com\/de\/wp-json\/wp\/v2\/pages\/31440\/revisions"}],"predecessor-version":[{"id":31746,"href":"https:\/\/www.3dnatives.com\/de\/wp-json\/wp\/v2\/pages\/31440\/revisions\/31746"}],"wp:attachment":[{"href":"https:\/\/www.3dnatives.com\/de\/wp-json\/wp\/v2\/media?parent=31440"}],"curies":[{"name":"wp","href":"https:\/\/api.w.org\/{rel}","templated":true}]}}