{"id":29589,"date":"2021-05-27T09:10:58","date_gmt":"2021-05-27T07:10:58","guid":{"rendered":"https:\/\/www.3dnatives.com\/de\/?page_id=29589"},"modified":"2021-07-06T14:32:46","modified_gmt":"2021-07-06T12:32:46","slug":"transformieren-fertigungsprozess-3d-druck-hp","status":"publish","type":"page","link":"https:\/\/www.3dnatives.com\/de\/transformieren-fertigungsprozess-3d-druck-hp\/","title":{"rendered":"HP 3D-Druck-Kurs | Transformieren Sie Ihren Fertigungsprozess mit dem 3D-Druck von HP"},"content":{"rendered":"<div id=\"curso-fabricacion-aditiva\">\n<div class=\"row\">\n<div class=\"col s12 center-align\"><img loading=\"lazy\" decoding=\"async\" class=\"aligncenter size-medium wp-image-51255\" src=\"Cover_Landing_HP_3D_Druck_Kurs_FINAL\" alt=\"\" width=\"600\" height=\"315\" \/><\/div>\n<div class=\"col s12 m10 push-m1\">\n<h2 style=\"text-align: center;\">HP 3D-Druck-Kurs<br \/>\nTransformieren Sie Ihren Fertigungsprozess mit dem 3D-Druck von HP<\/h2>\n<\/div>\n<div class=\"col s12 m10 push-m1\">\n<p style=\"text-align: justify;\">Sie wollen Ihren Fertigungsprozess mit Hilfe der additiven Fertigung optimieren? Dann sollten Sie sich die beiden Workshop-Reihen vormerken, welche 3Dnatives gemeinsam mit HP 3D Printing veranstaltet. Werden Sie mit HP zum Experten im Einsatz des 3D-Drucks in den Bereichen <strong>\u201cMaschinen- &amp; Betriebsmittelbau\u201d<\/strong> oder <strong>\u201cProthesen &amp; Orthesen\u201d<\/strong>. Sie haben die M\u00f6glichkeit, kostenlos an jeweils drei Veranstaltungen innerhalb einer Workshop-Reihe teilzunehmen. Die einzelnen Sitzungen dauern jeweils 30 Minuten und fokussieren sich auf den Einsatz der <strong>Multi Jet Fusion Technologie<\/strong> f\u00fcr die jeweilige Branche:<\/p>\n<ul>\n<li><strong>28. Juni, 29. Juni und 01. Juli | Maschinen- &amp; Betriebsmittelbau |<\/strong> Wie revolutioniert der HP 3D-Druck diesen Bereich?<\/li>\n<li><strong>12. Juli, 13. Juli und 15. Juli | Prothesen &amp; Orthesen |<\/strong> Wie unterst\u00fctzt die additive Fertigung Patienten, Kliniken und Hersteller dabei, die Prothetik und Orthetik Branche zu innovieren?<\/li>\n<\/ul>\n<p style=\"text-align: center; font-weight: bold;\"><a class=\"btn\" href=\"#registrate\">HIER REGISTRIEREN<\/a><\/p>\n<p style=\"text-align: justify;\">Die Workshops finden von <strong>9:00 Uhr bis 9:30 Uhr (CEST)<\/strong> mit Experten aus den jeweiligen Branchen statt. Unter anderem werden die Anwendungsm\u00f6glichkeiten live aus dem HP Lab in Barcelona pr\u00e4sentiert. Sie haben dabei die Gelegenheit, die Vorteile der Multi Jet Fusion Technologie f\u00fcr Ihre Industrie kennenzulernen. Halten Sie sich die Termine in Ihrem Kalender frei und starten Sie gemeinsam mit HP und einer Tasse Kaffee in den Tag.<\/p>\n<p style=\"text-align: justify;\">*Wenn Sie an allen Sitzungen einer Workshop-Reihe teilgenommen haben, <strong>erhalten Sie im Anschluss ein von den Organisatoren unterzeichnetes Zertifikat<\/strong>, welches Ihre erworbene Erfahrung mit der HP Multi Jet Fusion Technologie f\u00fcr den jeweiligen Bereich best\u00e4tigt.<\/p>\n<\/div>\n<\/div>\n<div class=\"row\">\n<div class=\"col s12 m10 push-m1\">\n<div class=\"row\">\n<div class=\"col s12\">\n<h2 style=\"text-align: center;\">Prothesen &amp; Orthesen<\/h2>\n<p style=\"text-align: justify;\">Im Gesundheitswesen ist es wichtig, dass jeder Patient entsprechend seiner individuellen Bed\u00fcrfnisse behandelt wird. Mit dem 3D-Druck ist es m\u00f6glich, Prothesen &amp; Orthesen herzustellen, welche vollst\u00e4ndig an die Morphologie des Einzelnen angepasst sind. Dies f\u00fchrt zu einer erheblichen Vereinfachung der einzelnen Herstellungsschritte. Erfahren Sie, wie die additive Fertigung Patienten, Kliniken und Hersteller dabei unterst\u00fctzt, die Prothetik und Orthetik Branche zu innovieren.<\/p>\n<h3 style=\"text-align: center;\"><span style=\"color: #000000;\">Workshop 1: 12.07.2021<\/span><\/h3>\n<\/div>\n<div class=\"col s12 m3\"><img loading=\"lazy\" decoding=\"async\" class=\"alignleft wp-image-51260\" src=\"https:\/\/www.3dnatives.com\/de\/wp-content\/uploads\/sites\/3\/2021\/05\/Cover_Session_Prosthetics_1.png\" alt=\"\" width=\"210\" height=\"279\" \/><\/div>\n<div class=\"col s12 m9\">\n<h4>Revolutionieren Sie die Prothesen und Orthesen Fertigung mittels HP 3D-Druck<\/h4>\n<p style=\"text-align: justify;\">M\u00f6chten Sie mehr dar\u00fcber erfahren, wie die additive Fertigung neue Ans\u00e4tze f\u00fcr die Produktion f\u00fcr Prothesen und Orthesen erm\u00f6glicht? Nehmen Sie an unserem Webinar teil, um die Vorteile der Verwendung der HP Multi Jet Fusion-Technologie zur Verbesserung Ihrer Prozesse und zur Erweiterung Ihres Kundenangebots besser zu verstehen.<\/p>\n<\/div>\n<\/div>\n<\/div>\n<\/div>\n<div class=\"row\">\n<div class=\"col s12 m10 push-m1\">\n<div class=\"row\">\n<div class=\"col s12\">\n<h3 style=\"text-align: center;\"><span style=\"color: #000000;\">Workshop 2: 13.07.2021<\/span><\/h3>\n<\/div>\n<div class=\"col s12 m3\"><img loading=\"lazy\" decoding=\"async\" class=\"alignleft wp-image-51263\" src=\"https:\/\/www.3dnatives.com\/de\/wp-content\/uploads\/sites\/3\/2021\/05\/Cover_Session_Prosthetics_2.jpg\" alt=\"\" width=\"210\" height=\"279\" \/><\/div>\n<div class=\"col s12 m9\">\n<h4>Optimieren Sie Ihren Produktionsprozess durch die Digitalisierung und Vereinfachung Ihres Prothesen und Orthesen Workflows<\/h4>\n<p style=\"text-align: justify;\">Steigern Sie Ihre Wirtschaftlichkeit und Effizienz bei der Produktion von Prothesen Orthesen indem Sie Sie sich durch moderne 3D-Druckverfahren mittels HP 3D MJF Technologie auszeichnen. Nehmen Sie an diesem Webinar teil, um zu erfahren, wie der digitale Produktionsprozess hinsichtlich Orthesen und Prothesen funktioniert. Erfahren Sie, warum und wie Unternehmen die additive Fertigung eingef\u00fchrt haben, um die Abh\u00e4ngigkeit von traditionellen Produktionsmethoden zu verringern oder zu beseitigen.<\/p>\n<\/div>\n<\/div>\n<\/div>\n<\/div>\n<div class=\"row\">\n<div class=\"col s12 m10 push-m1\">\n<div class=\"row\">\n<div class=\"col s12\">\n<h3 style=\"text-align: center;\"><span style=\"color: #000000;\">Workshop 3: 15.07.2021<\/span><\/h3>\n<\/div>\n<div class=\"col s12 m3\"><img loading=\"lazy\" decoding=\"async\" class=\"alignleft wp-image-51262\" src=\"https:\/\/www.3dnatives.com\/de\/wp-content\/uploads\/sites\/3\/2021\/05\/Cover_Session_Prosthetics_3.png\" alt=\"\" width=\"210\" height=\"279\" \/><\/div>\n<div class=\"col s12 m9\">\n<h4>Erfahren Sie anhand von praktischen Beispielen mehr \u00fcber die M\u00f6glichkeiten und Anwendungen des HP 3D-Drucks in der Prothetik und Orthetik Branche<\/h4>\n<p style=\"text-align: justify;\">Wie verwenden moderne Unternehmen die HP Multi Jet Fusion Technologie f\u00fcr den 3D Druck f\u00fcr die Produktion von Prothesen und Orthesen? Wie k\u00f6nnen auch Sie diese Technologie in Ihren Workflow implementieren? Entdecken Sie gemeinsam mit HP 3D, wie Sie Ihren Produktionsprozess von Orthesen und Prothesen effizienter gestalten k\u00f6nnen!<\/p>\n<\/div>\n<\/div>\n<\/div>\n<\/div>\n<div class=\"row\">\n<div class=\"col s12 m10 push-m1\">\n<div class=\"row\">\n<div class=\"col s12\">\n<h2 style=\"text-align: center;\">Maschinen- &amp; Betriebsmittelbau<\/h2>\n<p style=\"text-align: justify;\"><strong>Bei unserer ersten Workshop-Reihe &#8222;Maschinen- &#038; Betriebsmittelbau&#8220;, welche am 28.06.2021 stattgefunden hat, konnten Interessierte mehr \u00fcber die Anwendungsm\u00f6glichkeiten der Technologie sowie zur Konstruktion von 3D-gedruckten Teilen und des 3D-Druck-Workflows in Erfahrung bringen. Sie k\u00f6nnen die Aufzeichnungen dieser Workshop-Reihe <a href=\"https:\/\/www.youtube.com\/playlist?list=PL_1ejRXPM70nQhBHFgJKqpDpgGVsRxkGl\" target=\"_blank\" rel=\"noopener\">HIER<\/a> aufrufen.<\/strong><\/p>\n<p style=\"text-align: justify;\">Die additive Fertigung unterst\u00fctzt eine Vielzahl an Unternehmen beim Prototyping sowie bei der Herstellung von Bauteilen und Werkzeugen. Erfahren Sie, wie der HP 3D-Druck den Bereich \u201eMaschinen- und Betriebsmittelbau\u201c durch kosteng\u00fcnstige Anpassungen, neue komplexere Designs und k\u00fcrzere Markteinf\u00fchrungszeiten revolutioniert.<\/p>\n<h3 style=\"text-align: center;\"><span style=\"font-size: 1em; color: #000000;\">Workshop 1: 28.06.2021<\/span><\/h3>\n<\/div>\n<div class=\"col s12 m3\"><img loading=\"lazy\" decoding=\"async\" class=\"alignleft wp-image-51257\" src=\"https:\/\/www.3dnatives.com\/de\/wp-content\/uploads\/sites\/3\/2021\/05\/Cover_Session_Machinery_1.png\" alt=\"\" width=\"210\" height=\"279\" \/><\/div>\n<div class=\"col s12 m9\">\n<h4><a href=\"https:\/\/youtu.be\/DcHsKeTrmSE\" target=\"_blank\" rel=\"noopener\">State of the Art: Der HP 3D-Druck als Teil des Maschinen- und Betriebsmittelbaus<\/a><\/h4>\n<p>Erfahren Sie, wie Sie den 3D-Druck in Ihrem Fertigungsprozess nutzen k\u00f6nnen, um sich von der Konkurrenz abzuheben. Wir sprechen \u00fcber die folgenden Themen:<\/p>\n<ul>\n<li>Wie funktioniert der 3D-Druck und warum ist HP Multi Jet Fusion die richtige 3D Technologie in Ihrer Fertigung.<\/li>\n<li>Wann sollte der 3D-Druck konventionellen Fertigungsmethoden vorgezogen werden und &#8211; noch wichtiger &#8211; wann nicht?<\/li>\n<li>Beispiele aus der Praxis von anderen Maschinen- und Anlagenbauern, die bereits heute dank des 3D-Drucks Zeit und Geld sparen.<\/li>\n<\/ul>\n<\/div>\n<\/div>\n<\/div>\n<\/div>\n<div class=\"row\">\n<div class=\"col s12 m10 push-m1\">\n<div class=\"row\">\n<div class=\"col s12\">\n<h3 style=\"text-align: center;\"><span style=\"font-size: 1em; color: #000000;\">Workshop 2: 29.06.2021<\/span><\/h3>\n<\/div>\n<div class=\"col s12 m3\"><img loading=\"lazy\" decoding=\"async\" class=\"alignleft wp-image-51258\" src=\"https:\/\/www.3dnatives.com\/de\/wp-content\/uploads\/sites\/3\/2021\/05\/cover_session_machinery_2.jpg\" alt=\"\" width=\"210\" height=\"279\" \/><\/div>\n<div class=\"col s12 m9\">\n<h4><a href=\"https:\/\/youtu.be\/YVRoMgAm0oo\" target=\"_blank\" rel=\"noopener\">Design neu gedacht: HP 3D-Druck-Richtlinien f\u00fcr Maschinen- und Betriebsmittelhersteller<\/a><\/h4>\n<p style=\"text-align: justify;\">Nehmen Sie an diesem Webinar teil, um Tipps und Tricks f\u00fcr die Konstruktion von 3D-gedruckten Maschinenteilen zu erhalten. Wir werden au\u00dferdem die Kosten mit konventionellen Fertigungsverfahren vergleichen und Ihnen die Vorbereitung eines Druckjobs bzw. das R\u00fcsten des Druckers erkl\u00e4ren.<\/p>\n<\/div>\n<\/div>\n<\/div>\n<\/div>\n<div class=\"row\">\n<div class=\"col s12 m10 push-m1\">\n<div class=\"row\">\n<div class=\"col s12\">\n<h3 style=\"text-align: center;\"><span style=\"color: #000000;\">Workshop 3: 01.07.2021<\/span><\/h3>\n<\/div>\n<div class=\"col s12 m3\"><img loading=\"lazy\" decoding=\"async\" class=\"alignleft wp-image-51259\" src=\"https:\/\/www.3dnatives.com\/de\/wp-content\/uploads\/sites\/3\/2021\/05\/Cover_Session_Machinery_3.jpg\" alt=\"\" width=\"210\" height=\"279\" \/><\/div>\n<div class=\"col s12 m9\">\n<h4><a href=\"https:\/\/youtu.be\/XU4UGUjEdBs\" target=\"_blank\" rel=\"noopener\">Mit HP Multi Jet Fusion vom Modell zum fertigen Bauteil: Praxisbeispiele und Fertigungsprozess aus dem HP Barcelona Excellence Center<\/a><\/h4>\n<p style=\"text-align: justify;\">In diesem Webinar erfahren Sie alles, was Sie \u00fcber den HP 3D-Druck-Workflow wissen m\u00fcssen. Begleiten Sie unsere Experten virtuell in das HP Barcelona Excellence Center, wo der gesamte Workflow des 3D-Drucks mit HP Multi Jet Fusion vorgestellt wird: vom Design \u00fcber vorbereitende Schritte bis hin zum 3D-Druck und der Nachbearbeitung. Praxisbeispiele erkl\u00e4ren, wie Maschinen- und Anlagenbauer von den Vorteilen des 3D-Drucks mit HP Multi Jet Fusion profitieren.<\/p>\n<\/div>\n<\/div>\n<\/div>\n<\/div>\n<p><a id=\"registrate\" name=\"Register\"><\/a><\/p>\n<div class=\"row\">\n<div class=\"col s12 m10 push-m1\">\n<div id=\"mc_embed_signup\">\n<form id=\"mc-embedded-subscribe-form\" class=\"validate\" action=\"https:\/\/3dnatives.us7.list-manage.com\/subscribe\/post?u=f896efe33ebcc4bc1d9b19477&amp;id=ad9dd89b45\" method=\"post\" name=\"mc-embedded-subscribe-form\" novalidate=\"\" target=\"_blank\">\n<div class=\"row\">\n<div class=\"col s12\">\n<h2 style=\"text-align: center;\">Melden Sie sich jetzt an und werden Sie zum Experten im Einsatz der HP MJF Technologie f\u00fcr Ihre Branche<\/h2>\n<div class=\"indicates-required\"><span class=\"asterisk\">*<\/span>Pflichtfelder<\/div>\n<\/div>\n<div class=\"col s12 m4 input-field\"><input id=\"mce-EMAIL\" class=\"required email\" tabindex=\"0\" name=\"EMAIL\" required=\"required\" type=\"email\" value=\"\" \/><br \/>\n<label for=\"mce-EMAIL\">E-Mail <span class=\"asterisk\">*<\/span><\/label><\/div>\n<div class=\"col s12 m4 input-field\"><input id=\"mce-FNAME\" class=\"required\" tabindex=\"1\" name=\"FNAME\" required=\"required\" type=\"text\" value=\"\" \/><br \/>\n<label for=\"mce-FNAME\">Vorname <span class=\"asterisk\">*<\/span><\/label><\/div>\n<div class=\"col s12 m4 input-field\"><input id=\"mce-LNAME\" class=\"required\" tabindex=\"2\" name=\"LNAME\" required=\"required\" type=\"text\" value=\"\" \/><br \/>\n<label for=\"mce-LNAME\">Nachname <span class=\"asterisk\">*<\/span><\/label><\/div>\n<div class=\"col s12 m4 input-field\"><input id=\"mce-MMERGE3\" class=\"required\" tabindex=\"3\" name=\"MMERGE3\" required=\"required\" type=\"text\" value=\"\" \/><br \/>\n<label for=\"mce-MMERGE3\">Land <span class=\"asterisk\">*<\/span><\/label><\/div>\n<div class=\"col s12 m4 input-field\"><input id=\"mce-MMERGE9\" class=\"\" tabindex=\"4\" name=\"MMERGE9\" type=\"text\" value=\"\" \/><br \/>\n<label for=\"mce-MMERGE9\">Postleitzahl <\/label><\/div>\n<div class=\"col s12 m4 input-field\"><input id=\"mce-PHONE\" class=\"required\" tabindex=\"5\" name=\"PHONE\" required=\"required\" type=\"text\" value=\"\" \/><br \/>\n<label for=\"mce-PHONE\">Telefonnummer <span class=\"asterisk\">*<\/span><\/label><\/div>\n<div class=\"col s12 m4 input-field\"><input id=\"mce-MMERGE5\" class=\"required\" tabindex=\"3\" name=\"MMERGE5\" required=\"required\" type=\"text\" value=\"\" \/><br \/>\n<label for=\"mce-MMERGE5\">Unternehmen <span class=\"asterisk\">*<\/span><\/label><\/div>\n<div class=\"col s12 m4 input-field\"><input id=\"mce-MMERGE8\" class=\"\" tabindex=\"7\" name=\"MMERGE8\" type=\"text\" value=\"\" \/><br \/>\n<label for=\"mce-MMERGE8\">Position <\/label><\/div>\n<div class=\"col s12 m4\">\n<div class=\"select-wrapper\"><select id=\"mce-MMERGE6\" class=\"required\" tabindex=\"8\" name=\"MMERGE6\" required=\"required\"><option disabled=\"disabled\" selected=\"selected\" value=\"\">Branche *<\/option><option value=\"3D-Druck-Dienstleister\">3D-Druck-Dienstleister<\/option><option value=\"Forschung &amp; Entwicklung\">Forschung &amp; Entwicklung<\/option><option value=\"Industrie\">Industrie<\/option><option value=\"Konsumg\u00fcter\">Konsumg\u00fcter<\/option><option value=\"Medizin und Gesundheitswesen\">Medizin und Gesundheitswesen<\/option><option value=\"Milit\u00e4r, Verteidigung und Luft- und Raumfahrt\">Milit\u00e4r, Verteidigung und Luft- und Raumfahrt<\/option><option value=\"Mobilit\u00e4t und Transport\">Mobilit\u00e4t und Transport<\/option><option value=\"Andere Branche\">Andere Branche<\/option><\/select><\/div>\n<\/div>\n<p><input name=\"SOURCE\" type=\"hidden\" value=\"\" \/><\/p>\n<div class=\"col s12\">\n<h4><strong>F\u00fcr welchen Workshop m\u00f6chten Sie sich anmelden?<\/strong><\/h4>\n<p style=\"font-size: 15px;\">(Um das Zertifikat zu erhalten, m\u00fcssen Sie jeweils an allen Sitzungen einer Workshop-Reihe teilnehmen)<\/p>\n<p><label><input id=\"mce-group[6]-6-2\" class=\"cursos\" name=\"group[6][2]\" type=\"checkbox\" value=\"1\" \/><span class=\"3d-label\" style=\"font-weight: bold;\">PROTHESEN &amp; ORTHESEN:<\/span><\/label><\/p>\n<ul>\n<li style=\"font-size: 14px;\">Workshop 1: 12.07.2021 \u2013 Revolutionieren Sie die Prothesen und Orthesen Fertigung mittels HP 3D-Druck<\/li>\n<li style=\"font-size: 14px;\">Workshop 2: 13.07.2021 \u2013 Optimieren Sie Ihren Produktionsprozess durch die Digitalisierung und Vereinfachung Ihres Prothesen und Orthesen Workflows<\/li>\n<li style=\"font-size: 14px;\">Workshop 3: 15.07.2021 \u2013 Erfahren Sie anhand von praktischen Beispielen mehr \u00fcber die M\u00f6glichkeiten und Anwendungen des HP 3D-Drucks in der Prothetik und Orthetik Branche<\/li>\n<\/ul>\n<\/div>\n<\/div>\n<div class=\"row\">\n<div class=\"col s12\">\n<p><em><label><span class=\"3d-label\">Mit der Registrierung erkl\u00e4re ich mich damit einverstanden, dass meine Daten f\u00fcr die Kommunikation im Zusammenhang mit 3D-Druck Kursen verwendet werden. Mir ist bekannt, dass ich diese Einwilligung jederzeit durch die Abbestellung widerrufen kann.<\/span><\/label><\/em><\/p>\n<\/div>\n<div class=\"col s12\">\n<div id=\"mce-error-response\" class=\"response\" style=\"display: none;\"><\/div>\n<div id=\"mce-success-response\" class=\"response\" style=\"display: none;\"><\/div>\n<p><!-- real people should not fill this in and expect good things - do not remove this or risk form bot signups--><\/p>\n<div style=\"position: absolute; left: -5000px;\" aria-hidden=\"true\"><input tabindex=\"-1\" name=\"b_f896efe33ebcc4bc1d9b19477_f97d119328\" type=\"text\" value=\"\" \/><\/div>\n<\/div>\n<div class=\"col s12\">\n<p style=\"text-align: center; font-weight: bold;\"><input class=\"btn\" type=\"submit\" value=\"JETZT REGISTRIEREN\" \/><\/p>\n<\/div>\n<\/div>\n<\/form>\n<\/div>\n<\/div>\n<\/div>\n<\/div>\n<p><script type='text\/javascript' src='\/\/s3.amazonaws.com\/downloads.mailchimp.com\/js\/mc-validate.js'><\/script><script type='text\/javascript'>(function($) {window.fnames = new Array(); window.ftypes = new Array();fnames[0]='EMAIL';ftypes[0]='email';fnames[1]='FNAME';ftypes[1]='text';fnames[2]='LNAME';ftypes[2]='text';fnames[4]='PHONE';ftypes[4]='phone';fnames[3]='MMERGE3';ftypes[3]='text';fnames[5]='MMERGE5';ftypes[5]='text';fnames[6]='MMERGE6';ftypes[6]='dropdown';fnames[7]='SOURCE';ftypes[7]='text'; \n\/*\n * Translated default messages for the $ validation plugin.\n * Locale: DE\n *\/\n$.extend($.validator.messages, {\n\trequired: \"Dieses Feld ist ein Pflichtfeld.\",\n\tmaxlength: $.validator.format(\"Geben Sie bitte maximal {0} Zeichen ein.\"),\n\tminlength: $.validator.format(\"Geben Sie bitte mindestens {0} Zeichen ein.\"),\n\trangelength: $.validator.format(\"Geben Sie bitte mindestens {0} und maximal {1} Zeichen ein.\"),\n\temail: \"Geben Sie bitte eine g\u00fcltige E-Mail Adresse ein.\",\n\turl: \"Geben Sie bitte eine g\u00fcltige URL ein.\",\n\tdate: \"Bitte geben Sie ein g\u00fcltiges Datum ein.\",\n\tnumber: \"Geben Sie bitte eine Nummer ein.\",\n\tdigits: \"Geben Sie bitte nur Ziffern ein.\",\n\tequalTo: \"Bitte denselben Wert wiederholen.\",\n\trange: $.validator.format(\"Geben Sie bitten einen Wert zwischen {0} und {1}.\"),\n\tmax: $.validator.format(\"Geben Sie bitte einen Wert kleiner oder gleich {0} ein.\"),\n\tmin: $.validator.format(\"Geben Sie bitte einen Wert gr\u00f6\u00dfer oder gleich {0} ein.\"),\n\tcreditcard: \"Geben Sie bitte ein g\u00fcltige Kreditkarten-Nummer ein.\"\n});}(jQuery));var $mcj = jQuery.noConflict(true);<\/script><\/p>\n<p><!--End mc_embed_signup--><\/p>\n\n","protected":false},"excerpt":{"rendered":"<p>HP 3D-Druck-Kurs Transformieren Sie Ihren Fertigungsprozess mit dem 3D-Druck von HP Sie wollen Ihren Fertigungsprozess mit Hilfe der additiven Fertigung optimieren? Dann sollten Sie sich die beiden Workshop-Reihen vormerken, welche 3Dnatives gemeinsam mit HP 3D Printing veranstaltet. Werden Sie mit&hellip;<\/p>\n","protected":false},"author":5,"featured_media":0,"parent":0,"menu_order":0,"comment_status":"closed","ping_status":"closed","template":"","meta":{"_acf_changed":false,"content-type":"","footnotes":""},"class_list":["post-29589","page","type-page","status-publish","hentry"],"acf":[],"_links":{"self":[{"href":"https:\/\/www.3dnatives.com\/de\/wp-json\/wp\/v2\/pages\/29589","targetHints":{"allow":["GET"]}}],"collection":[{"href":"https:\/\/www.3dnatives.com\/de\/wp-json\/wp\/v2\/pages"}],"about":[{"href":"https:\/\/www.3dnatives.com\/de\/wp-json\/wp\/v2\/types\/page"}],"author":[{"embeddable":true,"href":"https:\/\/www.3dnatives.com\/de\/wp-json\/wp\/v2\/users\/5"}],"replies":[{"embeddable":true,"href":"https:\/\/www.3dnatives.com\/de\/wp-json\/wp\/v2\/comments?post=29589"}],"version-history":[{"count":3,"href":"https:\/\/www.3dnatives.com\/de\/wp-json\/wp\/v2\/pages\/29589\/revisions"}],"predecessor-version":[{"id":30669,"href":"https:\/\/www.3dnatives.com\/de\/wp-json\/wp\/v2\/pages\/29589\/revisions\/30669"}],"wp:attachment":[{"href":"https:\/\/www.3dnatives.com\/de\/wp-json\/wp\/v2\/media?parent=29589"}],"curies":[{"name":"wp","href":"https:\/\/api.w.org\/{rel}","templated":true}]}}