{"id":19001,"date":"2019-05-22T10:31:35","date_gmt":"2019-05-22T08:31:35","guid":{"rendered":"https:\/\/www.3dnatives.com\/de\/?page_id=19001"},"modified":"2023-03-01T17:07:57","modified_gmt":"2023-03-01T16:07:57","slug":"infografik-jobmarkt-3d-druckbranche-2019","status":"publish","type":"page","link":"https:\/\/www.3dnatives.com\/de\/infografik-jobmarkt-3d-druckbranche-2019\/","title":{"rendered":"Infografik: Trends auf dem Jobmarkt in der 3D-Druckbranche 2022"},"content":{"rendered":"<p><img loading=\"lazy\" decoding=\"async\" class=\"aligncenter wp-image-45519 size-full\" src=\"https:\/\/www.3dnatives.com\/de\/wp-content\/uploads\/sites\/3\/2023\/03\/3D-Druck-Arbeitsmarkt.png\" alt=\"3D-Druck Arbeitsmarkt\" width=\"800\" height=\"3220\" srcset=\"https:\/\/www.3dnatives.com\/de\/wp-content\/uploads\/sites\/3\/2023\/03\/3D-Druck-Arbeitsmarkt.png 800w, https:\/\/www.3dnatives.com\/de\/wp-content\/uploads\/sites\/3\/2023\/03\/3D-Druck-Arbeitsmarkt-149x600.png 149w, https:\/\/www.3dnatives.com\/de\/wp-content\/uploads\/sites\/3\/2023\/03\/3D-Druck-Arbeitsmarkt-298x1200.png 298w, https:\/\/www.3dnatives.com\/de\/wp-content\/uploads\/sites\/3\/2023\/03\/3D-Druck-Arbeitsmarkt-768x3091.png 768w, https:\/\/www.3dnatives.com\/de\/wp-content\/uploads\/sites\/3\/2023\/03\/3D-Druck-Arbeitsmarkt-509x2048.png 509w, https:\/\/www.3dnatives.com\/de\/wp-content\/uploads\/sites\/3\/2023\/03\/3D-Druck-Arbeitsmarkt-160x644.png 160w\" sizes=\"auto, (max-width: 800px) 100vw, 800px\" \/><\/p>\n<p style=\"text-align: justify;\">Laden Sie die Infografik \u00fcber den Jobmarkt in der 3D-Druck Branche im PDF-Format <a href=\"https:\/\/www.3dnatives.com\/de\/wp-content\/uploads\/sites\/3\/2023\/03\/3D-Druck-Arbeitsmarkt.pdf\">HIER<\/a> herunter. Wenn Sie mehr \u00fcber unsere Infografik erfahren m\u00f6chten, k\u00f6nnen Sie sich unseren <a href=\"https:\/\/www.3dnatives.com\/de\/trends-3d-druck-arbeitsmarkt-2022-020320231\/\">Artikel<\/a> dazu ansehen. Unsere Experten haben die Ergebnisse entschl\u00fcsselt und ihre Prognosen f\u00fcr den Stellenmarkt im 3D-Druck abgegeben.<\/p>\n","protected":false},"excerpt":{"rendered":"<p>Laden Sie die Infografik \u00fcber den Jobmarkt in der 3D-Druck Branche im PDF-Format HIER herunter. Wenn Sie mehr \u00fcber unsere Infografik erfahren m\u00f6chten, k\u00f6nnen Sie sich unseren Artikel dazu ansehen. Unsere Experten haben die Ergebnisse entschl\u00fcsselt und ihre Prognosen f\u00fcr&hellip;<\/p>\n","protected":false},"author":6065,"featured_media":0,"parent":0,"menu_order":0,"comment_status":"closed","ping_status":"closed","template":"","meta":{"_acf_changed":false,"content-type":"","footnotes":""},"class_list":["post-19001","page","type-page","status-publish","hentry"],"acf":[],"_links":{"self":[{"href":"https:\/\/www.3dnatives.com\/de\/wp-json\/wp\/v2\/pages\/19001","targetHints":{"allow":["GET"]}}],"collection":[{"href":"https:\/\/www.3dnatives.com\/de\/wp-json\/wp\/v2\/pages"}],"about":[{"href":"https:\/\/www.3dnatives.com\/de\/wp-json\/wp\/v2\/types\/page"}],"author":[{"embeddable":true,"href":"https:\/\/www.3dnatives.com\/de\/wp-json\/wp\/v2\/users\/6065"}],"replies":[{"embeddable":true,"href":"https:\/\/www.3dnatives.com\/de\/wp-json\/wp\/v2\/comments?post=19001"}],"version-history":[{"count":4,"href":"https:\/\/www.3dnatives.com\/de\/wp-json\/wp\/v2\/pages\/19001\/revisions"}],"predecessor-version":[{"id":45521,"href":"https:\/\/www.3dnatives.com\/de\/wp-json\/wp\/v2\/pages\/19001\/revisions\/45521"}],"wp:attachment":[{"href":"https:\/\/www.3dnatives.com\/de\/wp-json\/wp\/v2\/media?parent=19001"}],"curies":[{"name":"wp","href":"https:\/\/api.w.org\/{rel}","templated":true}]}}