{"id":12620,"date":"2018-06-05T11:43:41","date_gmt":"2018-06-05T09:43:41","guid":{"rendered":"https:\/\/www.3dnatives.com\/de\/?page_id=12620"},"modified":"2025-04-11T16:55:47","modified_gmt":"2025-04-11T14:55:47","slug":"3d-druck-in-muenchen","status":"publish","type":"page","link":"https:\/\/www.3dnatives.com\/de\/3d-druck-in-muenchen\/","title":{"rendered":"3D-Druck in M\u00fcnchen"},"content":{"rendered":"<p style=\"text-align: justify;\">Der 3D-Druck w\u00e4chst mit vielen Markteinsteigern und Netzwerken immer weiter. Der deutschen Traditionsstadt entgeht diese Innovation nat\u00fcrlich nicht und es gibt verschiedene Hersteller, Druckereien und Fablabs, die M\u00fcnchen neben zahlreichen Start-ups zu einem wichtigen Standort f\u00fcr 3D-Druck machen. M\u00fcnchen ist zudem Sitz einiger nationaler Veranstaltungen wie z. B. der <a href=\"https:\/\/www.3dnatives.com\/de\/veranstaltungen\/make-munich-2\/\">Make Munich<\/a>, welche S\u00fcddeutschlands gr\u00f6\u00dftes Maker- und DIY-Festival abbildet, oder auch dem <a href=\"https:\/\/www.3dnatives.com\/de\/event\/must-3d-printing-satellite\/\">MUST 3D Printing Satellite<\/a>.<\/p>\n<p style=\"text-align: justify;\">Aus diesem Grund m\u00f6chten wir einige Akteure des 3D-Drucks in M\u00fcnchen zusammenbringen, indem wir eine Liste von Resellern von 3D-Druckern, Dienstleistern f\u00fcr 3D-Druck sowie Formlabs preisgeben. Sie finden die Unternehmen, die in ihrer N\u00e4he ans\u00e4ssig sind, ganz leicht dank unserer Karte am Ende der Seite.<\/p>\n<h3 style=\"text-align: justify;\">3D-Druck in M\u00fcnchen: H\u00e4ndler und Hersteller<\/h3>\n<p style=\"text-align: justify;\">Sie sind auf der Suche nach einem 3D-Drucker oder Druckzubeh\u00f6r im Zentrum von M\u00fcnchen oder in der Gro\u00dfregion M\u00fcnchen? Hier sind einige H\u00e4ndler und Hersteller von 3D-Desktop-Druckern oder professionellen Maschinen:<\/p>\n<p><img loading=\"lazy\" decoding=\"async\" class=\"alignleft wp-image-12626 \" src=\"https:\/\/www.3dnatives.com\/de\/wp-content\/uploads\/sites\/3\/EOS-10.png\" alt=\"\" width=\"131\" height=\"131\" srcset=\"https:\/\/www.3dnatives.com\/de\/wp-content\/uploads\/sites\/3\/EOS-10.png 150w, https:\/\/www.3dnatives.com\/de\/wp-content\/uploads\/sites\/3\/EOS-10-109x109.png 109w, https:\/\/www.3dnatives.com\/de\/wp-content\/uploads\/sites\/3\/EOS-10-100x100.png 100w, https:\/\/www.3dnatives.com\/de\/wp-content\/uploads\/sites\/3\/EOS-10-65x65.png 65w\" sizes=\"auto, (max-width: 131px) 100vw, 131px\" \/><\/p>\n<p style=\"text-align: justify;\">Das 1989 gegr\u00fcndete Unternehmen <a href=\"https:\/\/www.3dnatives.com\/de\/3D-compare?%2Bslug=eos&amp;--prix_e=&amp;-%2Bprix_e=&amp;--l_max_impression=&amp;--w_max_impression=&amp;--h_max_impression=&amp;-%2Bepaisseur_min_impression=&amp;technologie=&amp;fabricant_id=\">EOS<\/a> ist weltweiter Marktf\u00fchrer auf dem Gebiet der additiven Herstellung durch Lasersintern und Anbieter eines modularen L\u00f6sungsportfolios einschlie\u00dflich 3D-Druck-Systemen, Softwares, Materialien und einem intensiven technischen sowie beratenden Serviceangebot.\u00a0\u00a0Als innovativer technologischer Vorreiter f\u00fcr direktes Metall-Lasersintern (DMLS) bietet EOS auch ein einzigartiges Portfolio bez\u00fcglich des 3D-Drucks von Polymeren. EOS ist ein idealer Partner f\u00fcr die industrielle AM-Produktion und bietet seinen Kunden nachhaltige L\u00f6sungen an.<\/p>\n<p>&nbsp;<\/p>\n<p style=\"text-align: justify;\"><img loading=\"lazy\" decoding=\"async\" class=\"wp-image-49763 alignleft\" src=\"https:\/\/www.3dnatives.com\/de\/wp-content\/uploads\/sites\/3\/2023\/08\/FE.png\" alt=\"\" width=\"132\" height=\"132\" srcset=\"https:\/\/www.3dnatives.com\/de\/wp-content\/uploads\/sites\/3\/2023\/08\/FE.png 450w, https:\/\/www.3dnatives.com\/de\/wp-content\/uploads\/sites\/3\/2023\/08\/FE-300x300.png 300w, https:\/\/www.3dnatives.com\/de\/wp-content\/uploads\/sites\/3\/2023\/08\/FE-160x160.png 160w\" sizes=\"auto, (max-width: 132px) 100vw, 132px\" \/>Forward Engineering mit Sitz in M\u00fcnchen ist ein 3D-Druck Dienstleister f\u00fcr funktionales Prototyping und die schnelle Herstellung von Kleinserien in Kunststoff. Von der Produktentwicklung und Bauteilkonstruktion \u00fcber die Berechnung &amp; Simulation bis zum Druck und dem Bauteilfinish bietet das Unternehmen die gesamte Prozesskette aus einer Hand. Mit der eigenen In-House Fertigung im FFF-Verfahren und einem breiten Industrienetzwerk an Experten ist FE Ihr One-Stop-Shop zur Umsetzung Ihrer Produktideen. Sollte kein CAD Modell zur Verf\u00fcgung stehen, kann das Unternehmen \u00fcber Reverse-Engineering\/ Scandateien die n\u00f6tigen Daten erzeugen und diese entsprechend drucken und ber\u00e4t Sie bei der Wahl des richtigen Materials, Druckverfahrens und hilft bei der Optimierung Ihrer Druckdatei f\u00fcr den jeweiligen Prozess.<\/p>\n<h3 style=\"text-align: justify;\">3D-Druck in M\u00fcnchen: Dienstleister und Service<\/h3>\n<p style=\"text-align: justify;\">Wenn Sie ein Projekt im Hinterkopf haben, aber nicht bereit sind, in einen 3D-Drucker zu investieren, k\u00f6nnen Sie sich an einen <a href=\"\/de\/3d-druck-branchenbuch\/categories\/3d-dienstleister\">3D-Druck-Service<\/a> in Ihrer N\u00e4he wenden. Einige dieser Dienstleistungen zielen auf Fachleute ab, indem sie Technologien zum 3D-Metalldruck anbieten, w\u00e4hrend sich andere mit Technologien wie der Schmelzschichtung oder Stereolithographie an die Bed\u00fcrfnisse von Einzelpersonen anpassen. Wir haben einige von ihnen im Folgenden aufgelistet:<\/p>\n<p>&nbsp;<\/p>\n<p><img loading=\"lazy\" decoding=\"async\" class=\"size-full wp-image-43638 alignleft\" src=\"https:\/\/www.3dnatives.com\/de\/wp-content\/uploads\/sites\/3\/2023\/01\/Untitled-design-2023-01-06T103616.311.jpg\" alt=\"\" width=\"120\" height=\"120\" \/><\/p>\n<p style=\"text-align: justify;\"><span style=\"font-weight: 400;\">Der 3D-Druckdienstleister 3D Druck M\u00fcnchen hat sich auf die Herstellung FDM-Technologie basierender Teile spezialisiert, wobei der Fokus vor allem auf die Fertigung von Prototypen, Kleinserien, Funktionsteilen, Bauteilen, aber auch Architekturmodellen, Modellen und Exponaten liegt. Der Anwender profitiert hierbei besonders vom Online Kalkulator, der es erm\u00f6glicht, eine schnelle, individuelle und pr\u00e4zise Bestellung bei 3D Druck M\u00fcnchen aufzugeben, die anschlie\u00dfend deutschlandweit versendet werden.\u00a0<\/span><\/p>\n<p>&nbsp;<\/p>\n<p style=\"text-align: justify;\"><span style=\"font-weight: 400;\"><img loading=\"lazy\" decoding=\"async\" class=\"size-full wp-image-39137 alignleft\" src=\"https:\/\/www.3dnatives.com\/de\/wp-content\/uploads\/sites\/3\/2022\/07\/trindo-logo.jpeg\" alt=\"\" width=\"120\" height=\"120\" srcset=\"https:\/\/www.3dnatives.com\/de\/wp-content\/uploads\/sites\/3\/2022\/07\/trindo-logo.jpeg 250w, https:\/\/www.3dnatives.com\/de\/wp-content\/uploads\/sites\/3\/2022\/07\/trindo-logo-160x160.jpeg 160w\" sizes=\"auto, (max-width: 120px) 100vw, 120px\" \/><\/span><\/p>\n<p style=\"text-align: justify;\"><span style=\"font-weight: 400;\">Die Trindo Digitalmanufaktur GmbH mit Sitz in M\u00fcnchen hat sich auf Sonderl\u00f6sungen mit Hilfe additiver Fertigung spezialisiert. Hierbei \u00fcbernimmt sie alle Prozessschritte von Design \u00fcber CAD-Datenerstellung bis zu Produktion und Veredelung. Neben dem Prototyping und der Herstellung von Design-Modellen bietet das Unternehmen ganzheitliche Produktentwicklung und skalierbare Serienfertigung.<\/span><\/p>\n<p>&nbsp;<\/p>\n<p style=\"text-align: justify;\"><span style=\"font-weight: 400;\"><img loading=\"lazy\" decoding=\"async\" class=\"size-full wp-image-39138 alignleft\" src=\"https:\/\/www.3dnatives.com\/de\/wp-content\/uploads\/sites\/3\/2022\/07\/3d-your-body.jpeg\" alt=\"\" width=\"120\" height=\"120\" srcset=\"https:\/\/www.3dnatives.com\/de\/wp-content\/uploads\/sites\/3\/2022\/07\/3d-your-body.jpeg 250w, https:\/\/www.3dnatives.com\/de\/wp-content\/uploads\/sites\/3\/2022\/07\/3d-your-body-160x160.jpeg 160w\" sizes=\"auto, (max-width: 120px) 100vw, 120px\" \/>3DyourBody bietet die Dienstleistung der Herstellung von 3D-Druck-Figuren an. Das Unternehmen umfasst bislang vier weitere Standorte, abgesehen von dem ersten Flagship-Store in Berlin. Dadurch wird vielen Anwendern die M\u00f6glichkeit geboten, besondere Momente und Ereignisse in Form einer 3D-Figur mit Hilfe von modernster 3D-Scan- und Drucktechnologie festzuhalten. Die aus einem Gips-Polymer-Komposit bestehenden 3D-Figuren sehen einem zum Verwechseln \u00e4hnlich.<\/span><\/p>\n<p>&nbsp;<\/p>\n<p style=\"text-align: justify;\"><span style=\"font-weight: 400;\"><img loading=\"lazy\" decoding=\"async\" class=\"size-full wp-image-39124 alignleft\" src=\"https:\/\/www.3dnatives.com\/de\/wp-content\/uploads\/sites\/3\/2022\/07\/beta2shape.png\" alt=\"\" width=\"120\" height=\"120\" srcset=\"https:\/\/www.3dnatives.com\/de\/wp-content\/uploads\/sites\/3\/2022\/07\/beta2shape.png 225w, https:\/\/www.3dnatives.com\/de\/wp-content\/uploads\/sites\/3\/2022\/07\/beta2shape-160x160.png 160w\" sizes=\"auto, (max-width: 120px) 100vw, 120px\" \/><\/span><\/p>\n<p style=\"text-align: justify;\"><span style=\"font-weight: 400;\">Beta2Shape unterst\u00fctz seine Kunden bei der Prototypenfertigung, als auch in der Ersatzteil- und Kleinserienproduktion. Sie erstellen neue Datens\u00e4tze aus Modellen, Entw\u00fcrfen und Mustern, \u00fcberarbeiten aber auch bereits angelegte Projekte. Beta2Shape verf\u00fcgt zudem \u00fcber verschiedenste Drucktechnologien und Materialien.\u00a0<\/span><\/p>\n<p>&nbsp;<\/p>\n<p>&nbsp;<\/p>\n<p style=\"text-align: justify;\"><span style=\"font-weight: 400;\"><img loading=\"lazy\" decoding=\"async\" class=\"size-full wp-image-39125 alignleft\" src=\"https:\/\/www.3dnatives.com\/de\/wp-content\/uploads\/sites\/3\/2022\/07\/3dprint-munich.png\" alt=\"\" width=\"120\" height=\"120\" \/>3D Print Munich ist ein junges Unternehmen aus M\u00fcnchen, welches sich auf die Entwicklung von technisch komplexen und individuellen 3D-Druck-Bauteilen spezialisiert hat. Die Hauptkompetenz\u00a0 des Unternehmens liegt dabei im 3D-Druck von funktionalen Komponenten aus ASA, PETG und Nylon mit Kohlefaser-F\u00fcllung. Neben dem Druck gie\u00dfen sie auch Bauteile aus Silikon oder ummanteln bereits bestehende 3D-Drucke.<\/span><\/p>\n<p>&nbsp;<\/p>\n<p>&nbsp;<\/p>\n<p><img loading=\"lazy\" decoding=\"async\" class=\"alignleft wp-image-47302\" src=\"https:\/\/www.3dnatives.com\/de\/wp-content\/uploads\/sites\/3\/2023\/05\/1519896676966.jpg\" alt=\"\" width=\"119\" height=\"119\" srcset=\"https:\/\/www.3dnatives.com\/de\/wp-content\/uploads\/sites\/3\/2023\/05\/1519896676966.jpg 200w, https:\/\/www.3dnatives.com\/de\/wp-content\/uploads\/sites\/3\/2023\/05\/1519896676966-160x160.jpg 160w\" sizes=\"auto, (max-width: 119px) 100vw, 119px\" \/><\/p>\n<p style=\"text-align: justify;\">Die Creabis GmbH wurde 2011 gegr\u00fcndet und bietet seither Dienstleistungen im Bereich der additiven Fertigung an. Das Unternehmen spezialisiert sich insbesondere auf\u00a0 die Verarbeitung von Kunststoffen mit dem Pulverbettverfahren f\u00fcr Einzel- und Kleinserienproduktion. Au\u00dferdem ber\u00e4t Creabis GmbH Sie hinsichtlich der Produktentwicklung.<\/p>\n<p>&nbsp;<\/p>\n<p>&nbsp;<\/p>\n<p><img loading=\"lazy\" decoding=\"async\" class=\"alignleft wp-image-47947\" src=\"https:\/\/www.3dnatives.com\/de\/wp-content\/uploads\/sites\/3\/2023\/06\/best-form.png\" alt=\"\" width=\"119\" height=\"119\" srcset=\"https:\/\/www.3dnatives.com\/de\/wp-content\/uploads\/sites\/3\/2023\/06\/best-form.png 175w, https:\/\/www.3dnatives.com\/de\/wp-content\/uploads\/sites\/3\/2023\/06\/best-form-160x160.png 160w\" sizes=\"auto, (max-width: 119px) 100vw, 119px\" \/><\/p>\n<p style=\"text-align: justify;\">Das Unternehmen BEST-FORM, gegr\u00fcndet im Jahre 2016, bietet Firmen und Privatpersonen einen hochwertigen 3D-Druck Service. Neben der Realisierung von Kundenideen mithilfe des FFF\/FDM-Verfahrens, besch\u00e4ftigt sich BEST-FORM auch mit dem 3D-Scan. Das Unternehmen setzt dabei besonderen Wert auf Zuverl\u00e4ssigkeit und Kundenservice.<\/p>\n<h3><\/h3>\n<h3 style=\"text-align: justify;\">3D-Druck in M\u00fcnchen: Fablabs und Netzwerke<\/h3>\n<p style=\"text-align: justify;\"><img loading=\"lazy\" decoding=\"async\" class=\"alignleft wp-image-12633 size-full\" src=\"https:\/\/www.3dnatives.com\/de\/wp-content\/uploads\/sites\/3\/FABLAB-Muenchen.png\" alt=\"\" width=\"150\" height=\"150\" srcset=\"https:\/\/www.3dnatives.com\/de\/wp-content\/uploads\/sites\/3\/FABLAB-Muenchen.png 150w, https:\/\/www.3dnatives.com\/de\/wp-content\/uploads\/sites\/3\/FABLAB-Muenchen-109x109.png 109w, https:\/\/www.3dnatives.com\/de\/wp-content\/uploads\/sites\/3\/FABLAB-Muenchen-100x100.png 100w, https:\/\/www.3dnatives.com\/de\/wp-content\/uploads\/sites\/3\/FABLAB-Muenchen-65x65.png 65w\" sizes=\"auto, (max-width: 150px) 100vw, 150px\" \/><\/p>\n<p style=\"text-align: justify;\">Das Fablab M\u00fcnchen ist eine offene Hightechwerkstatt, ausgestattet mit 3D Druckern, zwei Lasercuttern, CNC Fr\u00e4sen und einer Elektronikabteilung und stellt somit einen Teil des gro<span class=\"s1\">\u00df<\/span>en internationalen FabLab-Netzwerkes dar. Das Fablab l\u00e4dt jeden Interessierten, egal ob Gro\u00df oder Klein, zum Ausprobieren und Basteln ein und kann nach einer ersten Maschineneinf\u00fchrung frei genutzt werden. Abgesehen von Workshops werden zudem Meet and Makes, FabLab Talks und auch ein w\u00f6chentliches Montagstreffen angeboten.<\/p>\n<p>&nbsp;<\/p>\n<p style=\"text-align: justify;\">Falls auch Ihr Unternehmen in der 3D-Druck-Branche in M\u00fcnchen t\u00e4tig ist und Sie gerne mitaufgenommen werden m\u00f6chten, kontaktieren Sie uns unter <span \n                data-original-string='a9wdpuWcbWpkgoavkXS2LQ==58do02OGl2UVpx54\/jvLVR6WLhsc4Rlwy9b1to1umCpoZE='\n                class='apbct-email-encoder'\n                title='Dieser Kontakt wurde von Anti-Spam by CleanTalk verschl\u00fcsselt. Klicken Sie hier, um ihn zu entschl\u00fcsseln. Um die Entschl\u00fcsselung abzuschlie\u00dfen, stellen Sie sicher, dass JavaScript in Ihrem Browser aktiviert ist.'>ko<span class=\"apbct-blur\">*****<\/span>@<span class=\"apbct-blur\">*******<\/span>es.com<\/span> oder auf unseren sozialen Netzwerken (<a href=\"https:\/\/www.facebook.com\/3Dnativesde\/?ref=bookmarks\" target=\"_blank\" rel=\"noopener noreferrer\">Facebook<\/a>, <a href=\"https:\/\/www.linkedin.com\/groups\/13502336\">LinkedIn<\/a>).<\/p>\n","protected":false},"excerpt":{"rendered":"<p>Der 3D-Druck w\u00e4chst mit vielen Markteinsteigern und Netzwerken immer weiter. Der deutschen Traditionsstadt entgeht diese Innovation nat\u00fcrlich nicht und es gibt verschiedene Hersteller, Druckereien und Fablabs, die M\u00fcnchen neben zahlreichen Start-ups zu einem wichtigen Standort f\u00fcr 3D-Druck machen. M\u00fcnchen ist&hellip;<\/p>\n","protected":false},"author":6058,"featured_media":42667,"parent":0,"menu_order":0,"comment_status":"closed","ping_status":"closed","template":"page-hero-header.php","meta":{"_acf_changed":false,"content-type":"","footnotes":""},"class_list":["post-12620","page","type-page","status-publish","has-post-thumbnail","hentry"],"acf":[],"_links":{"self":[{"href":"https:\/\/www.3dnatives.com\/de\/wp-json\/wp\/v2\/pages\/12620","targetHints":{"allow":["GET"]}}],"collection":[{"href":"https:\/\/www.3dnatives.com\/de\/wp-json\/wp\/v2\/pages"}],"about":[{"href":"https:\/\/www.3dnatives.com\/de\/wp-json\/wp\/v2\/types\/page"}],"author":[{"embeddable":true,"href":"https:\/\/www.3dnatives.com\/de\/wp-json\/wp\/v2\/users\/6058"}],"replies":[{"embeddable":true,"href":"https:\/\/www.3dnatives.com\/de\/wp-json\/wp\/v2\/comments?post=12620"}],"version-history":[{"count":10,"href":"https:\/\/www.3dnatives.com\/de\/wp-json\/wp\/v2\/pages\/12620\/revisions"}],"predecessor-version":[{"id":62659,"href":"https:\/\/www.3dnatives.com\/de\/wp-json\/wp\/v2\/pages\/12620\/revisions\/62659"}],"wp:featuredmedia":[{"embeddable":true,"href":"https:\/\/www.3dnatives.com\/de\/wp-json\/wp\/v2\/media\/42667"}],"wp:attachment":[{"href":"https:\/\/www.3dnatives.com\/de\/wp-json\/wp\/v2\/media?parent=12620"}],"curies":[{"name":"wp","href":"https:\/\/api.w.org\/{rel}","templated":true}]}}