{"id":12556,"date":"2018-06-04T10:00:27","date_gmt":"2018-06-04T08:00:27","guid":{"rendered":"https:\/\/www.3dnatives.com\/de\/?page_id=12556"},"modified":"2025-04-11T16:50:51","modified_gmt":"2025-04-11T14:50:51","slug":"3d-druck-in-berlin","status":"publish","type":"page","link":"https:\/\/www.3dnatives.com\/de\/3d-druck-in-berlin\/","title":{"rendered":"3D-Druck in Berlin"},"content":{"rendered":"<p style=\"text-align: justify;\">Der 3D-Druck in Berlin w\u00e4chst mit <a href=\"https:\/\/www.3dnatives.com\/de\/3d-druck-netzwerk-berlin-240220161\/\">vielen Markteinsteigern und Netzwerken<\/a> immer weiter. Der deutschen Hauptstadt entgeht diese Innovation nat\u00fcrlich nicht und es gibt verschiedene Hersteller, Druckereien und Fablabs. Da Berlin sozusagen als Zentrum der deutschen Gr\u00fcnderszene betrachtet werden kann, gibt es dort auch zahlreiche Start-ups, die im Bereich 3D-Druck t\u00e4tig sind. Berlin ist zudem Sitz einiger nationaler Veranstaltungen, wie z. B. der <a href=\"https:\/\/www.3dnatives.com\/de\/event\/ifa-berlin-2016\/\">IFA<\/a>, eine der \u00e4ltesten Industriemessen Deutschlands, und hat nat\u00fcrlich auch seine eigene j\u00e4hrliche <a href=\"https:\/\/www.3dnatives.com\/de\/veranstaltungen\/maker-faire-berlin-2019\/\">Maker Faire Berlin<\/a>. Au\u00dferdem gibt es seit ein paar Jahren auch das <a href=\"https:\/\/www.3dnatives.com\/de\/am-forum-berlin-250220191\/\">Additive Manufacturing Forum Berlin<\/a>.<\/p>\n<p style=\"text-align: justify;\">Aus diesem Grund wollten wir einige Akteure des 3D-Drucks in Berlin zusammenbringen, indem wir eine Liste von Resellern von 3D-Druckern, Dienstleistern f\u00fcr 3D-Druck, sowie Formlabs und Netzwerke erstellen. Sie finden die Unternehmen, die in ihrer N\u00e4he ans\u00e4ssig sind, ganz leicht dank unserer Karte am Ende der Seite.<\/p>\n<p>&nbsp;<\/p>\n<h3>3D-Druck in Berlin: H\u00e4ndler und Hersteller<\/h3>\n<p>Sie sind auf der Suche nach einem 3D-Drucker oder Druckzubeh\u00f6r im Zentrum Berlin oder in der Gro\u00dfregion Berlin? Hier sind einige H\u00e4ndler und Hersteller von 3D-Desktop-Druckern oder professionellen Maschinen:<\/p>\n<p style=\"text-align: justify;\"><img loading=\"lazy\" decoding=\"async\" class=\"alignleft wp-image-12562\" src=\"https:\/\/www.3dnatives.com\/de\/wp-content\/uploads\/sites\/3\/3dk-berlin.jpg\" alt=\"3D-Druck in Berlin\" width=\"100\" height=\"100\" srcset=\"https:\/\/www.3dnatives.com\/de\/wp-content\/uploads\/sites\/3\/3dk-berlin.jpg 250w, https:\/\/www.3dnatives.com\/de\/wp-content\/uploads\/sites\/3\/3dk-berlin-160x160.jpg 160w, https:\/\/www.3dnatives.com\/de\/wp-content\/uploads\/sites\/3\/3dk-berlin-150x150.jpg 150w, https:\/\/www.3dnatives.com\/de\/wp-content\/uploads\/sites\/3\/3dk-berlin-109x109.jpg 109w, https:\/\/www.3dnatives.com\/de\/wp-content\/uploads\/sites\/3\/3dk-berlin-100x100.jpg 100w, https:\/\/www.3dnatives.com\/de\/wp-content\/uploads\/sites\/3\/3dk-berlin-65x65.jpg 65w\" sizes=\"auto, (max-width: 100px) 100vw, 100px\" \/>3dk.Berlin ist im Jahr 2014 als j\u00fcngster Gesch\u00e4ftsbereich der\u00a0Bernhardt Kunststoffverarbeitung GmbH\u00a0entstanden.\u00a0Im eigenen 3D-Druckstudio werden die Filamente auf z. Zt. 11 unterschiedlichen 3D-Druckern getestet und weiterentwickelt, um optimale Qualit\u00e4t der Druckergebnisse zu gew\u00e4hrleisten. 3dk.Berlin bietet seinen\u00a0Kunden im Bereich PLA\u00a0ca. 90 Farben zur Auswahl an. Neben Standardfarben sind viele Effektfarben und Metallic-Farben vertreten.<\/p>\n<p>&nbsp;<\/p>\n<p style=\"text-align: justify;\"><img loading=\"lazy\" decoding=\"async\" class=\"alignleft wp-image-12565\" src=\"https:\/\/www.3dnatives.com\/de\/wp-content\/uploads\/sites\/3\/bigrep.jpg\" alt=\"3D-Druck in Berlin\" width=\"100\" height=\"100\" srcset=\"https:\/\/www.3dnatives.com\/de\/wp-content\/uploads\/sites\/3\/bigrep.jpg 250w, https:\/\/www.3dnatives.com\/de\/wp-content\/uploads\/sites\/3\/bigrep-160x160.jpg 160w, https:\/\/www.3dnatives.com\/de\/wp-content\/uploads\/sites\/3\/bigrep-150x150.jpg 150w, https:\/\/www.3dnatives.com\/de\/wp-content\/uploads\/sites\/3\/bigrep-109x109.jpg 109w, https:\/\/www.3dnatives.com\/de\/wp-content\/uploads\/sites\/3\/bigrep-100x100.jpg 100w, https:\/\/www.3dnatives.com\/de\/wp-content\/uploads\/sites\/3\/bigrep-65x65.jpg 65w\" sizes=\"auto, (max-width: 100px) 100vw, 100px\" \/>BigRep wurde 2014 in Berlin gegr\u00fcndet. Seither tr\u00e4gt das Unternehmen stetig zur Entwicklung des 3D-Drucks und der Ver\u00e4nderungen von traditionellen Produktionsprozessen bei. Der 3D-Drucker BigRep ONE \u00f6ffnet mit seinem 1m\u00b3 Volumen v\u00f6llig neue M\u00f6glichkeiten bei der Herstellung von 3D-Objekten. Ingenieure, Architekten und Designer k\u00f6nnen nun gro\u00dfdimensionale 3D-Objekte zu einem sehr viel g\u00fcnstigeren Preis drucken.<\/p>\n<p>&nbsp;<\/p>\n<h3 style=\"text-align: justify;\">3D-Druck in Berlin: Dienstleister und Service<\/h3>\n<p style=\"text-align: justify;\">Wenn Sie ein Projekt im Hinterkopf haben, aber nicht bereit sind, in einen 3D-Drucker zu investieren, k\u00f6nnen Sie sich an einen <a href=\"\/de\/3d-druck-branchenbuch\/categories\/3d-dienstleister\">3D-Druck-Service<\/a> in Ihrer N\u00e4he wenden. Einige dieser Dienstleistungen zielen auf Fachleute ab, indem sie Technologien zum 3D-Metalldruck anbieten, w\u00e4hrend sich andere mit Technologien wie der Schmelzschichtung oder Stereolithographie an die Bed\u00fcrfnisse von Einzelpersonen anpassen. Wir haben einige von ihnen im Folgenden aufgelistet:<\/p>\n<p><img loading=\"lazy\" decoding=\"async\" class=\"wp-image-29920 alignleft\" src=\"https:\/\/www.3dnatives.com\/de\/wp-content\/uploads\/sites\/3\/2021\/06\/unnamed.png\" alt=\"\" width=\"102\" height=\"102\" srcset=\"https:\/\/www.3dnatives.com\/de\/wp-content\/uploads\/sites\/3\/2021\/06\/unnamed.png 250w, https:\/\/www.3dnatives.com\/de\/wp-content\/uploads\/sites\/3\/2021\/06\/unnamed-160x160.png 160w\" sizes=\"auto, (max-width: 102px) 100vw, 102px\" \/><\/p>\n<p style=\"text-align: justify;\">Die cwmk GmbH mit Sitz in Berlin wurde 2017 gegr\u00fcndet und operiert unter dem Markennamen <a href=\"https:\/\/www.facturee.de\/\" target=\"_blank\" rel=\"noopener noreferrer\">FACTUREE<\/a> als erster Online-Fertiger. Das Unternehmen verfolgt das Ziel, seinen Kunden durch <strong>Digitalisierung, Automatisierung und Vernetzung<\/strong> die zeitgem\u00e4\u00dfe Beschaffung von Fertigungsteilen zu erm\u00f6glichen. Das Leistungsangebot von FACTUREE umfasst neben CNC-Bearbeitung auch Blechbearbeitung, 3D-Druck sowie Oberfl\u00e4chentechnik.<\/p>\n<p>&nbsp;<\/p>\n<p style=\"text-align: justify;\"><img loading=\"lazy\" decoding=\"async\" class=\"alignleft wp-image-12568\" src=\"https:\/\/www.3dnatives.com\/de\/wp-content\/uploads\/sites\/3\/contura.jpg\" alt=\"\" width=\"100\" height=\"100\" srcset=\"https:\/\/www.3dnatives.com\/de\/wp-content\/uploads\/sites\/3\/contura.jpg 250w, https:\/\/www.3dnatives.com\/de\/wp-content\/uploads\/sites\/3\/contura-160x160.jpg 160w, https:\/\/www.3dnatives.com\/de\/wp-content\/uploads\/sites\/3\/contura-150x150.jpg 150w, https:\/\/www.3dnatives.com\/de\/wp-content\/uploads\/sites\/3\/contura-109x109.jpg 109w, https:\/\/www.3dnatives.com\/de\/wp-content\/uploads\/sites\/3\/contura-100x100.jpg 100w, https:\/\/www.3dnatives.com\/de\/wp-content\/uploads\/sites\/3\/contura-65x65.jpg 65w\" sizes=\"auto, (max-width: 100px) 100vw, 100px\" \/><span style=\"font-size: 1em;\">contura Modellbau ist ein Unternehmen in Berlin, das sich als <\/span><strong style=\"font-size: 1em;\">\u00fcberregionaler Partner<\/strong><span style=\"font-size: 1em;\"> in allen Fragen rund um den professionellen Modellbau und die Kleinserienfertigung sieht. Das Serviceangebot f\u00fcr Modellbauer, Ingenieure und Industriedesigner reicht von der Produktion einzelner Teile mittels <\/span><strong style=\"font-size: 1em;\">3D-Druck, Laserschneiden und CNC Fr\u00e4sen<\/strong><span style=\"font-size: 1em;\"> bis hin zum pr\u00e4sentationsfertigen Messe-, Werbe-, oder Wettbewerbsmodell.<\/span><\/p>\n<p>&nbsp;<\/p>\n<p style=\"text-align: justify;\"><img loading=\"lazy\" decoding=\"async\" class=\"alignleft wp-image-12569\" src=\"https:\/\/www.3dnatives.com\/de\/wp-content\/uploads\/sites\/3\/trinckle.jpg\" alt=\"\" width=\"100\" height=\"100\" srcset=\"https:\/\/www.3dnatives.com\/de\/wp-content\/uploads\/sites\/3\/trinckle.jpg 250w, https:\/\/www.3dnatives.com\/de\/wp-content\/uploads\/sites\/3\/trinckle-160x160.jpg 160w, https:\/\/www.3dnatives.com\/de\/wp-content\/uploads\/sites\/3\/trinckle-150x150.jpg 150w, https:\/\/www.3dnatives.com\/de\/wp-content\/uploads\/sites\/3\/trinckle-109x109.jpg 109w, https:\/\/www.3dnatives.com\/de\/wp-content\/uploads\/sites\/3\/trinckle-100x100.jpg 100w, https:\/\/www.3dnatives.com\/de\/wp-content\/uploads\/sites\/3\/trinckle-65x65.jpg 65w\" sizes=\"auto, (max-width: 100px) 100vw, 100px\" \/>Das noch junge Unternehmen trinckle wurde 2013 als <strong>erster deutscher Online-3D-Druckservice<\/strong> gegr\u00fcndet. Seitdem baut trinckle nicht nur seine AM-Expertise aus, sondern auch seine <strong>Software-Plattform paramate<\/strong>. trinckle erm\u00f6glicht seinen Partnern, die Vorteile der additiven Fertigung voll auszusch\u00f6pfen und innovative Gesch\u00e4ftsmodelle umzusetzen.<\/p>\n<p>&nbsp;<\/p>\n<p><img loading=\"lazy\" decoding=\"async\" class=\"wp-image-12570 alignleft\" style=\"text-align: justify;\" src=\"https:\/\/www.3dnatives.com\/de\/wp-content\/uploads\/sites\/3\/3d-your-body.jpg\" alt=\"3D-Druck in Berlin\" width=\"100\" height=\"100\" srcset=\"https:\/\/www.3dnatives.com\/de\/wp-content\/uploads\/sites\/3\/3d-your-body.jpg 250w, https:\/\/www.3dnatives.com\/de\/wp-content\/uploads\/sites\/3\/3d-your-body-160x160.jpg 160w, https:\/\/www.3dnatives.com\/de\/wp-content\/uploads\/sites\/3\/3d-your-body-150x150.jpg 150w, https:\/\/www.3dnatives.com\/de\/wp-content\/uploads\/sites\/3\/3d-your-body-109x109.jpg 109w, https:\/\/www.3dnatives.com\/de\/wp-content\/uploads\/sites\/3\/3d-your-body-100x100.jpg 100w, https:\/\/www.3dnatives.com\/de\/wp-content\/uploads\/sites\/3\/3d-your-body-65x65.jpg 65w\" sizes=\"auto, (max-width: 100px) 100vw, 100px\" \/><\/p>\n<p style=\"text-align: justify;\">3DyourBody bietet die Dienstleistung der Herstellung von <strong>3D-Druck-Figuren<\/strong> an. Das Unternehmen umfasst bislang vier weitere Standorte, abgesehen von dem ersten Flagship-Store in Berlin. Dadurch wird vielen Anwendern die M\u00f6glichkeit geboten, besondere Momente und Ereignisse in Form einer 3D-Figur mit Hilfe von modernster 3D-Scan- und Drucktechnologie festzuhalten. Die aus einem Gips-Polymer-Komposit bestehenden 3D-Figuren sehen einem zum Verwechseln \u00e4hnlich.<\/p>\n<h3 style=\"text-align: justify;\">\u00a03D-Druck in Berlin: Fablabs und Netzwerke<\/h3>\n<p style=\"text-align: justify;\"><img loading=\"lazy\" decoding=\"async\" class=\"alignleft wp-image-12573\" src=\"https:\/\/www.3dnatives.com\/de\/wp-content\/uploads\/sites\/3\/FABLAB-Berlin.png\" alt=\"\" width=\"100\" height=\"100\" srcset=\"https:\/\/www.3dnatives.com\/de\/wp-content\/uploads\/sites\/3\/FABLAB-Berlin.png 150w, https:\/\/www.3dnatives.com\/de\/wp-content\/uploads\/sites\/3\/FABLAB-Berlin-109x109.png 109w, https:\/\/www.3dnatives.com\/de\/wp-content\/uploads\/sites\/3\/FABLAB-Berlin-100x100.png 100w, https:\/\/www.3dnatives.com\/de\/wp-content\/uploads\/sites\/3\/FABLAB-Berlin-65x65.png 65w\" sizes=\"auto, (max-width: 100px) 100vw, 100px\" \/>Das FabLab Berlin ist eine offene Werkstatt f\u00fcr digitale Fabrikation, in der man den Umgang mit den aktuellsten 3D-Druckern, Lasercuttern, CNC Fr\u00e4sen, Softwares und Elektronik \u00fcben kann. Zudem werden auch Workshops sowie Services im Rapid Prototyping &#8211; von der Konzeption eines 3D-Modells \u00fcber 3D-Druck, Laser Cut, Softwareentwicklung bis hin zum fertigen Prototypen &#8211; angeboten.<\/p>\n<p>&nbsp;<\/p>\n<p style=\"text-align: justify;\"><img loading=\"lazy\" decoding=\"async\" class=\"alignleft wp-image-12574\" src=\"https:\/\/www.3dnatives.com\/de\/wp-content\/uploads\/sites\/3\/berlin-partner.jpg\" alt=\"3D-Druck in Berlin\" width=\"100\" height=\"100\" srcset=\"https:\/\/www.3dnatives.com\/de\/wp-content\/uploads\/sites\/3\/berlin-partner.jpg 250w, https:\/\/www.3dnatives.com\/de\/wp-content\/uploads\/sites\/3\/berlin-partner-160x160.jpg 160w, https:\/\/www.3dnatives.com\/de\/wp-content\/uploads\/sites\/3\/berlin-partner-150x150.jpg 150w, https:\/\/www.3dnatives.com\/de\/wp-content\/uploads\/sites\/3\/berlin-partner-109x109.jpg 109w, https:\/\/www.3dnatives.com\/de\/wp-content\/uploads\/sites\/3\/berlin-partner-100x100.jpg 100w, https:\/\/www.3dnatives.com\/de\/wp-content\/uploads\/sites\/3\/berlin-partner-65x65.jpg 65w\" sizes=\"auto, (max-width: 100px) 100vw, 100px\" \/>Berlin Partner ist ein Netzwerk f\u00fcr Unternehmer und Unternehmen in der deutschen Hauptstadt, durch welches alle Partner einen privilegierten Zugang zur Berliner Wirtschaft erhalten. Die \u00dcberzeugung der Plattform ist, dass starke Netzwerke die Basis f\u00fcr unternehmerischen Erfolg sind. Gemeinsam mit \u00fcber 280 Partnern aus Wirtschaft und Wissenschaft engagieren sie sich daher f\u00fcr den Standort Berlin.<\/p>\n<p>&nbsp;<\/p>\n<p>Um mehr 3D-Drucker und deren Hersteller zu finden, besuchen Sie <a href=\"https:\/\/www.3dnatives.com\/de\/3D-compare\">unser Vergleichsportal<\/a>.<\/p>\n<p style=\"text-align: justify;\">Falls auch Ihr Unternehmen im Bereich 3D-Druck in Berlin t\u00e4tig ist und Sie gerne mitaufgenommen werden m\u00f6chten, kontaktieren Sie uns unter: <span \n                data-original-string='N+AsDwDbE7QGGEqUjv1H1Q==58d6yKw5VjK89Tq9SyI4axH0RfM9CR+AIGmlAZlOywxa2k='\n                class='apbct-email-encoder'\n                title='Dieser Kontakt wurde von Anti-Spam by CleanTalk verschl\u00fcsselt. Klicken Sie hier, um ihn zu entschl\u00fcsseln. Um die Entschl\u00fcsselung abzuschlie\u00dfen, stellen Sie sicher, dass JavaScript in Ihrem Browser aktiviert ist.'>ko<span class=\"apbct-blur\">*****<\/span>@<span class=\"apbct-blur\">*******<\/span>es.com<\/span><\/p>\n","protected":false},"excerpt":{"rendered":"<p>Der 3D-Druck in Berlin w\u00e4chst mit vielen Markteinsteigern und Netzwerken immer weiter. Der deutschen Hauptstadt entgeht diese Innovation nat\u00fcrlich nicht und es gibt verschiedene Hersteller, Druckereien und Fablabs. Da Berlin sozusagen als Zentrum der deutschen Gr\u00fcnderszene betrachtet werden kann, gibt&hellip;<\/p>\n","protected":false},"author":6058,"featured_media":20630,"parent":0,"menu_order":0,"comment_status":"closed","ping_status":"closed","template":"page-hero-header.php","meta":{"_acf_changed":false,"content-type":"","footnotes":""},"class_list":["post-12556","page","type-page","status-publish","has-post-thumbnail","hentry"],"acf":[],"_links":{"self":[{"href":"https:\/\/www.3dnatives.com\/de\/wp-json\/wp\/v2\/pages\/12556","targetHints":{"allow":["GET"]}}],"collection":[{"href":"https:\/\/www.3dnatives.com\/de\/wp-json\/wp\/v2\/pages"}],"about":[{"href":"https:\/\/www.3dnatives.com\/de\/wp-json\/wp\/v2\/types\/page"}],"author":[{"embeddable":true,"href":"https:\/\/www.3dnatives.com\/de\/wp-json\/wp\/v2\/users\/6058"}],"replies":[{"embeddable":true,"href":"https:\/\/www.3dnatives.com\/de\/wp-json\/wp\/v2\/comments?post=12556"}],"version-history":[{"count":8,"href":"https:\/\/www.3dnatives.com\/de\/wp-json\/wp\/v2\/pages\/12556\/revisions"}],"predecessor-version":[{"id":62657,"href":"https:\/\/www.3dnatives.com\/de\/wp-json\/wp\/v2\/pages\/12556\/revisions\/62657"}],"wp:featuredmedia":[{"embeddable":true,"href":"https:\/\/www.3dnatives.com\/de\/wp-json\/wp\/v2\/media\/20630"}],"wp:attachment":[{"href":"https:\/\/www.3dnatives.com\/de\/wp-json\/wp\/v2\/media?parent=12556"}],"curies":[{"name":"wp","href":"https:\/\/api.w.org\/{rel}","templated":true}]}}