{"id":11890,"date":"2018-04-25T11:12:10","date_gmt":"2018-04-25T09:12:10","guid":{"rendered":"https:\/\/www.3dnatives.com\/de\/?page_id=11890"},"modified":"2025-03-21T12:30:31","modified_gmt":"2025-03-21T11:30:31","slug":"3d-metalldruck","status":"publish","type":"page","link":"https:\/\/www.3dnatives.com\/de\/3d-metalldruck\/","title":{"rendered":"Alles \u00fcber den 3D-Metalldruck"},"content":{"rendered":"<div class=\"one withsmallpadding ppb_header \" style=\"text-align: left; padding: 30px 0 30px 0;\">\r\n<div class=\"standard_wrapper\">\r\n<div class=\"page_content_wrapper\">\r\n<div class=\"inner\">\r\n<div style=\"margin: auto; width: 100%;\">\r\n<h2 class=\"ppb_title\" style=\"text-align: justify;\"><strong>3D-Metalldruck<\/strong><\/h2>\r\n<div class=\"ppb_header_content\" style=\"text-align: justify;\">\r\n<p><span style=\"font-weight: 400;\">In den letzten Jahren hat der 3D-Metalldruck mit vielen technologischen Entwicklungen ein sehr schnelles Wachstum erfahren, das durch die Ankunft ehrgeiziger Hersteller gekennzeichnet ist, die innovative und zunehmend erschwingliche Herstellungsprozesse vorschlagen, aber auch ein Portfolio von Materialien, das jeden Tag ein bisschen breiter wird.<\/span><\/p>\r\n<p><span style=\"font-weight: 400;\">Der 3D-Metalldruck ist in vielen Bereichen wie <a href=\"https:\/\/www.3dnatives.com\/de\/3d-druck-in-luft-und-raumfahrt-und-verteidigung\/\">Luft- und Raumfahrt<\/a>, <a href=\"https:\/\/www.3dnatives.com\/de\/3d-druck-in-automobil-und-transport\/\">Automobil<\/a> und <a href=\"https:\/\/www.3dnatives.com\/de\/3d-druck-in-medizin-und-zahnmedizin\/\">Medizin<\/a> beliebt, da er es erm\u00f6glicht, komplexe Metallteile zu einem relativ niedrigen Preis im Vergleich zu traditionellen Fertigungstechniken der Metallverarbeitung wie dem Zerspanen, Fr\u00e4sen oder dem Vakuumgie\u00dfen.<\/span><\/p>\r\n<p style=\"text-align: justify;\"><span style=\"font-size: 1em;\"><span style=\"font-weight: 400;\">Dank den<\/span><a href=\"https:\/\/www.3dnatives.com\/de\/ubersicht-hersteller-metall-3d-druck\/\"> <span style=\"font-weight: 400;\">verschiedenen 3D-Metalldruckern<\/span><\/a><span style=\"font-weight: 400;\">, die heute auf dem Markt verf\u00fcgbar sind, gibt es zahlreiche M\u00f6glichkeiten: Profis haben die Wahl, sich zwischen Pulverbeschichtung, Metallabscheidung und Hybridsystemen zu entscheiden! Entdecken Sie in unserem Leitfaden alles \u00fcber den 3D-Metalldruck, die Materialien, die Protagonisten, zahlreiche Anwendungen und vieles mehr.<\/span><\/span><\/p><div class=\"dnati-inside-article\" id=\"dnati-1252797290\"><a data-no-instant=\"1\" href=\"https:\/\/us06web.zoom.us\/webinar\/register\/3017742609846\/WN_qTQJLgBdT7qM81bWlSiRdQ\" rel=\"noopener\" class=\"a2t-link\" target=\"_blank\" aria-label=\"LB (2)\"><img loading=\"lazy\" decoding=\"async\" src=\"https:\/\/www.3dnatives.com\/de\/wp-content\/uploads\/sites\/3\/2026\/03\/LB-2.gif\" alt=\"\"  width=\"850\" height=\"150\"   \/><\/a><\/div>\r\n\n\t\t<style type=\"text\/css\">\n\t\t\t#gallery-1 {\n\t\t\t\tmargin: auto;\n\t\t\t}\n\t\t\t#gallery-1 .gallery-item {\n\t\t\t\tfloat: left;\n\t\t\t\tmargin-top: 10px;\n\t\t\t\ttext-align: center;\n\t\t\t\twidth: 33%;\n\t\t\t}\n\t\t\t#gallery-1 img {\n\t\t\t\tborder: 2px solid #cfcfcf;\n\t\t\t}\n\t\t\t#gallery-1 .gallery-caption {\n\t\t\t\tmargin-left: 0;\n\t\t\t}\n\t\t\t\/* see gallery_shortcode() in wp-includes\/media.php *\/\n\t\t<\/style>\n\t\t<div id='gallery-1' class='gallery galleryid-11890 gallery-columns-3 gallery-size-thumbnail'><dl class='gallery-item'>\n\t\t\t<dt class='gallery-icon landscape'>\n\t\t\t\t<a href='https:\/\/www.3dnatives.com\/de\/3d-metalldruck\/aly-1\/'><img loading=\"lazy\" decoding=\"async\" width=\"300\" height=\"300\" src=\"https:\/\/www.3dnatives.com\/de\/wp-content\/uploads\/sites\/3\/2023\/05\/aly-1-300x300.jpg\" class=\"attachment-thumbnail size-thumbnail\" alt=\"\" aria-describedby=\"gallery-1-47488\" \/><\/a>\n\t\t\t<\/dt>\n\t\t\t\t<dd class='wp-caption-text gallery-caption' id='gallery-1-47488'>\n\t\t\t\t3D-Druck mit Aluminium\n\t\t\t\t<\/dd><\/dl><dl class='gallery-item'>\n\t\t\t<dt class='gallery-icon landscape'>\n\t\t\t\t<a href='https:\/\/www.3dnatives.com\/de\/3d-metalldruck\/design-ohne-titel213\/'><img loading=\"lazy\" decoding=\"async\" width=\"300\" height=\"300\" src=\"https:\/\/www.3dnatives.com\/de\/wp-content\/uploads\/sites\/3\/2023\/05\/Design-ohne-Titel213-300x300.jpg\" class=\"attachment-thumbnail size-thumbnail\" alt=\"\" aria-describedby=\"gallery-1-47490\" \/><\/a>\n\t\t\t<\/dt>\n\t\t\t\t<dd class='wp-caption-text gallery-caption' id='gallery-1-47490'>\n\t\t\t\tHeutzutage gibt es verschiedene Verfahren f\u00fcr den 3D-Druck mit Metall\n\t\t\t\t<\/dd><\/dl><dl class='gallery-item'>\n\t\t\t<dt class='gallery-icon landscape'>\n\t\t\t\t<a href='https:\/\/www.3dnatives.com\/de\/3d-metalldruck\/metal3-1\/'><img loading=\"lazy\" decoding=\"async\" width=\"300\" height=\"300\" src=\"https:\/\/www.3dnatives.com\/de\/wp-content\/uploads\/sites\/3\/2023\/05\/metal3-1-300x300.jpg\" class=\"attachment-thumbnail size-thumbnail\" alt=\"\" aria-describedby=\"gallery-1-47487\" \/><\/a>\n\t\t\t<\/dt>\n\t\t\t\t<dd class='wp-caption-text gallery-caption' id='gallery-1-47487'>\n\t\t\t\tVerfahren erm\u00f6glichen den Druck pr\u00e4ziser Teile\n\t\t\t\t<\/dd><\/dl><br style=\"clear: both\" \/>\n\t\t<\/div>\n\r\n <strong><span style=\"color: #af000b; font-family: montserrat; font-size: 1.6em; text-align: left;\"> 3D-Metalldruck-Technologien<\/span><\/strong>\r\n<p style=\"text-align: justify;\"><span style=\"font-weight: 400;\">Das bereits in den 1970er Jahren vorgestellte pulverbettbasierte Schmelzverfahren unterliegt einem relativ einfachen Prinzip: einer Energiequelle, die ein Metallpulver sintert oder schmilzt, um Schicht f\u00fcr Schicht das endg\u00fcltige St\u00fcck zu erzeugen. Die bekannteste Technologie, die auf diesem Prinzip basiert, ist zweifellos das<\/span><a href=\"https:\/\/www.3dnatives.com\/de\/3ddruck-laserschmelzen\/\"> <span style=\"font-weight: 400;\">Direct Metal Laser Sintering<\/span><\/a><span style=\"font-weight: 400;\"> (DMLS), das in den 1990er Jahren von ERD und <a href=\"https:\/\/www.3dnatives.com\/de\/inside-3d-tour-eos-171020231\/\">EOS<\/a>, einem der wichtigsten Hersteller von L\u00f6sungen f\u00fcr <a href=\"https:\/\/www.3dnatives.com\/de\/metall-3d-drucker-deutschland-dach-hersteller-180520211\/\">3D-Metalldruck im DACH-Raum<\/a>, patentiert wurde.<\/span><\/p>\r\n<p>Eine weitere wichtige <a href=\"https:\/\/www.3dnatives.com\/de\/3d-technologies\/\">3D-Drucktechnologie<\/a> f\u00fcr Metalle ist das <a href=\"https:\/\/www.3dnatives.com\/de\/ein-leitfaden-zu-direct-energy-deposition-ded-im-3d-druck\/\">Direct Energy Deposition (DED)<\/a>-Verfahren, das dem <a href=\"https:\/\/www.3dnatives.com\/de\/3d-druck-schmelzschichtung\/\">FDM<\/a>-Verfahren \u00e4hnelt. Bei diesem Verfahren werden Metallteile mit einem CLAD-Laser hergestellt. W\u00e4hrend des Prozesses wird das Pulver von der D\u00fcse ausgesto\u00dfen und verschmilzt an der Austrittsstelle durch einen Laserstrahl, um es zu verschwei\u00dfen. Im Gegensatz zu den meisten anderen Technologien kann bei dieser Methode direkt auf ein St\u00fcck oder ein Teil gedruckt werden. Unternehmen wie BeAM, Sciaky und Optomec nutzen diese Technologie.<\/p>\r\n<p>In den 1990er Jahren entwickelte CIRTES ein neues hybrides Verfahren, das die maschinelle und die additive Fertigung kombiniert, die so genannte Stratification oder Schichtung. Dabei wird zun\u00e4chst eine <a href=\"https:\/\/www.3dnatives.com\/de\/top-10-stl-download-2402171\/\">STL<\/a>&#8211; oder CAD-Datei erstellt, die in Schichten aufgeteilt wird, bevor Tr\u00e4ger eingef\u00fcgt werden. Jede Metallschicht wird dann hergestellt, entweder durch Mikrofr\u00e4sen, Laserschneiden, Drahtschneiden oder ein anderes Verfahren. Die Schichten werden dann zum fertigen Teil zusammengesetzt.<\/p>\r\n<p>Eine Technologie, die auch f\u00fcr den 3D-Metalldruck zunehmend an Bedeutung gewinnt, ist das Binder-Jetting. Bei diesem bekannten Verfahren wird ein Bindemittel selektiv (durch Aufspritzen, \u00e4hnlich wie bei der Tintenstrahltechnologie) auf eine Pulverschicht aufgebracht, wodurch das Teil Schicht f\u00fcr Schicht aufgebaut wird. Nach der Aush\u00e4rtung ist ein gr\u00fcnes Teil fertig, das jedoch einer weiteren Nachbearbeitung unterzogen werden muss, n\u00e4mlich dem Sintern, der Infiltration oder dem hei\u00dfisostatischen Pressen (HIPing), um die Porosit\u00e4t zu verringern und das endg\u00fcltige Teil zu erhalten. Die Verwendung f\u00fcr Metalle erfreut sich zunehmender Beliebtheit, was unter anderem auf die gro\u00dfe Gestaltungsfreiheit zur\u00fcckzuf\u00fchren ist.<\/p>\r\n<p>Das <a href=\"https:\/\/www.3dnatives.com\/de\/kaltgasspritzen-cold-spray-120420231\/\">Kaltgasspritzen<\/a> ist ein weiteres Verfahren der additiven Fertigung von Metallen, das auch als Cold Spray bezeichnet wird. Bei diesem Verfahren werden Metallpulver durch Projektion ohne Hitze auf einen Tr\u00e4ger verbunden. Bei dieser Projektion wird Helium verwendet, um das Metallpulver zu fixieren. Dieses Verfahren des 3D-Metalldrucks wird jedoch nur selten eingesetzt, da es aufgrund der Verwendung von Helium teuer ist.<\/p>\r\n<p>Einige Hersteller haben ihre eigenen patentierten Technologien entwickelt, die sich von den oben genannten unterscheiden. Dazu geh\u00f6ren der <a href=\"https:\/\/www.3dnatives.com\/de\/startup-vader-systems-060620181\/\">Fl\u00fcssigmetall-3D-Druck von Vader Systems<\/a> oder die Metal Injection Molding (MIM)-Technologie von Pollen AM. Sie k\u00f6nnen alle neuen Technologien hier finden.<\/p>\r\n\n\t\t<style type=\"text\/css\">\n\t\t\t#gallery-2 {\n\t\t\t\tmargin: auto;\n\t\t\t}\n\t\t\t#gallery-2 .gallery-item {\n\t\t\t\tfloat: left;\n\t\t\t\tmargin-top: 10px;\n\t\t\t\ttext-align: center;\n\t\t\t\twidth: 33%;\n\t\t\t}\n\t\t\t#gallery-2 img {\n\t\t\t\tborder: 2px solid #cfcfcf;\n\t\t\t}\n\t\t\t#gallery-2 .gallery-caption {\n\t\t\t\tmargin-left: 0;\n\t\t\t}\n\t\t\t\/* see gallery_shortcode() in wp-includes\/media.php *\/\n\t\t<\/style>\n\t\t<div id='gallery-2' class='gallery galleryid-11890 gallery-columns-3 gallery-size-thumbnail'><dl class='gallery-item'>\n\t\t\t<dt class='gallery-icon landscape'>\n\t\t\t\t<a href='https:\/\/www.3dnatives.com\/de\/3d-metalldruck\/dmls-1\/'><img loading=\"lazy\" decoding=\"async\" width=\"300\" height=\"300\" src=\"https:\/\/www.3dnatives.com\/de\/wp-content\/uploads\/sites\/3\/2023\/05\/DMLS-1-300x300.jpg\" class=\"attachment-thumbnail size-thumbnail\" alt=\"\" aria-describedby=\"gallery-2-47494\" \/><\/a>\n\t\t\t<\/dt>\n\t\t\t\t<dd class='wp-caption-text gallery-caption' id='gallery-2-47494'>\n\t\t\t\tDas DMLS-Verfahren\n\t\t\t\t<\/dd><\/dl><dl class='gallery-item'>\n\t\t\t<dt class='gallery-icon landscape'>\n\t\t\t\t<a href='https:\/\/www.3dnatives.com\/de\/3d-metalldruck\/design-ohne-titel214\/'><img loading=\"lazy\" decoding=\"async\" width=\"300\" height=\"300\" src=\"https:\/\/www.3dnatives.com\/de\/wp-content\/uploads\/sites\/3\/2023\/05\/Design-ohne-Titel214-300x300.jpg\" class=\"attachment-thumbnail size-thumbnail\" alt=\"\" aria-describedby=\"gallery-2-47495\" \/><\/a>\n\t\t\t<\/dt>\n\t\t\t\t<dd class='wp-caption-text gallery-caption' id='gallery-2-47495'>\n\t\t\t\tDas CLAD-Verfahren\n\t\t\t\t<\/dd><\/dl><dl class='gallery-item'>\n\t\t\t<dt class='gallery-icon landscape'>\n\t\t\t\t<a href='https:\/\/www.3dnatives.com\/de\/3d-metalldruck\/design-ohne-titel215\/'><img loading=\"lazy\" decoding=\"async\" width=\"300\" height=\"300\" src=\"https:\/\/www.3dnatives.com\/de\/wp-content\/uploads\/sites\/3\/2023\/05\/Design-ohne-Titel215-300x300.jpg\" class=\"attachment-thumbnail size-thumbnail\" alt=\"\" aria-describedby=\"gallery-2-47496\" \/><\/a>\n\t\t\t<\/dt>\n\t\t\t\t<dd class='wp-caption-text gallery-caption' id='gallery-2-47496'>\n\t\t\t\tDas Kaltschnittverfahren\n\t\t\t\t<\/dd><\/dl><br style=\"clear: both\" \/>\n\t\t<\/div>\n\r\n<\/div>\r\n<div class=\"ppb_header_content\" style=\"text-align: justify;\"><!-- \/wp:post-content --><strong><span style=\"color: #af000b; font-family: montserrat; font-size: 1.6em;\">Kompatible Metalle f\u00fcr die additive Fertigung<\/span>\u00a0\u00a0<\/strong>\r\n<p style=\"text-align: justify;\"><span style=\"font-size: 1em;\"><span style=\"font-weight: 400;\">Unter den in der<\/span><a href=\"https:\/\/www.3dnatives.com\/de\/3d-technologies\/\"> <span style=\"font-weight: 400;\">additiven Fertigung<\/span><\/a><span style=\"font-weight: 400;\"> am h\u00e4ufigsten verwendeten Metallen befinden sich Aluminium, meist in Form einer Legierung, die sowohl Leichtigkeit als auch Festigkeit bietet. Es wird haupts\u00e4chlich f\u00fcr Teile verwendet, bei denen das Gewicht wichtig ist, wie beispielsweise in der Luftfahrt und im Automobilsektor. Stahl ist auch ein beliebtes Material, insbesondere in der Industrie. Es bietet gute mechanische Eigenschaften und eine sch\u00f6ne Oberfl\u00e4che. Aluminium ist das am h\u00e4ufigsten verwendete Material in der additiven Metallherstellung. Dar\u00fcber hinaus gibt es Materialien wie Gallium, Kobalt-Chrom, die besonders f\u00fcr medizinische Anwendungen geeignet sind und Titan, welches sehr widerstandsf\u00e4hig bei Korrosionen ist und eine hohe Biokompatibilit\u00e4t f\u00fcr medizinische Anwendungen aufweist. Edelmetalle werden haupts\u00e4chlich in Schmuck verwendet. Obwohl die Kosten hierbei hoch sind, ist es ebenfalls m\u00f6glich mit Gold, Silber und Bronze zu drucken, um alle Arten von Schmuck mehr oder weniger komplex zu gestalten. Die gr\u00f6\u00dfte Herausforderung liegt dann in der Fertigstellung der Form<\/span><\/span><span style=\"font-size: 1em;\">.<\/span><\/p>\r\n\n\t\t<style type=\"text\/css\">\n\t\t\t#gallery-3 {\n\t\t\t\tmargin: auto;\n\t\t\t}\n\t\t\t#gallery-3 .gallery-item {\n\t\t\t\tfloat: left;\n\t\t\t\tmargin-top: 10px;\n\t\t\t\ttext-align: center;\n\t\t\t\twidth: 33%;\n\t\t\t}\n\t\t\t#gallery-3 img {\n\t\t\t\tborder: 2px solid #cfcfcf;\n\t\t\t}\n\t\t\t#gallery-3 .gallery-caption {\n\t\t\t\tmargin-left: 0;\n\t\t\t}\n\t\t\t\/* see gallery_shortcode() in wp-includes\/media.php *\/\n\t\t<\/style>\n\t\t<div id='gallery-3' class='gallery galleryid-11890 gallery-columns-3 gallery-size-thumbnail'><dl class='gallery-item'>\n\t\t\t<dt class='gallery-icon landscape'>\n\t\t\t\t<a href='https:\/\/www.3dnatives.com\/de\/3d-metalldruck\/design-ohne-titel217\/'><img loading=\"lazy\" decoding=\"async\" width=\"300\" height=\"300\" src=\"https:\/\/www.3dnatives.com\/de\/wp-content\/uploads\/sites\/3\/2023\/05\/Design-ohne-Titel217-300x300.jpg\" class=\"attachment-thumbnail size-thumbnail\" alt=\"\" \/><\/a>\n\t\t\t<\/dt><\/dl><dl class='gallery-item'>\n\t\t\t<dt class='gallery-icon landscape'>\n\t\t\t\t<a href='https:\/\/www.3dnatives.com\/de\/3d-metalldruck\/design-ohne-titel216\/'><img loading=\"lazy\" decoding=\"async\" width=\"300\" height=\"300\" src=\"https:\/\/www.3dnatives.com\/de\/wp-content\/uploads\/sites\/3\/2023\/05\/Design-ohne-Titel216-300x300.jpg\" class=\"attachment-thumbnail size-thumbnail\" alt=\"\" \/><\/a>\n\t\t\t<\/dt><\/dl><dl class='gallery-item'>\n\t\t\t<dt class='gallery-icon landscape'>\n\t\t\t\t<a href='https:\/\/www.3dnatives.com\/de\/3d-metalldruck\/metaux2-2\/'><img loading=\"lazy\" decoding=\"async\" width=\"300\" height=\"300\" src=\"https:\/\/www.3dnatives.com\/de\/wp-content\/uploads\/sites\/3\/2023\/05\/metaux2-300x300.jpg\" class=\"attachment-thumbnail size-thumbnail\" alt=\"\" \/><\/a>\n\t\t\t<\/dt><\/dl><br style=\"clear: both\" \/>\n\t\t<\/div>\n\r\n<!-- wp:columns {\"columns\":3} -->\r\n<div class=\"wp-block-columns has-3-columns\" style=\"text-align: justify;\"><!-- wp:column -->\r\n<div class=\"wp-block-column\"><!-- wp:image {\"id\":35598} -->\r\n<figure class=\"wp-block-image\"><\/figure>\r\n<!-- \/wp:image --><\/div>\r\n<!-- \/wp:column -->\r\n\r\n<!-- wp:column -->\r\n<div class=\"wp-block-column\"><!-- wp:image {\"id\":35599} -->\r\n<figure class=\"wp-block-image\"><\/figure>\r\n<!-- \/wp:image --><\/div>\r\n<!-- \/wp:column -->\r\n\r\n<!-- wp:column -->\r\n<div class=\"wp-block-column\"><!-- wp:image {\"id\":35600} -->\r\n<figure class=\"wp-block-image\"><\/figure>\r\n<!-- \/wp:image --><\/div>\r\n<!-- \/wp:column --><\/div>\r\n<!-- \/wp:columns -->\r\n<p style=\"text-align: justify;\"><strong><span style=\"color: #af000b; font-family: montserrat; font-size: 1.6em; text-align: left;\">Die wichtigsten Akteure f\u00fcr 3D-Metalldrucker<\/span><\/strong><\/p>\r\n<span style=\"font-size: 1em;\">Unternehmen, die sich dem 3D-Metalldruck zuwenden, werden immer zahlreicher. Pioniere k\u00f6nnen jedoch anhand der Technologie unterschieden werden. Zu den f\u00fchrenden Herstellern von 3D-Metalldruckern z\u00e4hlen das amerikanische Unternehmen 3DSystems, das nun (durch die \u00dcbernahme von French Phenix Systems im Jahr 2013) eine komplette Maschinenpalette anbietet; SLM Solutions, einer der Pioniere der laserselektiven Fertigung durch die Fusion mit den Unternehmen EOS und Concept Laser; und schlie\u00dflich Arcam, das in den 2000er Jahren hinter der Elektronenstrahl-Fusionstechnologie steht.<\/span>\r\n<p style=\"text-align: justify;\"><span style=\"font-weight: 400;\">Immer mehr Hersteller dr\u00e4ngen auf den Markt f\u00fcr die additive Metallfertigung, indem sie 3D-Technologien und 3D-Drucker zu relativ niedrigen Kosten anbieten, verglichen mit den heutigen industriellen L\u00f6sungen. Dies ist auch der Fall bei<\/span><a href=\"https:\/\/www.3dnatives.com\/de\/startup-desktop-metal-110720171\/\"> <span style=\"font-weight: 400;\">Desktop Metal<\/span><\/a><span style=\"font-weight: 400;\"> mit Studio System- und Production System-Druckern, die die Kosten des 3D-Metalldrucks um ein 10-faches reduzieren wollen.<\/span><a href=\"https:\/\/www.3dnatives.com\/de\/startup-markforged-2202171\/\"> <span style=\"font-weight: 400;\">Markforged<\/span><\/a><span style=\"font-weight: 400;\"> hat sich mit Metal X auch in dieser Nische platziert und kann St\u00fccke von 250 x 220 x 200 mm herstellen.<\/span><\/p>\r\n<span style=\"font-size: 1em; text-align: justify;\"><span style=\"font-weight: 400;\">Wenn wir den amerikanischen Kontinent verlassen, finden wir den israelischen Hersteller<\/span><a href=\"https:\/\/www.3dnatives.com\/de\/xjet-metall-3d-drucker-031120161\/\"> <span style=\"font-weight: 400;\">XJet<\/span><\/a><span style=\"font-weight: 400;\"> und den Ursprung der<\/span><a href=\"https:\/\/www.3dnatives.com\/de\/xjet-25-millionen-finanzierungsrunde-040320161\/\"> <span style=\"font-weight: 400;\">NanoParticle Jetting-Technologie<\/span><\/a><span style=\"font-weight: 400;\">, die sehr feine Metalltr\u00f6pfchen abgeben kann<\/span><\/span><span style=\"font-size: 1em; text-align: left;\">.<\/span><\/div>\r\n<div>\r\n\n\t\t<style type=\"text\/css\">\n\t\t\t#gallery-4 {\n\t\t\t\tmargin: auto;\n\t\t\t}\n\t\t\t#gallery-4 .gallery-item {\n\t\t\t\tfloat: left;\n\t\t\t\tmargin-top: 10px;\n\t\t\t\ttext-align: center;\n\t\t\t\twidth: 33%;\n\t\t\t}\n\t\t\t#gallery-4 img {\n\t\t\t\tborder: 2px solid #cfcfcf;\n\t\t\t}\n\t\t\t#gallery-4 .gallery-caption {\n\t\t\t\tmargin-left: 0;\n\t\t\t}\n\t\t\t\/* see gallery_shortcode() in wp-includes\/media.php *\/\n\t\t<\/style>\n\t\t<div id='gallery-4' class='gallery galleryid-11890 gallery-columns-3 gallery-size-thumbnail'><dl class='gallery-item'>\n\t\t\t<dt class='gallery-icon landscape'>\n\t\t\t\t<a href='https:\/\/www.3dnatives.com\/de\/3d-metalldruck\/acteur_metal-2\/'><img loading=\"lazy\" decoding=\"async\" width=\"300\" height=\"300\" src=\"https:\/\/www.3dnatives.com\/de\/wp-content\/uploads\/sites\/3\/2023\/05\/acteur_metal-300x300.jpg\" class=\"attachment-thumbnail size-thumbnail\" alt=\"\" aria-describedby=\"gallery-4-47504\" \/><\/a>\n\t\t\t<\/dt>\n\t\t\t\t<dd class='wp-caption-text gallery-caption' id='gallery-4-47504'>\n\t\t\t\tEOS ist einer der ersten Hersteller, der auf den 3D-Metalldruck gesetzt hat\n\t\t\t\t<\/dd><\/dl><dl class='gallery-item'>\n\t\t\t<dt class='gallery-icon landscape'>\n\t\t\t\t<a href='https:\/\/www.3dnatives.com\/de\/3d-metalldruck\/design-ohne-titel219\/'><img loading=\"lazy\" decoding=\"async\" width=\"300\" height=\"300\" src=\"https:\/\/www.3dnatives.com\/de\/wp-content\/uploads\/sites\/3\/2023\/05\/Design-ohne-Titel219-300x300.jpg\" class=\"attachment-thumbnail size-thumbnail\" alt=\"\" aria-describedby=\"gallery-4-47505\" \/><\/a>\n\t\t\t<\/dt>\n\t\t\t\t<dd class='wp-caption-text gallery-caption' id='gallery-4-47505'>\n\t\t\t\tPer 3D-Metalldruck gefertigtes Teil von Desktop Metal\n\t\t\t\t<\/dd><\/dl><dl class='gallery-item'>\n\t\t\t<dt class='gallery-icon landscape'>\n\t\t\t\t<a href='https:\/\/www.3dnatives.com\/de\/3d-metalldruck\/design-ohne-titel218\/'><img loading=\"lazy\" decoding=\"async\" width=\"300\" height=\"300\" src=\"https:\/\/www.3dnatives.com\/de\/wp-content\/uploads\/sites\/3\/2023\/05\/Design-ohne-Titel218-300x300.jpg\" class=\"attachment-thumbnail size-thumbnail\" alt=\"\" aria-describedby=\"gallery-4-47506\" \/><\/a>\n\t\t\t<\/dt>\n\t\t\t\t<dd class='wp-caption-text gallery-caption' id='gallery-4-47506'>\n\t\t\t\tDas von XJet entwickelte 3D-Metalldruckverfahren\n\t\t\t\t<\/dd><\/dl><br style=\"clear: both\" \/>\n\t\t<\/div>\n\r\n<\/div>\r\n<div class=\"ppb_header_content\"><!-- wp:columns {\"columns\":3} \/--> <strong><span style=\"color: #af000b; font-family: montserrat; font-size: 1.6em; text-align: left;\">Anwendungen des 3D-Metalldrucks<\/span><br \/><\/strong>\r\n<p style=\"text-align: justify;\"><span style=\"font-size: 1em;\"><span style=\"font-weight: 400;\">Der 3D-Metalldruck wird heute haupts\u00e4chlich in der Industrie eingesetzt, um Werkzeugkomponenten oder Fertigteile herzustellen, sei es in der<\/span> <span style=\"font-weight: 400;\">Luft- und Raumfahr<\/span><span style=\"font-weight: 400;\">t, wo er Flugzeugbauteile oder Raketentriebwerke herstellen kann oder in der<\/span> <span style=\"font-weight: 400;\">Automobilbranche<\/span><span style=\"font-weight: 400;\">, wo es Formen f\u00fcr die Masseninjektion von Tausenden von Komponenten produzieren kann. Aber auch in der Medizin, wo es darum geht, Implantate speziell im Dentalbereich zu vermessen. Die additive Fertigung mit Metallen kann sogar im<\/span><a href=\"https:\/\/www.3dnatives.com\/de\/ramlab-051220175\/\"> <span style=\"font-weight: 400;\">Marinebereich<\/span><\/a><span style=\"font-weight: 400;\"> zur Konstruktion von Bootspropellern eingesetzt werden. Die Anwendungsbereiche sind breit gef\u00e4chert und der 3D-Metalldruck wird in der Zukunft mit Sicherheit noch weiter Bereiche und Anwendungen erschlie\u00dfen<\/span>.<\/span><\/p>\r\n<\/div>\r\n<\/div>\r\n<\/div>\r\n<\/div>\r\n<\/div>\r\n<\/div>","protected":false},"excerpt":{"rendered":"<p>3D-Metalldruck In den letzten Jahren hat der 3D-Metalldruck mit vielen technologischen Entwicklungen ein sehr schnelles Wachstum erfahren, das durch die Ankunft ehrgeiziger Hersteller gekennzeichnet ist, die innovative und zunehmend erschwingliche Herstellungsprozesse vorschlagen, aber auch ein Portfolio von Materialien, das jeden&hellip;<\/p>\n","protected":false},"author":5,"featured_media":0,"parent":0,"menu_order":0,"comment_status":"closed","ping_status":"closed","template":"","meta":{"_acf_changed":false,"content-type":"","footnotes":""},"class_list":["post-11890","page","type-page","status-publish","hentry"],"acf":[],"_links":{"self":[{"href":"https:\/\/www.3dnatives.com\/de\/wp-json\/wp\/v2\/pages\/11890","targetHints":{"allow":["GET"]}}],"collection":[{"href":"https:\/\/www.3dnatives.com\/de\/wp-json\/wp\/v2\/pages"}],"about":[{"href":"https:\/\/www.3dnatives.com\/de\/wp-json\/wp\/v2\/types\/page"}],"author":[{"embeddable":true,"href":"https:\/\/www.3dnatives.com\/de\/wp-json\/wp\/v2\/users\/5"}],"replies":[{"embeddable":true,"href":"https:\/\/www.3dnatives.com\/de\/wp-json\/wp\/v2\/comments?post=11890"}],"version-history":[{"count":6,"href":"https:\/\/www.3dnatives.com\/de\/wp-json\/wp\/v2\/pages\/11890\/revisions"}],"predecessor-version":[{"id":62206,"href":"https:\/\/www.3dnatives.com\/de\/wp-json\/wp\/v2\/pages\/11890\/revisions\/62206"}],"wp:attachment":[{"href":"https:\/\/www.3dnatives.com\/de\/wp-json\/wp\/v2\/media?parent=11890"}],"curies":[{"name":"wp","href":"https:\/\/api.w.org\/{rel}","templated":true}]}}