{"id":117,"date":"2015-04-21T14:30:55","date_gmt":"2015-04-21T14:30:55","guid":{"rendered":"https:\/\/www.3dnatives.com\/de\/?page_id=117"},"modified":"2020-06-18T08:40:58","modified_gmt":"2020-06-18T06:40:58","slug":"stellenanzeige-hinzufuegen","status":"publish","type":"page","link":"https:\/\/www.3dnatives.com\/de\/stellenanzeige-hinzufuegen\/","title":{"rendered":"Stellenanzeige hinzuf\u00fcgen in der 3D-Druck Branche"},"content":{"rendered":"\t<form method=\"post\" action=\"\" id=\"new-job-offer-form\">\n\t\t<input type=\"hidden\" name=\"new_job_offer\" id=\"new_job_offer\" value=\"8d5314c64e\" \/>\n\t\t\n\t\t<div class=\"row\">\n\t\t\t<div class=\"col s12\">\n\t\t\t\t<h4>\u00dcber Sie <small>Kontaktinformationen; diese werden nicht ver\u00f6ffentlicht<\/small><\/h4>\n\t\t\t<\/div>\n\t\t\t<div class=\"input-field col s12 m8 icon name\">\n\t\t\t\t<input id=\"author_name\" name=\"author_name\" type=\"text\" required=\"required\">\n\t\t\t\t<label for=\"author_name\">Ihr Name <span class=\"required\">*<\/span><\/label>\n\t\t\t<\/div>\n\t\t\t<div class=\"input-field col s12 m4 icon email\">\n\t\t\t\t<input id=\"author_email\" name=\"author_email\" type=\"email\" required=\"required\">\n\t\t\t\t<label for=\"author_email\">E-Mail-Adresse <span class=\"required\">*<\/span><\/label>\n\t\t\t<\/div>\n\t\t<\/div>\n\t\t\n\t\t<div class=\"row\">\n\t\t\t<div class=\"col s12\">\n\t\t\t\t<h4>\u00dcber Ihr Unternehmen<\/h4>\n\t\t\t<\/div>\n\t\t\t<div class=\"col s12\">\n\t\t\t\t<div class=\"row\">\n\t\t\t\t\t<div class=\"col s12 m8\">\n\t\t\t\t\t\t<div class=\"row\">\n\t\t\t\t\t\t\t<div class=\"input-field col s12 icon company\">\n\t\t\t\t\t\t\t\t<input id=\"company_name\" name=\"company_name\" type=\"text\" required=\"required\">\n\t\t\t\t\t\t\t\t<label for=\"first_name\">Unternehmensname <span class=\"required\">*<\/span><\/label>\n\t\t\t\t\t\t\t<\/div>\n\t\t\t\t\t\t\t<div class=\"input-field col s12 m6 icon website\">\n\t\t\t\t\t\t\t\t<input id=\"company_website\" name=\"company_website\" type=\"url\" required=\"required\">\n\t\t\t\t\t\t\t\t<label for=\"company_website\">Unternehmenswebsite <span class=\"required\">*<\/span><\/label>\n\t\t\t\t\t\t\t<\/div>\n\t\t\t\t\t\t\t<div class=\"input-field col s12 m6 icon linkedin\">\n\t\t\t\t\t\t\t\t<input id=\"linkedin_url\" name=\"linkedin_url\" type=\"text\">\n\t\t\t\t\t\t\t\t<label for=\"linkedin_url\">LinkedIn<\/label>\n\t\t\t\t\t\t\t<\/div>\n\t\t\t\t\t\t<\/div>\n\t\t\t\t\t<\/div>\n\t\t\t\t\t<div class=\"col s12 m4\">\n\t\t\t\t\t\t<div class=\"logo-wrapper\">\n\t\t\t\t\t\t\t<label for=\"company_logo\">Firmenlogo (JPG oder PNG-Datei) 500 Ko max<\/label>\n\t\t\t\t\t\t\t<input type=\"file\" name=\"company_logo\" id=\"company_logo\" value=\"\" class=\"dropify\" data-max-file-size=\"500K\" \/>\n\t\t\t\t\t\t<\/div>\n\t\t\t\t\t<\/div>\n\t\t\t\t<\/div>\n\t\t\t<\/div>\n\t\t<\/div>\n\t\t\n\t\t<div class=\"row\">\n\t\t\t<div class=\"col s12\">\n\t\t\t\t<h4>\u00dcber das Angebot<\/h4>\n\t\t\t<\/div>\n\t\t\t<div class=\"input-field col s12 icon job\">\n\t\t\t\t<input id=\"job_title\" name=\"job_title\" type=\"text\" required=\"required\">\n\t\t\t\t<label for=\"job_title\">Stellenbezeichnung <span class=\"required\">*<\/span><\/label>\n\t\t\t<\/div>\n\t\t\t<div class=\"col s12 m4\">\n\t\t\t\t<h5>Anstellungsart<\/h5>\n\t\t\t\t<p class=\"job-types\"><label><input type=\"checkbox\" value=\"30\" name=\"job_type[]\" \/> <span>Abschlussarbeit<\/span><\/label><label><input type=\"checkbox\" value=\"29\" name=\"job_type[]\" \/> <span>Ausbildung<\/span><\/label><label><input type=\"checkbox\" value=\"4\" name=\"job_type[]\" \/> <span>Befristeter Vertrag<\/span><\/label><label><input type=\"checkbox\" value=\"279\" name=\"job_type[]\" \/> <span>Berufseinstieg<\/span><\/label><label><input type=\"checkbox\" value=\"394\" name=\"job_type[]\" \/> <span>Duales Studium<\/span><\/label><label><input type=\"checkbox\" value=\"5\" name=\"job_type[]\" \/> <span>Freiberufler<\/span><\/label><label><input type=\"checkbox\" value=\"292\" name=\"job_type[]\" \/> <span>Heilbronn<\/span><\/label><label><input type=\"checkbox\" value=\"136\" name=\"job_type[]\" \/> <span>Homeoffice<\/span><\/label><label><input type=\"checkbox\" value=\"270\" name=\"job_type[]\" \/> <span>Hybrid<\/span><\/label><label><input type=\"checkbox\" value=\"373\" name=\"job_type[]\" \/> <span>Krailling<\/span><\/label><label><input type=\"checkbox\" value=\"290\" name=\"job_type[]\" \/> <span>Management<\/span><\/label><label><input type=\"checkbox\" value=\"315\" name=\"job_type[]\" \/> <span>Masterarbeit<\/span><\/label><label><input type=\"checkbox\" value=\"6\" name=\"job_type[]\" \/> <span>Praktikum<\/span><\/label><label><input type=\"checkbox\" value=\"346\" name=\"job_type[]\" \/> <span>Remote<\/span><\/label><label><input type=\"checkbox\" value=\"3\" name=\"job_type[]\" \/> <span>Teilzeit<\/span><\/label><label><input type=\"checkbox\" value=\"2\" name=\"job_type[]\" \/> <span>Vollzeit<\/span><\/label><label><input type=\"checkbox\" value=\"274\" name=\"job_type[]\" \/> <span>vor Ort<\/span><\/label><label><input type=\"checkbox\" value=\"33\" name=\"job_type[]\" \/> <span>Werksstudent<\/span><\/label><label><input type=\"checkbox\" value=\"314\" name=\"job_type[]\" \/> <span>Wissenschaftliche Hilfskraft<\/span><\/label><label><input type=\"checkbox\" value=\"393\" name=\"job_type[]\" \/> <span>Zeitarbeit<\/span><\/label><\/p>\n\t\t\t<\/div>\n\t\t\t<div class=\"col s12 m8\">\n\t\t\t\t<div class=\"row\">\n\t\t\t\t\t<div class=\"input-field col s12 m6 icon address\">\n\t\t\t\t\t\t<input id=\"job_location\" name=\"job_location\" type=\"text\" required=\"required\">\n\t\t\t\t\t\t<label for=\"job_location\">Ort <span class=\"required\">*<\/span><\/label>\n\t\t\t\t\t\t<span class=\"helper-text\">Statt, Staat, Land oder komplette Anschrift<\/span>\n\t\t\t\t\t<\/div>\n\t\t\t\t\t<div class=\"input-field col s12 m6 icon website\">\n\t\t\t\t\t\t<input id=\"application_url\" name=\"application_url\" type=\"text\" required=\"required\">\n\t\t\t\t\t\t<label for=\"application_url\">Anwendungs-URL oder E-Mail <span class=\"required\">*<\/span><\/label>\n\t\t\t\t\t<\/div>\n\t\t\t\t<\/div>\n\t\t\t<\/div>\n\t\t<\/div>\n\t\t\n\t\t<div class=\"row job-textareas\">\n\t\t\t<div class=\"col s12\">\n\t\t\t\t<h4>Stellenabgebotbeschreibung<\/h4>\n\t\t\t\t<p>Bitte f\u00fcllen Sie die Felder ausf\u00fchrlich aus<\/p>\n\t\t\t<\/div>\n\t\t\t<div class=\"col s12 input-field icon write company-desc\">\n\t\t\t\t<textarea id=\"company_description\" name=\"company_description\" class=\"materialize-textarea\" required=\"required\"><\/textarea>\n\t\t\t\t<label for=\"company_description\">Unternehmensbeschreibung<\/label>\n\t\t\t<\/div>\n\t\t\t<div class=\"col s12 input-field icon write\">\n\t\t\t\t<label for=\"mission\">Aufgaben<\/label>\n\t\t\t\t<textarea id=\"mission\" name=\"mission\" class=\"materialize-textarea\" required=\"required\"><\/textarea>\n\t\t\t<\/div>\n\t\t\t<div class=\"col s12 input-field icon write\">\n\t\t\t\t<textarea id=\"profile\" name=\"profile\" class=\"materialize-textarea\" required=\"required\"><\/textarea>\n\t\t\t\t<label for=\"profile\">Anforderungen<\/label>\n\t\t\t<\/div>\n\t\t<\/div>\n\t\t\n\t\t<div class=\"row\">\n\t\t\t<div class=\"col s12\">\n\t\t\t\t<p class=\"rgpd-info\">\n\t\t\t\t\t<label>\n\t\t\t\t\t\t<input type=\"checkbox\" name=\"rgpd_acceptance\" id=\"rgpd_acceptance\" \/>\n\t\t\t\t\t\t<span>Mit dem Ausf\u00fcllen erlauben Sie uns, die Informationen zu nutzen, um Ihr Stellenangebot auf unserer Website zu ver\u00f6ffentlichen.<\/span>\n\t\t\t\t\t<\/label>\n\t\t\t\t<\/p>\n\t\t\t<\/div>\n\t\t\t<div class=\"col s12\">\n\t\t\t\t<p class=\"rgpd-info\">\n\t\t\t\t\t<label>\n\t\t\t\t\t\t<input type=\"checkbox\" name=\"habilitation\" id=\"habilitation\" \/>\n\t\t\t\t\t\t<span>Ich best\u00e4tige hiermit, dass ich die ben\u00f6tigte Berechtigung von Unternehmensseite aus habe, diese Ver\u00f6ffentlichung zu beantragen.<\/span>\n\t\t\t\t\t<\/label>\n\t\t\t\t<\/p>\n\t\t\t<\/div>\n\t\t<\/div>\n\t\t\n\t\t<div class=\"row\">\n\t\t\t<div class=\"col s12\">\n\t\t\t\t<button type=\"submit\" class=\"btn\">Stellenangebot teilen<\/button>\n\t\t\t<\/div>\n\t\t\t<div class=\"col s12\">\n\t\t\t\t<div class=\"response\"><\/div>\n\t\t\t<\/div>\n\t\t<\/div>\n\t\t\n\t<\/form>\n\t\n","protected":false},"excerpt":{"rendered":"","protected":false},"author":5,"featured_media":0,"parent":0,"menu_order":0,"comment_status":"open","ping_status":"open","template":"","meta":{"_acf_changed":false,"content-type":"","footnotes":""},"class_list":["post-117","page","type-page","status-publish","hentry"],"acf":[],"_links":{"self":[{"href":"https:\/\/www.3dnatives.com\/de\/wp-json\/wp\/v2\/pages\/117","targetHints":{"allow":["GET"]}}],"collection":[{"href":"https:\/\/www.3dnatives.com\/de\/wp-json\/wp\/v2\/pages"}],"about":[{"href":"https:\/\/www.3dnatives.com\/de\/wp-json\/wp\/v2\/types\/page"}],"author":[{"embeddable":true,"href":"https:\/\/www.3dnatives.com\/de\/wp-json\/wp\/v2\/users\/5"}],"replies":[{"embeddable":true,"href":"https:\/\/www.3dnatives.com\/de\/wp-json\/wp\/v2\/comments?post=117"}],"version-history":[{"count":2,"href":"https:\/\/www.3dnatives.com\/de\/wp-json\/wp\/v2\/pages\/117\/revisions"}],"predecessor-version":[{"id":24216,"href":"https:\/\/www.3dnatives.com\/de\/wp-json\/wp\/v2\/pages\/117\/revisions\/24216"}],"wp:attachment":[{"href":"https:\/\/www.3dnatives.com\/de\/wp-json\/wp\/v2\/media?parent=117"}],"curies":[{"name":"wp","href":"https:\/\/api.w.org\/{rel}","templated":true}]}}